{"id":536524,"date":"2023-11-23T10:32:36","date_gmt":"2023-11-23T09:32:36","guid":{"rendered":"https:\/\/www.dynseo.com\/produit\/top-cultura\/"},"modified":"2026-04-03T17:46:52","modified_gmt":"2026-04-03T15:46:52","slug":"top-culture","status":"publish","type":"product","link":"https:\/\/www.dynseo.com\/nl\/produit\/top-culture\/","title":{"rendered":"TOP CULTURA"},"content":{"rendered":"<p>[et_pb_section fb_built=&#8221;1&#8243; _builder_version=&#8221;4.27.6&#8243; _module_preset=&#8221;default&#8221; global_colors_info=&#8221;{}&#8221;][\/et_pb_section]<\/p>\n","protected":false},"excerpt":{"rendered":"<p>Internationale, afdelingsoverschrijdende wedstrijd algemene kennis.<br \/>\nKomende data: van 22 juni tot en met 3 juli 2026<\/p>\n","protected":false},"featured_media":358932,"comment_status":"closed","ping_status":"closed","template":"","meta":{"_et_pb_use_builder":"on","_et_pb_old_content":"32 vragen per dag en 5 Hangman-woorden gedurende 10 wedstrijddagen. In het weekend zijn er geen vragen.\r\n\r\nHet doel is om als team te antwoorden, tegen de andere residenties.\r\n\r\nJe kunt de tablet op een groot tv-scherm (HDMI-aansluiting) projecteren, zodat iedereen het kan zien. Zodra de Top Cultura-app op de tablet is ge\u00efnstalleerd, heeft deze geen internetverbinding nodig om te werken.\r\n\r\nAlle tests kunnen zonder internet worden uitgevoerd.","_et_gb_content_width":""},"product_brand":[],"product_cat":[4690],"product_tag":[],"class_list":{"0":"post-536524","1":"product","2":"type-product","3":"status-publish","4":"has-post-thumbnail","6":"product_cat-participation","8":"first","9":"instock","10":"taxable","11":"shipping-taxable","12":"purchasable","13":"product-type-variable","14":"has-default-attributes"},"yoast_head":"<!-- This site is optimized with the Yoast SEO plugin v27.3 - https:\/\/yoast.com\/product\/yoast-seo-wordpress\/ -->\n<title>TOP CULTURA - Educatieve app en geheugenspelletjes<\/title>\n<meta name=\"robots\" content=\"index, follow, max-snippet:-1, max-image-preview:large, max-video-preview:-1\" \/>\n<link rel=\"canonical\" href=\"https:\/\/www.dynseo.com\/nl\/produit\/top-culture\/\" \/>\n<meta property=\"og:locale\" content=\"nl_NL\" \/>\n<meta property=\"og:type\" content=\"article\" \/>\n<meta property=\"og:title\" content=\"TOP CULTURA - Educatieve app en geheugenspelletjes\" \/>\n<meta property=\"og:description\" content=\"Internationale, afdelingsoverschrijdende wedstrijd algemene kennis. Komende data: van 22 juni tot en met 3 juli 2026\" \/>\n<meta property=\"og:url\" content=\"https:\/\/www.dynseo.com\/nl\/produit\/top-culture\/\" \/>\n<meta property=\"og:site_name\" content=\"Educatieve app en geheugenspelletjes\" \/>\n<meta property=\"article:modified_time\" content=\"2026-04-03T15:46:52+00:00\" \/>\n<meta property=\"og:image\" content=\"https:\/\/www.dynseo.com\/wp-content\/uploads\/2023\/11\/shop_it_topCultura.png\" \/>\n\t<meta property=\"og:image:width\" content=\"688\" \/>\n\t<meta property=\"og:image:height\" content=\"600\" \/>\n\t<meta property=\"og:image:type\" content=\"image\/png\" \/>\n<meta name=\"twitter:label1\" content=\"Geschatte leestijd\" \/>\n\t<meta name=\"twitter:data1\" content=\"1 minuut\" \/>\n<script type=\"application\/ld+json\" class=\"yoast-schema-graph\">{\"@context\":\"https:\\\/\\\/schema.org\",\"@graph\":[{\"@type\":\"WebPage\",\"@id\":\"https:\\\/\\\/www.dynseo.com\\\/nl\\\/produit\\\/top-culture\\\/\",\"url\":\"https:\\\/\\\/www.dynseo.com\\\/nl\\\/produit\\\/top-culture\\\/\",\"name\":\"TOP CULTURA - Educatieve app en geheugenspelletjes\",\"isPartOf\":{\"@id\":\"https:\\\/\\\/www.dynseo.com\\\/nl\\\/#website\"},\"primaryImageOfPage\":{\"@id\":\"https:\\\/\\\/www.dynseo.com\\\/nl\\\/produit\\\/top-culture\\\/#primaryimage\"},\"image\":{\"@id\":\"https:\\\/\\\/www.dynseo.com\\\/nl\\\/produit\\\/top-culture\\\/#primaryimage\"},\"thumbnailUrl\":\"https:\\\/\\\/www.dynseo.com\\\/wp-content\\\/uploads\\\/2023\\\/11\\\/shop_it_topCultura.png\",\"datePublished\":\"2023-11-23T09:32:36+00:00\",\"dateModified\":\"2026-04-03T15:46:52+00:00\",\"breadcrumb\":{\"@id\":\"https:\\\/\\\/www.dynseo.com\\\/nl\\\/produit\\\/top-culture\\\/#breadcrumb\"},\"inLanguage\":\"nl-NL\",\"potentialAction\":[{\"@type\":\"ReadAction\",\"target\":[\"https:\\\/\\\/www.dynseo.com\\\/nl\\\/produit\\\/top-culture\\\/\"]}]},{\"@type\":\"ImageObject\",\"inLanguage\":\"nl-NL\",\"@id\":\"https:\\\/\\\/www.dynseo.com\\\/nl\\\/produit\\\/top-culture\\\/#primaryimage\",\"url\":\"https:\\\/\\\/www.dynseo.com\\\/wp-content\\\/uploads\\\/2023\\\/11\\\/shop_it_topCultura.png\",\"contentUrl\":\"https:\\\/\\\/www.dynseo.com\\\/wp-content\\\/uploads\\\/2023\\\/11\\\/shop_it_topCultura.png\",\"width\":688,\"height\":600,\"caption\":\"Blijf mentaal fit met onze innovatieve geheugenapplicatie voor ouderen\"},{\"@type\":\"BreadcrumbList\",\"@id\":\"https:\\\/\\\/www.dynseo.com\\\/nl\\\/produit\\\/top-culture\\\/#breadcrumb\",\"itemListElement\":[{\"@type\":\"ListItem\",\"position\":1,\"name\":\"Accueil\",\"item\":\"https:\\\/\\\/www.dynseo.com\\\/nl\\\/\"},{\"@type\":\"ListItem\",\"position\":2,\"name\":\"Winkel\",\"item\":\"https:\\\/\\\/www.dynseo.com\\\/boutique\\\/\"},{\"@type\":\"ListItem\",\"position\":3,\"name\":\"TOP CULTURA\"}]},{\"@type\":\"WebSite\",\"@id\":\"https:\\\/\\\/www.dynseo.com\\\/nl\\\/#website\",\"url\":\"https:\\\/\\\/www.dynseo.com\\\/nl\\\/\",\"name\":\"Jeux de m\u00e9moire et stimulation cognitive\",\"description\":\"Entra\u00eenez votre m\u00e9moire et votre cerveau avec DYNSEO\",\"publisher\":{\"@id\":\"https:\\\/\\\/www.dynseo.com\\\/nl\\\/#organization\"},\"potentialAction\":[{\"@type\":\"SearchAction\",\"target\":{\"@type\":\"EntryPoint\",\"urlTemplate\":\"https:\\\/\\\/www.dynseo.com\\\/nl\\\/?s={search_term_string}\"},\"query-input\":{\"@type\":\"PropertyValueSpecification\",\"valueRequired\":true,\"valueName\":\"search_term_string\"}}],\"inLanguage\":\"nl-NL\"},{\"@type\":\"Organization\",\"@id\":\"https:\\\/\\\/www.dynseo.com\\\/nl\\\/#organization\",\"name\":\"DYNSEO\",\"url\":\"https:\\\/\\\/www.dynseo.com\\\/nl\\\/\",\"logo\":{\"@type\":\"ImageObject\",\"inLanguage\":\"nl-NL\",\"@id\":\"https:\\\/\\\/www.dynseo.com\\\/nl\\\/#\\\/schema\\\/logo\\\/image\\\/\",\"url\":\"https:\\\/\\\/www.dynseo.com\\\/wp-content\\\/uploads\\\/2022\\\/05\\\/logo-dynseo-new.png\",\"contentUrl\":\"https:\\\/\\\/www.dynseo.com\\\/wp-content\\\/uploads\\\/2022\\\/05\\\/logo-dynseo-new.png\",\"width\":5073,\"height\":1397,\"caption\":\"DYNSEO\"},\"image\":{\"@id\":\"https:\\\/\\\/www.dynseo.com\\\/nl\\\/#\\\/schema\\\/logo\\\/image\\\/\"}}]}<\/script>\n<!-- \/ Yoast SEO plugin. -->","yoast_head_json":{"title":"TOP CULTURA - Educatieve app en geheugenspelletjes","robots":{"index":"index","follow":"follow","max-snippet":"max-snippet:-1","max-image-preview":"max-image-preview:large","max-video-preview":"max-video-preview:-1"},"canonical":"https:\/\/www.dynseo.com\/nl\/produit\/top-culture\/","og_locale":"nl_NL","og_type":"article","og_title":"TOP CULTURA - Educatieve app en geheugenspelletjes","og_description":"Internationale, afdelingsoverschrijdende wedstrijd algemene kennis. Komende data: van 22 juni tot en met 3 juli 2026","og_url":"https:\/\/www.dynseo.com\/nl\/produit\/top-culture\/","og_site_name":"Educatieve app en geheugenspelletjes","article_modified_time":"2026-04-03T15:46:52+00:00","og_image":[{"width":688,"height":600,"url":"https:\/\/www.dynseo.com\/wp-content\/uploads\/2023\/11\/shop_it_topCultura.png","type":"image\/png"}],"twitter_misc":{"Geschatte leestijd":"1 minuut"},"schema":{"@context":"https:\/\/schema.org","@graph":[{"@type":"WebPage","@id":"https:\/\/www.dynseo.com\/nl\/produit\/top-culture\/","url":"https:\/\/www.dynseo.com\/nl\/produit\/top-culture\/","name":"TOP CULTURA - Educatieve app en geheugenspelletjes","isPartOf":{"@id":"https:\/\/www.dynseo.com\/nl\/#website"},"primaryImageOfPage":{"@id":"https:\/\/www.dynseo.com\/nl\/produit\/top-culture\/#primaryimage"},"image":{"@id":"https:\/\/www.dynseo.com\/nl\/produit\/top-culture\/#primaryimage"},"thumbnailUrl":"https:\/\/www.dynseo.com\/wp-content\/uploads\/2023\/11\/shop_it_topCultura.png","datePublished":"2023-11-23T09:32:36+00:00","dateModified":"2026-04-03T15:46:52+00:00","breadcrumb":{"@id":"https:\/\/www.dynseo.com\/nl\/produit\/top-culture\/#breadcrumb"},"inLanguage":"nl-NL","potentialAction":[{"@type":"ReadAction","target":["https:\/\/www.dynseo.com\/nl\/produit\/top-culture\/"]}]},{"@type":"ImageObject","inLanguage":"nl-NL","@id":"https:\/\/www.dynseo.com\/nl\/produit\/top-culture\/#primaryimage","url":"https:\/\/www.dynseo.com\/wp-content\/uploads\/2023\/11\/shop_it_topCultura.png","contentUrl":"https:\/\/www.dynseo.com\/wp-content\/uploads\/2023\/11\/shop_it_topCultura.png","width":688,"height":600,"caption":"Blijf mentaal fit met onze innovatieve geheugenapplicatie voor ouderen"},{"@type":"BreadcrumbList","@id":"https:\/\/www.dynseo.com\/nl\/produit\/top-culture\/#breadcrumb","itemListElement":[{"@type":"ListItem","position":1,"name":"Accueil","item":"https:\/\/www.dynseo.com\/nl\/"},{"@type":"ListItem","position":2,"name":"Winkel","item":"https:\/\/www.dynseo.com\/boutique\/"},{"@type":"ListItem","position":3,"name":"TOP CULTURA"}]},{"@type":"WebSite","@id":"https:\/\/www.dynseo.com\/nl\/#website","url":"https:\/\/www.dynseo.com\/nl\/","name":"Jeux de m\u00e9moire et stimulation cognitive","description":"Entra\u00eenez votre m\u00e9moire et votre cerveau avec DYNSEO","publisher":{"@id":"https:\/\/www.dynseo.com\/nl\/#organization"},"potentialAction":[{"@type":"SearchAction","target":{"@type":"EntryPoint","urlTemplate":"https:\/\/www.dynseo.com\/nl\/?s={search_term_string}"},"query-input":{"@type":"PropertyValueSpecification","valueRequired":true,"valueName":"search_term_string"}}],"inLanguage":"nl-NL"},{"@type":"Organization","@id":"https:\/\/www.dynseo.com\/nl\/#organization","name":"DYNSEO","url":"https:\/\/www.dynseo.com\/nl\/","logo":{"@type":"ImageObject","inLanguage":"nl-NL","@id":"https:\/\/www.dynseo.com\/nl\/#\/schema\/logo\/image\/","url":"https:\/\/www.dynseo.com\/wp-content\/uploads\/2022\/05\/logo-dynseo-new.png","contentUrl":"https:\/\/www.dynseo.com\/wp-content\/uploads\/2022\/05\/logo-dynseo-new.png","width":5073,"height":1397,"caption":"DYNSEO"},"image":{"@id":"https:\/\/www.dynseo.com\/nl\/#\/schema\/logo\/image\/"}}]}},"_links":{"self":[{"href":"https:\/\/www.dynseo.com\/nl\/wp-json\/wp\/v2\/product\/536524","targetHints":{"allow":["GET"]}}],"collection":[{"href":"https:\/\/www.dynseo.com\/nl\/wp-json\/wp\/v2\/product"}],"about":[{"href":"https:\/\/www.dynseo.com\/nl\/wp-json\/wp\/v2\/types\/product"}],"replies":[{"embeddable":true,"href":"https:\/\/www.dynseo.com\/nl\/wp-json\/wp\/v2\/comments?post=536524"}],"wp:featuredmedia":[{"embeddable":true,"href":"https:\/\/www.dynseo.com\/nl\/wp-json\/wp\/v2\/media\/358932"}],"wp:attachment":[{"href":"https:\/\/www.dynseo.com\/nl\/wp-json\/wp\/v2\/media?parent=536524"}],"wp:term":[{"taxonomy":"product_brand","embeddable":true,"href":"https:\/\/www.dynseo.com\/nl\/wp-json\/wp\/v2\/product_brand?post=536524"},{"taxonomy":"product_cat","embeddable":true,"href":"https:\/\/www.dynseo.com\/nl\/wp-json\/wp\/v2\/product_cat?post=536524"},{"taxonomy":"product_tag","embeddable":true,"href":"https:\/\/www.dynseo.com\/nl\/wp-json\/wp\/v2\/product_tag?post=536524"}],"curies":[{"name":"wp","href":"https:\/\/api.w.org\/{rel}","templated":true}]}}