{"id":539210,"date":"2026-04-08T01:51:25","date_gmt":"2026-04-07T23:51:25","guid":{"rendered":"https:\/\/www.dynseo.com\/produit\/acces-solo-2\/"},"modified":"2026-04-08T11:15:16","modified_gmt":"2026-04-08T09:15:16","slug":"toegangstest-solo","status":"publish","type":"product","link":"https:\/\/www.dynseo.com\/nl\/produit\/toegangstest-solo\/","title":{"rendered":"Toegangstest Solo"},"content":{"rendered":"<h2>Acc\u00e8s Solo \u2014 Testez un patient avec 1 test au choix<\/h2>\n<p>L&#8217;Acc\u00e8s Solo est la solution id\u00e9ale pour d\u00e9buter avec notre plateforme d&#8217;\u00e9valuation cognitive. Avec ce pack, vous pouvez \u00e9valuer un patient unique avec <strong>1 test cognitif de votre choix<\/strong>, pour une dur\u00e9e d&#8217;utilisation de <strong>10 passations maximum<\/strong>.<\/p>\n<h3>Ce que vous obtenez :<\/h3>\n<ul>\n<li><strong>1 test cognitif au choix<\/strong> parmi nos 27 tests disponibles (m\u00e9moire, attention, langage, etc.)<\/li>\n<li><strong>10 passations incluses<\/strong> pour \u00e9valuer votre patient jusqu&#8217;\u00e0 10 fois<\/li>\n<li><strong>R\u00e9sultats d\u00e9taill\u00e9s et scores<\/strong> apr\u00e8s chaque \u00e9valuation<\/li>\n<li><strong>Acc\u00e8s imm\u00e9diat<\/strong> \u2014 utilisez le test d\u00e8s l&#8217;activation<\/li>\n<li><strong>1 patient inclus<\/strong> \u2014 parfait pour tester avant d&#8217;investir dans un pack plus complet<\/li>\n<\/ul>\n<h3>Id\u00e9al pour :<\/h3>\n<ul>\n<li>D\u00e9couvrir la plateforme DYNSEO<\/li>\n<li>\u00c9valuer rapidement un patient unique<\/li>\n<li>Compl\u00e9ter une \u00e9valuation existante avec un test sp\u00e9cifique<\/li>\n<li>Les professionnels en d\u00e9but d&#8217;activit\u00e9<\/li>\n<\/ul>\n<p><strong>Achat unique<\/strong> \u2014 pas d&#8217;engagement, utilisez votre test quand vous le souhaitez.<\/p>\n","protected":false},"excerpt":{"rendered":"<p>Acc\u00e8s Solo \u2014 Testez un patient avec 1 test au choix L&#8217;Acc\u00e8s Solo est la solution id\u00e9ale pour d\u00e9buter avec notre plateforme d&#8217;\u00e9valuation cognitive. Avec ce pack, vous pouvez \u00e9valuer un patient unique avec 1 test cognitif de votre choix, pour une dur\u00e9e d&#8217;utilisation de 10 passations maximum. Ce que vous obtenez : 1 test [&hellip;]<\/p>\n","protected":false},"featured_media":526484,"comment_status":"closed","ping_status":"closed","template":"","meta":{"_et_pb_use_builder":"","_et_pb_old_content":"<h2>Acc\u00e8s Solo \u2014 Testez un patient avec 1 test au choix<\/h2>\r\nL'Acc\u00e8s Solo est la solution id\u00e9ale pour d\u00e9buter avec notre plateforme d'\u00e9valuation cognitive. Avec ce pack, vous pouvez \u00e9valuer un patient unique avec <strong>1 test cognitif de votre choix<\/strong>, pour une dur\u00e9e d'utilisation de <strong>10 passations maximum<\/strong>.\r\n<h3>Ce que vous obtenez :<\/h3>\r\n<ul>\r\n \t<li><strong>1 test cognitif au choix<\/strong> parmi nos 27 tests disponibles (m\u00e9moire, attention, langage, etc.)<\/li>\r\n \t<li><strong>10 passations incluses<\/strong> pour \u00e9valuer votre patient jusqu'\u00e0 10 fois<\/li>\r\n \t<li><strong>R\u00e9sultats d\u00e9taill\u00e9s et scores<\/strong> apr\u00e8s chaque \u00e9valuation<\/li>\r\n \t<li><strong>Acc\u00e8s imm\u00e9diat<\/strong> \u2014 utilisez le test d\u00e8s l'activation<\/li>\r\n \t<li><strong>1 patient inclus<\/strong> \u2014 parfait pour tester avant d'investir dans un pack plus complet<\/li>\r\n<\/ul>\r\n<h3>Id\u00e9al pour :<\/h3>\r\n<ul>\r\n \t<li>D\u00e9couvrir la plateforme DYNSEO<\/li>\r\n \t<li>\u00c9valuer rapidement un patient unique<\/li>\r\n \t<li>Compl\u00e9ter une \u00e9valuation existante avec un test sp\u00e9cifique<\/li>\r\n \t<li>Les professionnels en d\u00e9but d'activit\u00e9<\/li>\r\n<\/ul>\r\n<strong>Achat unique<\/strong> \u2014 pas d'engagement, utilisez votre test quand vous le souhaitez.","_et_gb_content_width":""},"product_brand":[],"product_cat":[],"product_tag":[],"class_list":{"0":"post-539210","1":"product","2":"type-product","3":"status-publish","4":"has-post-thumbnail","7":"first","8":"instock","9":"virtual","10":"taxable","11":"purchasable","12":"product-type-simple"},"yoast_head":"<!-- This site is optimized with the Yoast SEO plugin v27.3 - https:\/\/yoast.com\/product\/yoast-seo-wordpress\/ -->\n<title>Toegangstest Solo - Educatieve app en geheugenspelletjes<\/title>\n<meta name=\"robots\" content=\"index, follow, max-snippet:-1, max-image-preview:large, max-video-preview:-1\" \/>\n<link rel=\"canonical\" href=\"https:\/\/www.dynseo.com\/nl\/produit\/toegangstest-solo\/\" \/>\n<meta property=\"og:locale\" content=\"nl_NL\" \/>\n<meta property=\"og:type\" content=\"article\" \/>\n<meta property=\"og:title\" content=\"Toegangstest Solo - Educatieve app en geheugenspelletjes\" \/>\n<meta property=\"og:description\" content=\"Acc\u00e8s Solo \u2014 Testez un patient avec 1 test au choix L&#8217;Acc\u00e8s Solo est la solution id\u00e9ale pour d\u00e9buter avec notre plateforme d&#8217;\u00e9valuation cognitive. Avec ce pack, vous pouvez \u00e9valuer un patient unique avec 1 test cognitif de votre choix, pour une dur\u00e9e d&#8217;utilisation de 10 passations maximum. Ce que vous obtenez : 1 test [&hellip;]\" \/>\n<meta property=\"og:url\" content=\"https:\/\/www.dynseo.com\/nl\/produit\/toegangstest-solo\/\" \/>\n<meta property=\"og:site_name\" content=\"Educatieve app en geheugenspelletjes\" \/>\n<meta property=\"article:modified_time\" content=\"2026-04-08T09:15:16+00:00\" \/>\n<meta property=\"og:image\" content=\"https:\/\/www.dynseo.com\/wp-content\/uploads\/2026\/03\/TESTS-offre-1-solo-.png\" \/>\n\t<meta property=\"og:image:width\" content=\"469\" \/>\n\t<meta property=\"og:image:height\" content=\"469\" \/>\n\t<meta property=\"og:image:type\" content=\"image\/png\" \/>\n<meta name=\"twitter:label1\" content=\"Geschatte leestijd\" \/>\n\t<meta name=\"twitter:data1\" content=\"1 minuut\" \/>\n<script type=\"application\/ld+json\" class=\"yoast-schema-graph\">{\"@context\":\"https:\\\/\\\/schema.org\",\"@graph\":[{\"@type\":\"WebPage\",\"@id\":\"https:\\\/\\\/www.dynseo.com\\\/nl\\\/produit\\\/toegangstest-solo\\\/\",\"url\":\"https:\\\/\\\/www.dynseo.com\\\/nl\\\/produit\\\/toegangstest-solo\\\/\",\"name\":\"Toegangstest Solo - Educatieve app en geheugenspelletjes\",\"isPartOf\":{\"@id\":\"https:\\\/\\\/www.dynseo.com\\\/nl\\\/#website\"},\"primaryImageOfPage\":{\"@id\":\"https:\\\/\\\/www.dynseo.com\\\/nl\\\/produit\\\/toegangstest-solo\\\/#primaryimage\"},\"image\":{\"@id\":\"https:\\\/\\\/www.dynseo.com\\\/nl\\\/produit\\\/toegangstest-solo\\\/#primaryimage\"},\"thumbnailUrl\":\"https:\\\/\\\/www.dynseo.com\\\/wp-content\\\/uploads\\\/2026\\\/03\\\/TESTS-offre-1-solo-.png\",\"datePublished\":\"2026-04-07T23:51:25+00:00\",\"dateModified\":\"2026-04-08T09:15:16+00:00\",\"breadcrumb\":{\"@id\":\"https:\\\/\\\/www.dynseo.com\\\/nl\\\/produit\\\/toegangstest-solo\\\/#breadcrumb\"},\"inLanguage\":\"nl-NL\",\"potentialAction\":[{\"@type\":\"ReadAction\",\"target\":[\"https:\\\/\\\/www.dynseo.com\\\/nl\\\/produit\\\/toegangstest-solo\\\/\"]}]},{\"@type\":\"ImageObject\",\"inLanguage\":\"nl-NL\",\"@id\":\"https:\\\/\\\/www.dynseo.com\\\/nl\\\/produit\\\/toegangstest-solo\\\/#primaryimage\",\"url\":\"https:\\\/\\\/www.dynseo.com\\\/wp-content\\\/uploads\\\/2026\\\/03\\\/TESTS-offre-1-solo-.png\",\"contentUrl\":\"https:\\\/\\\/www.dynseo.com\\\/wp-content\\\/uploads\\\/2026\\\/03\\\/TESTS-offre-1-solo-.png\",\"width\":469,\"height\":469,\"caption\":\"R\u00e9veillez la m\u00e9moire avec la tablette cognitive DYNSEO\"},{\"@type\":\"BreadcrumbList\",\"@id\":\"https:\\\/\\\/www.dynseo.com\\\/nl\\\/produit\\\/toegangstest-solo\\\/#breadcrumb\",\"itemListElement\":[{\"@type\":\"ListItem\",\"position\":1,\"name\":\"Accueil\",\"item\":\"https:\\\/\\\/www.dynseo.com\\\/nl\\\/\"},{\"@type\":\"ListItem\",\"position\":2,\"name\":\"Winkel\",\"item\":\"https:\\\/\\\/www.dynseo.com\\\/boutique\\\/\"},{\"@type\":\"ListItem\",\"position\":3,\"name\":\"Toegangstest Solo\"}]},{\"@type\":\"WebSite\",\"@id\":\"https:\\\/\\\/www.dynseo.com\\\/nl\\\/#website\",\"url\":\"https:\\\/\\\/www.dynseo.com\\\/nl\\\/\",\"name\":\"Jeux de m\u00e9moire et stimulation cognitive\",\"description\":\"Entra\u00eenez votre m\u00e9moire et votre cerveau avec DYNSEO\",\"publisher\":{\"@id\":\"https:\\\/\\\/www.dynseo.com\\\/nl\\\/#organization\"},\"potentialAction\":[{\"@type\":\"SearchAction\",\"target\":{\"@type\":\"EntryPoint\",\"urlTemplate\":\"https:\\\/\\\/www.dynseo.com\\\/nl\\\/?s={search_term_string}\"},\"query-input\":{\"@type\":\"PropertyValueSpecification\",\"valueRequired\":true,\"valueName\":\"search_term_string\"}}],\"inLanguage\":\"nl-NL\"},{\"@type\":\"Organization\",\"@id\":\"https:\\\/\\\/www.dynseo.com\\\/nl\\\/#organization\",\"name\":\"DYNSEO\",\"url\":\"https:\\\/\\\/www.dynseo.com\\\/nl\\\/\",\"logo\":{\"@type\":\"ImageObject\",\"inLanguage\":\"nl-NL\",\"@id\":\"https:\\\/\\\/www.dynseo.com\\\/nl\\\/#\\\/schema\\\/logo\\\/image\\\/\",\"url\":\"https:\\\/\\\/www.dynseo.com\\\/wp-content\\\/uploads\\\/2022\\\/05\\\/logo-dynseo-new.png\",\"contentUrl\":\"https:\\\/\\\/www.dynseo.com\\\/wp-content\\\/uploads\\\/2022\\\/05\\\/logo-dynseo-new.png\",\"width\":5073,\"height\":1397,\"caption\":\"DYNSEO\"},\"image\":{\"@id\":\"https:\\\/\\\/www.dynseo.com\\\/nl\\\/#\\\/schema\\\/logo\\\/image\\\/\"}}]}<\/script>\n<!-- \/ Yoast SEO plugin. -->","yoast_head_json":{"title":"Toegangstest Solo - Educatieve app en geheugenspelletjes","robots":{"index":"index","follow":"follow","max-snippet":"max-snippet:-1","max-image-preview":"max-image-preview:large","max-video-preview":"max-video-preview:-1"},"canonical":"https:\/\/www.dynseo.com\/nl\/produit\/toegangstest-solo\/","og_locale":"nl_NL","og_type":"article","og_title":"Toegangstest Solo - Educatieve app en geheugenspelletjes","og_description":"Acc\u00e8s Solo \u2014 Testez un patient avec 1 test au choix L&#8217;Acc\u00e8s Solo est la solution id\u00e9ale pour d\u00e9buter avec notre plateforme d&#8217;\u00e9valuation cognitive. Avec ce pack, vous pouvez \u00e9valuer un patient unique avec 1 test cognitif de votre choix, pour une dur\u00e9e d&#8217;utilisation de 10 passations maximum. Ce que vous obtenez : 1 test [&hellip;]","og_url":"https:\/\/www.dynseo.com\/nl\/produit\/toegangstest-solo\/","og_site_name":"Educatieve app en geheugenspelletjes","article_modified_time":"2026-04-08T09:15:16+00:00","og_image":[{"width":469,"height":469,"url":"https:\/\/www.dynseo.com\/wp-content\/uploads\/2026\/03\/TESTS-offre-1-solo-.png","type":"image\/png"}],"twitter_misc":{"Geschatte leestijd":"1 minuut"},"schema":{"@context":"https:\/\/schema.org","@graph":[{"@type":"WebPage","@id":"https:\/\/www.dynseo.com\/nl\/produit\/toegangstest-solo\/","url":"https:\/\/www.dynseo.com\/nl\/produit\/toegangstest-solo\/","name":"Toegangstest Solo - Educatieve app en geheugenspelletjes","isPartOf":{"@id":"https:\/\/www.dynseo.com\/nl\/#website"},"primaryImageOfPage":{"@id":"https:\/\/www.dynseo.com\/nl\/produit\/toegangstest-solo\/#primaryimage"},"image":{"@id":"https:\/\/www.dynseo.com\/nl\/produit\/toegangstest-solo\/#primaryimage"},"thumbnailUrl":"https:\/\/www.dynseo.com\/wp-content\/uploads\/2026\/03\/TESTS-offre-1-solo-.png","datePublished":"2026-04-07T23:51:25+00:00","dateModified":"2026-04-08T09:15:16+00:00","breadcrumb":{"@id":"https:\/\/www.dynseo.com\/nl\/produit\/toegangstest-solo\/#breadcrumb"},"inLanguage":"nl-NL","potentialAction":[{"@type":"ReadAction","target":["https:\/\/www.dynseo.com\/nl\/produit\/toegangstest-solo\/"]}]},{"@type":"ImageObject","inLanguage":"nl-NL","@id":"https:\/\/www.dynseo.com\/nl\/produit\/toegangstest-solo\/#primaryimage","url":"https:\/\/www.dynseo.com\/wp-content\/uploads\/2026\/03\/TESTS-offre-1-solo-.png","contentUrl":"https:\/\/www.dynseo.com\/wp-content\/uploads\/2026\/03\/TESTS-offre-1-solo-.png","width":469,"height":469,"caption":"R\u00e9veillez la m\u00e9moire avec la tablette cognitive DYNSEO"},{"@type":"BreadcrumbList","@id":"https:\/\/www.dynseo.com\/nl\/produit\/toegangstest-solo\/#breadcrumb","itemListElement":[{"@type":"ListItem","position":1,"name":"Accueil","item":"https:\/\/www.dynseo.com\/nl\/"},{"@type":"ListItem","position":2,"name":"Winkel","item":"https:\/\/www.dynseo.com\/boutique\/"},{"@type":"ListItem","position":3,"name":"Toegangstest Solo"}]},{"@type":"WebSite","@id":"https:\/\/www.dynseo.com\/nl\/#website","url":"https:\/\/www.dynseo.com\/nl\/","name":"Jeux de m\u00e9moire et stimulation cognitive","description":"Entra\u00eenez votre m\u00e9moire et votre cerveau avec DYNSEO","publisher":{"@id":"https:\/\/www.dynseo.com\/nl\/#organization"},"potentialAction":[{"@type":"SearchAction","target":{"@type":"EntryPoint","urlTemplate":"https:\/\/www.dynseo.com\/nl\/?s={search_term_string}"},"query-input":{"@type":"PropertyValueSpecification","valueRequired":true,"valueName":"search_term_string"}}],"inLanguage":"nl-NL"},{"@type":"Organization","@id":"https:\/\/www.dynseo.com\/nl\/#organization","name":"DYNSEO","url":"https:\/\/www.dynseo.com\/nl\/","logo":{"@type":"ImageObject","inLanguage":"nl-NL","@id":"https:\/\/www.dynseo.com\/nl\/#\/schema\/logo\/image\/","url":"https:\/\/www.dynseo.com\/wp-content\/uploads\/2022\/05\/logo-dynseo-new.png","contentUrl":"https:\/\/www.dynseo.com\/wp-content\/uploads\/2022\/05\/logo-dynseo-new.png","width":5073,"height":1397,"caption":"DYNSEO"},"image":{"@id":"https:\/\/www.dynseo.com\/nl\/#\/schema\/logo\/image\/"}}]}},"_links":{"self":[{"href":"https:\/\/www.dynseo.com\/nl\/wp-json\/wp\/v2\/product\/539210","targetHints":{"allow":["GET"]}}],"collection":[{"href":"https:\/\/www.dynseo.com\/nl\/wp-json\/wp\/v2\/product"}],"about":[{"href":"https:\/\/www.dynseo.com\/nl\/wp-json\/wp\/v2\/types\/product"}],"replies":[{"embeddable":true,"href":"https:\/\/www.dynseo.com\/nl\/wp-json\/wp\/v2\/comments?post=539210"}],"wp:featuredmedia":[{"embeddable":true,"href":"https:\/\/www.dynseo.com\/nl\/wp-json\/wp\/v2\/media\/526484"}],"wp:attachment":[{"href":"https:\/\/www.dynseo.com\/nl\/wp-json\/wp\/v2\/media?parent=539210"}],"wp:term":[{"taxonomy":"product_brand","embeddable":true,"href":"https:\/\/www.dynseo.com\/nl\/wp-json\/wp\/v2\/product_brand?post=539210"},{"taxonomy":"product_cat","embeddable":true,"href":"https:\/\/www.dynseo.com\/nl\/wp-json\/wp\/v2\/product_cat?post=539210"},{"taxonomy":"product_tag","embeddable":true,"href":"https:\/\/www.dynseo.com\/nl\/wp-json\/wp\/v2\/product_tag?post=539210"}],"curies":[{"name":"wp","href":"https:\/\/api.w.org\/{rel}","templated":true}]}}