{"id":539266,"date":"2026-04-08T11:22:19","date_gmt":"2026-04-08T09:22:19","guid":{"rendered":"https:\/\/www.dynseo.com\/produit\/pack-outils-thematique-2\/"},"modified":"2026-04-08T11:22:27","modified_gmt":"2026-04-08T09:22:27","slug":"pack-outils-thematique","status":"publish","type":"product","link":"https:\/\/www.dynseo.com\/nl\/produit\/pack-outils-thematique\/","title":{"rendered":"Pack Outils Th\u00e9matique"},"content":{"rendered":"<p>Choisissez votre domaine de sp\u00e9cialit\u00e9 et acc\u00e9dez \u00e0 7-8 outils sp\u00e9cialis\u00e9s pour orthophonie.<\/p>\n","protected":false},"excerpt":{"rendered":"<p>Choisissez votre domaine de sp\u00e9cialit\u00e9 et acc\u00e9dez \u00e0 7-8 outils sp\u00e9cialis\u00e9s pour orthophonie.<\/p>\n","protected":false},"featured_media":539190,"comment_status":"closed","ping_status":"closed","template":"","meta":{"_et_pb_use_builder":"","_et_pb_old_content":"Choisissez votre domaine de sp\u00e9cialit\u00e9 et acc\u00e9dez \u00e0 7-8 outils sp\u00e9cialis\u00e9s pour orthophonie.","_et_gb_content_width":""},"product_brand":[],"product_cat":[],"product_tag":[],"class_list":{"0":"post-539266","1":"product","2":"type-product","3":"status-publish","4":"has-post-thumbnail","7":"first","8":"instock","9":"taxable","10":"shipping-taxable","11":"purchasable","12":"product-type-simple"},"yoast_head":"<!-- This site is optimized with the Yoast SEO plugin v27.3 - https:\/\/yoast.com\/product\/yoast-seo-wordpress\/ -->\n<title>Pack Outils Th\u00e9matique - Educatieve app en geheugenspelletjes<\/title>\n<meta name=\"robots\" content=\"index, follow, max-snippet:-1, max-image-preview:large, max-video-preview:-1\" \/>\n<link rel=\"canonical\" href=\"https:\/\/www.dynseo.com\/nl\/produit\/pack-outils-thematique\/\" \/>\n<meta property=\"og:locale\" content=\"nl_NL\" \/>\n<meta property=\"og:type\" content=\"article\" \/>\n<meta property=\"og:title\" content=\"Pack Outils Th\u00e9matique - Educatieve app en geheugenspelletjes\" \/>\n<meta property=\"og:description\" content=\"Choisissez votre domaine de sp\u00e9cialit\u00e9 et acc\u00e9dez \u00e0 7-8 outils sp\u00e9cialis\u00e9s pour orthophonie.\" \/>\n<meta property=\"og:url\" content=\"https:\/\/www.dynseo.com\/nl\/produit\/pack-outils-thematique\/\" \/>\n<meta property=\"og:site_name\" content=\"Educatieve app en geheugenspelletjes\" \/>\n<meta property=\"article:modified_time\" content=\"2026-04-08T09:22:27+00:00\" \/>\n<meta property=\"og:image\" content=\"https:\/\/www.dynseo.com\/wp-content\/uploads\/2026\/04\/Toutes-realisations-Image-site-web-erferencement-aegnce-DYNSEO-conception-site-web-et-application-mobiles-sur-mesure-4.png\" \/>\n\t<meta property=\"og:image:width\" content=\"1080\" \/>\n\t<meta property=\"og:image:height\" content=\"1080\" \/>\n\t<meta property=\"og:image:type\" content=\"image\/png\" \/>\n<script type=\"application\/ld+json\" class=\"yoast-schema-graph\">{\"@context\":\"https:\\\/\\\/schema.org\",\"@graph\":[{\"@type\":\"WebPage\",\"@id\":\"https:\\\/\\\/www.dynseo.com\\\/nl\\\/produit\\\/pack-outils-thematique\\\/\",\"url\":\"https:\\\/\\\/www.dynseo.com\\\/nl\\\/produit\\\/pack-outils-thematique\\\/\",\"name\":\"Pack Outils Th\u00e9matique - Educatieve app en geheugenspelletjes\",\"isPartOf\":{\"@id\":\"https:\\\/\\\/www.dynseo.com\\\/nl\\\/#website\"},\"primaryImageOfPage\":{\"@id\":\"https:\\\/\\\/www.dynseo.com\\\/nl\\\/produit\\\/pack-outils-thematique\\\/#primaryimage\"},\"image\":{\"@id\":\"https:\\\/\\\/www.dynseo.com\\\/nl\\\/produit\\\/pack-outils-thematique\\\/#primaryimage\"},\"thumbnailUrl\":\"https:\\\/\\\/www.dynseo.com\\\/wp-content\\\/uploads\\\/2026\\\/04\\\/Toutes-realisations-Image-site-web-erferencement-aegnce-DYNSEO-conception-site-web-et-application-mobiles-sur-mesure-4.png\",\"datePublished\":\"2026-04-08T09:22:19+00:00\",\"dateModified\":\"2026-04-08T09:22:27+00:00\",\"breadcrumb\":{\"@id\":\"https:\\\/\\\/www.dynseo.com\\\/nl\\\/produit\\\/pack-outils-thematique\\\/#breadcrumb\"},\"inLanguage\":\"nl-NL\",\"potentialAction\":[{\"@type\":\"ReadAction\",\"target\":[\"https:\\\/\\\/www.dynseo.com\\\/nl\\\/produit\\\/pack-outils-thematique\\\/\"]}]},{\"@type\":\"ImageObject\",\"inLanguage\":\"nl-NL\",\"@id\":\"https:\\\/\\\/www.dynseo.com\\\/nl\\\/produit\\\/pack-outils-thematique\\\/#primaryimage\",\"url\":\"https:\\\/\\\/www.dynseo.com\\\/wp-content\\\/uploads\\\/2026\\\/04\\\/Toutes-realisations-Image-site-web-erferencement-aegnce-DYNSEO-conception-site-web-et-application-mobiles-sur-mesure-4.png\",\"contentUrl\":\"https:\\\/\\\/www.dynseo.com\\\/wp-content\\\/uploads\\\/2026\\\/04\\\/Toutes-realisations-Image-site-web-erferencement-aegnce-DYNSEO-conception-site-web-et-application-mobiles-sur-mesure-4.png\",\"width\":1080,\"height\":1080,\"caption\":\"Toutes re\u0301alisations Image site web erferencement aegnce DYNSEO conception site web et application mobiles sur mesure (4)\"},{\"@type\":\"BreadcrumbList\",\"@id\":\"https:\\\/\\\/www.dynseo.com\\\/nl\\\/produit\\\/pack-outils-thematique\\\/#breadcrumb\",\"itemListElement\":[{\"@type\":\"ListItem\",\"position\":1,\"name\":\"Accueil\",\"item\":\"https:\\\/\\\/www.dynseo.com\\\/nl\\\/\"},{\"@type\":\"ListItem\",\"position\":2,\"name\":\"Winkel\",\"item\":\"https:\\\/\\\/www.dynseo.com\\\/boutique\\\/\"},{\"@type\":\"ListItem\",\"position\":3,\"name\":\"Pack Outils Th\u00e9matique\"}]},{\"@type\":\"WebSite\",\"@id\":\"https:\\\/\\\/www.dynseo.com\\\/nl\\\/#website\",\"url\":\"https:\\\/\\\/www.dynseo.com\\\/nl\\\/\",\"name\":\"Jeux de m\u00e9moire et stimulation cognitive\",\"description\":\"Entra\u00eenez votre m\u00e9moire et votre cerveau avec DYNSEO\",\"publisher\":{\"@id\":\"https:\\\/\\\/www.dynseo.com\\\/nl\\\/#organization\"},\"potentialAction\":[{\"@type\":\"SearchAction\",\"target\":{\"@type\":\"EntryPoint\",\"urlTemplate\":\"https:\\\/\\\/www.dynseo.com\\\/nl\\\/?s={search_term_string}\"},\"query-input\":{\"@type\":\"PropertyValueSpecification\",\"valueRequired\":true,\"valueName\":\"search_term_string\"}}],\"inLanguage\":\"nl-NL\"},{\"@type\":\"Organization\",\"@id\":\"https:\\\/\\\/www.dynseo.com\\\/nl\\\/#organization\",\"name\":\"DYNSEO\",\"url\":\"https:\\\/\\\/www.dynseo.com\\\/nl\\\/\",\"logo\":{\"@type\":\"ImageObject\",\"inLanguage\":\"nl-NL\",\"@id\":\"https:\\\/\\\/www.dynseo.com\\\/nl\\\/#\\\/schema\\\/logo\\\/image\\\/\",\"url\":\"https:\\\/\\\/www.dynseo.com\\\/wp-content\\\/uploads\\\/2022\\\/05\\\/logo-dynseo-new.png\",\"contentUrl\":\"https:\\\/\\\/www.dynseo.com\\\/wp-content\\\/uploads\\\/2022\\\/05\\\/logo-dynseo-new.png\",\"width\":5073,\"height\":1397,\"caption\":\"DYNSEO\"},\"image\":{\"@id\":\"https:\\\/\\\/www.dynseo.com\\\/nl\\\/#\\\/schema\\\/logo\\\/image\\\/\"}}]}<\/script>\n<!-- \/ Yoast SEO plugin. -->","yoast_head_json":{"title":"Pack Outils Th\u00e9matique - Educatieve app en geheugenspelletjes","robots":{"index":"index","follow":"follow","max-snippet":"max-snippet:-1","max-image-preview":"max-image-preview:large","max-video-preview":"max-video-preview:-1"},"canonical":"https:\/\/www.dynseo.com\/nl\/produit\/pack-outils-thematique\/","og_locale":"nl_NL","og_type":"article","og_title":"Pack Outils Th\u00e9matique - Educatieve app en geheugenspelletjes","og_description":"Choisissez votre domaine de sp\u00e9cialit\u00e9 et acc\u00e9dez \u00e0 7-8 outils sp\u00e9cialis\u00e9s pour orthophonie.","og_url":"https:\/\/www.dynseo.com\/nl\/produit\/pack-outils-thematique\/","og_site_name":"Educatieve app en geheugenspelletjes","article_modified_time":"2026-04-08T09:22:27+00:00","og_image":[{"width":1080,"height":1080,"url":"https:\/\/www.dynseo.com\/wp-content\/uploads\/2026\/04\/Toutes-realisations-Image-site-web-erferencement-aegnce-DYNSEO-conception-site-web-et-application-mobiles-sur-mesure-4.png","type":"image\/png"}],"schema":{"@context":"https:\/\/schema.org","@graph":[{"@type":"WebPage","@id":"https:\/\/www.dynseo.com\/nl\/produit\/pack-outils-thematique\/","url":"https:\/\/www.dynseo.com\/nl\/produit\/pack-outils-thematique\/","name":"Pack Outils Th\u00e9matique - Educatieve app en geheugenspelletjes","isPartOf":{"@id":"https:\/\/www.dynseo.com\/nl\/#website"},"primaryImageOfPage":{"@id":"https:\/\/www.dynseo.com\/nl\/produit\/pack-outils-thematique\/#primaryimage"},"image":{"@id":"https:\/\/www.dynseo.com\/nl\/produit\/pack-outils-thematique\/#primaryimage"},"thumbnailUrl":"https:\/\/www.dynseo.com\/wp-content\/uploads\/2026\/04\/Toutes-realisations-Image-site-web-erferencement-aegnce-DYNSEO-conception-site-web-et-application-mobiles-sur-mesure-4.png","datePublished":"2026-04-08T09:22:19+00:00","dateModified":"2026-04-08T09:22:27+00:00","breadcrumb":{"@id":"https:\/\/www.dynseo.com\/nl\/produit\/pack-outils-thematique\/#breadcrumb"},"inLanguage":"nl-NL","potentialAction":[{"@type":"ReadAction","target":["https:\/\/www.dynseo.com\/nl\/produit\/pack-outils-thematique\/"]}]},{"@type":"ImageObject","inLanguage":"nl-NL","@id":"https:\/\/www.dynseo.com\/nl\/produit\/pack-outils-thematique\/#primaryimage","url":"https:\/\/www.dynseo.com\/wp-content\/uploads\/2026\/04\/Toutes-realisations-Image-site-web-erferencement-aegnce-DYNSEO-conception-site-web-et-application-mobiles-sur-mesure-4.png","contentUrl":"https:\/\/www.dynseo.com\/wp-content\/uploads\/2026\/04\/Toutes-realisations-Image-site-web-erferencement-aegnce-DYNSEO-conception-site-web-et-application-mobiles-sur-mesure-4.png","width":1080,"height":1080,"caption":"Toutes re\u0301alisations Image site web erferencement aegnce DYNSEO conception site web et application mobiles sur mesure (4)"},{"@type":"BreadcrumbList","@id":"https:\/\/www.dynseo.com\/nl\/produit\/pack-outils-thematique\/#breadcrumb","itemListElement":[{"@type":"ListItem","position":1,"name":"Accueil","item":"https:\/\/www.dynseo.com\/nl\/"},{"@type":"ListItem","position":2,"name":"Winkel","item":"https:\/\/www.dynseo.com\/boutique\/"},{"@type":"ListItem","position":3,"name":"Pack Outils Th\u00e9matique"}]},{"@type":"WebSite","@id":"https:\/\/www.dynseo.com\/nl\/#website","url":"https:\/\/www.dynseo.com\/nl\/","name":"Jeux de m\u00e9moire et stimulation cognitive","description":"Entra\u00eenez votre m\u00e9moire et votre cerveau avec DYNSEO","publisher":{"@id":"https:\/\/www.dynseo.com\/nl\/#organization"},"potentialAction":[{"@type":"SearchAction","target":{"@type":"EntryPoint","urlTemplate":"https:\/\/www.dynseo.com\/nl\/?s={search_term_string}"},"query-input":{"@type":"PropertyValueSpecification","valueRequired":true,"valueName":"search_term_string"}}],"inLanguage":"nl-NL"},{"@type":"Organization","@id":"https:\/\/www.dynseo.com\/nl\/#organization","name":"DYNSEO","url":"https:\/\/www.dynseo.com\/nl\/","logo":{"@type":"ImageObject","inLanguage":"nl-NL","@id":"https:\/\/www.dynseo.com\/nl\/#\/schema\/logo\/image\/","url":"https:\/\/www.dynseo.com\/wp-content\/uploads\/2022\/05\/logo-dynseo-new.png","contentUrl":"https:\/\/www.dynseo.com\/wp-content\/uploads\/2022\/05\/logo-dynseo-new.png","width":5073,"height":1397,"caption":"DYNSEO"},"image":{"@id":"https:\/\/www.dynseo.com\/nl\/#\/schema\/logo\/image\/"}}]}},"_links":{"self":[{"href":"https:\/\/www.dynseo.com\/nl\/wp-json\/wp\/v2\/product\/539266","targetHints":{"allow":["GET"]}}],"collection":[{"href":"https:\/\/www.dynseo.com\/nl\/wp-json\/wp\/v2\/product"}],"about":[{"href":"https:\/\/www.dynseo.com\/nl\/wp-json\/wp\/v2\/types\/product"}],"replies":[{"embeddable":true,"href":"https:\/\/www.dynseo.com\/nl\/wp-json\/wp\/v2\/comments?post=539266"}],"wp:featuredmedia":[{"embeddable":true,"href":"https:\/\/www.dynseo.com\/nl\/wp-json\/wp\/v2\/media\/539190"}],"wp:attachment":[{"href":"https:\/\/www.dynseo.com\/nl\/wp-json\/wp\/v2\/media?parent=539266"}],"wp:term":[{"taxonomy":"product_brand","embeddable":true,"href":"https:\/\/www.dynseo.com\/nl\/wp-json\/wp\/v2\/product_brand?post=539266"},{"taxonomy":"product_cat","embeddable":true,"href":"https:\/\/www.dynseo.com\/nl\/wp-json\/wp\/v2\/product_cat?post=539266"},{"taxonomy":"product_tag","embeddable":true,"href":"https:\/\/www.dynseo.com\/nl\/wp-json\/wp\/v2\/product_tag?post=539266"}],"curies":[{"name":"wp","href":"https:\/\/api.w.org\/{rel}","templated":true}]}}