{"id":448307,"date":"2025-12-19T12:31:04","date_gmt":"2025-12-19T11:31:04","guid":{"rendered":"https:\/\/www.dynseo.com\/individuos\/"},"modified":"2025-12-19T12:31:19","modified_gmt":"2025-12-19T11:31:19","slug":"individuos","status":"publish","type":"page","link":"https:\/\/www.dynseo.com\/pt-pt\/individuos\/","title":{"rendered":"Indiv\u00edduos"},"content":{"rendered":"<h2 style=\"text-align: center;\"><span style=\"color: #526fa1;\"><strong>TREINO CEREBRAL PERSONALIZADO<\/strong><\/span><\/h2>\n<\/p>\n<p>Com a Suzie, a tua treinadora cerebral, o treino do c\u00e9rebro \u00e9 um prazer! A Suzie vai apoiar-te dia ap\u00f3s dia com exerc\u00edcios personalizados e estimulantes. H\u00e1 um programa para todos!  <\/p>\n<p>Cada programa concebido foi desenvolvido em estreita colabora\u00e7\u00e3o com :<\/p>\n<p>&#8211; por um lado, o utilizador final: crian\u00e7as, adultos, idosos, etc.<\/p>\n<p>&#8211; profissionais de sa\u00fade: psic\u00f3logos e neuropsic\u00f3logos, terapeutas da fala, terapeutas ocupacionais, geriatras, m\u00e9dicos coordenadores, m\u00e9dicos de cl\u00ednica geral, etc.<\/p>\n<p>O objetivo \u00e9 oferecer-te programas personalizados de<span style=\"color: #526fa1;\"><strong>programas de treino cerebral personalizados: <\/strong><\/span>os nossos jogos s\u00e3o adaptados \u00e0s tuas capacidades individuais.<\/p>\n<p>Se o teu filho precisa de canalizar a sua aten\u00e7\u00e3o, ou se o teu ente querido sofreu um AVC e queres ajudar na reabilita\u00e7\u00e3o, a Coco, o Fernando ou a FERNANDO s\u00e3o os programas de treino cerebral para ti!<\/p>\n<p><img loading=\"lazy\" decoding=\"async\" class=\"wp-image-2664 aligncenter\" src=\"https:\/\/www.dynseo.com\/wp-content\/uploads\/2015\/02\/schema-cr%C3%A9ation-de-valeur-v2.jpg\" alt=\"forma\u00e7\u00e3o cognitiva \u00e0 medida\" width=\"787\" height=\"443\"><\/p>\n<h2> <\/h2>\n<h2> <\/h2>\n<h2 style=\"text-align: center;\"><strong><span style=\"color: #526fa1;\">UM PROGRAMA DE ARTE STIM PARA TODOS<\/span><\/strong><\/h2>\n<p>Assim, cada um ter\u00e1 o seu pr\u00f3prio programa de treino cerebral personalizado.<\/p>\n<p style=\"text-align: center;\">[row]<br \/>[column lg=&#8221;4&#8243; md=&#8221;12&#8243; sm=&#8221;12&#8243; xs=&#8221;12&#8243;]<\/p>\n<p style=\"text-align: center;\"><img loading=\"lazy\" decoding=\"async\" class=\"alignnone wp-image-10076\" src=\"https:\/\/www.dynseo.com\/wp-content\/uploads\/2018\/10\/Coco.png\" alt=\"\" width=\"239\" height=\"264\" srcset=\"https:\/\/www.dynseo.com\/wp-content\/uploads\/2018\/10\/Coco.png 414w, https:\/\/www.dynseo.com\/wp-content\/uploads\/2018\/10\/Coco-272x300.png 272w\" sizes=\"(max-width: 239px) 100vw, 239px\" \/><br \/><span style=\"color: #526fa1;\"><strong>Stim&#8217;Art Coco<\/strong><\/span><\/p>\n<p style=\"text-align: center;\">Jogos educativos para os nossos super-her\u00f3is dos 5 aos 10 anos<\/p>\n<\/p>\n<p style=\"text-align: center;\">[\/column]<br \/>[column lg=&#8221;4&#8243; md=&#8221;12&#8243; sm=&#8221;12&#8243; xs=&#8221;12&#8243;]<\/p>\n<p style=\"text-align: center;\"><img loading=\"lazy\" decoding=\"async\" class=\"alignnone wp-image-10078\" src=\"https:\/\/www.dynseo.com\/wp-content\/uploads\/2018\/10\/Joe.png\" alt=\"\" width=\"239\" height=\"271\" srcset=\"https:\/\/www.dynseo.com\/wp-content\/uploads\/2018\/10\/Joe.png 391w, https:\/\/www.dynseo.com\/wp-content\/uploads\/2018\/10\/Joe-265x300.png 265w\" sizes=\"(max-width: 239px) 100vw, 239px\" \/><br \/><span style=\"color: #526fa1;\"><strong>Fernando Stim&#8217;Art<\/strong><\/span><\/p>\n<p style=\"text-align: center;\">Um programa de treino cerebral num tablet ou smartphone para adultos como medida preventiva<\/p>\n<\/p>\n<p style=\"text-align: center;\">[\/column]<br \/>[column lg=&#8221;4&#8243; md=&#8221;12&#8243; sm=&#8221;12&#8243; xs=&#8221;12&#8243;]<\/p>\n<p style=\"text-align: center;\"><span style=\"color: #666699;\"><img loading=\"lazy\" decoding=\"async\" class=\"alignnone wp-image-10077\" src=\"https:\/\/www.dynseo.com\/wp-content\/uploads\/2018\/10\/Edith.png\" alt=\"\" width=\"277\" height=\"270\" srcset=\"https:\/\/www.dynseo.com\/wp-content\/uploads\/2018\/10\/Edith.png 458w, https:\/\/www.dynseo.com\/wp-content\/uploads\/2018\/10\/Edith-300x292.png 300w\" sizes=\"(max-width: 277px) 100vw, 277px\" \/><\/span><br \/><span style=\"color: #526fa1;\"><strong>Stim&#8217;Art Carmen<\/strong><\/span><\/p>\n<p style=\"text-align: center;\">Jogos de mem\u00f3ria adaptados a pessoas com <a href=\"https:\/\/www.dynseo.com\/avancees-dans-le-traitement-des-troubles-cognitifs-post-cancer\/\" title=\"Avan\u00e7os no tratamento das perturba\u00e7\u00f5es cognitivas p\u00f3s-cancro\">problemas cognitivos<\/a><\/p>\n<\/p>\n<p style=\"text-align: center;\">\n<p style=\"text-align: center;\">[\/column]<br \/>[\/row]<\/p>\n<h2> <\/h2>\n<h3 style=\"text-align: left;\"><strong><span style=\"color: #526fa1;\">Tamb\u00e9m podes estar interessado nos nossos outros programas<\/span><\/strong><\/h3>\n<p style=\"text-align: center;\"><strong><span style=\"color: #526fa1;\">[row]<br \/>[column lg=&#8221;4&#8243; md=&#8221;12&#8243; sm=&#8221;12&#8243; xs=&#8221;12&#8243;]<br \/><img loading=\"lazy\" decoding=\"async\" class=\"wp-image-7703 aligncenter lazyloaded\" src=\"https:\/\/www.dynseo.com\/wp-content\/uploads\/2015\/02\/mail-simple-etablissement.png\" sizes=\"(max-width: 247px) 100vw, 247px\" srcset=\"https:\/\/www.dynseo.com\/wp-content\/uploads\/2015\/02\/mail-simple-etablissement.png 1000w, https:\/\/www.dynseo.com\/wp-content\/uploads\/2015\/02\/mail-simple-etablissement-300x266.png 300w, https:\/\/www.dynseo.com\/wp-content\/uploads\/2015\/02\/mail-simple-etablissement-768x681.png 768w\" alt=\"\" width=\"237\" height=\"210\" data-lazy-src=\"https:\/\/www.dynseo.com\/wp-content\/uploads\/2015\/02\/mail-simple-etablissement.png\" data-lazy-srcset=\"https:\/\/www.dynseo.com\/wp-content\/uploads\/2015\/02\/mail-simple-etablissement.png 1000w, https:\/\/www.dynseo.com\/wp-content\/uploads\/2015\/02\/mail-simple-etablissement-300x266.png 300w, https:\/\/www.dynseo.com\/wp-content\/uploads\/2015\/02\/mail-simple-etablissement-768x681.png 768w\" data-was-processed=\"true\"><span style=\"color: #526fa1;\"><a style=\"color: #526fa1;\" href=\"https:\/\/www.dynseo.com\/pt-pt\/dynseo-family-2\/\">Dynseo Family, o sistema de mensagens simplificado para trocar mensagens e fotografias com amigos e familiares.<\/a><\/span><\/p>\n<p style=\"text-align: center;\"><span style=\"text-align: center;\">[\/column]<\/span><\/p>\n<p style=\"text-align: center;\">[column lg=&#8221;4&#8243; md=&#8221;12&#8243; sm=&#8221;12&#8243; xs=&#8221;12&#8243;]<br \/><img loading=\"lazy\" decoding=\"async\" class=\"wp-image-9604 aligncenter\" src=\"https:\/\/www.dynseo.com\/wp-content\/uploads\/2018\/07\/souvenirs.png\" alt=\"mem\u00f3rias_de_ajudante_de_vida\" width=\"263\" height=\"175\"><\/p>\n<p style=\"text-align: center;\"><span style=\"color: #526fa1;\"><a style=\"color: #526fa1;\" href=\"https:\/\/www.dynseo.com\/nos-produits\/evocation-souvenirs\/\">E-mem\u00f3rias para favorecer a emerg\u00eancia e a evoca\u00e7\u00e3o de mem\u00f3rias.<\/a><\/span><br \/>[\/column]<br \/>[column lg=&#8221;4&#8243; md=&#8221;12&#8243; sm=&#8221;12&#8243; xs=&#8221;12&#8243;]<br \/><img loading=\"lazy\" decoding=\"async\" class=\"wp-image-9953 aligncenter\" src=\"https:\/\/www.dynseo.com\/wp-content\/uploads\/2018\/09\/BilleQuiRoule.png\" alt=\"\" width=\"263\" height=\"175\" srcset=\"https:\/\/www.dynseo.com\/wp-content\/uploads\/2018\/09\/BilleQuiRoule.png 625w, https:\/\/www.dynseo.com\/wp-content\/uploads\/2018\/09\/BilleQuiRoule-600x399.png 600w, https:\/\/www.dynseo.com\/wp-content\/uploads\/2018\/09\/BilleQuiRoule-300x200.png 300w\" sizes=\"(max-width: 263px) 100vw, 263px\" \/><\/p>\n<p style=\"text-align: center;\"><span style=\"color: #526fa1;\"><a style=\"color: #526fa1;\" href=\"https:\/\/www.dynseo.com\/pt-pt\/a-bola-rolante\/\">O berlinde rolante, uma aplica\u00e7\u00e3o para tablet que estimula a aten\u00e7\u00e3o e a motricidade fina.<\/a><\/span><br \/>[\/column]<br \/>[\/row]<\/p>\n<h2> <\/h2>\n<h2> <\/h2>\n<h3 style=\"text-align: justify;\"><span style=\"color: #526fa1;\">Descarrega e testa gratuitamente todas as nossas aplica\u00e7\u00f5es<\/span><\/h3>\n<p>[row]<br \/>[column lg=&#8221;6&#8243; md=&#8221;12&#8243; sm=&#8221;12&#8243; xs=&#8221;12&#8243;]<br \/><a href=\"https:\/\/play.google.com\/store\/search?q=dynseo\"><img loading=\"lazy\" decoding=\"async\" class=\"aligncenter wp-image-17721 size-medium\" src=\"https:\/\/www.dynseo.com\/wp-content\/uploads\/\" alt=\"\" width=\"300\" height=\"110\"><\/a><br \/>[\/column]<br \/>[column lg=&#8221;6&#8243; md=&#8221;12&#8243; sm=&#8221;12&#8243; xs=&#8221;12&#8243;]<br \/><a href=\"https:\/\/apps.apple.com\/fr\/developer\/dynseo\/id1000639418\"><img loading=\"lazy\" decoding=\"async\" class=\"aligncenter wp-image-18329 size-medium\" style=\"color: #0000ee;\" src=\"https:\/\/www.dynseo.com\/wp-content\/uploads\/2019\/01\/AppStore-1-300x104.png\" alt=\"\" width=\"300\" height=\"104\"><\/a><\/p>\n<p><span style=\"color: #0000ee;\"><br \/><\/span>[\/column]<br \/>[\/row]<\/p>\n<p>[et_pb_code]<script type=\"application\/ld+json\">{\"@context\":\"https:\/\/schema.org\",\"@type\":\"FAQPage\",\"mainEntity\":[{\"@type\":\"Question\",\"name\":\"Qu'est-ce que Suzie et quel est son r\u00f4le ?\",\"acceptedAnswer\":{\"@type\":\"Answer\",\"text\":\"Suzie est votre coach c\u00e9r\u00e9bral personnel qui vous accompagne jour apr\u00e8s jour gr\u00e2ce \u00e0 des exercices adapt\u00e9s et stimulants. Elle rend l'entra\u00eenement c\u00e9r\u00e9bral agr\u00e9able et propose des programmes personnalis\u00e9s selon vos besoins sp\u00e9cifiques.\"}},{\"@type\":\"Question\",\"name\":\"Avec quels professionnels les programmes d'entra\u00eenement c\u00e9r\u00e9bral ont-ils \u00e9t\u00e9 d\u00e9velopp\u00e9s ?\",\"acceptedAnswer\":{\"@type\":\"Answer\",\"text\":\"Les programmes ont \u00e9t\u00e9 con\u00e7us en collaboration avec des professionnels de sant\u00e9 sp\u00e9cialis\u00e9s : psychologues et neuropsychologues, orthophonistes, ergoth\u00e9rapeutes, g\u00e9riatres, m\u00e9decins coordinateurs et m\u00e9decins g\u00e9n\u00e9ralistes.\"}},{\"@type\":\"Question\",\"name\":\"\u00c0 qui s'adresse le programme Stim'Art Coco ?\",\"acceptedAnswer\":{\"@type\":\"Answer\",\"text\":\"Stim'Art Coco propose des jeux \u00e9ducatifs sp\u00e9cialement con\u00e7us pour les enfants de 5 \u00e0 10 ans, nos \"super h\u00e9ros\" en d\u00e9veloppement, avec des exercices adapt\u00e9s \u00e0 leur \u00e2ge.\"}},{\"@type\":\"Question\",\"name\":\"Quel est l'objectif du programme Stim'Art Joe ?\",\"acceptedAnswer\":{\"@type\":\"Answer\",\"text\":\"Stim'Art Joe est un programme d'entra\u00eenement c\u00e9r\u00e9bral sur tablette ou smartphone destin\u00e9 aux adultes dans un objectif de pr\u00e9vention des <a href=\"https:\/\/www.dynseo.com\/les-signes-precoces-de-troubles-cognitifs-dans-la-sclerose-en-plaques\/\" title=\"Les signes pr\u00e9coces de troubles cognitifs dans la scl\u00e9rose en plaques\">troubles cognitifs<\/a>.\"}},{\"@type\":\"Question\",\"name\":\"Pour qui le programme Stim'Art Edith a-t-il \u00e9t\u00e9 con\u00e7u ?\",\"acceptedAnswer\":{\"@type\":\"Answer\",\"text\":\"Stim'Art Edith propose des jeux de m\u00e9moire sp\u00e9cialement adapt\u00e9s pour les personnes souffrant de <a href=\"https:\/\/www.dynseo.com\/gestion-des-troubles-cognitifs-chez-les-survivants-du-cancer-de-lestomac-2\/\" title=\"Gestion des troubles cognitifs chez les survivants du cancer de l&#039;estomac\">troubles cognitifs<\/a>, notamment pour accompagner la r\u00e9\u00e9ducation apr\u00e8s un AVC.\"}},{\"@type\":\"Question\",\"name\":\"Comment les programmes d'entra\u00eenement c\u00e9r\u00e9bral s'adaptent-ils aux utilisateurs ?\",\"acceptedAnswer\":{\"@type\":\"Answer\",\"text\":\"Chaque programme est personnalis\u00e9 et adapt\u00e9 aux capacit\u00e9s individuelles de l'utilisateur. Les jeux s'ajustent selon les besoins sp\u00e9cifiques, que ce soit pour canaliser l'attention d'un enfant ou accompagner la r\u00e9\u00e9ducation d'une personne apr\u00e8s un AVC.\"}}]}<\/script>[\/et_pb_code]<\/p>\n","protected":false},"excerpt":{"rendered":"<p>TREINO CEREBRAL PERSONALIZADO Com a Suzie, a tua treinadora cerebral, o treino do c\u00e9rebro \u00e9 um prazer! A Suzie vai apoiar-te dia ap\u00f3s dia com exerc\u00edcios personalizados e estimulantes. H\u00e1 um programa para todos! Cada programa concebido foi desenvolvido em estreita colabora\u00e7\u00e3o com :- por um lado, o utilizador final: crian\u00e7as, adultos, idosos, etc.- profissionais [&hellip;]<\/p>\n","protected":false},"author":4,"featured_media":130227,"parent":0,"menu_order":0,"comment_status":"closed","ping_status":"closed","template":"","meta":{"_et_pb_use_builder":"on","_et_pb_old_content":"","_et_gb_content_width":"","footnotes":""},"class_list":["post-448307","page","type-page","status-publish","has-post-thumbnail","hentry"],"yoast_head":"<!-- This site is optimized with the Yoast SEO plugin v27.4 - https:\/\/yoast.com\/product\/yoast-seo-wordpress\/ -->\n<title>Stim&#039;Art, treino cerebral personalizado<\/title>\n<meta name=\"description\" content=\"Com a ajuda da Suzie, a tua treinadora cerebral, tira partido de um programa de treino cerebral personalizado para ti, no teu tablet e smartphone. A Suzie seguir\u00e1 os teus progressos!\" \/>\n<meta name=\"robots\" content=\"index, follow, max-snippet:-1, max-image-preview:large, max-video-preview:-1\" \/>\n<link rel=\"canonical\" href=\"https:\/\/www.dynseo.com\/pt-pt\/individuos\/\" \/>\n<meta property=\"og:locale\" content=\"pt_PT\" \/>\n<meta property=\"og:type\" content=\"article\" \/>\n<meta property=\"og:title\" content=\"Stim&#039;Art, treino cerebral personalizado\" \/>\n<meta property=\"og:description\" content=\"Com a ajuda da Suzie, a tua treinadora cerebral, tira partido de um programa de treino cerebral personalizado para ti, no teu tablet e smartphone. A Suzie seguir\u00e1 os teus progressos!\" \/>\n<meta property=\"og:url\" content=\"https:\/\/www.dynseo.com\/pt-pt\/individuos\/\" \/>\n<meta property=\"og:site_name\" content=\"DYNSEO - Aplica\u00e7\u00f5es educativas e jogos de mem\u00f3ria\" \/>\n<meta property=\"article:modified_time\" content=\"2025-12-19T11:31:19+00:00\" \/>\n<meta property=\"og:image\" content=\"https:\/\/www.dynseo.com\/wp-content\/uploads\/2024\/07\/Article-pour-jeux-de-memoire-et-services-educatifs-sur-tablette-1.png\" \/>\n\t<meta property=\"og:image:width\" content=\"2000\" \/>\n\t<meta property=\"og:image:height\" content=\"1500\" \/>\n\t<meta property=\"og:image:type\" content=\"image\/png\" \/>\n<meta name=\"twitter:label1\" content=\"Tempo estimado de leitura\" \/>\n\t<meta name=\"twitter:data1\" content=\"2 minutos\" \/>\n<script type=\"application\/ld+json\" class=\"yoast-schema-graph\">{\"@context\":\"https:\\\/\\\/schema.org\",\"@graph\":[{\"@type\":\"WebPage\",\"@id\":\"https:\\\/\\\/www.dynseo.com\\\/pt-pt\\\/individuos\\\/\",\"url\":\"https:\\\/\\\/www.dynseo.com\\\/pt-pt\\\/individuos\\\/\",\"name\":\"Stim'Art, treino cerebral personalizado\",\"isPartOf\":{\"@id\":\"https:\\\/\\\/www.dynseo.com\\\/pt-pt\\\/#website\"},\"primaryImageOfPage\":{\"@id\":\"https:\\\/\\\/www.dynseo.com\\\/pt-pt\\\/individuos\\\/#primaryimage\"},\"image\":{\"@id\":\"https:\\\/\\\/www.dynseo.com\\\/pt-pt\\\/individuos\\\/#primaryimage\"},\"thumbnailUrl\":\"https:\\\/\\\/www.dynseo.com\\\/wp-content\\\/uploads\\\/2024\\\/07\\\/Article-pour-jeux-de-memoire-et-services-educatifs-sur-tablette-1.png\",\"datePublished\":\"2025-12-19T11:31:04+00:00\",\"dateModified\":\"2025-12-19T11:31:19+00:00\",\"description\":\"Com a ajuda da Suzie, a tua treinadora cerebral, tira partido de um programa de treino cerebral personalizado para ti, no teu tablet e smartphone. A Suzie seguir\u00e1 os teus progressos!\",\"breadcrumb\":{\"@id\":\"https:\\\/\\\/www.dynseo.com\\\/pt-pt\\\/individuos\\\/#breadcrumb\"},\"inLanguage\":\"pt-PT\",\"potentialAction\":[{\"@type\":\"ReadAction\",\"target\":[\"https:\\\/\\\/www.dynseo.com\\\/pt-pt\\\/individuos\\\/\"]}]},{\"@type\":\"ImageObject\",\"inLanguage\":\"pt-PT\",\"@id\":\"https:\\\/\\\/www.dynseo.com\\\/pt-pt\\\/individuos\\\/#primaryimage\",\"url\":\"https:\\\/\\\/www.dynseo.com\\\/wp-content\\\/uploads\\\/2024\\\/07\\\/Article-pour-jeux-de-memoire-et-services-educatifs-sur-tablette-1.png\",\"contentUrl\":\"https:\\\/\\\/www.dynseo.com\\\/wp-content\\\/uploads\\\/2024\\\/07\\\/Article-pour-jeux-de-memoire-et-services-educatifs-sur-tablette-1.png\",\"width\":2000,\"height\":1500,\"caption\":\"Mant\u00e9m a tua agilidade mental com as nossas actividades divertidas e gratificantes\"},{\"@type\":\"BreadcrumbList\",\"@id\":\"https:\\\/\\\/www.dynseo.com\\\/pt-pt\\\/individuos\\\/#breadcrumb\",\"itemListElement\":[{\"@type\":\"ListItem\",\"position\":1,\"name\":\"Accueil\",\"item\":\"https:\\\/\\\/www.dynseo.com\\\/pt-pt\\\/\"},{\"@type\":\"ListItem\",\"position\":2,\"name\":\"Indiv\u00edduos\"}]},{\"@type\":\"WebSite\",\"@id\":\"https:\\\/\\\/www.dynseo.com\\\/pt-pt\\\/#website\",\"url\":\"https:\\\/\\\/www.dynseo.com\\\/pt-pt\\\/\",\"name\":\"Jeux de m\u00e9moire et stimulation cognitive\",\"description\":\"Entra\u00eenez votre m\u00e9moire et votre cerveau avec DYNSEO\",\"publisher\":{\"@id\":\"https:\\\/\\\/www.dynseo.com\\\/pt-pt\\\/#organization\"},\"potentialAction\":[{\"@type\":\"SearchAction\",\"target\":{\"@type\":\"EntryPoint\",\"urlTemplate\":\"https:\\\/\\\/www.dynseo.com\\\/pt-pt\\\/?s={search_term_string}\"},\"query-input\":{\"@type\":\"PropertyValueSpecification\",\"valueRequired\":true,\"valueName\":\"search_term_string\"}}],\"inLanguage\":\"pt-PT\"},{\"@type\":\"Organization\",\"@id\":\"https:\\\/\\\/www.dynseo.com\\\/pt-pt\\\/#organization\",\"name\":\"DYNSEO\",\"url\":\"https:\\\/\\\/www.dynseo.com\\\/pt-pt\\\/\",\"logo\":{\"@type\":\"ImageObject\",\"inLanguage\":\"pt-PT\",\"@id\":\"https:\\\/\\\/www.dynseo.com\\\/pt-pt\\\/#\\\/schema\\\/logo\\\/image\\\/\",\"url\":\"https:\\\/\\\/www.dynseo.com\\\/wp-content\\\/uploads\\\/2022\\\/05\\\/logo-dynseo-new.png\",\"contentUrl\":\"https:\\\/\\\/www.dynseo.com\\\/wp-content\\\/uploads\\\/2022\\\/05\\\/logo-dynseo-new.png\",\"width\":5073,\"height\":1397,\"caption\":\"DYNSEO\"},\"image\":{\"@id\":\"https:\\\/\\\/www.dynseo.com\\\/pt-pt\\\/#\\\/schema\\\/logo\\\/image\\\/\"}}]}<\/script>\n<!-- \/ Yoast SEO plugin. -->","yoast_head_json":{"title":"Stim'Art, treino cerebral personalizado","description":"Com a ajuda da Suzie, a tua treinadora cerebral, tira partido de um programa de treino cerebral personalizado para ti, no teu tablet e smartphone. A Suzie seguir\u00e1 os teus progressos!","robots":{"index":"index","follow":"follow","max-snippet":"max-snippet:-1","max-image-preview":"max-image-preview:large","max-video-preview":"max-video-preview:-1"},"canonical":"https:\/\/www.dynseo.com\/pt-pt\/individuos\/","og_locale":"pt_PT","og_type":"article","og_title":"Stim'Art, treino cerebral personalizado","og_description":"Com a ajuda da Suzie, a tua treinadora cerebral, tira partido de um programa de treino cerebral personalizado para ti, no teu tablet e smartphone. A Suzie seguir\u00e1 os teus progressos!","og_url":"https:\/\/www.dynseo.com\/pt-pt\/individuos\/","og_site_name":"DYNSEO - Aplica\u00e7\u00f5es educativas e jogos de mem\u00f3ria","article_modified_time":"2025-12-19T11:31:19+00:00","og_image":[{"width":2000,"height":1500,"url":"https:\/\/www.dynseo.com\/wp-content\/uploads\/2024\/07\/Article-pour-jeux-de-memoire-et-services-educatifs-sur-tablette-1.png","type":"image\/png"}],"twitter_misc":{"Tempo estimado de leitura":"2 minutos"},"schema":{"@context":"https:\/\/schema.org","@graph":[{"@type":"WebPage","@id":"https:\/\/www.dynseo.com\/pt-pt\/individuos\/","url":"https:\/\/www.dynseo.com\/pt-pt\/individuos\/","name":"Stim'Art, treino cerebral personalizado","isPartOf":{"@id":"https:\/\/www.dynseo.com\/pt-pt\/#website"},"primaryImageOfPage":{"@id":"https:\/\/www.dynseo.com\/pt-pt\/individuos\/#primaryimage"},"image":{"@id":"https:\/\/www.dynseo.com\/pt-pt\/individuos\/#primaryimage"},"thumbnailUrl":"https:\/\/www.dynseo.com\/wp-content\/uploads\/2024\/07\/Article-pour-jeux-de-memoire-et-services-educatifs-sur-tablette-1.png","datePublished":"2025-12-19T11:31:04+00:00","dateModified":"2025-12-19T11:31:19+00:00","description":"Com a ajuda da Suzie, a tua treinadora cerebral, tira partido de um programa de treino cerebral personalizado para ti, no teu tablet e smartphone. A Suzie seguir\u00e1 os teus progressos!","breadcrumb":{"@id":"https:\/\/www.dynseo.com\/pt-pt\/individuos\/#breadcrumb"},"inLanguage":"pt-PT","potentialAction":[{"@type":"ReadAction","target":["https:\/\/www.dynseo.com\/pt-pt\/individuos\/"]}]},{"@type":"ImageObject","inLanguage":"pt-PT","@id":"https:\/\/www.dynseo.com\/pt-pt\/individuos\/#primaryimage","url":"https:\/\/www.dynseo.com\/wp-content\/uploads\/2024\/07\/Article-pour-jeux-de-memoire-et-services-educatifs-sur-tablette-1.png","contentUrl":"https:\/\/www.dynseo.com\/wp-content\/uploads\/2024\/07\/Article-pour-jeux-de-memoire-et-services-educatifs-sur-tablette-1.png","width":2000,"height":1500,"caption":"Mant\u00e9m a tua agilidade mental com as nossas actividades divertidas e gratificantes"},{"@type":"BreadcrumbList","@id":"https:\/\/www.dynseo.com\/pt-pt\/individuos\/#breadcrumb","itemListElement":[{"@type":"ListItem","position":1,"name":"Accueil","item":"https:\/\/www.dynseo.com\/pt-pt\/"},{"@type":"ListItem","position":2,"name":"Indiv\u00edduos"}]},{"@type":"WebSite","@id":"https:\/\/www.dynseo.com\/pt-pt\/#website","url":"https:\/\/www.dynseo.com\/pt-pt\/","name":"Jeux de m\u00e9moire et stimulation cognitive","description":"Entra\u00eenez votre m\u00e9moire et votre cerveau avec DYNSEO","publisher":{"@id":"https:\/\/www.dynseo.com\/pt-pt\/#organization"},"potentialAction":[{"@type":"SearchAction","target":{"@type":"EntryPoint","urlTemplate":"https:\/\/www.dynseo.com\/pt-pt\/?s={search_term_string}"},"query-input":{"@type":"PropertyValueSpecification","valueRequired":true,"valueName":"search_term_string"}}],"inLanguage":"pt-PT"},{"@type":"Organization","@id":"https:\/\/www.dynseo.com\/pt-pt\/#organization","name":"DYNSEO","url":"https:\/\/www.dynseo.com\/pt-pt\/","logo":{"@type":"ImageObject","inLanguage":"pt-PT","@id":"https:\/\/www.dynseo.com\/pt-pt\/#\/schema\/logo\/image\/","url":"https:\/\/www.dynseo.com\/wp-content\/uploads\/2022\/05\/logo-dynseo-new.png","contentUrl":"https:\/\/www.dynseo.com\/wp-content\/uploads\/2022\/05\/logo-dynseo-new.png","width":5073,"height":1397,"caption":"DYNSEO"},"image":{"@id":"https:\/\/www.dynseo.com\/pt-pt\/#\/schema\/logo\/image\/"}}]}},"_links":{"self":[{"href":"https:\/\/www.dynseo.com\/pt-pt\/wp-json\/wp\/v2\/pages\/448307","targetHints":{"allow":["GET"]}}],"collection":[{"href":"https:\/\/www.dynseo.com\/pt-pt\/wp-json\/wp\/v2\/pages"}],"about":[{"href":"https:\/\/www.dynseo.com\/pt-pt\/wp-json\/wp\/v2\/types\/page"}],"author":[{"embeddable":true,"href":"https:\/\/www.dynseo.com\/pt-pt\/wp-json\/wp\/v2\/users\/4"}],"replies":[{"embeddable":true,"href":"https:\/\/www.dynseo.com\/pt-pt\/wp-json\/wp\/v2\/comments?post=448307"}],"version-history":[{"count":4,"href":"https:\/\/www.dynseo.com\/pt-pt\/wp-json\/wp\/v2\/pages\/448307\/revisions"}],"predecessor-version":[{"id":448312,"href":"https:\/\/www.dynseo.com\/pt-pt\/wp-json\/wp\/v2\/pages\/448307\/revisions\/448312"}],"wp:featuredmedia":[{"embeddable":true,"href":"https:\/\/www.dynseo.com\/pt-pt\/wp-json\/wp\/v2\/media\/130227"}],"wp:attachment":[{"href":"https:\/\/www.dynseo.com\/pt-pt\/wp-json\/wp\/v2\/media?parent=448307"}],"curies":[{"name":"wp","href":"https:\/\/api.w.org\/{rel}","templated":true}]}}