{"id":450640,"date":"2025-12-20T22:20:56","date_gmt":"2025-12-20T21:20:56","guid":{"rendered":"https:\/\/www.dynseo.com\/como-te-inscreveres\/"},"modified":"2026-03-14T01:17:43","modified_gmt":"2026-03-14T00:17:43","slug":"como-te-inscreveres","status":"publish","type":"page","link":"https:\/\/www.dynseo.com\/pt-pt\/as-nossas-ferramentas\/como-te-inscreveres\/","title":{"rendered":"Como te inscreveres"},"content":{"rendered":"<p>[et_pb_section fb_built=&#8221;1&#8243; theme_builder_area=&#8221;post_content&#8221; _builder_version=&#8221;4.27.5&#8243; _module_preset=&#8221;default&#8221;][et_pb_row _builder_version=&#8221;4.27.5&#8243; _module_preset=&#8221;default&#8221; theme_builder_area=&#8221;post_content&#8221;][et_pb_column _builder_version=&#8221;4.27.5&#8243; _module_preset=&#8221;default&#8221; type=&#8221;4_4&#8243; theme_builder_area=&#8221;post_content&#8221;][et_pb_code _builder_version=&#8221;4.27.5&#8243; _module_preset=&#8221;default&#8221; theme_builder_area=&#8221;post_content&#8221; hover_enabled=&#8221;0&#8243; sticky_enabled=&#8221;0&#8243;]<!DOCTYPE html><!-- [et_pb_line_break_holder] --><html lang=\"fr\"><!-- [et_pb_line_break_holder] --><head><!-- [et_pb_line_break_holder] --><meta charset=\"UTF-8\"><!-- [et_pb_line_break_holder] --><meta name=\"viewport\" content=\"width=device-width, initial-scale=1.0\"><!-- [et_pb_line_break_holder] --><title>Apresenta\u00e7\u00e3o &#8211; Como Pedir | DYNSEO<\/title><!-- [et_pb_line_break_holder] --><link href=\"https:\/\/fonts.googleapis.com\/css2?family=Nunito:wght@400;600;700;800&#038;family=Fredoka:wght@400;500;600;700&#038;display=swap\" rel=\"stylesheet\"><!-- [et_pb_line_break_holder] --><\/p>\n<style><!-- [et_pb_line_break_holder] -->*{margin:0;padding:0;box-sizing:border-box}<!-- [et_pb_line_break_holder] -->body{font-family:'Nunito',sans-serif;background:#EDE9FE;min-height:100vh;padding:20px 15px}<!-- [et_pb_line_break_holder] -->.container{max-width:800px;margin:0 auto}<!-- [et_pb_line_break_holder] -->.header-band{background:linear-gradient(135deg,#7C3AED 0%,#8B5CF6 50%,#A78BFA 100%);border-radius:24px;padding:30px 20px;margin-bottom:25px;text-align:center;color:#fff;box-shadow:0 8px 30px rgba(124,58,237,0.3)}<!-- [et_pb_line_break_holder] -->.badge{display:inline-block;background:rgba(255,255,255,0.2);padding:6px 14px;border-radius:20px;font-size:0.75rem;font-weight:600;margin-bottom:12px}<!-- [et_pb_line_break_holder] -->h1{font-family:'Fredoka',sans-serif;font-size:clamp(1.5rem,4vw,2.2rem);margin-bottom:6px}<!-- [et_pb_line_break_holder] -->.subtitle{font-size:0.9rem;opacity:0.9}<!-- [et_pb_line_break_holder] -->.card{background:#fff;border-radius:20px;padding:25px;margin-bottom:20px;box-shadow:0 4px 20px rgba(0,0,0,0.08)}<!-- [et_pb_line_break_holder] -->.section-title{font-family:'Fredoka',sans-serif;font-size:1.1rem;color:#7C3AED;margin-bottom:15px;display:flex;align-items:center;gap:10px}<!-- [et_pb_line_break_holder] -->.section-title::before{content:'';width:4px;height:24px;background:linear-gradient(180deg,#7C3AED,#8B5CF6);border-radius:2px}<!-- [et_pb_line_break_holder] -->.description{font-size:0.95rem;line-height:1.7;color:#374151;margin-bottom:20px}<!-- [et_pb_line_break_holder] -->.highlight-box{background:linear-gradient(135deg,#F3E8FF,#EDE9FE);border-radius:16px;padding:20px;margin-bottom:20px}<!-- [et_pb_line_break_holder] -->.highlight-box h3{font-family:'Fredoka',sans-serif;color:#5B21B6;font-size:1rem;margin-bottom:12px}<!-- [et_pb_line_break_holder] -->.highlight-box p{font-size:0.9rem;color:#4C1D95;line-height:1.6}<!-- [et_pb_line_break_holder] -->.features-grid{display:grid;grid-template-columns:1fr;gap:15px;margin-bottom:20px}<!-- [et_pb_line_break_holder] -->@media(min-width:500px){.features-grid{grid-template-columns:repeat(2,1fr)}}<!-- [et_pb_line_break_holder] -->.feature{background:#F8FAFC;border-radius:14px;padding:18px;border-left:4px solid #7C3AED}<!-- [et_pb_line_break_holder] -->.feature-icon{font-size:1.8rem;margin-bottom:8px}<!-- [et_pb_line_break_holder] -->.feature-title{font-family:'Fredoka',sans-serif;font-size:0.95rem;color:#5B21B6;margin-bottom:5px}<!-- [et_pb_line_break_holder] -->.feature-desc{font-size:0.85rem;color:#6B7280;line-height:1.5}<!-- [et_pb_line_break_holder] -->.audience-box{background:linear-gradient(135deg,#FEF3C7,#FDE68A);border-radius:16px;padding:20px;margin-bottom:20px}<!-- [et_pb_line_break_holder] -->.audience-box h3{font-family:'Fredoka',sans-serif;color:#92400E;font-size:1rem;margin-bottom:12px}<!-- [et_pb_line_break_holder] -->.audience-tags{display:flex;flex-wrap:wrap;gap:8px}<!-- [et_pb_line_break_holder] -->.audience-tag{background:#fff;padding:8px 14px;border-radius:20px;font-size:0.85rem;font-weight:600;color:#92400E}<!-- [et_pb_line_break_holder] -->.benefits-list{display:flex;flex-direction:column;gap:10px}<!-- [et_pb_line_break_holder] -->.benefit{display:flex;align-items:flex-start;gap:12px;padding:12px;background:#FAF5FF;border-radius:10px}<!-- [et_pb_line_break_holder] -->.benefit-icon{font-size:1.3rem;flex-shrink:0}<!-- [et_pb_line_break_holder] -->.benefit-text{font-size:0.9rem;color:#4C1D95;line-height:1.5}<!-- [et_pb_line_break_holder] -->.cta-section{text-align:center;padding:25px;background:linear-gradient(135deg,#7C3AED,#8B5CF6);border-radius:20px;color:#fff}<!-- [et_pb_line_break_holder] -->.cta-section h3{font-family:'Fredoka',sans-serif;font-size:1.2rem;margin-bottom:10px}<!-- [et_pb_line_break_holder] -->.cta-section p{font-size:0.9rem;opacity:0.9;margin-bottom:15px}<!-- [et_pb_line_break_holder] -->.cta-btn{display:inline-block;background:#fff;color:#7C3AED;padding:12px 30px;border-radius:50px;font-weight:700;text-decoration:none;font-size:0.95rem;transition:transform 0.2s}<!-- [et_pb_line_break_holder] -->.cta-btn:hover{transform:scale(1.05)}<!-- [et_pb_line_break_holder] -->footer{text-align:center;margin-top:25px;color:#6B7280;font-size:0.8rem}<!-- [et_pb_line_break_holder] -->footer a{color:#7C3AED;font-weight:700}<!-- [et_pb_line_break_holder] --><\/style>\n<p><!-- [et_pb_line_break_holder] --><\/head><!-- [et_pb_line_break_holder] --><body><!-- [et_pb_line_break_holder] --><\/p>\n<div class=\"container\"><!-- [et_pb_line_break_holder] --><\/p>\n<div class=\"header-band\"><!-- [et_pb_line_break_holder] --><\/p>\n<div class=\"badge\">\ud83d\udcac Ferramenta de Comunica\u00e7\u00e3o<\/div>\n<p><!-- [et_pb_line_break_holder] --><\/p>\n<h1>\ud83d\ude4b Como Pedir?<\/h1>\n<p><!-- [et_pb_line_break_holder] --><pee class=\"subtitle\">Formular pedidos educados e apropriados<\/pee><!-- [et_pb_line_break_holder] --><\/div>\n<p><!-- [et_pb_line_break_holder] --><!-- [et_pb_line_break_holder] --><\/p>\n<div class=\"card\"><!-- [et_pb_line_break_holder] --><\/p>\n<h2 class=\"section-title\">O que \u00e9?<\/h2>\n<p><!-- [et_pb_line_break_holder] --><pee class=\"description\">A ferramenta <strong>Como Pedir?<\/strong> ensina as crian\u00e7as a arte de formular pedidos de maneira <strong>educada, clara e eficaz<\/strong>. Ela guia a crian\u00e7a atrav\u00e9s de um m\u00e9todo simples em 4 etapas, ensina as &#8220;palavras m\u00e1gicas&#8221; e a treina para aceitar tanto as respostas positivas quanto as negativas.<\/pee><!-- [et_pb_line_break_holder] --><!-- [et_pb_line_break_holder] --><\/p>\n<div class=\"highlight-box\"><!-- [et_pb_line_break_holder] --><\/p>\n<h3>\ud83c\udfaf Objetivo pedag\u00f3gico<\/h3>\n<p><!-- [et_pb_line_break_holder] --><pee>Auxiliar a crian\u00e7a a expressar suas necessidades de forma socialmente apropriada, usando um tom respeitoso e compreendendo que qualquer pedido pode receber um &#8220;sim&#8221; ou um &#8220;n\u00e3o&#8221;.<\/pee><!-- [et_pb_line_break_holder] --><\/div>\n<p><!-- [et_pb_line_break_holder] --><\/div>\n<p><!-- [et_pb_line_break_holder] --><!-- [et_pb_line_break_holder] --><\/p>\n<div class=\"card\"><!-- [et_pb_line_break_holder] --><\/p>\n<h2 class=\"section-title\">Funcionalidades<\/h2>\n<p><!-- [et_pb_line_break_holder] --><\/p>\n<div class=\"features-grid\"><!-- [et_pb_line_break_holder] --><\/p>\n<div class=\"feature\"><!-- [et_pb_line_break_holder] --><\/p>\n<div class=\"feature-icon\">\ud83d\udccb<\/div>\n<p><!-- [et_pb_line_break_holder] --><\/p>\n<div class=\"feature-title\">M\u00e9todo em 4 passos<\/div>\n<p><!-- [et_pb_line_break_holder] --><\/p>\n<div class=\"feature-desc\">Observar, usar as palavras m\u00e1gicas, ser claro, ouvir a resposta<\/div>\n<p><!-- [et_pb_line_break_holder] --><\/div>\n<p><!-- [et_pb_line_break_holder] --><\/p>\n<div class=\"feature\"><!-- [et_pb_line_break_holder] --><\/p>\n<div class=\"feature-icon\">\u2728<\/div>\n<p><!-- [et_pb_line_break_holder] --><\/p>\n<div class=\"feature-title\">Palavras m\u00e1gicas<\/div>\n<p><!-- [et_pb_line_break_holder] --><\/p>\n<div class=\"feature-desc\">Por favor, obrigado, ser\u00e1 que, eu gostaria&#8230; apresentados visualmente<\/div>\n<p><!-- [et_pb_line_break_holder] --><\/div>\n<p><!-- [et_pb_line_break_holder] --><\/p>\n<div class=\"feature\"><!-- [et_pb_line_break_holder] --><\/p>\n<div class=\"feature-icon\">\ud83c\udfad<\/div>\n<p><!-- [et_pb_line_break_holder] --><\/p>\n<div class=\"feature-title\">3 cen\u00e1rios pr\u00e1ticos<\/div>\n<p><!-- [et_pb_line_break_holder] --><\/p>\n<div class=\"feature-desc\">Situa\u00e7\u00f5es do dia a dia com m\u00faltiplas escolhas e corre\u00e7\u00e3o imediata<\/div>\n<p><!-- [et_pb_line_break_holder] --><\/div>\n<p><!-- [et_pb_line_break_holder] --><\/p>\n<div class=\"feature\"><!-- [et_pb_line_break_holder] --><\/p>\n<div class=\"feature-icon\">\u2705\u274c<\/div>\n<p><!-- [et_pb_line_break_holder] --><\/p>\n<div class=\"feature-title\">Aceitar sim ou n\u00e3o<\/div>\n<p><!-- [et_pb_line_break_holder] --><\/p>\n<div class=\"feature-desc\">Se\u00e7\u00e3o dedicada para aprender a lidar com recusas com calma<\/div>\n<p><!-- [et_pb_line_break_holder] --><\/div>\n<p><!-- [et_pb_line_break_holder] --><\/div>\n<p><!-- [et_pb_line_break_holder] --><\/div>\n<p><!-- [et_pb_line_break_holder] --><!-- [et_pb_line_break_holder] --><\/p>\n<div class=\"audience-box\"><!-- [et_pb_line_break_holder] --><\/p>\n<h3>\ud83d\udc65 Para quem?<\/h3>\n<p><!-- [et_pb_line_break_holder] --><\/p>\n<div class=\"audience-tags\"><!-- [et_pb_line_break_holder] --><span class=\"audience-tag\">\ud83e\udde9 Crian\u00e7as TEA<\/span><!-- [et_pb_line_break_holder] --><span class=\"audience-tag\">\ud83d\udc67 Crian\u00e7as 3-10 anos<\/span><!-- [et_pb_line_break_holder] --><span class=\"audience-tag\">\ud83d\udde3\ufe0f Fonoaudiologia<\/span><!-- [et_pb_line_break_holder] --><span class=\"audience-tag\">\ud83c\udfe0 Educa\u00e7\u00e3o domiciliar<\/span><!-- [et_pb_line_break_holder] --><\/div>\n<p><!-- [et_pb_line_break_holder] --><\/div>\n<p><!-- [et_pb_line_break_holder] --><!-- [et_pb_line_break_holder] --><\/p>\n<div class=\"card\"><!-- [et_pb_line_break_holder] --><\/p>\n<h2 class=\"section-title\">Benef\u00edcios<\/h2>\n<p><!-- [et_pb_line_break_holder] --><\/p>\n<div class=\"benefits-list\"><!-- [et_pb_line_break_holder] --><\/p>\n<div class=\"benefit\"><span class=\"benefit-icon\">\ud83d\udde3\ufe0f<\/span><span class=\"benefit-text\">Melhora a comunica\u00e7\u00e3o e a express\u00e3o das necessidades<\/span><\/div>\n<p><!-- [et_pb_line_break_holder] --><\/p>\n<div class=\"benefit\"><span class=\"benefit-icon\">\ud83e\udd1d<\/span><span class=\"benefit-text\">Refor\u00e7a as compet\u00eancias sociais e a educa\u00e7\u00e3o<\/span><\/div>\n<p><!-- [et_pb_line_break_holder] --><\/p>\n<div class=\"benefit\"><span class=\"benefit-icon\">\ud83d\ude0c<\/span><span class=\"benefit-text\">Ajuda a lidar com a frustra\u00e7\u00e3o diante de recusas<\/span><\/div>\n<p><!-- [et_pb_line_break_holder] --><\/p>\n<div class=\"benefit\"><span class=\"benefit-icon\">\ud83d\udcaa<\/span><span class=\"benefit-text\">Desenvolve a autonomia e a autoconfian\u00e7a<\/span><\/div>\n<p><!-- [et_pb_line_break_holder] --><\/div>\n<p><!-- [et_pb_line_break_holder] --><\/div>\n<p><!-- [et_pb_line_break_holder] --><!-- [et_pb_line_break_holder] --><\/p>\n<div class=\"cta-section\"><!-- [et_pb_line_break_holder] --><\/p>\n<h3>Pronto para experimentar?<\/h3>\n<p><!-- [et_pb_line_break_holder] --><pee>Ensine seu filho a formular bem seus pedidos<\/pee><!-- [et_pb_line_break_holder] --><a href=\"comment-demander.html\" class=\"cta-btn\">\ud83d\ude80 Acessar a ferramenta<\/a><!-- [et_pb_line_break_holder] --><\/div>\n<p><!-- [et_pb_line_break_holder] --><!-- [et_pb_line_break_holder] --><\/p>\n<footer><pee>Criado com \u2764\ufe0f por <a href=\"https:\/\/dynseo.com\">DYNSEO<\/a><\/pee><\/footer>\n<p><!-- [et_pb_line_break_holder] --><\/div>\n<p><!-- [et_pb_line_break_holder] --><\/body><!-- [et_pb_line_break_holder] --><\/html>[\/et_pb_code][\/et_pb_column][\/et_pb_row][\/et_pb_section]<\/p>\n<p>[et_pb_code]<script type=\"application\/ld+json\">{\"@context\":\"https:\/\/schema.org\",\"@type\":\"FAQPage\",\"mainEntity\":[{\"@type\":\"Question\",\"name\":\"O que \u00e9 a ferramenta Como Pedir da DYNSEO?\",\"acceptedAnswer\":{\"@type\":\"Answer\",\"text\":\"A ferramenta Como Pedir \u00e9 uma ferramenta de comunica\u00e7\u00e3o que ensina as crian\u00e7as a arte de formular pedidos de maneira educada, clara e eficaz. Ela guia a crian\u00e7a atrav\u00e9s de um m\u00e9todo simples em 4 etapas e ensina as \"palavras m\u00e1gicas\" enquanto ajuda a aceitar as respostas positivas e negativas.\"}},{\"@type\":\"Question\",\"name\":\"Quais s\u00e3o as 4 etapas do m\u00e9todo ensinado?\",\"acceptedAnswer\":{\"@type\":\"Answer\",\"text\":\"As 4 etapas do m\u00e9todo s\u00e3o: 1) Observar, 2) Usar as palavras m\u00e1gicas, 3) Ser claro, 4) Ouvir a resposta. Esta abordagem estruturada ajuda a crian\u00e7a a formular seus pedidos de maneira apropriada.\"}},{\"@type\":\"Question\",\"name\":\"Para quem \u00e9 a ferramenta Como Pedir?\",\"acceptedAnswer\":{\"@type\":\"Answer\",\"text\":\"A ferramenta \u00e9 destinada a crian\u00e7as de 3 a 10 anos, especialmente as crian\u00e7as TEA (Transtornos do Espectro Autista). Tamb\u00e9m \u00e9 \u00fatil em fonoaudiologia e para educa\u00e7\u00e3o domiciliar.\"}},{\"@type\":\"Question\",\"name\":\"Quais s\u00e3o as \"palavras m\u00e1gicas\" ensinadas na ferramenta?\",\"acceptedAnswer\":{\"@type\":\"Answer\",\"text\":\"As palavras m\u00e1gicas ensinadas s\u00e3o \"Por favor\", \"Obrigado\", \"Ser\u00e1 que\" e \"Eu gostaria\". Estas express\u00f5es de cortesia s\u00e3o apresentadas visualmente para facilitar o aprendizado da crian\u00e7a.\"}},{\"@type\":\"Question\",\"name\":\"Quais s\u00e3o os principais benef\u00edcios dessa ferramenta?\",\"acceptedAnswer\":{\"@type\":\"Answer\",\"text\":\"A ferramenta melhora a comunica\u00e7\u00e3o e a express\u00e3o das necessidades, refor\u00e7a as compet\u00eancias sociais e a educa\u00e7\u00e3o, ajuda a gerir a frustra\u00e7\u00e3o diante de recusas, e desenvolve a autonomia e a autoconfian\u00e7a na crian\u00e7a.\"}},{\"@type\":\"Question\",\"name\":\"Como a ferramenta ajuda a crian\u00e7a a lidar com recusa?\",\"acceptedAnswer\":{\"@type\":\"Answer\",\"text\":\"A ferramenta inclui uma se\u00e7\u00e3o dedicada para aprender a aceitar tanto as respostas positivas quanto as negativas. Ensina a crian\u00e7a a lidar com recusas com calma e a entender que qualquer pedido pode receber um \"sim\" ou um \"n\u00e3o\".\"}}]}<\/script>[\/et_pb_code]<\/p>\n","protected":false},"excerpt":{"rendered":"","protected":false},"author":4,"featured_media":130227,"parent":477876,"menu_order":0,"comment_status":"closed","ping_status":"closed","template":"","meta":{"_et_pb_use_builder":"on","_et_pb_old_content":"","_et_gb_content_width":"","footnotes":""},"class_list":["post-450640","page","type-page","status-publish","has-post-thumbnail","hentry"],"yoast_head":"<!-- This site is optimized with the Yoast SEO plugin v27.3 - https:\/\/yoast.com\/product\/yoast-seo-wordpress\/ -->\n<title>Como te inscreveres - DYNSEO - Aplica\u00e7\u00f5es educativas e jogos de mem\u00f3ria<\/title>\n<meta name=\"robots\" content=\"index, follow, max-snippet:-1, max-image-preview:large, max-video-preview:-1\" \/>\n<link rel=\"canonical\" href=\"https:\/\/www.dynseo.com\/pt-pt\/as-nossas-ferramentas\/como-te-inscreveres\/\" \/>\n<meta property=\"og:locale\" content=\"pt_PT\" \/>\n<meta property=\"og:type\" content=\"article\" \/>\n<meta property=\"og:title\" content=\"Como te inscreveres - DYNSEO - Aplica\u00e7\u00f5es educativas e jogos de mem\u00f3ria\" \/>\n<meta property=\"og:url\" content=\"https:\/\/www.dynseo.com\/pt-pt\/as-nossas-ferramentas\/como-te-inscreveres\/\" \/>\n<meta property=\"og:site_name\" content=\"DYNSEO - Aplica\u00e7\u00f5es educativas e jogos de mem\u00f3ria\" \/>\n<meta property=\"article:modified_time\" content=\"2026-03-14T00:17:43+00:00\" \/>\n<meta name=\"twitter:label1\" content=\"Tempo estimado de leitura\" \/>\n\t<meta name=\"twitter:data1\" content=\"2 minutos\" \/>\n<script type=\"application\/ld+json\" class=\"yoast-schema-graph\">{\"@context\":\"https:\\\/\\\/schema.org\",\"@graph\":[{\"@type\":\"WebPage\",\"@id\":\"https:\\\/\\\/www.dynseo.com\\\/pt-pt\\\/as-nossas-ferramentas\\\/como-te-inscreveres\\\/\",\"url\":\"https:\\\/\\\/www.dynseo.com\\\/pt-pt\\\/as-nossas-ferramentas\\\/como-te-inscreveres\\\/\",\"name\":\"Como te inscreveres - DYNSEO - Aplica\u00e7\u00f5es educativas e jogos de mem\u00f3ria\",\"isPartOf\":{\"@id\":\"https:\\\/\\\/www.dynseo.com\\\/pt-pt\\\/#website\"},\"primaryImageOfPage\":{\"@id\":\"https:\\\/\\\/www.dynseo.com\\\/pt-pt\\\/as-nossas-ferramentas\\\/como-te-inscreveres\\\/#primaryimage\"},\"image\":{\"@id\":\"https:\\\/\\\/www.dynseo.com\\\/pt-pt\\\/as-nossas-ferramentas\\\/como-te-inscreveres\\\/#primaryimage\"},\"thumbnailUrl\":\"https:\\\/\\\/www.dynseo.com\\\/wp-content\\\/uploads\\\/2024\\\/07\\\/Article-pour-jeux-de-memoire-et-services-educatifs-sur-tablette-1.png\",\"datePublished\":\"2025-12-20T21:20:56+00:00\",\"dateModified\":\"2026-03-14T00:17:43+00:00\",\"breadcrumb\":{\"@id\":\"https:\\\/\\\/www.dynseo.com\\\/pt-pt\\\/as-nossas-ferramentas\\\/como-te-inscreveres\\\/#breadcrumb\"},\"inLanguage\":\"pt-PT\",\"potentialAction\":[{\"@type\":\"ReadAction\",\"target\":[\"https:\\\/\\\/www.dynseo.com\\\/pt-pt\\\/as-nossas-ferramentas\\\/como-te-inscreveres\\\/\"]}]},{\"@type\":\"ImageObject\",\"inLanguage\":\"pt-PT\",\"@id\":\"https:\\\/\\\/www.dynseo.com\\\/pt-pt\\\/as-nossas-ferramentas\\\/como-te-inscreveres\\\/#primaryimage\",\"url\":\"https:\\\/\\\/www.dynseo.com\\\/wp-content\\\/uploads\\\/2024\\\/07\\\/Article-pour-jeux-de-memoire-et-services-educatifs-sur-tablette-1.png\",\"contentUrl\":\"https:\\\/\\\/www.dynseo.com\\\/wp-content\\\/uploads\\\/2024\\\/07\\\/Article-pour-jeux-de-memoire-et-services-educatifs-sur-tablette-1.png\",\"width\":2000,\"height\":1500,\"caption\":\"Mant\u00e9m a tua agilidade mental com as nossas actividades divertidas e gratificantes\"},{\"@type\":\"BreadcrumbList\",\"@id\":\"https:\\\/\\\/www.dynseo.com\\\/pt-pt\\\/as-nossas-ferramentas\\\/como-te-inscreveres\\\/#breadcrumb\",\"itemListElement\":[{\"@type\":\"ListItem\",\"position\":1,\"name\":\"Accueil\",\"item\":\"https:\\\/\\\/www.dynseo.com\\\/pt-pt\\\/\"},{\"@type\":\"ListItem\",\"position\":2,\"name\":\"As nossas ferramentas\",\"item\":\"https:\\\/\\\/www.dynseo.com\\\/pt-pt\\\/as-nossas-ferramentas\\\/\"},{\"@type\":\"ListItem\",\"position\":3,\"name\":\"Como te inscreveres\"}]},{\"@type\":\"WebSite\",\"@id\":\"https:\\\/\\\/www.dynseo.com\\\/pt-pt\\\/#website\",\"url\":\"https:\\\/\\\/www.dynseo.com\\\/pt-pt\\\/\",\"name\":\"Jeux de m\u00e9moire et stimulation cognitive\",\"description\":\"Entra\u00eenez votre m\u00e9moire et votre cerveau avec DYNSEO\",\"publisher\":{\"@id\":\"https:\\\/\\\/www.dynseo.com\\\/pt-pt\\\/#organization\"},\"potentialAction\":[{\"@type\":\"SearchAction\",\"target\":{\"@type\":\"EntryPoint\",\"urlTemplate\":\"https:\\\/\\\/www.dynseo.com\\\/pt-pt\\\/?s={search_term_string}\"},\"query-input\":{\"@type\":\"PropertyValueSpecification\",\"valueRequired\":true,\"valueName\":\"search_term_string\"}}],\"inLanguage\":\"pt-PT\"},{\"@type\":\"Organization\",\"@id\":\"https:\\\/\\\/www.dynseo.com\\\/pt-pt\\\/#organization\",\"name\":\"DYNSEO\",\"url\":\"https:\\\/\\\/www.dynseo.com\\\/pt-pt\\\/\",\"logo\":{\"@type\":\"ImageObject\",\"inLanguage\":\"pt-PT\",\"@id\":\"https:\\\/\\\/www.dynseo.com\\\/pt-pt\\\/#\\\/schema\\\/logo\\\/image\\\/\",\"url\":\"https:\\\/\\\/www.dynseo.com\\\/wp-content\\\/uploads\\\/2022\\\/05\\\/logo-dynseo-new.png\",\"contentUrl\":\"https:\\\/\\\/www.dynseo.com\\\/wp-content\\\/uploads\\\/2022\\\/05\\\/logo-dynseo-new.png\",\"width\":5073,\"height\":1397,\"caption\":\"DYNSEO\"},\"image\":{\"@id\":\"https:\\\/\\\/www.dynseo.com\\\/pt-pt\\\/#\\\/schema\\\/logo\\\/image\\\/\"}}]}<\/script>\n<!-- \/ Yoast SEO plugin. -->","yoast_head_json":{"title":"Como te inscreveres - DYNSEO - Aplica\u00e7\u00f5es educativas e jogos de mem\u00f3ria","robots":{"index":"index","follow":"follow","max-snippet":"max-snippet:-1","max-image-preview":"max-image-preview:large","max-video-preview":"max-video-preview:-1"},"canonical":"https:\/\/www.dynseo.com\/pt-pt\/as-nossas-ferramentas\/como-te-inscreveres\/","og_locale":"pt_PT","og_type":"article","og_title":"Como te inscreveres - DYNSEO - Aplica\u00e7\u00f5es educativas e jogos de mem\u00f3ria","og_url":"https:\/\/www.dynseo.com\/pt-pt\/as-nossas-ferramentas\/como-te-inscreveres\/","og_site_name":"DYNSEO - Aplica\u00e7\u00f5es educativas e jogos de mem\u00f3ria","article_modified_time":"2026-03-14T00:17:43+00:00","twitter_misc":{"Tempo estimado de leitura":"2 minutos"},"schema":{"@context":"https:\/\/schema.org","@graph":[{"@type":"WebPage","@id":"https:\/\/www.dynseo.com\/pt-pt\/as-nossas-ferramentas\/como-te-inscreveres\/","url":"https:\/\/www.dynseo.com\/pt-pt\/as-nossas-ferramentas\/como-te-inscreveres\/","name":"Como te inscreveres - DYNSEO - Aplica\u00e7\u00f5es educativas e jogos de mem\u00f3ria","isPartOf":{"@id":"https:\/\/www.dynseo.com\/pt-pt\/#website"},"primaryImageOfPage":{"@id":"https:\/\/www.dynseo.com\/pt-pt\/as-nossas-ferramentas\/como-te-inscreveres\/#primaryimage"},"image":{"@id":"https:\/\/www.dynseo.com\/pt-pt\/as-nossas-ferramentas\/como-te-inscreveres\/#primaryimage"},"thumbnailUrl":"https:\/\/www.dynseo.com\/wp-content\/uploads\/2024\/07\/Article-pour-jeux-de-memoire-et-services-educatifs-sur-tablette-1.png","datePublished":"2025-12-20T21:20:56+00:00","dateModified":"2026-03-14T00:17:43+00:00","breadcrumb":{"@id":"https:\/\/www.dynseo.com\/pt-pt\/as-nossas-ferramentas\/como-te-inscreveres\/#breadcrumb"},"inLanguage":"pt-PT","potentialAction":[{"@type":"ReadAction","target":["https:\/\/www.dynseo.com\/pt-pt\/as-nossas-ferramentas\/como-te-inscreveres\/"]}]},{"@type":"ImageObject","inLanguage":"pt-PT","@id":"https:\/\/www.dynseo.com\/pt-pt\/as-nossas-ferramentas\/como-te-inscreveres\/#primaryimage","url":"https:\/\/www.dynseo.com\/wp-content\/uploads\/2024\/07\/Article-pour-jeux-de-memoire-et-services-educatifs-sur-tablette-1.png","contentUrl":"https:\/\/www.dynseo.com\/wp-content\/uploads\/2024\/07\/Article-pour-jeux-de-memoire-et-services-educatifs-sur-tablette-1.png","width":2000,"height":1500,"caption":"Mant\u00e9m a tua agilidade mental com as nossas actividades divertidas e gratificantes"},{"@type":"BreadcrumbList","@id":"https:\/\/www.dynseo.com\/pt-pt\/as-nossas-ferramentas\/como-te-inscreveres\/#breadcrumb","itemListElement":[{"@type":"ListItem","position":1,"name":"Accueil","item":"https:\/\/www.dynseo.com\/pt-pt\/"},{"@type":"ListItem","position":2,"name":"As nossas ferramentas","item":"https:\/\/www.dynseo.com\/pt-pt\/as-nossas-ferramentas\/"},{"@type":"ListItem","position":3,"name":"Como te inscreveres"}]},{"@type":"WebSite","@id":"https:\/\/www.dynseo.com\/pt-pt\/#website","url":"https:\/\/www.dynseo.com\/pt-pt\/","name":"Jeux de m\u00e9moire et stimulation cognitive","description":"Entra\u00eenez votre m\u00e9moire et votre cerveau avec DYNSEO","publisher":{"@id":"https:\/\/www.dynseo.com\/pt-pt\/#organization"},"potentialAction":[{"@type":"SearchAction","target":{"@type":"EntryPoint","urlTemplate":"https:\/\/www.dynseo.com\/pt-pt\/?s={search_term_string}"},"query-input":{"@type":"PropertyValueSpecification","valueRequired":true,"valueName":"search_term_string"}}],"inLanguage":"pt-PT"},{"@type":"Organization","@id":"https:\/\/www.dynseo.com\/pt-pt\/#organization","name":"DYNSEO","url":"https:\/\/www.dynseo.com\/pt-pt\/","logo":{"@type":"ImageObject","inLanguage":"pt-PT","@id":"https:\/\/www.dynseo.com\/pt-pt\/#\/schema\/logo\/image\/","url":"https:\/\/www.dynseo.com\/wp-content\/uploads\/2022\/05\/logo-dynseo-new.png","contentUrl":"https:\/\/www.dynseo.com\/wp-content\/uploads\/2022\/05\/logo-dynseo-new.png","width":5073,"height":1397,"caption":"DYNSEO"},"image":{"@id":"https:\/\/www.dynseo.com\/pt-pt\/#\/schema\/logo\/image\/"}}]}},"_links":{"self":[{"href":"https:\/\/www.dynseo.com\/pt-pt\/wp-json\/wp\/v2\/pages\/450640","targetHints":{"allow":["GET"]}}],"collection":[{"href":"https:\/\/www.dynseo.com\/pt-pt\/wp-json\/wp\/v2\/pages"}],"about":[{"href":"https:\/\/www.dynseo.com\/pt-pt\/wp-json\/wp\/v2\/types\/page"}],"author":[{"embeddable":true,"href":"https:\/\/www.dynseo.com\/pt-pt\/wp-json\/wp\/v2\/users\/4"}],"replies":[{"embeddable":true,"href":"https:\/\/www.dynseo.com\/pt-pt\/wp-json\/wp\/v2\/comments?post=450640"}],"version-history":[{"count":2,"href":"https:\/\/www.dynseo.com\/pt-pt\/wp-json\/wp\/v2\/pages\/450640\/revisions"}],"predecessor-version":[{"id":485431,"href":"https:\/\/www.dynseo.com\/pt-pt\/wp-json\/wp\/v2\/pages\/450640\/revisions\/485431"}],"up":[{"embeddable":true,"href":"https:\/\/www.dynseo.com\/pt-pt\/wp-json\/wp\/v2\/pages\/477876"}],"wp:featuredmedia":[{"embeddable":true,"href":"https:\/\/www.dynseo.com\/pt-pt\/wp-json\/wp\/v2\/media\/130227"}],"wp:attachment":[{"href":"https:\/\/www.dynseo.com\/pt-pt\/wp-json\/wp\/v2\/media?parent=450640"}],"curies":[{"name":"wp","href":"https:\/\/api.w.org\/{rel}","templated":true}]}}