{"id":486471,"date":"2026-01-16T22:31:31","date_gmt":"2026-01-16T21:31:31","guid":{"rendered":"https:\/\/www.dynseo.com\/vinculo-social\/"},"modified":"2026-01-16T22:31:31","modified_gmt":"2026-01-16T21:31:31","slug":"vinculo-social","status":"publish","type":"page","link":"https:\/\/www.dynseo.com\/pt-pt\/vinculo-social\/","title":{"rendered":"V\u00ednculo social"},"content":{"rendered":"<h2 style=\"text-align: left;\"><span style=\"color: #008080;\">Encontre aqui todos os nossos produtos e servi\u00e7os que promovem a manuten\u00e7\u00e3o do v\u00ednculo social e o bem-estar. <\/span><\/h2>\n<p>&nbsp;<\/p>\n<h3><\/h3>\n<h3 style=\"text-align: center;\"><span style=\"color: #008080;\"><a href=\"https:\/\/www.dynseo.com\/pt-pt\/familia-dynseo\/\" title=\"DYNSEO Family\">DYNSEO FAMILY<\/a>, a mensagem simplificada<\/span><\/h3>\n<p>&nbsp;<\/p>\n<p><a href=\"https:\/\/www.<a href=\"https:\/\/www.dynseo.com\/occupez-vos-residents-en-partenariat-avec-dynseo-covid-19\/\" title=\"Occupez vos r\u00e9sidents en partenariat avec Dynseo | COVID-19\">dynseo<\/a>.com\/nos-produits\/dynseo-family\/&#8221;><img loading=\"lazy\" decoding=\"async\" class=\"wp-image-6085 aligncenter\" src=\"https:\/\/www.dynseo.com\/wp-content\/uploads\/2017\/04\/app-messagerie-simple-1.png\" alt=\"\" width=\"555\" height=\"194\" srcset=\"https:\/\/www.dynseo.com\/wp-content\/uploads\/2017\/04\/app-messagerie-simple-1.png 555w, https:\/\/www.dynseo.com\/wp-content\/uploads\/2017\/04\/app-messagerie-simple-1-480x168.png 480w\" sizes=\"(min-width: 0px) and (max-width: 480px) 480px, (min-width: 481px) 555px, 100vw\" \/><\/a><\/p>\n<p>&nbsp;<\/p>\n<p>&nbsp;<\/p>\n<p>&nbsp;<\/p>\n<p>&nbsp;<\/p>\n<p>&nbsp;<\/p>\n<p>&nbsp;<\/p>\n<p>&nbsp;<\/p>\n<h3 style=\"text-align: center;\"><span style=\"color: #008080;\">ALLO C&#8217;EST QUI, a cola de bolso para seus contatos!<\/span><\/h3>\n<p>&nbsp;<\/p>\n<p style=\"text-align: center;\">\n<p>&nbsp;<\/p>\n<p>&nbsp;<\/p>\n<p>&nbsp;<\/p>\n<p>&nbsp;<\/p>\n<p>&nbsp;<\/p>\n<p>&nbsp;<\/p>\n<h3 style=\"text-align: center;\"><span style=\"color: #008080;\">MOODME, acompanhe o humor de seus entes queridos \u00e0 dist\u00e2ncia!<\/span><\/h3>\n<p>&nbsp;<\/p>\n<h3 style=\"text-align: left;\"><img loading=\"lazy\" decoding=\"async\" class=\"wp-image-6091 aligncenter\" src=\"https:\/\/www.dynseo.com\/wp-content\/uploads\/2017\/04\/app-bien-etre-moodme-3.png\" alt=\"\" width=\"554\" height=\"194\" srcset=\"https:\/\/www.dynseo.com\/wp-content\/uploads\/2017\/04\/app-bien-etre-moodme-3.png 554w, https:\/\/www.dynseo.com\/wp-content\/uploads\/2017\/04\/app-bien-etre-moodme-3-480x168.png 480w\" sizes=\"(min-width: 0px) and (max-width: 480px) 480px, (min-width: 481px) 554px, 100vw\" \/><\/h3>\n<p>&nbsp;<\/p>\n<h3><\/h3>\n<h3><\/h3>\n<h3><\/h3>\n<h3><\/h3>\n<p>&nbsp;<\/p>\n<p>&nbsp;<\/p>\n<p>&nbsp;<\/p>\n<h3 style=\"text-align: center;\"><span style=\"color: #008080;\">E-AIDANTS, a rede social geolocalizada dos cuidadores<\/span><\/h3>\n<p>&nbsp;<\/p>\n<p>[et_pb_code]<script type=\"application\/ld+json\">{\"@context\":\"https:\/\/schema.org\",\"@type\":\"FAQPage\",\"mainEntity\":[{\"@type\":\"Question\",\"name\":\"<a href=\"https:\/\/www.dynseo.com\/pt-pt\/quais-ferramentas-educacionais-para-acompanhar-criancas-com-sindrome-de-down-em-seus-aprendizados\/\" title=\"Quels outils \u00e9ducatifs pour accompagner les enfants trisomiques dans leurs apprentissages\">Quais<\/a> s\u00e3o os produtos e servi\u00e7os oferecidos para manter o v\u00ednculo social?\",\"acceptedAnswer\":{\"@type\":\"Answer\",\"text\":\"Oferecemos v\u00e1rias solu\u00e7\u00f5es para promover a manuten\u00e7\u00e3o do v\u00ednculo social e o bem-estar: DYNSEO FAMILY (mensagem simplificada), ALLO C'EST QUI (cola de bolso para seus contatos), MOODME (acompanhamento do humor de seus entes queridos \u00e0 dist\u00e2ncia) e E-AIDANTS (rede social geolocalizada dos cuidadores).\"}},{\"@type\":\"Question\",\"name\":\"O que \u00e9 DYNSEO FAMILY?\",\"acceptedAnswer\":{\"@type\":\"Answer\",\"text\":\"DYNSEO FAMILY \u00e9 uma mensagem simplificada concebida para facilitar a comunica\u00e7\u00e3o e manter o v\u00ednculo social, particularmente adaptada a pessoas que desejam uma interface de mensagens mais acess\u00edvel.\"}},{\"@type\":\"Question\",\"name\":\"Para que serve o aplicativo ALLO C'EST QUI?\",\"acceptedAnswer\":{\"@type\":\"Answer\",\"text\":\"ALLO C'EST QUI \u00e9 uma cola de bolso para seus contatos que ajuda a identificar e gerenciar seus contatos telef\u00f4nicos de maneira simples e eficaz.\"}},{\"@type\":\"Question\",\"name\":\"Como funciona o MOODME?\",\"acceptedAnswer\":{\"@type\":\"Answer\",\"text\":\"MOODME \u00e9 uma solu\u00e7\u00e3o que permite acompanhar o humor de seus entes queridos \u00e0 dist\u00e2ncia, oferecendo uma maneira de se manter conectado ao bem-estar emocional de seu entorno mesmo quando voc\u00ea n\u00e3o est\u00e1 fisicamente presente.\"}},{\"@type\":\"Question\",\"name\":\"O que \u00e9 E-AIDANTS?\",\"acceptedAnswer\":{\"@type\":\"Answer\",\"text\":\"E-AIDANTS \u00e9 uma rede social geolocalizada especialmente projetada para cuidadores, permitindo que se conectem com outros cuidadores em sua regi\u00e3o e compartilhem recursos e apoio.\"}},{\"@type\":\"Question\",\"name\":\"Essas solu\u00e7\u00f5es s\u00e3o direcionadas a um p\u00fablico espec\u00edfico?\",\"acceptedAnswer\":{\"@type\":\"Answer\",\"text\":\"Esses produtos e servi\u00e7os s\u00e3o particularmente adaptados a idosos, a <a href=\"https:\/\/www.dynseo.com\/pt-pt\/apoio-aos-cuidadores-familiares-prevenir-o-esgotamento-atraves-do-treinamento-cognitivo\/\" title=\"Accompagner les aidants familiaux : pr\u00e9venir l&#39;&#039;\u00e9puisement par l&#39;&#039;entra\u00eenement cognitif\">cuidadores familiares<\/a> e qualquer <a href=\"https:\/\/www.dynseo.com\/pt-pt\/trabalhar-com-uma-pessoa-com-sindrome-de-down-dicas-para-uma-orientacao-eficaz\/\" title=\"Travailler avec une personne trisomique : astuces pour un encadrement efficace\">pessoa<\/a> que desejam manter e fortalecer seus la\u00e7os sociais atrav\u00e9s de <a href=\"https:\/\/www.dynseo.com\/pt-pt\/ferramentas-tecnologicas-para-a-reabilitacao-da-memoria-na-terapia-da-fala\/\" title=\"Les outils technologiques pour la r\u00e9\u00e9ducation de la m\u00e9moire en orthophonie\">ferramentas tecnol\u00f3gicas<\/a> simples e acess\u00edveis.\"}}]}<\/script>[\/et_pb_code]<\/p>\n","protected":false},"excerpt":{"rendered":"<p>Encontre aqui todos os nossos produtos e servi\u00e7os que promovem a manuten\u00e7\u00e3o do v\u00ednculo social e o bem-estar. &nbsp; DYNSEO FAMILY, a mensagem simplificada &nbsp; &nbsp; &nbsp; &nbsp; &nbsp; &nbsp; &nbsp; &nbsp; ALLO C&#8217;EST QUI, a cola de bolso para seus contatos! &nbsp; &nbsp; &nbsp; &nbsp; &nbsp; &nbsp; &nbsp; MOODME, acompanhe o humor de seus [&hellip;]<\/p>\n","protected":false},"author":4,"featured_media":6026,"parent":0,"menu_order":0,"comment_status":"closed","ping_status":"closed","template":"","meta":{"_et_pb_use_builder":"on","_et_pb_old_content":"","_et_gb_content_width":"","footnotes":""},"class_list":["post-486471","page","type-page","status-publish","has-post-thumbnail","hentry"],"yoast_head":"<!-- This site is optimized with the Yoast SEO plugin v27.4 - https:\/\/yoast.com\/product\/yoast-seo-wordpress\/ -->\n<title>V\u00ednculo social - DYNSEO - Aplica\u00e7\u00f5es educativas e jogos de mem\u00f3ria<\/title>\n<meta name=\"robots\" content=\"index, follow, max-snippet:-1, max-image-preview:large, max-video-preview:-1\" \/>\n<link rel=\"canonical\" href=\"https:\/\/www.dynseo.com\/pt-pt\/vinculo-social\/\" \/>\n<meta property=\"og:locale\" content=\"pt_PT\" \/>\n<meta property=\"og:type\" content=\"article\" \/>\n<meta property=\"og:title\" content=\"V\u00ednculo social - DYNSEO - Aplica\u00e7\u00f5es educativas e jogos de mem\u00f3ria\" \/>\n<meta property=\"og:description\" content=\"Encontre aqui todos os nossos produtos e servi\u00e7os que promovem a manuten\u00e7\u00e3o do v\u00ednculo social e o bem-estar. &nbsp; DYNSEO FAMILY, a mensagem simplificada &nbsp; &nbsp; &nbsp; &nbsp; &nbsp; &nbsp; &nbsp; &nbsp; ALLO C&#039;EST QUI, a cola de bolso para seus contatos! &nbsp; &nbsp; &nbsp; &nbsp; &nbsp; &nbsp; &nbsp; MOODME, acompanhe o humor de seus [&hellip;]\" \/>\n<meta property=\"og:url\" content=\"https:\/\/www.dynseo.com\/pt-pt\/vinculo-social\/\" \/>\n<meta property=\"og:site_name\" content=\"DYNSEO - Aplica\u00e7\u00f5es educativas e jogos de mem\u00f3ria\" \/>\n<meta property=\"og:image\" content=\"https:\/\/www.dynseo.com\/wp-content\/uploads\/2024\/07\/Article-pour-jeux-de-memoire-et-services-educatifs-sur-tablette-1.png\" \/>\n\t<meta property=\"og:image:width\" content=\"2000\" \/>\n\t<meta property=\"og:image:height\" content=\"1500\" \/>\n\t<meta property=\"og:image:type\" content=\"image\/png\" \/>\n<script type=\"application\/ld+json\" class=\"yoast-schema-graph\">{\"@context\":\"https:\\\/\\\/schema.org\",\"@graph\":[{\"@type\":\"WebPage\",\"@id\":\"https:\\\/\\\/www.dynseo.com\\\/pt-pt\\\/vinculo-social\\\/\",\"url\":\"https:\\\/\\\/www.dynseo.com\\\/pt-pt\\\/vinculo-social\\\/\",\"name\":\"V\u00ednculo social - DYNSEO - Aplica\u00e7\u00f5es educativas e jogos de mem\u00f3ria\",\"isPartOf\":{\"@id\":\"https:\\\/\\\/www.dynseo.com\\\/pt-pt\\\/#website\"},\"primaryImageOfPage\":{\"@id\":\"https:\\\/\\\/www.dynseo.com\\\/pt-pt\\\/vinculo-social\\\/#primaryimage\"},\"image\":{\"@id\":\"https:\\\/\\\/www.dynseo.com\\\/pt-pt\\\/vinculo-social\\\/#primaryimage\"},\"thumbnailUrl\":\"https:\\\/\\\/www.dynseo.com\\\/wp-content\\\/uploads\\\/2013\\\/06\\\/lien-social_entrainement_memoire.png\",\"datePublished\":\"2026-01-16T21:31:31+00:00\",\"breadcrumb\":{\"@id\":\"https:\\\/\\\/www.dynseo.com\\\/pt-pt\\\/vinculo-social\\\/#breadcrumb\"},\"inLanguage\":\"pt-PT\",\"potentialAction\":[{\"@type\":\"ReadAction\",\"target\":[\"https:\\\/\\\/www.dynseo.com\\\/pt-pt\\\/vinculo-social\\\/\"]}]},{\"@type\":\"ImageObject\",\"inLanguage\":\"pt-PT\",\"@id\":\"https:\\\/\\\/www.dynseo.com\\\/pt-pt\\\/vinculo-social\\\/#primaryimage\",\"url\":\"https:\\\/\\\/www.dynseo.com\\\/wp-content\\\/uploads\\\/2013\\\/06\\\/lien-social_entrainement_memoire.png\",\"contentUrl\":\"https:\\\/\\\/www.dynseo.com\\\/wp-content\\\/uploads\\\/2013\\\/06\\\/lien-social_entrainement_memoire.png\",\"width\":2860,\"height\":2000,\"caption\":\"Tecnologia acess\u00edvel para o desenvolvimento infantil\"},{\"@type\":\"BreadcrumbList\",\"@id\":\"https:\\\/\\\/www.dynseo.com\\\/pt-pt\\\/vinculo-social\\\/#breadcrumb\",\"itemListElement\":[{\"@type\":\"ListItem\",\"position\":1,\"name\":\"Accueil\",\"item\":\"https:\\\/\\\/www.dynseo.com\\\/pt-pt\\\/\"},{\"@type\":\"ListItem\",\"position\":2,\"name\":\"V\u00ednculo social\"}]},{\"@type\":\"WebSite\",\"@id\":\"https:\\\/\\\/www.dynseo.com\\\/pt-pt\\\/#website\",\"url\":\"https:\\\/\\\/www.dynseo.com\\\/pt-pt\\\/\",\"name\":\"Jeux de m\u00e9moire et stimulation cognitive\",\"description\":\"Entra\u00eenez votre m\u00e9moire et votre cerveau avec DYNSEO\",\"publisher\":{\"@id\":\"https:\\\/\\\/www.dynseo.com\\\/pt-pt\\\/#organization\"},\"potentialAction\":[{\"@type\":\"SearchAction\",\"target\":{\"@type\":\"EntryPoint\",\"urlTemplate\":\"https:\\\/\\\/www.dynseo.com\\\/pt-pt\\\/?s={search_term_string}\"},\"query-input\":{\"@type\":\"PropertyValueSpecification\",\"valueRequired\":true,\"valueName\":\"search_term_string\"}}],\"inLanguage\":\"pt-PT\"},{\"@type\":\"Organization\",\"@id\":\"https:\\\/\\\/www.dynseo.com\\\/pt-pt\\\/#organization\",\"name\":\"DYNSEO\",\"url\":\"https:\\\/\\\/www.dynseo.com\\\/pt-pt\\\/\",\"logo\":{\"@type\":\"ImageObject\",\"inLanguage\":\"pt-PT\",\"@id\":\"https:\\\/\\\/www.dynseo.com\\\/pt-pt\\\/#\\\/schema\\\/logo\\\/image\\\/\",\"url\":\"https:\\\/\\\/www.dynseo.com\\\/wp-content\\\/uploads\\\/2022\\\/05\\\/logo-dynseo-new.png\",\"contentUrl\":\"https:\\\/\\\/www.dynseo.com\\\/wp-content\\\/uploads\\\/2022\\\/05\\\/logo-dynseo-new.png\",\"width\":5073,\"height\":1397,\"caption\":\"DYNSEO\"},\"image\":{\"@id\":\"https:\\\/\\\/www.dynseo.com\\\/pt-pt\\\/#\\\/schema\\\/logo\\\/image\\\/\"}}]}<\/script>\n<!-- \/ Yoast SEO plugin. -->","yoast_head_json":{"title":"V\u00ednculo social - DYNSEO - Aplica\u00e7\u00f5es educativas e jogos de mem\u00f3ria","robots":{"index":"index","follow":"follow","max-snippet":"max-snippet:-1","max-image-preview":"max-image-preview:large","max-video-preview":"max-video-preview:-1"},"canonical":"https:\/\/www.dynseo.com\/pt-pt\/vinculo-social\/","og_locale":"pt_PT","og_type":"article","og_title":"V\u00ednculo social - DYNSEO - Aplica\u00e7\u00f5es educativas e jogos de mem\u00f3ria","og_description":"Encontre aqui todos os nossos produtos e servi\u00e7os que promovem a manuten\u00e7\u00e3o do v\u00ednculo social e o bem-estar. &nbsp; DYNSEO FAMILY, a mensagem simplificada &nbsp; &nbsp; &nbsp; &nbsp; &nbsp; &nbsp; &nbsp; &nbsp; ALLO C'EST QUI, a cola de bolso para seus contatos! &nbsp; &nbsp; &nbsp; &nbsp; &nbsp; &nbsp; &nbsp; MOODME, acompanhe o humor de seus [&hellip;]","og_url":"https:\/\/www.dynseo.com\/pt-pt\/vinculo-social\/","og_site_name":"DYNSEO - Aplica\u00e7\u00f5es educativas e jogos de mem\u00f3ria","og_image":[{"width":2000,"height":1500,"url":"https:\/\/www.dynseo.com\/wp-content\/uploads\/2024\/07\/Article-pour-jeux-de-memoire-et-services-educatifs-sur-tablette-1.png","type":"image\/png"}],"schema":{"@context":"https:\/\/schema.org","@graph":[{"@type":"WebPage","@id":"https:\/\/www.dynseo.com\/pt-pt\/vinculo-social\/","url":"https:\/\/www.dynseo.com\/pt-pt\/vinculo-social\/","name":"V\u00ednculo social - DYNSEO - Aplica\u00e7\u00f5es educativas e jogos de mem\u00f3ria","isPartOf":{"@id":"https:\/\/www.dynseo.com\/pt-pt\/#website"},"primaryImageOfPage":{"@id":"https:\/\/www.dynseo.com\/pt-pt\/vinculo-social\/#primaryimage"},"image":{"@id":"https:\/\/www.dynseo.com\/pt-pt\/vinculo-social\/#primaryimage"},"thumbnailUrl":"https:\/\/www.dynseo.com\/wp-content\/uploads\/2013\/06\/lien-social_entrainement_memoire.png","datePublished":"2026-01-16T21:31:31+00:00","breadcrumb":{"@id":"https:\/\/www.dynseo.com\/pt-pt\/vinculo-social\/#breadcrumb"},"inLanguage":"pt-PT","potentialAction":[{"@type":"ReadAction","target":["https:\/\/www.dynseo.com\/pt-pt\/vinculo-social\/"]}]},{"@type":"ImageObject","inLanguage":"pt-PT","@id":"https:\/\/www.dynseo.com\/pt-pt\/vinculo-social\/#primaryimage","url":"https:\/\/www.dynseo.com\/wp-content\/uploads\/2013\/06\/lien-social_entrainement_memoire.png","contentUrl":"https:\/\/www.dynseo.com\/wp-content\/uploads\/2013\/06\/lien-social_entrainement_memoire.png","width":2860,"height":2000,"caption":"Tecnologia acess\u00edvel para o desenvolvimento infantil"},{"@type":"BreadcrumbList","@id":"https:\/\/www.dynseo.com\/pt-pt\/vinculo-social\/#breadcrumb","itemListElement":[{"@type":"ListItem","position":1,"name":"Accueil","item":"https:\/\/www.dynseo.com\/pt-pt\/"},{"@type":"ListItem","position":2,"name":"V\u00ednculo social"}]},{"@type":"WebSite","@id":"https:\/\/www.dynseo.com\/pt-pt\/#website","url":"https:\/\/www.dynseo.com\/pt-pt\/","name":"Jeux de m\u00e9moire et stimulation cognitive","description":"Entra\u00eenez votre m\u00e9moire et votre cerveau avec DYNSEO","publisher":{"@id":"https:\/\/www.dynseo.com\/pt-pt\/#organization"},"potentialAction":[{"@type":"SearchAction","target":{"@type":"EntryPoint","urlTemplate":"https:\/\/www.dynseo.com\/pt-pt\/?s={search_term_string}"},"query-input":{"@type":"PropertyValueSpecification","valueRequired":true,"valueName":"search_term_string"}}],"inLanguage":"pt-PT"},{"@type":"Organization","@id":"https:\/\/www.dynseo.com\/pt-pt\/#organization","name":"DYNSEO","url":"https:\/\/www.dynseo.com\/pt-pt\/","logo":{"@type":"ImageObject","inLanguage":"pt-PT","@id":"https:\/\/www.dynseo.com\/pt-pt\/#\/schema\/logo\/image\/","url":"https:\/\/www.dynseo.com\/wp-content\/uploads\/2022\/05\/logo-dynseo-new.png","contentUrl":"https:\/\/www.dynseo.com\/wp-content\/uploads\/2022\/05\/logo-dynseo-new.png","width":5073,"height":1397,"caption":"DYNSEO"},"image":{"@id":"https:\/\/www.dynseo.com\/pt-pt\/#\/schema\/logo\/image\/"}}]}},"_links":{"self":[{"href":"https:\/\/www.dynseo.com\/pt-pt\/wp-json\/wp\/v2\/pages\/486471","targetHints":{"allow":["GET"]}}],"collection":[{"href":"https:\/\/www.dynseo.com\/pt-pt\/wp-json\/wp\/v2\/pages"}],"about":[{"href":"https:\/\/www.dynseo.com\/pt-pt\/wp-json\/wp\/v2\/types\/page"}],"author":[{"embeddable":true,"href":"https:\/\/www.dynseo.com\/pt-pt\/wp-json\/wp\/v2\/users\/4"}],"replies":[{"embeddable":true,"href":"https:\/\/www.dynseo.com\/pt-pt\/wp-json\/wp\/v2\/comments?post=486471"}],"version-history":[{"count":0,"href":"https:\/\/www.dynseo.com\/pt-pt\/wp-json\/wp\/v2\/pages\/486471\/revisions"}],"wp:featuredmedia":[{"embeddable":true,"href":"https:\/\/www.dynseo.com\/pt-pt\/wp-json\/wp\/v2\/media\/6026"}],"wp:attachment":[{"href":"https:\/\/www.dynseo.com\/pt-pt\/wp-json\/wp\/v2\/media?parent=486471"}],"curies":[{"name":"wp","href":"https:\/\/api.w.org\/{rel}","templated":true}]}}