{"id":487408,"date":"2026-01-20T20:08:10","date_gmt":"2026-01-20T19:08:10","guid":{"rendered":"https:\/\/www.dynseo.com\/a-grade-aggir\/"},"modified":"2026-01-20T20:08:10","modified_gmt":"2026-01-20T19:08:10","slug":"a-grade-aggir","status":"publish","type":"page","link":"https:\/\/www.dynseo.com\/pt-pt\/a-grade-aggir\/","title":{"rendered":"A grade AGGIR"},"content":{"rendered":"<h2><span style=\"color: #000000;\">A grade AGGIR em <a href=\"https:\/\/www.dynseo.com\/pt-pt\/inovacoes-sobre-a-pastilha-para-ssiad-e-saad-2\/\" title=\"Inova\u00e7\u00f5es em tablet para os SSIAD e SAAD\">tablet<\/a> e smartphones<\/span><\/h2>\n<p>A <strong><a href=\"https:\/\/play.google.com\/store\/apps\/details?id=com.dynseo.fr.testgrilleaggir\" target=\"_blank\" rel=\"noopener\">grade AGGIR<\/a><\/strong> \u00e9 uma escala de avalia\u00e7\u00e3o que permite avaliar o n\u00edvel de autonomia ou depend\u00eancia das pessoas idosas na realiza\u00e7\u00e3o das tarefas e atos da vida <a href=\"https:\/\/www.dynseo.com\/limpact-de-la-dmla-sur-la-vie-quotidienne-comprendre-gerer-et-vivre-avec\/\" title=\"O Impacto da DMLA na vida cotidiana: compreender, gerenciar e viver com\">cotidiana<\/a>. Comumente, isso \u00e9 chamado de c\u00e1lculo do GIR.<\/p>\n<p>O modelo AGGIR (Autonomia Gerontol\u00f3gica e Grupos Iso-Ressources) permite determinar rapidamente o n\u00edvel de <strong>depend\u00eancia<\/strong> e <strong>autonomia<\/strong> de uma <a href=\"https:\/\/www.dynseo.com\/pt-pt\/trabalhar-com-uma-pessoa-com-sindrome-de-down-dicas-para-uma-orientacao-eficaz\/\" title=\"Trabalhar com uma pessoa com s\u00edndrome de Down: dicas para uma supervis\u00e3o eficaz\">pessoa<\/a> idosa.<\/p>\n<p>Isso permite determinar:<\/p>\n<p>&#8211; As indeniza\u00e7\u00f5es concedidas pelo Estado, bem como<\/p>\n<p>&#8211; As categorias GIR, que determinam o n\u00edvel de acompanhamento necess\u00e1rio para uma <a href=\"https:\/\/www.dynseo.com\/pt-pt\/ligacao-com-alguem-com-a-doenca-de-alzheimer\/\" title=\"Criar la\u00e7os com uma pessoa com Alzheimer\">pessoa<\/a> idosa tanto em <a href=\"https:\/\/www.dynseo.com\/pt-pt\/casa-de-repouso-ou-cuidados-domiciliarios-quais-as-solucoes-a-escolher\/\" title=\"EHPAD ou manuten\u00e7\u00e3o em casa: quais solu\u00e7\u00f5es escolher?\">EHPAD<\/a> quanto em <a href=\"https:\/\/www.dynseo.com\/conseils-pour-les-soignants-soutenir-la-reeducation-cognitive-a-domicile-2\/\" title=\"Dicas para cuidadores: apoiar a reabilita\u00e7\u00e3o cognitiva em casa\">casa<\/a>.<\/p>\n<p><img class=\"wp-image-4742 aligncenter\" %%SRC_13%% alt=\"tablette1\" width=\"601\" height=\"533\" \/><\/p>\n<p>Essa grade se apresenta na forma de um question\u00e1rio, permitindo avaliar e classificar os indiv\u00edduos em 3 grandes categorias:<\/p>\n<ul>\n<li>Aus\u00eancia de perda de autonomia<\/li>\n<li>Perda de autonomia parcial<\/li>\n<li>Forte perda de autonomia<\/li>\n<\/ul>\n<p>e obter uma pontua\u00e7\u00e3o GIR, que vai de GIR 1 (depend\u00eancia total) a GIR 6 (autonomia total).<\/p>\n<p><img class=\"wp-image-4745 aligncenter\" %%SRC_14%% alt=\"tablette5\" width=\"601\" height=\"533\" \/><\/p>\n<p>Cada resposta que voc\u00ea insere \u00e9 brevemente exibida na tela para ajud\u00e1-lo a melhor <a href=\"https:\/\/www.dynseo.com\/pt-pt\/como-o-cerebro-muda-com-alzheimer-explicacao-simples-e-visual-para-entender-seu-ente-querido\/\" title=\"Como o c\u00e9rebro muda com Alzheimer: explica\u00e7\u00e3o simples e visual para entender seu ente querido\">compreender<\/a> o teste AGGIR.<\/p>\n<p><img class=\"wp-image-4744 aligncenter\" %%SRC_15%% alt=\"tablette4\" width=\"601\" height=\"533\" \/><\/p>\n<p>&nbsp;<\/p>\n<p>Uma explica\u00e7\u00e3o est\u00e1 presente para ajud\u00e1-lo a responder da melhor forma a cada pergunta.<\/p>\n<p><img class=\"wp-image-4747 aligncenter\" %%SRC_16%% alt=\"La grille AGGIR-joe-edith-app-adulte-application-entrainement-cerebral-coach-jeux-cerebraux-jeu-cognitif-logique-culture-memoire-fun-dynseo-ludique-animation-personnes-agees-alz-alzheimer-activites-senior-activite-seniors-stimulation-tablette-smartphone\" width=\"601\" height=\"533\" \/><\/p>\n<p>O aplicativo \u00e9 gratuito e permite realizar quantos testes AGGIR voc\u00ea desejar, e oferece uma explica\u00e7\u00e3o detalhada de cada um dos resultados. O resultado do teste \u00e9 imediatamente vis\u00edvel e n\u00e3o \u00e9 armazenado para respeitar a confidencialidade de seus dados.<\/p>\n<p><img class=\"wp-image-4749 aligncenter\" %%SRC_17%% alt=\"La grille AGGIR-joe-edith-app-adulte-application-entrainement-cerebral-coach-jeux-cerebraux-jeu-cognitif-logique-culture-memoire-fun-dynseo-ludique-animation-personnes-agees-alz-alzheimer-activites-senior-activite-seniors-stimulation-tablette-smartphone\" width=\"592\" height=\"525\" \/><\/p>\n<p>&nbsp;<\/p>\n<h2><span style=\"color: #000000;\">A grade AGGIR tamb\u00e9m dispon\u00edvel em smartphone<\/span><\/h2>\n<p>Voc\u00ea tamb\u00e9m pode realizar suas grades AGGIR atrav\u00e9s do seu telefone celular:<\/p>\n<p><img class=\"wp-image-4759 aligncenter\" %%SRC_18%% alt=\"La grille AGGIR-joe-edith-app-adulte-application-entrainement-cerebral-coach-jeux-cerebraux-jeu-cognitif-logique-culture-memoire-fun-dynseo-ludique-animation-personnes-agees-alz-alzheimer-activites-senior-activite-seniors-stimulation-tablette-smartphone\" width=\"266\" height=\"198\" \/><\/p>\n<p><img class=\"wp-image-4760 aligncenter\" %%SRC_19%% alt=\"La grille AGGIR-joe-edith-app-adulte-application-entrainement-cerebral-coach-jeux-cerebraux-jeu-cognitif-logique-culture-memoire-fun-dynseo-ludique-animation-personnes-agees-alz-alzheimer-activites-senior-activite-seniors-stimulation-tablette-smartphone\" width=\"262\" height=\"195\" \/><\/p>\n<p>&nbsp;<\/p>\n<h2><span style=\"color: #000000;\"><strong><a style=\"color: #000000;\" href=\"https:\/\/www.dynseo.com\/pt-pt\/a-grade-aggir\/\">Baixe gratuitamente o aplicativo Android<\/a><\/strong><\/span><\/h2>\n<p>&nbsp;<\/p>\n<p><a href=\"https:\/\/play.google.com\/store\/apps\/details?id=com.dynseo.fr.testgrilleaggir\" target=\"_blank\" rel=\"noopener\"><img class=\"wp-image-3272 aligncenter\" %%SRC_20%% alt=\"playstore dynseo\" width=\"97\" height=\"124\" \/><\/a><\/p>\n<p>&nbsp;<\/p>\n<p>&nbsp;<\/p>\n<p>&nbsp;<\/p>\n<h2>Realize uma simula\u00e7\u00e3o em poucos cliques<\/h2>\n<p>O aplicativo permite, de fato, se voc\u00ea desejar, realizar uma simula\u00e7\u00e3o simples.<\/p>\n<p>Essa simula\u00e7\u00e3o permitir\u00e1 que voc\u00ea responda \u00e0s suas perguntas sobre a autonomia de uma pessoa idosa. Se voc\u00ea tem em seu c\u00edrculo um ente querido, uma pessoa cuja autonomia voc\u00ea duvida, \u00e9 realmente importante se posicionar e ter rapidamente uma ideia do n\u00edvel de vida dessa pessoa.<\/p>\n<p>A autonomia \u00e9 vital para n\u00f3s, e cada pessoa precisa dela para higiene, alimenta\u00e7\u00e3o, bem como para qualquer deslocamento que envolva compras de primeira necessidade. \u00c9 importante n\u00e3o deixar uma pessoa sozinha quando se duvida de sua autonomia: um acidente dom\u00e9stico pode acontecer rapidamente e pode se revelar grave em alguns casos.<\/p>\n<p>A simula\u00e7\u00e3o <a href=\"https:\/\/www.santeenfrance.fr\/pages\/gir\">c\u00e1lculo do GIR<\/a> \u00e9 r\u00e1pida, simples e eficaz: assim voc\u00ea saber\u00e1 se a pessoa em que est\u00e1 pensando precisa de apoio ou da ajuda de um profissional de sa\u00fade para assisti-la em suas tarefas di\u00e1rias. O resultado da simula\u00e7\u00e3o \u00e9 apenas indicativo, e voc\u00ea provavelmente precisar\u00e1, ap\u00f3s a coleta de informa\u00e7\u00f5es, da opini\u00e3o de um profissional.<\/p>\n<p>Uma ajuda \u00e0 pessoa \u00e9 fortemente recomendada se seu resultado final indicar uma depend\u00eancia, mesmo que leve.<\/p>\n<p>[et_pb_code]<script type=\"application\/ld+json\">{\"@context\":\"https:\/\/schema.org\",\"@type\":\"FAQPage\",\"mainEntity\":[{\"@type\":\"Question\",\"name\":\"Qu'est-ce que la grille AGGIR ?\",\"acceptedAnswer\":{\"@type\":\"Answer\",\"text\":\"La grille AGGIR est une \u00e9chelle d'\u00e9valuation permettant d'\u00e9valuer le niveau d'autonomie ou de d\u00e9pendance des personnes \u00e2g\u00e9es dans la r\u00e9alisation des t\u00e2ches et actes de la vie quotidienne. AGGIR signifie Autonomie G\u00e9rontologique et Groupes Iso-Ressources.\"}},{\"@type\":\"Question\",\"name\":\"\u00c0 quoi sert le calcul du GIR ?\",\"acceptedAnswer\":{\"@type\":\"Answer\",\"text\":\"Le calcul du GIR permet de d\u00e9terminer les indemnit\u00e9s allou\u00e9es par l'\u00c9tat ainsi que les cat\u00e9gories GIR, qui d\u00e9terminent le niveau de suivi requis par une personne \u00e2g\u00e9e tant en EHPAD qu'\u00e0 domicile.\"}},{\"@type\":\"Question\",\"name\":\"<a href=\"https:\/\/www.dynseo.com\/quelles-solutions-en-cas-de-perte-daudition\/\" title=\"Quelles solutions en cas de perte d\u2019audition ?\">Quelles<\/a> sont les 3 grandes cat\u00e9gories d'\u00e9valuation de la grille AGGIR ?\",\"acceptedAnswer\":{\"@type\":\"Answer\",\"text\":\"La grille AGGIR classe les individus en 3 grandes cat\u00e9gories : l'absence de perte d'autonomie, la perte d'autonomie partielle, et la forte perte d'autonomie.\"}},{\"@type\":\"Question\",\"name\":\"Comment fonctionne le syst\u00e8me de score GIR ?\",\"acceptedAnswer\":{\"@type\":\"Answer\",\"text\":\"Le score GIR va de GIR 1 (d\u00e9pendance totale) \u00e0 GIR 6 (autonomie totale). Plus le chiffre est bas, plus le niveau de d\u00e9pendance est \u00e9lev\u00e9.\"}},{\"@type\":\"Question\",\"name\":\"L'application de la grille AGGIR est-elle payante ?\",\"acceptedAnswer\":{\"@type\":\"Answer\",\"text\":\"Non, l'application est gratuite et permet d'effectuer autant de tests AGGIR que vous le souhaitez. Elle propose une explication d\u00e9taill\u00e9e de chacun des r\u00e9sultats.\"}},{\"@type\":\"Question\",\"name\":\"Les donn\u00e9es du test AGGIR sont-elles conserv\u00e9es ?\",\"acceptedAnswer\":{\"@type\":\"Answer\",\"text\":\"Non, le r\u00e9sultat du test est imm\u00e9diatement visible et n'est pas stock\u00e9 afin de respecter la confidentialit\u00e9 de vos donn\u00e9es.\"}}]}<\/script>[\/et_pb_code]<\/p>\n","protected":false},"excerpt":{"rendered":"<p>A grade AGGIR em tablet e smartphones A grade AGGIR \u00e9 uma escala de avalia\u00e7\u00e3o que permite avaliar o n\u00edvel de autonomia ou depend\u00eancia das pessoas idosas na realiza\u00e7\u00e3o das tarefas e atos da vida cotidiana. Comumente, isso \u00e9 chamado de c\u00e1lculo do GIR. O modelo AGGIR (Autonomia Gerontol\u00f3gica e Grupos Iso-Ressources) permite determinar rapidamente [&hellip;]<\/p>\n","protected":false},"author":4,"featured_media":3870,"parent":0,"menu_order":0,"comment_status":"closed","ping_status":"closed","template":"","meta":{"_et_pb_use_builder":"","_et_pb_old_content":"","_et_gb_content_width":"","footnotes":""},"class_list":["post-487408","page","type-page","status-publish","has-post-thumbnail","hentry"],"yoast_head":"<!-- This site is optimized with the Yoast SEO plugin v27.4 - https:\/\/yoast.com\/product\/yoast-seo-wordpress\/ -->\n<title>A grade AGGIR - DYNSEO - Aplica\u00e7\u00f5es educativas e jogos de mem\u00f3ria<\/title>\n<meta name=\"robots\" content=\"index, follow, max-snippet:-1, max-image-preview:large, max-video-preview:-1\" \/>\n<link rel=\"canonical\" href=\"https:\/\/www.dynseo.com\/pt-pt\/a-grade-aggir\/\" \/>\n<meta property=\"og:locale\" content=\"pt_PT\" \/>\n<meta property=\"og:type\" content=\"article\" \/>\n<meta property=\"og:title\" content=\"A grade AGGIR - DYNSEO - Aplica\u00e7\u00f5es educativas e jogos de mem\u00f3ria\" \/>\n<meta property=\"og:description\" content=\"A grade AGGIR em tablet e smartphones A grade AGGIR \u00e9 uma escala de avalia\u00e7\u00e3o que permite avaliar o n\u00edvel de autonomia ou depend\u00eancia das pessoas idosas na realiza\u00e7\u00e3o das tarefas e atos da vida cotidiana. Comumente, isso \u00e9 chamado de c\u00e1lculo do GIR. O modelo AGGIR (Autonomia Gerontol\u00f3gica e Grupos Iso-Ressources) permite determinar rapidamente [&hellip;]\" \/>\n<meta property=\"og:url\" content=\"https:\/\/www.dynseo.com\/pt-pt\/a-grade-aggir\/\" \/>\n<meta property=\"og:site_name\" content=\"DYNSEO - Aplica\u00e7\u00f5es educativas e jogos de mem\u00f3ria\" \/>\n<meta property=\"og:image\" content=\"https:\/\/www.dynseo.com\/wp-content\/uploads\/2024\/07\/Article-pour-jeux-de-memoire-et-services-educatifs-sur-tablette-1.png\" \/>\n\t<meta property=\"og:image:width\" content=\"2000\" \/>\n\t<meta property=\"og:image:height\" content=\"1500\" \/>\n\t<meta property=\"og:image:type\" content=\"image\/png\" \/>\n<meta name=\"twitter:label1\" content=\"Tempo estimado de leitura\" \/>\n\t<meta name=\"twitter:data1\" content=\"2 minutos\" \/>\n<script type=\"application\/ld+json\" class=\"yoast-schema-graph\">{\"@context\":\"https:\\\/\\\/schema.org\",\"@graph\":[{\"@type\":\"WebPage\",\"@id\":\"https:\\\/\\\/www.dynseo.com\\\/pt-pt\\\/a-grade-aggir\\\/\",\"url\":\"https:\\\/\\\/www.dynseo.com\\\/pt-pt\\\/a-grade-aggir\\\/\",\"name\":\"A grade AGGIR - DYNSEO - Aplica\u00e7\u00f5es educativas e jogos de mem\u00f3ria\",\"isPartOf\":{\"@id\":\"https:\\\/\\\/www.dynseo.com\\\/pt-pt\\\/#website\"},\"primaryImageOfPage\":{\"@id\":\"https:\\\/\\\/www.dynseo.com\\\/pt-pt\\\/a-grade-aggir\\\/#primaryimage\"},\"image\":{\"@id\":\"https:\\\/\\\/www.dynseo.com\\\/pt-pt\\\/a-grade-aggir\\\/#primaryimage\"},\"thumbnailUrl\":\"https:\\\/\\\/www.dynseo.com\\\/wp-content\\\/uploads\\\/2013\\\/06\\\/app-Aggir.png\",\"datePublished\":\"2026-01-20T19:08:10+00:00\",\"breadcrumb\":{\"@id\":\"https:\\\/\\\/www.dynseo.com\\\/pt-pt\\\/a-grade-aggir\\\/#breadcrumb\"},\"inLanguage\":\"pt-PT\",\"potentialAction\":[{\"@type\":\"ReadAction\",\"target\":[\"https:\\\/\\\/www.dynseo.com\\\/pt-pt\\\/a-grade-aggir\\\/\"]}]},{\"@type\":\"ImageObject\",\"inLanguage\":\"pt-PT\",\"@id\":\"https:\\\/\\\/www.dynseo.com\\\/pt-pt\\\/a-grade-aggir\\\/#primaryimage\",\"url\":\"https:\\\/\\\/www.dynseo.com\\\/wp-content\\\/uploads\\\/2013\\\/06\\\/app-Aggir.png\",\"contentUrl\":\"https:\\\/\\\/www.dynseo.com\\\/wp-content\\\/uploads\\\/2013\\\/06\\\/app-Aggir.png\",\"width\":283,\"height\":283,\"caption\":\"Estimule a aprendizagem das crian\u00e7as com dislexia de maneira l\u00fadica e prazerosa\"},{\"@type\":\"BreadcrumbList\",\"@id\":\"https:\\\/\\\/www.dynseo.com\\\/pt-pt\\\/a-grade-aggir\\\/#breadcrumb\",\"itemListElement\":[{\"@type\":\"ListItem\",\"position\":1,\"name\":\"Accueil\",\"item\":\"https:\\\/\\\/www.dynseo.com\\\/pt-pt\\\/\"},{\"@type\":\"ListItem\",\"position\":2,\"name\":\"A grade AGGIR\"}]},{\"@type\":\"WebSite\",\"@id\":\"https:\\\/\\\/www.dynseo.com\\\/pt-pt\\\/#website\",\"url\":\"https:\\\/\\\/www.dynseo.com\\\/pt-pt\\\/\",\"name\":\"Jeux de m\u00e9moire et stimulation cognitive\",\"description\":\"Entra\u00eenez votre m\u00e9moire et votre cerveau avec DYNSEO\",\"publisher\":{\"@id\":\"https:\\\/\\\/www.dynseo.com\\\/pt-pt\\\/#organization\"},\"potentialAction\":[{\"@type\":\"SearchAction\",\"target\":{\"@type\":\"EntryPoint\",\"urlTemplate\":\"https:\\\/\\\/www.dynseo.com\\\/pt-pt\\\/?s={search_term_string}\"},\"query-input\":{\"@type\":\"PropertyValueSpecification\",\"valueRequired\":true,\"valueName\":\"search_term_string\"}}],\"inLanguage\":\"pt-PT\"},{\"@type\":\"Organization\",\"@id\":\"https:\\\/\\\/www.dynseo.com\\\/pt-pt\\\/#organization\",\"name\":\"DYNSEO\",\"url\":\"https:\\\/\\\/www.dynseo.com\\\/pt-pt\\\/\",\"logo\":{\"@type\":\"ImageObject\",\"inLanguage\":\"pt-PT\",\"@id\":\"https:\\\/\\\/www.dynseo.com\\\/pt-pt\\\/#\\\/schema\\\/logo\\\/image\\\/\",\"url\":\"https:\\\/\\\/www.dynseo.com\\\/wp-content\\\/uploads\\\/2022\\\/05\\\/logo-dynseo-new.png\",\"contentUrl\":\"https:\\\/\\\/www.dynseo.com\\\/wp-content\\\/uploads\\\/2022\\\/05\\\/logo-dynseo-new.png\",\"width\":5073,\"height\":1397,\"caption\":\"DYNSEO\"},\"image\":{\"@id\":\"https:\\\/\\\/www.dynseo.com\\\/pt-pt\\\/#\\\/schema\\\/logo\\\/image\\\/\"}}]}<\/script>\n<!-- \/ Yoast SEO plugin. -->","yoast_head_json":{"title":"A grade AGGIR - DYNSEO - Aplica\u00e7\u00f5es educativas e jogos de mem\u00f3ria","robots":{"index":"index","follow":"follow","max-snippet":"max-snippet:-1","max-image-preview":"max-image-preview:large","max-video-preview":"max-video-preview:-1"},"canonical":"https:\/\/www.dynseo.com\/pt-pt\/a-grade-aggir\/","og_locale":"pt_PT","og_type":"article","og_title":"A grade AGGIR - DYNSEO - Aplica\u00e7\u00f5es educativas e jogos de mem\u00f3ria","og_description":"A grade AGGIR em tablet e smartphones A grade AGGIR \u00e9 uma escala de avalia\u00e7\u00e3o que permite avaliar o n\u00edvel de autonomia ou depend\u00eancia das pessoas idosas na realiza\u00e7\u00e3o das tarefas e atos da vida cotidiana. Comumente, isso \u00e9 chamado de c\u00e1lculo do GIR. O modelo AGGIR (Autonomia Gerontol\u00f3gica e Grupos Iso-Ressources) permite determinar rapidamente [&hellip;]","og_url":"https:\/\/www.dynseo.com\/pt-pt\/a-grade-aggir\/","og_site_name":"DYNSEO - Aplica\u00e7\u00f5es educativas e jogos de mem\u00f3ria","og_image":[{"width":2000,"height":1500,"url":"https:\/\/www.dynseo.com\/wp-content\/uploads\/2024\/07\/Article-pour-jeux-de-memoire-et-services-educatifs-sur-tablette-1.png","type":"image\/png"}],"twitter_misc":{"Tempo estimado de leitura":"2 minutos"},"schema":{"@context":"https:\/\/schema.org","@graph":[{"@type":"WebPage","@id":"https:\/\/www.dynseo.com\/pt-pt\/a-grade-aggir\/","url":"https:\/\/www.dynseo.com\/pt-pt\/a-grade-aggir\/","name":"A grade AGGIR - DYNSEO - Aplica\u00e7\u00f5es educativas e jogos de mem\u00f3ria","isPartOf":{"@id":"https:\/\/www.dynseo.com\/pt-pt\/#website"},"primaryImageOfPage":{"@id":"https:\/\/www.dynseo.com\/pt-pt\/a-grade-aggir\/#primaryimage"},"image":{"@id":"https:\/\/www.dynseo.com\/pt-pt\/a-grade-aggir\/#primaryimage"},"thumbnailUrl":"https:\/\/www.dynseo.com\/wp-content\/uploads\/2013\/06\/app-Aggir.png","datePublished":"2026-01-20T19:08:10+00:00","breadcrumb":{"@id":"https:\/\/www.dynseo.com\/pt-pt\/a-grade-aggir\/#breadcrumb"},"inLanguage":"pt-PT","potentialAction":[{"@type":"ReadAction","target":["https:\/\/www.dynseo.com\/pt-pt\/a-grade-aggir\/"]}]},{"@type":"ImageObject","inLanguage":"pt-PT","@id":"https:\/\/www.dynseo.com\/pt-pt\/a-grade-aggir\/#primaryimage","url":"https:\/\/www.dynseo.com\/wp-content\/uploads\/2013\/06\/app-Aggir.png","contentUrl":"https:\/\/www.dynseo.com\/wp-content\/uploads\/2013\/06\/app-Aggir.png","width":283,"height":283,"caption":"Estimule a aprendizagem das crian\u00e7as com dislexia de maneira l\u00fadica e prazerosa"},{"@type":"BreadcrumbList","@id":"https:\/\/www.dynseo.com\/pt-pt\/a-grade-aggir\/#breadcrumb","itemListElement":[{"@type":"ListItem","position":1,"name":"Accueil","item":"https:\/\/www.dynseo.com\/pt-pt\/"},{"@type":"ListItem","position":2,"name":"A grade AGGIR"}]},{"@type":"WebSite","@id":"https:\/\/www.dynseo.com\/pt-pt\/#website","url":"https:\/\/www.dynseo.com\/pt-pt\/","name":"Jeux de m\u00e9moire et stimulation cognitive","description":"Entra\u00eenez votre m\u00e9moire et votre cerveau avec DYNSEO","publisher":{"@id":"https:\/\/www.dynseo.com\/pt-pt\/#organization"},"potentialAction":[{"@type":"SearchAction","target":{"@type":"EntryPoint","urlTemplate":"https:\/\/www.dynseo.com\/pt-pt\/?s={search_term_string}"},"query-input":{"@type":"PropertyValueSpecification","valueRequired":true,"valueName":"search_term_string"}}],"inLanguage":"pt-PT"},{"@type":"Organization","@id":"https:\/\/www.dynseo.com\/pt-pt\/#organization","name":"DYNSEO","url":"https:\/\/www.dynseo.com\/pt-pt\/","logo":{"@type":"ImageObject","inLanguage":"pt-PT","@id":"https:\/\/www.dynseo.com\/pt-pt\/#\/schema\/logo\/image\/","url":"https:\/\/www.dynseo.com\/wp-content\/uploads\/2022\/05\/logo-dynseo-new.png","contentUrl":"https:\/\/www.dynseo.com\/wp-content\/uploads\/2022\/05\/logo-dynseo-new.png","width":5073,"height":1397,"caption":"DYNSEO"},"image":{"@id":"https:\/\/www.dynseo.com\/pt-pt\/#\/schema\/logo\/image\/"}}]}},"_links":{"self":[{"href":"https:\/\/www.dynseo.com\/pt-pt\/wp-json\/wp\/v2\/pages\/487408","targetHints":{"allow":["GET"]}}],"collection":[{"href":"https:\/\/www.dynseo.com\/pt-pt\/wp-json\/wp\/v2\/pages"}],"about":[{"href":"https:\/\/www.dynseo.com\/pt-pt\/wp-json\/wp\/v2\/types\/page"}],"author":[{"embeddable":true,"href":"https:\/\/www.dynseo.com\/pt-pt\/wp-json\/wp\/v2\/users\/4"}],"replies":[{"embeddable":true,"href":"https:\/\/www.dynseo.com\/pt-pt\/wp-json\/wp\/v2\/comments?post=487408"}],"version-history":[{"count":0,"href":"https:\/\/www.dynseo.com\/pt-pt\/wp-json\/wp\/v2\/pages\/487408\/revisions"}],"wp:featuredmedia":[{"embeddable":true,"href":"https:\/\/www.dynseo.com\/pt-pt\/wp-json\/wp\/v2\/media\/3870"}],"wp:attachment":[{"href":"https:\/\/www.dynseo.com\/pt-pt\/wp-json\/wp\/v2\/media?parent=487408"}],"curies":[{"name":"wp","href":"https:\/\/api.w.org\/{rel}","templated":true}]}}