{"id":69991,"date":"2022-12-22T19:55:03","date_gmt":"2022-12-22T18:55:03","guid":{"rendered":"https:\/\/www.dynseo.com\/informacao-legal\/"},"modified":"2026-01-04T12:10:48","modified_gmt":"2026-01-04T11:10:48","slug":"informacao-legal","status":"publish","type":"page","link":"https:\/\/www.dynseo.com\/pt-pt\/informacao-legal\/","title":{"rendered":"Informa\u00e7\u00e3o legal"},"content":{"rendered":"<p>Em conformidade com o artigo 6 da lei n\u00b02004-575 de 21 de Junho de 2004 para a confian\u00e7a na economia digital, as seguintes informa\u00e7\u00f5es s\u00e3o indicadas aos utilizadores da Internet em <a title=\"Este \u00e9 um link para a p\u00e1gina inicial do website do DYNSEO.\" href=\"https:\/\/www.dynseo.com\/pt-pt\/\">www<\/a>.dynseo.com:<\/p>\n<p><strong>A editora do site <a title=\"Este \u00e9 um link para a p\u00e1gina inicial do website do DYNSEO.\" href=\"https:\/\/www.dynseo.com\/pt-pt\/\">www.dynseo.com<\/a> \u00e9 a DYNSEO<\/strong>, com um capital <a href=\"https:\/\/www.dynseo.com\/pt-pt\/actividades-sociais-para-os-pais-idosos-incentivar-a-sua-interaccao-social\/\" title=\"Actividades sociais para os pais idosos: incentivar a sua interac\u00e7\u00e3o social\">social<\/a> de 1018 euros, inscrita no Registo Comercial e Comercial de Paris sob o n\u00famero 792 354 482, com sede social em 6 rue du docteur Finlay 75015 Paris.<\/p>\n<p>Pode contactar-nos por e-mail para <a title=\"Este \u00e9 um link para o endere\u00e7o de e-mail de contacto da DYNSEO.\" href=\"mailto:contact@dynseo.com\">contact@dynseo.com,<\/a> ou por telefone para o n\u00famero 09 66 93 84 22.<\/p>\n<p>&nbsp;<\/p>\n<p>A empresa \u00e9 representada por : Justine SAUQUET, a sua gerente.<br \/>\n<strong>A marca registada DYNSEO foi registada.  <\/strong><br \/>\nO <a href=\"https:\/\/www.dynseo.com\/pt-pt\/o-programa-dos-treinadores\/\" title=\"O programa dos treinadores\">programa<\/a> de estimula\u00e7\u00e3o <a href=\"https:\/\/www.dynseo.com\/pt-pt\/formacao-cognitiva-para-melhorar-a-ansiedade\/\" title=\"Forma\u00e7\u00e3o cognitiva para melhorar a ansiedade\">cognitiva<\/a> Stim&#8217;Art sobre um comprimido foi concebido e desenvolvido pela empresa DYNSEO, e foi declarado \u00e0 CNIL a 11 de Junho de 2013 sob o n\u00famero 1679021.<\/p>\n<p>Os s\u00edtios web <a title=\"Este \u00e9 um link para a p\u00e1gina inicial do website do DYNSEO.\" href=\"https:\/\/www.dynseo.com\/pt-pt\/\">www.dynseo.com<\/a> e <a title=\"Este \u00e9 um link para a plataforma online relacionada com os produtos DYNSEO.\" href=\"http:\/\/www.stimart.com\">www.stimart.com<\/a> s\u00e3o alojados pela OVHH localizada na 2 rue Kellermann &#8211; 59100 Roubaix &#8211; Fran\u00e7a.<\/p>\n<p><a title=\"Este \u00e9 um link para o site do servidor OVH.\" href=\"http:\/\/www.ovh.com\">(www.ovh.com)<\/a>.<\/p>\n<p>&nbsp;<\/p>\n<p>[et_pb_code]<script type=\"application\/ld+json\">{\"@context\":\"https:\/\/schema.org\",\"@type\":\"FAQPage\",\"mainEntity\":[{\"@type\":\"Question\",\"name\":\"Qual \u00e9 a empresa respons\u00e1vel pelo site www.dynseo.com?\",\"acceptedAnswer\":{\"@type\":\"Answer\",\"text\":\"A empresa respons\u00e1vel pelo site www.dynseo.com \u00e9 a DYNSEO, com capital social de 1018 euros, inscrita no Registo Comercial de Paris sob o n\u00famero 792 354 482.\"}},{\"@type\":\"Question\",\"name\":\"Onde est\u00e1 localizada a sede social da DYNSEO?\",\"acceptedAnswer\":{\"@type\":\"Answer\",\"text\":\"A sede social da DYNSEO est\u00e1 localizada no endere\u00e7o 6 rue du docteur Finlay 75015 Paris, Fran\u00e7a.\"}},{\"@type\":\"Question\",\"name\":\"Como posso contactar a DYNSEO?\",\"acceptedAnswer\":{\"@type\":\"Answer\",\"text\":\"Pode contactar a DYNSEO por e-mail atrav\u00e9s de contact@dynseo.com ou por telefone atrav\u00e9s do n\u00famero 09 66 93 84 22.\"}},{\"@type\":\"Question\",\"name\":\"Quem representa legalmente a empresa DYNSEO?\",\"acceptedAnswer\":{\"@type\":\"Answer\",\"text\":\"A empresa DYNSEO \u00e9 representada por Justine SAUQUET, que \u00e9 a sua gerente.\"}},{\"@type\":\"Question\",\"name\":\"O que \u00e9 o programa Stim'Art e quando foi declarado \u00e0 CNIL?\",\"acceptedAnswer\":{\"@type\":\"Answer\",\"text\":\"O Stim'Art \u00e9 um programa de estimula\u00e7\u00e3o cognitiva desenvolvido pela DYNSEO. Foi declarado \u00e0 CNIL a 11 de Junho de 2013 sob o n\u00famero 1679021.\"}},{\"@type\":\"Question\",\"name\":\"Onde s\u00e3o alojados os sites www.dynseo.com e www.stimart.com?\",\"acceptedAnswer\":{\"@type\":\"Answer\",\"text\":\"Os sites www.dynseo.com e www.stimart.com s\u00e3o alojados pela empresa OVHH, localizada na 2 rue Kellermann - 59100 Roubaix - Fran\u00e7a.\"}}]}<\/script>[\/et_pb_code]<\/p>\n","protected":false},"excerpt":{"rendered":"<p>Em conformidade com o artigo 6 da lei n\u00b02004-575 de 21 de Junho de 2004 para a confian\u00e7a na economia digital, as seguintes informa\u00e7\u00f5es s\u00e3o indicadas aos utilizadores da Internet em www.dynseo.com: A editora do site www.dynseo.com \u00e9 a DYNSEO, com um capital social de 1018 euros, inscrita no Registo Comercial e Comercial de Paris [&hellip;]<\/p>\n","protected":false},"author":4,"featured_media":130227,"parent":0,"menu_order":104,"comment_status":"closed","ping_status":"closed","template":"","meta":{"_et_pb_use_builder":"","_et_pb_old_content":"","_et_gb_content_width":"","footnotes":""},"class_list":["post-69991","page","type-page","status-publish","has-post-thumbnail","hentry"],"yoast_head":"<!-- This site is optimized with the Yoast SEO plugin v27.5 - https:\/\/yoast.com\/product\/yoast-seo-wordpress\/ -->\n<title>Tudo o que voc\u00ea precisa saber sobre Informa\u00e7\u00e3o Legal Online<\/title>\n<meta name=\"description\" content=\"O mundo digital traz consigo muitas oportunidades, mas tamb\u00e9m riscos. Descubra tudo o que voc\u00ea precisa saber sobre informa\u00e7\u00e3o legal online.\" \/>\n<meta name=\"robots\" content=\"index, follow, max-snippet:-1, max-image-preview:large, max-video-preview:-1\" \/>\n<link rel=\"canonical\" href=\"https:\/\/www.dynseo.com\/pt-pt\/informacao-legal\/\" \/>\n<meta property=\"og:locale\" content=\"pt_PT\" \/>\n<meta property=\"og:type\" content=\"article\" \/>\n<meta property=\"og:title\" content=\"Tudo o que voc\u00ea precisa saber sobre Informa\u00e7\u00e3o Legal Online\" \/>\n<meta property=\"og:description\" content=\"O mundo digital traz consigo muitas oportunidades, mas tamb\u00e9m riscos. Descubra tudo o que voc\u00ea precisa saber sobre informa\u00e7\u00e3o legal online.\" \/>\n<meta property=\"og:url\" content=\"https:\/\/www.dynseo.com\/pt-pt\/informacao-legal\/\" \/>\n<meta property=\"og:site_name\" content=\"DYNSEO - Aplica\u00e7\u00f5es educativas e jogos de mem\u00f3ria\" \/>\n<meta property=\"article:modified_time\" content=\"2026-01-04T11:10:48+00:00\" \/>\n<meta property=\"og:image\" content=\"https:\/\/www.dynseo.com\/wp-content\/uploads\/2024\/07\/Article-pour-jeux-de-memoire-et-services-educatifs-sur-tablette-1.png\" \/>\n\t<meta property=\"og:image:width\" content=\"2000\" \/>\n\t<meta property=\"og:image:height\" content=\"1500\" \/>\n\t<meta property=\"og:image:type\" content=\"image\/png\" \/>\n<meta name=\"twitter:label1\" content=\"Tempo estimado de leitura\" \/>\n\t<meta name=\"twitter:data1\" content=\"1 minuto\" \/>\n<script type=\"application\/ld+json\" class=\"yoast-schema-graph\">{\"@context\":\"https:\\\/\\\/schema.org\",\"@graph\":[{\"@type\":\"WebPage\",\"@id\":\"https:\\\/\\\/www.dynseo.com\\\/pt-pt\\\/informacao-legal\\\/\",\"url\":\"https:\\\/\\\/www.dynseo.com\\\/pt-pt\\\/informacao-legal\\\/\",\"name\":\"Tudo o que voc\u00ea precisa saber sobre Informa\u00e7\u00e3o Legal Online\",\"isPartOf\":{\"@id\":\"https:\\\/\\\/www.dynseo.com\\\/pt-pt\\\/#website\"},\"primaryImageOfPage\":{\"@id\":\"https:\\\/\\\/www.dynseo.com\\\/pt-pt\\\/informacao-legal\\\/#primaryimage\"},\"image\":{\"@id\":\"https:\\\/\\\/www.dynseo.com\\\/pt-pt\\\/informacao-legal\\\/#primaryimage\"},\"thumbnailUrl\":\"https:\\\/\\\/www.dynseo.com\\\/wp-content\\\/uploads\\\/2024\\\/07\\\/Article-pour-jeux-de-memoire-et-services-educatifs-sur-tablette-1.png\",\"datePublished\":\"2022-12-22T18:55:03+00:00\",\"dateModified\":\"2026-01-04T11:10:48+00:00\",\"description\":\"O mundo digital traz consigo muitas oportunidades, mas tamb\u00e9m riscos. Descubra tudo o que voc\u00ea precisa saber sobre informa\u00e7\u00e3o legal online.\",\"breadcrumb\":{\"@id\":\"https:\\\/\\\/www.dynseo.com\\\/pt-pt\\\/informacao-legal\\\/#breadcrumb\"},\"inLanguage\":\"pt-PT\",\"potentialAction\":[{\"@type\":\"ReadAction\",\"target\":[\"https:\\\/\\\/www.dynseo.com\\\/pt-pt\\\/informacao-legal\\\/\"]}]},{\"@type\":\"ImageObject\",\"inLanguage\":\"pt-PT\",\"@id\":\"https:\\\/\\\/www.dynseo.com\\\/pt-pt\\\/informacao-legal\\\/#primaryimage\",\"url\":\"https:\\\/\\\/www.dynseo.com\\\/wp-content\\\/uploads\\\/2024\\\/07\\\/Article-pour-jeux-de-memoire-et-services-educatifs-sur-tablette-1.png\",\"contentUrl\":\"https:\\\/\\\/www.dynseo.com\\\/wp-content\\\/uploads\\\/2024\\\/07\\\/Article-pour-jeux-de-memoire-et-services-educatifs-sur-tablette-1.png\",\"width\":2000,\"height\":1500,\"caption\":\"Mant\u00e9m a tua agilidade mental com as nossas actividades divertidas e gratificantes\"},{\"@type\":\"BreadcrumbList\",\"@id\":\"https:\\\/\\\/www.dynseo.com\\\/pt-pt\\\/informacao-legal\\\/#breadcrumb\",\"itemListElement\":[{\"@type\":\"ListItem\",\"position\":1,\"name\":\"Accueil\",\"item\":\"https:\\\/\\\/www.dynseo.com\\\/pt-pt\\\/\"},{\"@type\":\"ListItem\",\"position\":2,\"name\":\"Informa\u00e7\u00e3o legal\"}]},{\"@type\":\"WebSite\",\"@id\":\"https:\\\/\\\/www.dynseo.com\\\/pt-pt\\\/#website\",\"url\":\"https:\\\/\\\/www.dynseo.com\\\/pt-pt\\\/\",\"name\":\"Jeux de m\u00e9moire et stimulation cognitive\",\"description\":\"Entra\u00eenez votre m\u00e9moire et votre cerveau avec DYNSEO\",\"publisher\":{\"@id\":\"https:\\\/\\\/www.dynseo.com\\\/pt-pt\\\/#organization\"},\"potentialAction\":[{\"@type\":\"SearchAction\",\"target\":{\"@type\":\"EntryPoint\",\"urlTemplate\":\"https:\\\/\\\/www.dynseo.com\\\/pt-pt\\\/?s={search_term_string}\"},\"query-input\":{\"@type\":\"PropertyValueSpecification\",\"valueRequired\":true,\"valueName\":\"search_term_string\"}}],\"inLanguage\":\"pt-PT\"},{\"@type\":\"Organization\",\"@id\":\"https:\\\/\\\/www.dynseo.com\\\/pt-pt\\\/#organization\",\"name\":\"DYNSEO\",\"url\":\"https:\\\/\\\/www.dynseo.com\\\/pt-pt\\\/\",\"logo\":{\"@type\":\"ImageObject\",\"inLanguage\":\"pt-PT\",\"@id\":\"https:\\\/\\\/www.dynseo.com\\\/pt-pt\\\/#\\\/schema\\\/logo\\\/image\\\/\",\"url\":\"https:\\\/\\\/www.dynseo.com\\\/wp-content\\\/uploads\\\/2022\\\/05\\\/logo-dynseo-new.png\",\"contentUrl\":\"https:\\\/\\\/www.dynseo.com\\\/wp-content\\\/uploads\\\/2022\\\/05\\\/logo-dynseo-new.png\",\"width\":5073,\"height\":1397,\"caption\":\"DYNSEO\"},\"image\":{\"@id\":\"https:\\\/\\\/www.dynseo.com\\\/pt-pt\\\/#\\\/schema\\\/logo\\\/image\\\/\"}}]}<\/script>\n<!-- \/ Yoast SEO plugin. -->","yoast_head_json":{"title":"Tudo o que voc\u00ea precisa saber sobre Informa\u00e7\u00e3o Legal Online","description":"O mundo digital traz consigo muitas oportunidades, mas tamb\u00e9m riscos. Descubra tudo o que voc\u00ea precisa saber sobre informa\u00e7\u00e3o legal online.","robots":{"index":"index","follow":"follow","max-snippet":"max-snippet:-1","max-image-preview":"max-image-preview:large","max-video-preview":"max-video-preview:-1"},"canonical":"https:\/\/www.dynseo.com\/pt-pt\/informacao-legal\/","og_locale":"pt_PT","og_type":"article","og_title":"Tudo o que voc\u00ea precisa saber sobre Informa\u00e7\u00e3o Legal Online","og_description":"O mundo digital traz consigo muitas oportunidades, mas tamb\u00e9m riscos. Descubra tudo o que voc\u00ea precisa saber sobre informa\u00e7\u00e3o legal online.","og_url":"https:\/\/www.dynseo.com\/pt-pt\/informacao-legal\/","og_site_name":"DYNSEO - Aplica\u00e7\u00f5es educativas e jogos de mem\u00f3ria","article_modified_time":"2026-01-04T11:10:48+00:00","og_image":[{"width":2000,"height":1500,"url":"https:\/\/www.dynseo.com\/wp-content\/uploads\/2024\/07\/Article-pour-jeux-de-memoire-et-services-educatifs-sur-tablette-1.png","type":"image\/png"}],"twitter_misc":{"Tempo estimado de leitura":"1 minuto"},"schema":{"@context":"https:\/\/schema.org","@graph":[{"@type":"WebPage","@id":"https:\/\/www.dynseo.com\/pt-pt\/informacao-legal\/","url":"https:\/\/www.dynseo.com\/pt-pt\/informacao-legal\/","name":"Tudo o que voc\u00ea precisa saber sobre Informa\u00e7\u00e3o Legal Online","isPartOf":{"@id":"https:\/\/www.dynseo.com\/pt-pt\/#website"},"primaryImageOfPage":{"@id":"https:\/\/www.dynseo.com\/pt-pt\/informacao-legal\/#primaryimage"},"image":{"@id":"https:\/\/www.dynseo.com\/pt-pt\/informacao-legal\/#primaryimage"},"thumbnailUrl":"https:\/\/www.dynseo.com\/wp-content\/uploads\/2024\/07\/Article-pour-jeux-de-memoire-et-services-educatifs-sur-tablette-1.png","datePublished":"2022-12-22T18:55:03+00:00","dateModified":"2026-01-04T11:10:48+00:00","description":"O mundo digital traz consigo muitas oportunidades, mas tamb\u00e9m riscos. Descubra tudo o que voc\u00ea precisa saber sobre informa\u00e7\u00e3o legal online.","breadcrumb":{"@id":"https:\/\/www.dynseo.com\/pt-pt\/informacao-legal\/#breadcrumb"},"inLanguage":"pt-PT","potentialAction":[{"@type":"ReadAction","target":["https:\/\/www.dynseo.com\/pt-pt\/informacao-legal\/"]}]},{"@type":"ImageObject","inLanguage":"pt-PT","@id":"https:\/\/www.dynseo.com\/pt-pt\/informacao-legal\/#primaryimage","url":"https:\/\/www.dynseo.com\/wp-content\/uploads\/2024\/07\/Article-pour-jeux-de-memoire-et-services-educatifs-sur-tablette-1.png","contentUrl":"https:\/\/www.dynseo.com\/wp-content\/uploads\/2024\/07\/Article-pour-jeux-de-memoire-et-services-educatifs-sur-tablette-1.png","width":2000,"height":1500,"caption":"Mant\u00e9m a tua agilidade mental com as nossas actividades divertidas e gratificantes"},{"@type":"BreadcrumbList","@id":"https:\/\/www.dynseo.com\/pt-pt\/informacao-legal\/#breadcrumb","itemListElement":[{"@type":"ListItem","position":1,"name":"Accueil","item":"https:\/\/www.dynseo.com\/pt-pt\/"},{"@type":"ListItem","position":2,"name":"Informa\u00e7\u00e3o legal"}]},{"@type":"WebSite","@id":"https:\/\/www.dynseo.com\/pt-pt\/#website","url":"https:\/\/www.dynseo.com\/pt-pt\/","name":"Jeux de m\u00e9moire et stimulation cognitive","description":"Entra\u00eenez votre m\u00e9moire et votre cerveau avec DYNSEO","publisher":{"@id":"https:\/\/www.dynseo.com\/pt-pt\/#organization"},"potentialAction":[{"@type":"SearchAction","target":{"@type":"EntryPoint","urlTemplate":"https:\/\/www.dynseo.com\/pt-pt\/?s={search_term_string}"},"query-input":{"@type":"PropertyValueSpecification","valueRequired":true,"valueName":"search_term_string"}}],"inLanguage":"pt-PT"},{"@type":"Organization","@id":"https:\/\/www.dynseo.com\/pt-pt\/#organization","name":"DYNSEO","url":"https:\/\/www.dynseo.com\/pt-pt\/","logo":{"@type":"ImageObject","inLanguage":"pt-PT","@id":"https:\/\/www.dynseo.com\/pt-pt\/#\/schema\/logo\/image\/","url":"https:\/\/www.dynseo.com\/wp-content\/uploads\/2022\/05\/logo-dynseo-new.png","contentUrl":"https:\/\/www.dynseo.com\/wp-content\/uploads\/2022\/05\/logo-dynseo-new.png","width":5073,"height":1397,"caption":"DYNSEO"},"image":{"@id":"https:\/\/www.dynseo.com\/pt-pt\/#\/schema\/logo\/image\/"}}]}},"_links":{"self":[{"href":"https:\/\/www.dynseo.com\/pt-pt\/wp-json\/wp\/v2\/pages\/69991","targetHints":{"allow":["GET"]}}],"collection":[{"href":"https:\/\/www.dynseo.com\/pt-pt\/wp-json\/wp\/v2\/pages"}],"about":[{"href":"https:\/\/www.dynseo.com\/pt-pt\/wp-json\/wp\/v2\/types\/page"}],"author":[{"embeddable":true,"href":"https:\/\/www.dynseo.com\/pt-pt\/wp-json\/wp\/v2\/users\/4"}],"replies":[{"embeddable":true,"href":"https:\/\/www.dynseo.com\/pt-pt\/wp-json\/wp\/v2\/comments?post=69991"}],"version-history":[{"count":2,"href":"https:\/\/www.dynseo.com\/pt-pt\/wp-json\/wp\/v2\/pages\/69991\/revisions"}],"predecessor-version":[{"id":473242,"href":"https:\/\/www.dynseo.com\/pt-pt\/wp-json\/wp\/v2\/pages\/69991\/revisions\/473242"}],"wp:featuredmedia":[{"embeddable":true,"href":"https:\/\/www.dynseo.com\/pt-pt\/wp-json\/wp\/v2\/media\/130227"}],"wp:attachment":[{"href":"https:\/\/www.dynseo.com\/pt-pt\/wp-json\/wp\/v2\/media?parent=69991"}],"curies":[{"name":"wp","href":"https:\/\/api.w.org\/{rel}","templated":true}]}}