{"id":129250,"date":"2024-06-26T16:37:12","date_gmt":"2024-06-26T14:37:12","guid":{"rendered":"https:\/\/www.dynseo.com\/?post_type=product&#038;p=129250"},"modified":"2025-11-06T12:17:37","modified_gmt":"2025-11-06T11:17:37","slug":"a-bola-rolante","status":"publish","type":"product","link":"https:\/\/www.dynseo.com\/pt-pt\/produto\/a-bola-rolante\/","title":{"rendered":"A bola rolante"},"content":{"rendered":"<div>A Bola Rolante \u00e9 a nossa aplica\u00e7\u00e3o de coordena\u00e7\u00e3o motora baseada num tablet. O tablet \u00e9 utilizado como suporte de equil\u00edbrio para deslocar a bola para o centro do tablet. S\u00e3o propostos v\u00e1rios exerc\u00edcios:<\/div>\n<div><\/div>\n<div>C\u00edrculos de passes<\/div>\n<div>Bola no centro<\/div>\n<div>Seguimento de c\u00edrculos<\/div>\n<div>Seguimento da linha<\/div>\n<div>Ir contra a corrente<\/div>\n<div>Resist\u00eancia ao vento<\/div>\n<div>Muitos elementos podem ser variados, como o tamanho e a velocidade da bola. Isto torna cada exerc\u00edcio parametriz\u00e1vel e personaliz\u00e1vel.<\/div>\n<div><\/div>\n<div>Note-se que esta aplica\u00e7\u00e3o s\u00f3 est\u00e1 dispon\u00edvel em tablets iPad.<\/div>\n","protected":false},"excerpt":{"rendered":"<p>A Rolling Ball \u00e9 uma aplica\u00e7\u00e3o l\u00fadico-pedag\u00f3gica concebida para tablets iPad, que promove o desenvolvimento de capacidades motoras. Utilizando o tablet como suporte de equil\u00edbrio, os utilizadores podem realizar uma variedade de exerc\u00edcios emocionantes, tais como passar c\u00edrculos, mover a bola em dire\u00e7\u00e3o ao centro, seguir c\u00edrculos, seguir linhas, subir a corrente e resist\u00eancia ao vento. Esta aplica\u00e7\u00e3o oferece uma personaliza\u00e7\u00e3o completa, permitindo-lhe modificar o tamanho e a velocidade da bola para adaptar cada exerc\u00edcio \u00e0s suas necessidades. Descubra uma forma divertida de melhorar as suas capacidades motoras com A Bola Rolante no seu tablet iPad.<\/p>\n","protected":false},"featured_media":130139,"comment_status":"closed","ping_status":"closed","template":"","meta":{"_et_pb_use_builder":"off","_et_pb_old_content":"<div>A Bola Rolante \u00e9 a nossa aplica\u00e7\u00e3o de coordena\u00e7\u00e3o motora baseada num tablet. O tablet \u00e9 utilizado como suporte de equil\u00edbrio para deslocar a bola para o centro do tablet. S\u00e3o propostos v\u00e1rios exerc\u00edcios:<\/div>\r\n<div><\/div>\r\n<div>C\u00edrculos de passes<\/div>\r\n<div>Bola no centro<\/div>\r\n<div>Seguimento de c\u00edrculos<\/div>\r\n<div>Seguimento da linha<\/div>\r\n<div>Ir contra a corrente<\/div>\r\n<div>Resist\u00eancia ao vento<\/div>\r\n<div>Muitos elementos podem ser variados, como o tamanho e a velocidade da bola. Isto torna cada exerc\u00edcio parametriz\u00e1vel e personaliz\u00e1vel.<\/div>\r\n<div><\/div>\r\n<div>Note-se que esta aplica\u00e7\u00e3o s\u00f3 est\u00e1 dispon\u00edvel em tablets iPad.<\/div>","_et_gb_content_width":""},"product_brand":[],"product_cat":[3157],"product_tag":[],"class_list":{"0":"post-129250","1":"product","2":"type-product","3":"status-publish","4":"has-post-thumbnail","6":"product_cat-uncategorized","8":"first","9":"instock","10":"virtual","11":"taxable","12":"purchasable","13":"product-type-simple"},"yoast_head":"<!-- This site is optimized with the Yoast SEO plugin v27.3 - https:\/\/yoast.com\/product\/yoast-seo-wordpress\/ -->\n<title>A bola rolante - DYNSEO - Aplica\u00e7\u00f5es educativas e jogos de mem\u00f3ria<\/title>\n<meta name=\"robots\" content=\"index, follow, max-snippet:-1, max-image-preview:large, max-video-preview:-1\" \/>\n<link rel=\"canonical\" href=\"https:\/\/www.dynseo.com\/pt-pt\/produto\/a-bola-rolante\/\" \/>\n<meta property=\"og:locale\" content=\"pt_PT\" \/>\n<meta property=\"og:type\" content=\"article\" \/>\n<meta property=\"og:title\" content=\"A bola rolante - DYNSEO - Aplica\u00e7\u00f5es educativas e jogos de mem\u00f3ria\" \/>\n<meta property=\"og:description\" content=\"A Rolling Ball \u00e9 uma aplica\u00e7\u00e3o l\u00fadico-pedag\u00f3gica concebida para tablets iPad, que promove o desenvolvimento de capacidades motoras. Utilizando o tablet como suporte de equil\u00edbrio, os utilizadores podem realizar uma variedade de exerc\u00edcios emocionantes, tais como passar c\u00edrculos, mover a bola em dire\u00e7\u00e3o ao centro, seguir c\u00edrculos, seguir linhas, subir a corrente e resist\u00eancia ao vento. Esta aplica\u00e7\u00e3o oferece uma personaliza\u00e7\u00e3o completa, permitindo-lhe modificar o tamanho e a velocidade da bola para adaptar cada exerc\u00edcio \u00e0s suas necessidades. Descubra uma forma divertida de melhorar as suas capacidades motoras com A Bola Rolante no seu tablet iPad.\" \/>\n<meta property=\"og:url\" content=\"https:\/\/www.dynseo.com\/pt-pt\/produto\/a-bola-rolante\/\" \/>\n<meta property=\"og:site_name\" content=\"DYNSEO - Aplica\u00e7\u00f5es educativas e jogos de mem\u00f3ria\" \/>\n<meta property=\"article:modified_time\" content=\"2025-11-06T11:17:37+00:00\" \/>\n<meta property=\"og:image\" content=\"https:\/\/www.dynseo.com\/wp-content\/uploads\/2024\/07\/9-promotions-coco-pense-et-coco-bouge-la-bille-qui-roule-applications-innovantes-enfants-handicap.png\" \/>\n\t<meta property=\"og:image:width\" content=\"688\" \/>\n\t<meta property=\"og:image:height\" content=\"600\" \/>\n\t<meta property=\"og:image:type\" content=\"image\/png\" \/>\n<meta name=\"twitter:label1\" content=\"Tempo estimado de leitura\" \/>\n\t<meta name=\"twitter:data1\" content=\"1 minuto\" \/>\n<script type=\"application\/ld+json\" class=\"yoast-schema-graph\">{\"@context\":\"https:\\\/\\\/schema.org\",\"@graph\":[{\"@type\":\"WebPage\",\"@id\":\"https:\\\/\\\/www.dynseo.com\\\/pt-pt\\\/produto\\\/a-bola-rolante\\\/\",\"url\":\"https:\\\/\\\/www.dynseo.com\\\/pt-pt\\\/produto\\\/a-bola-rolante\\\/\",\"name\":\"A bola rolante - DYNSEO - Aplica\u00e7\u00f5es educativas e jogos de mem\u00f3ria\",\"isPartOf\":{\"@id\":\"https:\\\/\\\/www.dynseo.com\\\/pt-pt\\\/#website\"},\"primaryImageOfPage\":{\"@id\":\"https:\\\/\\\/www.dynseo.com\\\/pt-pt\\\/produto\\\/a-bola-rolante\\\/#primaryimage\"},\"image\":{\"@id\":\"https:\\\/\\\/www.dynseo.com\\\/pt-pt\\\/produto\\\/a-bola-rolante\\\/#primaryimage\"},\"thumbnailUrl\":\"https:\\\/\\\/www.dynseo.com\\\/wp-content\\\/uploads\\\/2024\\\/07\\\/9-promotions-coco-pense-et-coco-bouge-la-bille-qui-roule-applications-innovantes-enfants-handicap.png\",\"datePublished\":\"2024-06-26T14:37:12+00:00\",\"dateModified\":\"2025-11-06T11:17:37+00:00\",\"breadcrumb\":{\"@id\":\"https:\\\/\\\/www.dynseo.com\\\/pt-pt\\\/produto\\\/a-bola-rolante\\\/#breadcrumb\"},\"inLanguage\":\"pt-PT\",\"potentialAction\":[{\"@type\":\"ReadAction\",\"target\":[\"https:\\\/\\\/www.dynseo.com\\\/pt-pt\\\/produto\\\/a-bola-rolante\\\/\"]}]},{\"@type\":\"ImageObject\",\"inLanguage\":\"pt-PT\",\"@id\":\"https:\\\/\\\/www.dynseo.com\\\/pt-pt\\\/produto\\\/a-bola-rolante\\\/#primaryimage\",\"url\":\"https:\\\/\\\/www.dynseo.com\\\/wp-content\\\/uploads\\\/2024\\\/07\\\/9-promotions-coco-pense-et-coco-bouge-la-bille-qui-roule-applications-innovantes-enfants-handicap.png\",\"contentUrl\":\"https:\\\/\\\/www.dynseo.com\\\/wp-content\\\/uploads\\\/2024\\\/07\\\/9-promotions-coco-pense-et-coco-bouge-la-bille-qui-roule-applications-innovantes-enfants-handicap.png\",\"width\":688,\"height\":600,\"caption\":\"Estimulando a aprendizagem de forma l\u00fadica e prazerosa\"},{\"@type\":\"BreadcrumbList\",\"@id\":\"https:\\\/\\\/www.dynseo.com\\\/pt-pt\\\/produto\\\/a-bola-rolante\\\/#breadcrumb\",\"itemListElement\":[{\"@type\":\"ListItem\",\"position\":1,\"name\":\"Accueil\",\"item\":\"https:\\\/\\\/www.dynseo.com\\\/pt-pt\\\/\"},{\"@type\":\"ListItem\",\"position\":2,\"name\":\"Shop\",\"item\":\"https:\\\/\\\/www.dynseo.com\\\/boutique\\\/\"},{\"@type\":\"ListItem\",\"position\":3,\"name\":\"A bola rolante\"}]},{\"@type\":\"WebSite\",\"@id\":\"https:\\\/\\\/www.dynseo.com\\\/pt-pt\\\/#website\",\"url\":\"https:\\\/\\\/www.dynseo.com\\\/pt-pt\\\/\",\"name\":\"Jeux de m\u00e9moire et stimulation cognitive\",\"description\":\"Entra\u00eenez votre m\u00e9moire et votre cerveau avec DYNSEO\",\"publisher\":{\"@id\":\"https:\\\/\\\/www.dynseo.com\\\/pt-pt\\\/#organization\"},\"potentialAction\":[{\"@type\":\"SearchAction\",\"target\":{\"@type\":\"EntryPoint\",\"urlTemplate\":\"https:\\\/\\\/www.dynseo.com\\\/pt-pt\\\/?s={search_term_string}\"},\"query-input\":{\"@type\":\"PropertyValueSpecification\",\"valueRequired\":true,\"valueName\":\"search_term_string\"}}],\"inLanguage\":\"pt-PT\"},{\"@type\":\"Organization\",\"@id\":\"https:\\\/\\\/www.dynseo.com\\\/pt-pt\\\/#organization\",\"name\":\"DYNSEO\",\"url\":\"https:\\\/\\\/www.dynseo.com\\\/pt-pt\\\/\",\"logo\":{\"@type\":\"ImageObject\",\"inLanguage\":\"pt-PT\",\"@id\":\"https:\\\/\\\/www.dynseo.com\\\/pt-pt\\\/#\\\/schema\\\/logo\\\/image\\\/\",\"url\":\"https:\\\/\\\/www.dynseo.com\\\/wp-content\\\/uploads\\\/2022\\\/05\\\/logo-dynseo-new.png\",\"contentUrl\":\"https:\\\/\\\/www.dynseo.com\\\/wp-content\\\/uploads\\\/2022\\\/05\\\/logo-dynseo-new.png\",\"width\":5073,\"height\":1397,\"caption\":\"DYNSEO\"},\"image\":{\"@id\":\"https:\\\/\\\/www.dynseo.com\\\/pt-pt\\\/#\\\/schema\\\/logo\\\/image\\\/\"}}]}<\/script>\n<!-- \/ Yoast SEO plugin. -->","yoast_head_json":{"title":"A bola rolante - DYNSEO - Aplica\u00e7\u00f5es educativas e jogos de mem\u00f3ria","robots":{"index":"index","follow":"follow","max-snippet":"max-snippet:-1","max-image-preview":"max-image-preview:large","max-video-preview":"max-video-preview:-1"},"canonical":"https:\/\/www.dynseo.com\/pt-pt\/produto\/a-bola-rolante\/","og_locale":"pt_PT","og_type":"article","og_title":"A bola rolante - DYNSEO - Aplica\u00e7\u00f5es educativas e jogos de mem\u00f3ria","og_description":"A Rolling Ball \u00e9 uma aplica\u00e7\u00e3o l\u00fadico-pedag\u00f3gica concebida para tablets iPad, que promove o desenvolvimento de capacidades motoras. Utilizando o tablet como suporte de equil\u00edbrio, os utilizadores podem realizar uma variedade de exerc\u00edcios emocionantes, tais como passar c\u00edrculos, mover a bola em dire\u00e7\u00e3o ao centro, seguir c\u00edrculos, seguir linhas, subir a corrente e resist\u00eancia ao vento. Esta aplica\u00e7\u00e3o oferece uma personaliza\u00e7\u00e3o completa, permitindo-lhe modificar o tamanho e a velocidade da bola para adaptar cada exerc\u00edcio \u00e0s suas necessidades. Descubra uma forma divertida de melhorar as suas capacidades motoras com A Bola Rolante no seu tablet iPad.","og_url":"https:\/\/www.dynseo.com\/pt-pt\/produto\/a-bola-rolante\/","og_site_name":"DYNSEO - Aplica\u00e7\u00f5es educativas e jogos de mem\u00f3ria","article_modified_time":"2025-11-06T11:17:37+00:00","og_image":[{"width":688,"height":600,"url":"https:\/\/www.dynseo.com\/wp-content\/uploads\/2024\/07\/9-promotions-coco-pense-et-coco-bouge-la-bille-qui-roule-applications-innovantes-enfants-handicap.png","type":"image\/png"}],"twitter_misc":{"Tempo estimado de leitura":"1 minuto"},"schema":{"@context":"https:\/\/schema.org","@graph":[{"@type":"WebPage","@id":"https:\/\/www.dynseo.com\/pt-pt\/produto\/a-bola-rolante\/","url":"https:\/\/www.dynseo.com\/pt-pt\/produto\/a-bola-rolante\/","name":"A bola rolante - DYNSEO - Aplica\u00e7\u00f5es educativas e jogos de mem\u00f3ria","isPartOf":{"@id":"https:\/\/www.dynseo.com\/pt-pt\/#website"},"primaryImageOfPage":{"@id":"https:\/\/www.dynseo.com\/pt-pt\/produto\/a-bola-rolante\/#primaryimage"},"image":{"@id":"https:\/\/www.dynseo.com\/pt-pt\/produto\/a-bola-rolante\/#primaryimage"},"thumbnailUrl":"https:\/\/www.dynseo.com\/wp-content\/uploads\/2024\/07\/9-promotions-coco-pense-et-coco-bouge-la-bille-qui-roule-applications-innovantes-enfants-handicap.png","datePublished":"2024-06-26T14:37:12+00:00","dateModified":"2025-11-06T11:17:37+00:00","breadcrumb":{"@id":"https:\/\/www.dynseo.com\/pt-pt\/produto\/a-bola-rolante\/#breadcrumb"},"inLanguage":"pt-PT","potentialAction":[{"@type":"ReadAction","target":["https:\/\/www.dynseo.com\/pt-pt\/produto\/a-bola-rolante\/"]}]},{"@type":"ImageObject","inLanguage":"pt-PT","@id":"https:\/\/www.dynseo.com\/pt-pt\/produto\/a-bola-rolante\/#primaryimage","url":"https:\/\/www.dynseo.com\/wp-content\/uploads\/2024\/07\/9-promotions-coco-pense-et-coco-bouge-la-bille-qui-roule-applications-innovantes-enfants-handicap.png","contentUrl":"https:\/\/www.dynseo.com\/wp-content\/uploads\/2024\/07\/9-promotions-coco-pense-et-coco-bouge-la-bille-qui-roule-applications-innovantes-enfants-handicap.png","width":688,"height":600,"caption":"Estimulando a aprendizagem de forma l\u00fadica e prazerosa"},{"@type":"BreadcrumbList","@id":"https:\/\/www.dynseo.com\/pt-pt\/produto\/a-bola-rolante\/#breadcrumb","itemListElement":[{"@type":"ListItem","position":1,"name":"Accueil","item":"https:\/\/www.dynseo.com\/pt-pt\/"},{"@type":"ListItem","position":2,"name":"Shop","item":"https:\/\/www.dynseo.com\/boutique\/"},{"@type":"ListItem","position":3,"name":"A bola rolante"}]},{"@type":"WebSite","@id":"https:\/\/www.dynseo.com\/pt-pt\/#website","url":"https:\/\/www.dynseo.com\/pt-pt\/","name":"Jeux de m\u00e9moire et stimulation cognitive","description":"Entra\u00eenez votre m\u00e9moire et votre cerveau avec DYNSEO","publisher":{"@id":"https:\/\/www.dynseo.com\/pt-pt\/#organization"},"potentialAction":[{"@type":"SearchAction","target":{"@type":"EntryPoint","urlTemplate":"https:\/\/www.dynseo.com\/pt-pt\/?s={search_term_string}"},"query-input":{"@type":"PropertyValueSpecification","valueRequired":true,"valueName":"search_term_string"}}],"inLanguage":"pt-PT"},{"@type":"Organization","@id":"https:\/\/www.dynseo.com\/pt-pt\/#organization","name":"DYNSEO","url":"https:\/\/www.dynseo.com\/pt-pt\/","logo":{"@type":"ImageObject","inLanguage":"pt-PT","@id":"https:\/\/www.dynseo.com\/pt-pt\/#\/schema\/logo\/image\/","url":"https:\/\/www.dynseo.com\/wp-content\/uploads\/2022\/05\/logo-dynseo-new.png","contentUrl":"https:\/\/www.dynseo.com\/wp-content\/uploads\/2022\/05\/logo-dynseo-new.png","width":5073,"height":1397,"caption":"DYNSEO"},"image":{"@id":"https:\/\/www.dynseo.com\/pt-pt\/#\/schema\/logo\/image\/"}}]}},"_links":{"self":[{"href":"https:\/\/www.dynseo.com\/pt-pt\/wp-json\/wp\/v2\/product\/129250","targetHints":{"allow":["GET"]}}],"collection":[{"href":"https:\/\/www.dynseo.com\/pt-pt\/wp-json\/wp\/v2\/product"}],"about":[{"href":"https:\/\/www.dynseo.com\/pt-pt\/wp-json\/wp\/v2\/types\/product"}],"replies":[{"embeddable":true,"href":"https:\/\/www.dynseo.com\/pt-pt\/wp-json\/wp\/v2\/comments?post=129250"}],"wp:featuredmedia":[{"embeddable":true,"href":"https:\/\/www.dynseo.com\/pt-pt\/wp-json\/wp\/v2\/media\/130139"}],"wp:attachment":[{"href":"https:\/\/www.dynseo.com\/pt-pt\/wp-json\/wp\/v2\/media?parent=129250"}],"wp:term":[{"taxonomy":"product_brand","embeddable":true,"href":"https:\/\/www.dynseo.com\/pt-pt\/wp-json\/wp\/v2\/product_brand?post=129250"},{"taxonomy":"product_cat","embeddable":true,"href":"https:\/\/www.dynseo.com\/pt-pt\/wp-json\/wp\/v2\/product_cat?post=129250"},{"taxonomy":"product_tag","embeddable":true,"href":"https:\/\/www.dynseo.com\/pt-pt\/wp-json\/wp\/v2\/product_tag?post=129250"}],"curies":[{"name":"wp","href":"https:\/\/api.w.org\/{rel}","templated":true}]}}