{"id":538984,"date":"2026-04-07T13:06:39","date_gmt":"2026-04-07T11:06:39","guid":{"rendered":"https:\/\/www.dynseo.com\/produit\/parkinson-em-estabelecimento-compreender-a-doenca-e-adaptar-a-sua-pratica-profissional\/"},"modified":"2026-04-07T13:06:39","modified_gmt":"2026-04-07T11:06:39","slug":"parkinson-em-estabelecimento-compreender-a-doenca-e-adaptar-a-sua-pratica-profissional","status":"publish","type":"product","link":"https:\/\/www.dynseo.com\/pt-pt\/produto\/parkinson-em-estabelecimento-compreender-a-doenca-e-adaptar-a-sua-pratica-profissional\/","title":{"rendered":"Parkinson em estabelecimento: compreender a doen\u00e7a e adaptar a sua pr\u00e1tica profissional"},"content":{"rendered":"","protected":false},"excerpt":{"rendered":"","protected":false},"featured_media":518519,"comment_status":"open","ping_status":"closed","template":"","meta":{"_et_pb_use_builder":"","_et_pb_old_content":"","_et_gb_content_width":""},"product_brand":[],"product_cat":[4534],"product_tag":[],"class_list":{"0":"post-538984","1":"product","2":"type-product","3":"status-publish","4":"has-post-thumbnail","6":"product_cat-formacao","8":"first","9":"instock","10":"virtual","11":"taxable","12":"purchasable","13":"product-type-simple"},"yoast_head":"<!-- This site is optimized with the Yoast SEO plugin v27.4 - https:\/\/yoast.com\/product\/yoast-seo-wordpress\/ -->\n<title>Parkinson em estabelecimento: compreender a doen\u00e7a e adaptar a sua pr\u00e1tica profissional - DYNSEO - Aplica\u00e7\u00f5es educativas e jogos de mem\u00f3ria<\/title>\n<meta name=\"robots\" content=\"index, follow, max-snippet:-1, max-image-preview:large, max-video-preview:-1\" \/>\n<link rel=\"canonical\" href=\"https:\/\/www.dynseo.com\/pt-pt\/produto\/parkinson-em-estabelecimento-compreender-a-doenca-e-adaptar-a-sua-pratica-profissional\/\" \/>\n<meta property=\"og:locale\" content=\"pt_PT\" \/>\n<meta property=\"og:type\" content=\"article\" \/>\n<meta property=\"og:title\" content=\"Parkinson em estabelecimento: compreender a doen\u00e7a e adaptar a sua pr\u00e1tica profissional - DYNSEO - Aplica\u00e7\u00f5es educativas e jogos de mem\u00f3ria\" \/>\n<meta property=\"og:url\" content=\"https:\/\/www.dynseo.com\/pt-pt\/produto\/parkinson-em-estabelecimento-compreender-a-doenca-e-adaptar-a-sua-pratica-profissional\/\" \/>\n<meta property=\"og:site_name\" content=\"DYNSEO - Aplica\u00e7\u00f5es educativas e jogos de mem\u00f3ria\" \/>\n<script type=\"application\/ld+json\" class=\"yoast-schema-graph\">{\"@context\":\"https:\\\/\\\/schema.org\",\"@graph\":[{\"@type\":\"WebPage\",\"@id\":\"https:\\\/\\\/www.dynseo.com\\\/pt-pt\\\/produto\\\/parkinson-em-estabelecimento-compreender-a-doenca-e-adaptar-a-sua-pratica-profissional\\\/\",\"url\":\"https:\\\/\\\/www.dynseo.com\\\/pt-pt\\\/produto\\\/parkinson-em-estabelecimento-compreender-a-doenca-e-adaptar-a-sua-pratica-profissional\\\/\",\"name\":\"Parkinson em estabelecimento: compreender a doen\u00e7a e adaptar a sua pr\u00e1tica profissional - DYNSEO - Aplica\u00e7\u00f5es educativas e jogos de mem\u00f3ria\",\"isPartOf\":{\"@id\":\"https:\\\/\\\/www.dynseo.com\\\/pt-pt\\\/#website\"},\"primaryImageOfPage\":{\"@id\":\"https:\\\/\\\/www.dynseo.com\\\/pt-pt\\\/produto\\\/parkinson-em-estabelecimento-compreender-a-doenca-e-adaptar-a-sua-pratica-profissional\\\/#primaryimage\"},\"image\":{\"@id\":\"https:\\\/\\\/www.dynseo.com\\\/pt-pt\\\/produto\\\/parkinson-em-estabelecimento-compreender-a-doenca-e-adaptar-a-sua-pratica-profissional\\\/#primaryimage\"},\"thumbnailUrl\":\"https:\\\/\\\/www.dynseo.com\\\/wp-content\\\/uploads\\\/2026\\\/03\\\/famille-portugais.png\",\"datePublished\":\"2026-04-07T11:06:39+00:00\",\"breadcrumb\":{\"@id\":\"https:\\\/\\\/www.dynseo.com\\\/pt-pt\\\/produto\\\/parkinson-em-estabelecimento-compreender-a-doenca-e-adaptar-a-sua-pratica-profissional\\\/#breadcrumb\"},\"inLanguage\":\"pt-PT\",\"potentialAction\":[{\"@type\":\"ReadAction\",\"target\":[\"https:\\\/\\\/www.dynseo.com\\\/pt-pt\\\/produto\\\/parkinson-em-estabelecimento-compreender-a-doenca-e-adaptar-a-sua-pratica-profissional\\\/\"]}]},{\"@type\":\"ImageObject\",\"inLanguage\":\"pt-PT\",\"@id\":\"https:\\\/\\\/www.dynseo.com\\\/pt-pt\\\/produto\\\/parkinson-em-estabelecimento-compreender-a-doenca-e-adaptar-a-sua-pratica-profissional\\\/#primaryimage\",\"url\":\"https:\\\/\\\/www.dynseo.com\\\/wp-content\\\/uploads\\\/2026\\\/03\\\/famille-portugais.png\",\"contentUrl\":\"https:\\\/\\\/www.dynseo.com\\\/wp-content\\\/uploads\\\/2026\\\/03\\\/famille-portugais.png\",\"width\":500,\"height\":500,\"caption\":\"\u8ba9\u5b66\u4e60\u4e0d\u518d\u662f\u8d1f\u62c5,\u8ba9\u5b69\u5b50\u91cd\u62fe\u81ea\u4fe1\"},{\"@type\":\"BreadcrumbList\",\"@id\":\"https:\\\/\\\/www.dynseo.com\\\/pt-pt\\\/produto\\\/parkinson-em-estabelecimento-compreender-a-doenca-e-adaptar-a-sua-pratica-profissional\\\/#breadcrumb\",\"itemListElement\":[{\"@type\":\"ListItem\",\"position\":1,\"name\":\"Accueil\",\"item\":\"https:\\\/\\\/www.dynseo.com\\\/pt-pt\\\/\"},{\"@type\":\"ListItem\",\"position\":2,\"name\":\"Shop\",\"item\":\"https:\\\/\\\/www.dynseo.com\\\/boutique\\\/\"},{\"@type\":\"ListItem\",\"position\":3,\"name\":\"Parkinson em estabelecimento: compreender a doen\u00e7a e adaptar a sua pr\u00e1tica profissional\"}]},{\"@type\":\"WebSite\",\"@id\":\"https:\\\/\\\/www.dynseo.com\\\/pt-pt\\\/#website\",\"url\":\"https:\\\/\\\/www.dynseo.com\\\/pt-pt\\\/\",\"name\":\"Jeux de m\u00e9moire et stimulation cognitive\",\"description\":\"Entra\u00eenez votre m\u00e9moire et votre cerveau avec DYNSEO\",\"publisher\":{\"@id\":\"https:\\\/\\\/www.dynseo.com\\\/pt-pt\\\/#organization\"},\"potentialAction\":[{\"@type\":\"SearchAction\",\"target\":{\"@type\":\"EntryPoint\",\"urlTemplate\":\"https:\\\/\\\/www.dynseo.com\\\/pt-pt\\\/?s={search_term_string}\"},\"query-input\":{\"@type\":\"PropertyValueSpecification\",\"valueRequired\":true,\"valueName\":\"search_term_string\"}}],\"inLanguage\":\"pt-PT\"},{\"@type\":\"Organization\",\"@id\":\"https:\\\/\\\/www.dynseo.com\\\/pt-pt\\\/#organization\",\"name\":\"DYNSEO\",\"url\":\"https:\\\/\\\/www.dynseo.com\\\/pt-pt\\\/\",\"logo\":{\"@type\":\"ImageObject\",\"inLanguage\":\"pt-PT\",\"@id\":\"https:\\\/\\\/www.dynseo.com\\\/pt-pt\\\/#\\\/schema\\\/logo\\\/image\\\/\",\"url\":\"https:\\\/\\\/www.dynseo.com\\\/wp-content\\\/uploads\\\/2022\\\/05\\\/logo-dynseo-new.png\",\"contentUrl\":\"https:\\\/\\\/www.dynseo.com\\\/wp-content\\\/uploads\\\/2022\\\/05\\\/logo-dynseo-new.png\",\"width\":5073,\"height\":1397,\"caption\":\"DYNSEO\"},\"image\":{\"@id\":\"https:\\\/\\\/www.dynseo.com\\\/pt-pt\\\/#\\\/schema\\\/logo\\\/image\\\/\"}}]}<\/script>\n<!-- \/ Yoast SEO plugin. -->","yoast_head_json":{"title":"Parkinson em estabelecimento: compreender a doen\u00e7a e adaptar a sua pr\u00e1tica profissional - DYNSEO - Aplica\u00e7\u00f5es educativas e jogos de mem\u00f3ria","robots":{"index":"index","follow":"follow","max-snippet":"max-snippet:-1","max-image-preview":"max-image-preview:large","max-video-preview":"max-video-preview:-1"},"canonical":"https:\/\/www.dynseo.com\/pt-pt\/produto\/parkinson-em-estabelecimento-compreender-a-doenca-e-adaptar-a-sua-pratica-profissional\/","og_locale":"pt_PT","og_type":"article","og_title":"Parkinson em estabelecimento: compreender a doen\u00e7a e adaptar a sua pr\u00e1tica profissional - DYNSEO - Aplica\u00e7\u00f5es educativas e jogos de mem\u00f3ria","og_url":"https:\/\/www.dynseo.com\/pt-pt\/produto\/parkinson-em-estabelecimento-compreender-a-doenca-e-adaptar-a-sua-pratica-profissional\/","og_site_name":"DYNSEO - Aplica\u00e7\u00f5es educativas e jogos de mem\u00f3ria","schema":{"@context":"https:\/\/schema.org","@graph":[{"@type":"WebPage","@id":"https:\/\/www.dynseo.com\/pt-pt\/produto\/parkinson-em-estabelecimento-compreender-a-doenca-e-adaptar-a-sua-pratica-profissional\/","url":"https:\/\/www.dynseo.com\/pt-pt\/produto\/parkinson-em-estabelecimento-compreender-a-doenca-e-adaptar-a-sua-pratica-profissional\/","name":"Parkinson em estabelecimento: compreender a doen\u00e7a e adaptar a sua pr\u00e1tica profissional - DYNSEO - Aplica\u00e7\u00f5es educativas e jogos de mem\u00f3ria","isPartOf":{"@id":"https:\/\/www.dynseo.com\/pt-pt\/#website"},"primaryImageOfPage":{"@id":"https:\/\/www.dynseo.com\/pt-pt\/produto\/parkinson-em-estabelecimento-compreender-a-doenca-e-adaptar-a-sua-pratica-profissional\/#primaryimage"},"image":{"@id":"https:\/\/www.dynseo.com\/pt-pt\/produto\/parkinson-em-estabelecimento-compreender-a-doenca-e-adaptar-a-sua-pratica-profissional\/#primaryimage"},"thumbnailUrl":"https:\/\/www.dynseo.com\/wp-content\/uploads\/2026\/03\/famille-portugais.png","datePublished":"2026-04-07T11:06:39+00:00","breadcrumb":{"@id":"https:\/\/www.dynseo.com\/pt-pt\/produto\/parkinson-em-estabelecimento-compreender-a-doenca-e-adaptar-a-sua-pratica-profissional\/#breadcrumb"},"inLanguage":"pt-PT","potentialAction":[{"@type":"ReadAction","target":["https:\/\/www.dynseo.com\/pt-pt\/produto\/parkinson-em-estabelecimento-compreender-a-doenca-e-adaptar-a-sua-pratica-profissional\/"]}]},{"@type":"ImageObject","inLanguage":"pt-PT","@id":"https:\/\/www.dynseo.com\/pt-pt\/produto\/parkinson-em-estabelecimento-compreender-a-doenca-e-adaptar-a-sua-pratica-profissional\/#primaryimage","url":"https:\/\/www.dynseo.com\/wp-content\/uploads\/2026\/03\/famille-portugais.png","contentUrl":"https:\/\/www.dynseo.com\/wp-content\/uploads\/2026\/03\/famille-portugais.png","width":500,"height":500,"caption":"\u8ba9\u5b66\u4e60\u4e0d\u518d\u662f\u8d1f\u62c5,\u8ba9\u5b69\u5b50\u91cd\u62fe\u81ea\u4fe1"},{"@type":"BreadcrumbList","@id":"https:\/\/www.dynseo.com\/pt-pt\/produto\/parkinson-em-estabelecimento-compreender-a-doenca-e-adaptar-a-sua-pratica-profissional\/#breadcrumb","itemListElement":[{"@type":"ListItem","position":1,"name":"Accueil","item":"https:\/\/www.dynseo.com\/pt-pt\/"},{"@type":"ListItem","position":2,"name":"Shop","item":"https:\/\/www.dynseo.com\/boutique\/"},{"@type":"ListItem","position":3,"name":"Parkinson em estabelecimento: compreender a doen\u00e7a e adaptar a sua pr\u00e1tica profissional"}]},{"@type":"WebSite","@id":"https:\/\/www.dynseo.com\/pt-pt\/#website","url":"https:\/\/www.dynseo.com\/pt-pt\/","name":"Jeux de m\u00e9moire et stimulation cognitive","description":"Entra\u00eenez votre m\u00e9moire et votre cerveau avec DYNSEO","publisher":{"@id":"https:\/\/www.dynseo.com\/pt-pt\/#organization"},"potentialAction":[{"@type":"SearchAction","target":{"@type":"EntryPoint","urlTemplate":"https:\/\/www.dynseo.com\/pt-pt\/?s={search_term_string}"},"query-input":{"@type":"PropertyValueSpecification","valueRequired":true,"valueName":"search_term_string"}}],"inLanguage":"pt-PT"},{"@type":"Organization","@id":"https:\/\/www.dynseo.com\/pt-pt\/#organization","name":"DYNSEO","url":"https:\/\/www.dynseo.com\/pt-pt\/","logo":{"@type":"ImageObject","inLanguage":"pt-PT","@id":"https:\/\/www.dynseo.com\/pt-pt\/#\/schema\/logo\/image\/","url":"https:\/\/www.dynseo.com\/wp-content\/uploads\/2022\/05\/logo-dynseo-new.png","contentUrl":"https:\/\/www.dynseo.com\/wp-content\/uploads\/2022\/05\/logo-dynseo-new.png","width":5073,"height":1397,"caption":"DYNSEO"},"image":{"@id":"https:\/\/www.dynseo.com\/pt-pt\/#\/schema\/logo\/image\/"}}]}},"_links":{"self":[{"href":"https:\/\/www.dynseo.com\/pt-pt\/wp-json\/wp\/v2\/product\/538984","targetHints":{"allow":["GET"]}}],"collection":[{"href":"https:\/\/www.dynseo.com\/pt-pt\/wp-json\/wp\/v2\/product"}],"about":[{"href":"https:\/\/www.dynseo.com\/pt-pt\/wp-json\/wp\/v2\/types\/product"}],"replies":[{"embeddable":true,"href":"https:\/\/www.dynseo.com\/pt-pt\/wp-json\/wp\/v2\/comments?post=538984"}],"wp:featuredmedia":[{"embeddable":true,"href":"https:\/\/www.dynseo.com\/pt-pt\/wp-json\/wp\/v2\/media\/518519"}],"wp:attachment":[{"href":"https:\/\/www.dynseo.com\/pt-pt\/wp-json\/wp\/v2\/media?parent=538984"}],"wp:term":[{"taxonomy":"product_brand","embeddable":true,"href":"https:\/\/www.dynseo.com\/pt-pt\/wp-json\/wp\/v2\/product_brand?post=538984"},{"taxonomy":"product_cat","embeddable":true,"href":"https:\/\/www.dynseo.com\/pt-pt\/wp-json\/wp\/v2\/product_cat?post=538984"},{"taxonomy":"product_tag","embeddable":true,"href":"https:\/\/www.dynseo.com\/pt-pt\/wp-json\/wp\/v2\/product_tag?post=538984"}],"curies":[{"name":"wp","href":"https:\/\/api.w.org\/{rel}","templated":true}]}}