{"id":539265,"date":"2026-04-08T11:21:55","date_gmt":"2026-04-08T09:21:55","guid":{"rendered":"https:\/\/www.dynseo.com\/produit\/pack-outils-thematique-2\/"},"modified":"2026-04-08T11:22:03","modified_gmt":"2026-04-08T09:22:03","slug":"pacote-de-ferramentas-tematicas","status":"publish","type":"product","link":"https:\/\/www.dynseo.com\/pt-pt\/produto\/pacote-de-ferramentas-tematicas\/","title":{"rendered":"Pacote de Ferramentas Tem\u00e1ticas"},"content":{"rendered":"<p>Choisissez votre domaine de sp\u00e9cialit\u00e9 et acc\u00e9dez \u00e0 7-8 outils sp\u00e9cialis\u00e9s pour orthophonie.<\/p>\n","protected":false},"excerpt":{"rendered":"<p>Choisissez votre domaine de sp\u00e9cialit\u00e9 et acc\u00e9dez \u00e0 7-8 outils sp\u00e9cialis\u00e9s pour orthophonie.<\/p>\n","protected":false},"featured_media":539190,"comment_status":"closed","ping_status":"closed","template":"","meta":{"_et_pb_use_builder":"","_et_pb_old_content":"Choisissez votre domaine de sp\u00e9cialit\u00e9 et acc\u00e9dez \u00e0 7-8 outils sp\u00e9cialis\u00e9s pour orthophonie.","_et_gb_content_width":""},"product_brand":[],"product_cat":[],"product_tag":[],"class_list":{"0":"post-539265","1":"product","2":"type-product","3":"status-publish","4":"has-post-thumbnail","7":"first","8":"instock","9":"taxable","10":"shipping-taxable","11":"purchasable","12":"product-type-simple"},"yoast_head":"<!-- This site is optimized with the Yoast SEO plugin v27.3 - https:\/\/yoast.com\/product\/yoast-seo-wordpress\/ -->\n<title>Pacote de Ferramentas Tem\u00e1ticas - DYNSEO - Aplica\u00e7\u00f5es educativas e jogos de mem\u00f3ria<\/title>\n<meta name=\"robots\" content=\"index, follow, max-snippet:-1, max-image-preview:large, max-video-preview:-1\" \/>\n<link rel=\"canonical\" href=\"https:\/\/www.dynseo.com\/pt-pt\/produto\/pacote-de-ferramentas-tematicas\/\" \/>\n<meta property=\"og:locale\" content=\"pt_PT\" \/>\n<meta property=\"og:type\" content=\"article\" \/>\n<meta property=\"og:title\" content=\"Pacote de Ferramentas Tem\u00e1ticas - DYNSEO - Aplica\u00e7\u00f5es educativas e jogos de mem\u00f3ria\" \/>\n<meta property=\"og:description\" content=\"Choisissez votre domaine de sp\u00e9cialit\u00e9 et acc\u00e9dez \u00e0 7-8 outils sp\u00e9cialis\u00e9s pour orthophonie.\" \/>\n<meta property=\"og:url\" content=\"https:\/\/www.dynseo.com\/pt-pt\/produto\/pacote-de-ferramentas-tematicas\/\" \/>\n<meta property=\"og:site_name\" content=\"DYNSEO - Aplica\u00e7\u00f5es educativas e jogos de mem\u00f3ria\" \/>\n<meta property=\"article:modified_time\" content=\"2026-04-08T09:22:03+00:00\" \/>\n<meta property=\"og:image\" content=\"https:\/\/www.dynseo.com\/wp-content\/uploads\/2026\/04\/Toutes-realisations-Image-site-web-erferencement-aegnce-DYNSEO-conception-site-web-et-application-mobiles-sur-mesure-4.png\" \/>\n\t<meta property=\"og:image:width\" content=\"1080\" \/>\n\t<meta property=\"og:image:height\" content=\"1080\" \/>\n\t<meta property=\"og:image:type\" content=\"image\/png\" \/>\n<script type=\"application\/ld+json\" class=\"yoast-schema-graph\">{\"@context\":\"https:\\\/\\\/schema.org\",\"@graph\":[{\"@type\":\"WebPage\",\"@id\":\"https:\\\/\\\/www.dynseo.com\\\/pt-pt\\\/produto\\\/pacote-de-ferramentas-tematicas\\\/\",\"url\":\"https:\\\/\\\/www.dynseo.com\\\/pt-pt\\\/produto\\\/pacote-de-ferramentas-tematicas\\\/\",\"name\":\"Pacote de Ferramentas Tem\u00e1ticas - DYNSEO - Aplica\u00e7\u00f5es educativas e jogos de mem\u00f3ria\",\"isPartOf\":{\"@id\":\"https:\\\/\\\/www.dynseo.com\\\/pt-pt\\\/#website\"},\"primaryImageOfPage\":{\"@id\":\"https:\\\/\\\/www.dynseo.com\\\/pt-pt\\\/produto\\\/pacote-de-ferramentas-tematicas\\\/#primaryimage\"},\"image\":{\"@id\":\"https:\\\/\\\/www.dynseo.com\\\/pt-pt\\\/produto\\\/pacote-de-ferramentas-tematicas\\\/#primaryimage\"},\"thumbnailUrl\":\"https:\\\/\\\/www.dynseo.com\\\/wp-content\\\/uploads\\\/2026\\\/04\\\/Toutes-realisations-Image-site-web-erferencement-aegnce-DYNSEO-conception-site-web-et-application-mobiles-sur-mesure-4.png\",\"datePublished\":\"2026-04-08T09:21:55+00:00\",\"dateModified\":\"2026-04-08T09:22:03+00:00\",\"breadcrumb\":{\"@id\":\"https:\\\/\\\/www.dynseo.com\\\/pt-pt\\\/produto\\\/pacote-de-ferramentas-tematicas\\\/#breadcrumb\"},\"inLanguage\":\"pt-PT\",\"potentialAction\":[{\"@type\":\"ReadAction\",\"target\":[\"https:\\\/\\\/www.dynseo.com\\\/pt-pt\\\/produto\\\/pacote-de-ferramentas-tematicas\\\/\"]}]},{\"@type\":\"ImageObject\",\"inLanguage\":\"pt-PT\",\"@id\":\"https:\\\/\\\/www.dynseo.com\\\/pt-pt\\\/produto\\\/pacote-de-ferramentas-tematicas\\\/#primaryimage\",\"url\":\"https:\\\/\\\/www.dynseo.com\\\/wp-content\\\/uploads\\\/2026\\\/04\\\/Toutes-realisations-Image-site-web-erferencement-aegnce-DYNSEO-conception-site-web-et-application-mobiles-sur-mesure-4.png\",\"contentUrl\":\"https:\\\/\\\/www.dynseo.com\\\/wp-content\\\/uploads\\\/2026\\\/04\\\/Toutes-realisations-Image-site-web-erferencement-aegnce-DYNSEO-conception-site-web-et-application-mobiles-sur-mesure-4.png\",\"width\":1080,\"height\":1080,\"caption\":\"Toutes re\u0301alisations Image site web erferencement aegnce DYNSEO conception site web et application mobiles sur mesure (4)\"},{\"@type\":\"BreadcrumbList\",\"@id\":\"https:\\\/\\\/www.dynseo.com\\\/pt-pt\\\/produto\\\/pacote-de-ferramentas-tematicas\\\/#breadcrumb\",\"itemListElement\":[{\"@type\":\"ListItem\",\"position\":1,\"name\":\"Accueil\",\"item\":\"https:\\\/\\\/www.dynseo.com\\\/pt-pt\\\/\"},{\"@type\":\"ListItem\",\"position\":2,\"name\":\"Shop\",\"item\":\"https:\\\/\\\/www.dynseo.com\\\/boutique\\\/\"},{\"@type\":\"ListItem\",\"position\":3,\"name\":\"Pacote de Ferramentas Tem\u00e1ticas\"}]},{\"@type\":\"WebSite\",\"@id\":\"https:\\\/\\\/www.dynseo.com\\\/pt-pt\\\/#website\",\"url\":\"https:\\\/\\\/www.dynseo.com\\\/pt-pt\\\/\",\"name\":\"Jeux de m\u00e9moire et stimulation cognitive\",\"description\":\"Entra\u00eenez votre m\u00e9moire et votre cerveau avec DYNSEO\",\"publisher\":{\"@id\":\"https:\\\/\\\/www.dynseo.com\\\/pt-pt\\\/#organization\"},\"potentialAction\":[{\"@type\":\"SearchAction\",\"target\":{\"@type\":\"EntryPoint\",\"urlTemplate\":\"https:\\\/\\\/www.dynseo.com\\\/pt-pt\\\/?s={search_term_string}\"},\"query-input\":{\"@type\":\"PropertyValueSpecification\",\"valueRequired\":true,\"valueName\":\"search_term_string\"}}],\"inLanguage\":\"pt-PT\"},{\"@type\":\"Organization\",\"@id\":\"https:\\\/\\\/www.dynseo.com\\\/pt-pt\\\/#organization\",\"name\":\"DYNSEO\",\"url\":\"https:\\\/\\\/www.dynseo.com\\\/pt-pt\\\/\",\"logo\":{\"@type\":\"ImageObject\",\"inLanguage\":\"pt-PT\",\"@id\":\"https:\\\/\\\/www.dynseo.com\\\/pt-pt\\\/#\\\/schema\\\/logo\\\/image\\\/\",\"url\":\"https:\\\/\\\/www.dynseo.com\\\/wp-content\\\/uploads\\\/2022\\\/05\\\/logo-dynseo-new.png\",\"contentUrl\":\"https:\\\/\\\/www.dynseo.com\\\/wp-content\\\/uploads\\\/2022\\\/05\\\/logo-dynseo-new.png\",\"width\":5073,\"height\":1397,\"caption\":\"DYNSEO\"},\"image\":{\"@id\":\"https:\\\/\\\/www.dynseo.com\\\/pt-pt\\\/#\\\/schema\\\/logo\\\/image\\\/\"}}]}<\/script>\n<!-- \/ Yoast SEO plugin. -->","yoast_head_json":{"title":"Pacote de Ferramentas Tem\u00e1ticas - DYNSEO - Aplica\u00e7\u00f5es educativas e jogos de mem\u00f3ria","robots":{"index":"index","follow":"follow","max-snippet":"max-snippet:-1","max-image-preview":"max-image-preview:large","max-video-preview":"max-video-preview:-1"},"canonical":"https:\/\/www.dynseo.com\/pt-pt\/produto\/pacote-de-ferramentas-tematicas\/","og_locale":"pt_PT","og_type":"article","og_title":"Pacote de Ferramentas Tem\u00e1ticas - DYNSEO - Aplica\u00e7\u00f5es educativas e jogos de mem\u00f3ria","og_description":"Choisissez votre domaine de sp\u00e9cialit\u00e9 et acc\u00e9dez \u00e0 7-8 outils sp\u00e9cialis\u00e9s pour orthophonie.","og_url":"https:\/\/www.dynseo.com\/pt-pt\/produto\/pacote-de-ferramentas-tematicas\/","og_site_name":"DYNSEO - Aplica\u00e7\u00f5es educativas e jogos de mem\u00f3ria","article_modified_time":"2026-04-08T09:22:03+00:00","og_image":[{"width":1080,"height":1080,"url":"https:\/\/www.dynseo.com\/wp-content\/uploads\/2026\/04\/Toutes-realisations-Image-site-web-erferencement-aegnce-DYNSEO-conception-site-web-et-application-mobiles-sur-mesure-4.png","type":"image\/png"}],"schema":{"@context":"https:\/\/schema.org","@graph":[{"@type":"WebPage","@id":"https:\/\/www.dynseo.com\/pt-pt\/produto\/pacote-de-ferramentas-tematicas\/","url":"https:\/\/www.dynseo.com\/pt-pt\/produto\/pacote-de-ferramentas-tematicas\/","name":"Pacote de Ferramentas Tem\u00e1ticas - DYNSEO - Aplica\u00e7\u00f5es educativas e jogos de mem\u00f3ria","isPartOf":{"@id":"https:\/\/www.dynseo.com\/pt-pt\/#website"},"primaryImageOfPage":{"@id":"https:\/\/www.dynseo.com\/pt-pt\/produto\/pacote-de-ferramentas-tematicas\/#primaryimage"},"image":{"@id":"https:\/\/www.dynseo.com\/pt-pt\/produto\/pacote-de-ferramentas-tematicas\/#primaryimage"},"thumbnailUrl":"https:\/\/www.dynseo.com\/wp-content\/uploads\/2026\/04\/Toutes-realisations-Image-site-web-erferencement-aegnce-DYNSEO-conception-site-web-et-application-mobiles-sur-mesure-4.png","datePublished":"2026-04-08T09:21:55+00:00","dateModified":"2026-04-08T09:22:03+00:00","breadcrumb":{"@id":"https:\/\/www.dynseo.com\/pt-pt\/produto\/pacote-de-ferramentas-tematicas\/#breadcrumb"},"inLanguage":"pt-PT","potentialAction":[{"@type":"ReadAction","target":["https:\/\/www.dynseo.com\/pt-pt\/produto\/pacote-de-ferramentas-tematicas\/"]}]},{"@type":"ImageObject","inLanguage":"pt-PT","@id":"https:\/\/www.dynseo.com\/pt-pt\/produto\/pacote-de-ferramentas-tematicas\/#primaryimage","url":"https:\/\/www.dynseo.com\/wp-content\/uploads\/2026\/04\/Toutes-realisations-Image-site-web-erferencement-aegnce-DYNSEO-conception-site-web-et-application-mobiles-sur-mesure-4.png","contentUrl":"https:\/\/www.dynseo.com\/wp-content\/uploads\/2026\/04\/Toutes-realisations-Image-site-web-erferencement-aegnce-DYNSEO-conception-site-web-et-application-mobiles-sur-mesure-4.png","width":1080,"height":1080,"caption":"Toutes re\u0301alisations Image site web erferencement aegnce DYNSEO conception site web et application mobiles sur mesure (4)"},{"@type":"BreadcrumbList","@id":"https:\/\/www.dynseo.com\/pt-pt\/produto\/pacote-de-ferramentas-tematicas\/#breadcrumb","itemListElement":[{"@type":"ListItem","position":1,"name":"Accueil","item":"https:\/\/www.dynseo.com\/pt-pt\/"},{"@type":"ListItem","position":2,"name":"Shop","item":"https:\/\/www.dynseo.com\/boutique\/"},{"@type":"ListItem","position":3,"name":"Pacote de Ferramentas Tem\u00e1ticas"}]},{"@type":"WebSite","@id":"https:\/\/www.dynseo.com\/pt-pt\/#website","url":"https:\/\/www.dynseo.com\/pt-pt\/","name":"Jeux de m\u00e9moire et stimulation cognitive","description":"Entra\u00eenez votre m\u00e9moire et votre cerveau avec DYNSEO","publisher":{"@id":"https:\/\/www.dynseo.com\/pt-pt\/#organization"},"potentialAction":[{"@type":"SearchAction","target":{"@type":"EntryPoint","urlTemplate":"https:\/\/www.dynseo.com\/pt-pt\/?s={search_term_string}"},"query-input":{"@type":"PropertyValueSpecification","valueRequired":true,"valueName":"search_term_string"}}],"inLanguage":"pt-PT"},{"@type":"Organization","@id":"https:\/\/www.dynseo.com\/pt-pt\/#organization","name":"DYNSEO","url":"https:\/\/www.dynseo.com\/pt-pt\/","logo":{"@type":"ImageObject","inLanguage":"pt-PT","@id":"https:\/\/www.dynseo.com\/pt-pt\/#\/schema\/logo\/image\/","url":"https:\/\/www.dynseo.com\/wp-content\/uploads\/2022\/05\/logo-dynseo-new.png","contentUrl":"https:\/\/www.dynseo.com\/wp-content\/uploads\/2022\/05\/logo-dynseo-new.png","width":5073,"height":1397,"caption":"DYNSEO"},"image":{"@id":"https:\/\/www.dynseo.com\/pt-pt\/#\/schema\/logo\/image\/"}}]}},"_links":{"self":[{"href":"https:\/\/www.dynseo.com\/pt-pt\/wp-json\/wp\/v2\/product\/539265","targetHints":{"allow":["GET"]}}],"collection":[{"href":"https:\/\/www.dynseo.com\/pt-pt\/wp-json\/wp\/v2\/product"}],"about":[{"href":"https:\/\/www.dynseo.com\/pt-pt\/wp-json\/wp\/v2\/types\/product"}],"replies":[{"embeddable":true,"href":"https:\/\/www.dynseo.com\/pt-pt\/wp-json\/wp\/v2\/comments?post=539265"}],"wp:featuredmedia":[{"embeddable":true,"href":"https:\/\/www.dynseo.com\/pt-pt\/wp-json\/wp\/v2\/media\/539190"}],"wp:attachment":[{"href":"https:\/\/www.dynseo.com\/pt-pt\/wp-json\/wp\/v2\/media?parent=539265"}],"wp:term":[{"taxonomy":"product_brand","embeddable":true,"href":"https:\/\/www.dynseo.com\/pt-pt\/wp-json\/wp\/v2\/product_brand?post=539265"},{"taxonomy":"product_cat","embeddable":true,"href":"https:\/\/www.dynseo.com\/pt-pt\/wp-json\/wp\/v2\/product_cat?post=539265"},{"taxonomy":"product_tag","embeddable":true,"href":"https:\/\/www.dynseo.com\/pt-pt\/wp-json\/wp\/v2\/product_tag?post=539265"}],"curies":[{"name":"wp","href":"https:\/\/api.w.org\/{rel}","templated":true}]}}