{"id":431633,"date":"2025-12-01T19:08:33","date_gmt":"2025-12-01T18:08:33","guid":{"rendered":"https:\/\/www.dynseo.com\/123-%e9%9b%95%e5%83%8f-%e8%b4%9d%e5%b0%bc%e5%8d%a2\/"},"modified":"2025-12-19T10:56:11","modified_gmt":"2025-12-19T09:56:11","slug":"123-%e9%9b%95%e5%83%8f-%e8%b4%9d%e5%b0%bc%e5%8d%a2","status":"publish","type":"page","link":"https:\/\/www.dynseo.com\/zh-hans\/123-%e9%9b%95%e5%83%8f-%e8%b4%9d%e5%b0%bc%e5%8d%a2\/","title":{"rendered":"123 \u96d5\u50cf &#8211; \u8d1d\u5c3c\u5362"},"content":{"rendered":"<p>[et_pb_section fb_built=&#8221;1&#8243; _builder_version=&#8221;4.25.1&#8243; _module_preset=&#8221;default&#8221; background_enable_color=&#8221;off&#8221; da_disable_devices=&#8221;off|off|off&#8221; global_colors_info=&#8221;{}&#8221; da_is_popup=&#8221;off&#8221; da_exit_intent=&#8221;off&#8221; da_has_close=&#8221;on&#8221; da_alt_close=&#8221;off&#8221; da_dark_close=&#8221;off&#8221; da_not_modal=&#8221;on&#8221; da_is_singular=&#8221;off&#8221; da_with_loader=&#8221;off&#8221; da_has_shadow=&#8221;on&#8221;][et_pb_row _builder_version=&#8221;4.25.1&#8243; _module_preset=&#8221;default&#8221; global_colors_info=&#8221;{}&#8221;][et_pb_column type=&#8221;4_4&#8243; _builder_version=&#8221;4.25.1&#8243; _module_preset=&#8221;default&#8221; global_colors_info=&#8221;{}&#8221;][et_pb_text _builder_version=&#8221;4.27.0&#8243; _module_preset=&#8221;default&#8221; global_colors_info=&#8221;{}&#8221;]<\/p>\n<p style=\"width: 100%; height: 100vh; margin: 0; padding: 0;\"><iframe id=\"statue-game\" style=\"width: 100%; height: 100%; overflow: hidden !important; margin: 0; padding: 0; border: none;\" src=\"https:\/\/statue.dynseo.com\/\"><\/iframe><\/p>\n<p>[\/et_pb_text][et_pb_code _builder_version=&#8221;4.27.0&#8243; _module_preset=&#8221;default&#8221; global_colors_info=&#8221;{}&#8221;]<\/pee>\n<style><!-- [et_pb_line_break_holder] -->  .et_pb_section.et_pb_section_0 {<!-- [et_pb_line_break_holder] -->    padding: 0 !important;<!-- [et_pb_line_break_holder] -->    margin: 0 !important;<!-- [et_pb_line_break_holder] -->  }<!-- [et_pb_line_break_holder] -->  .et_pb_row.et_pb_row_0 {<!-- [et_pb_line_break_holder] -->    padding: 0 !important;<!-- [et_pb_line_break_holder] -->    margin: 0 !important;<!-- [et_pb_line_break_holder] -->    width: 100% !important;<!-- [et_pb_line_break_holder] -->    max-width: 100% !important;<!-- [et_pb_line_break_holder] -->  }<!-- [et_pb_line_break_holder] -->  .et_pb_text.et_pb_text_0 {<!-- [et_pb_line_break_holder] -->    padding: 0 !important;<!-- [et_pb_line_break_holder] -->    margin: 0 !important;<!-- [et_pb_line_break_holder] -->  }<!-- [et_pb_line_break_holder] --><\/style>\n<pee>[\/et_pb_code][\/et_pb_column][\/et_pb_row][\/et_pb_section]<\/p>\n<\/p>\n<p>[et_pb_code]<script type=\"application\/ld+json\">{\"@context\":\"https:\/\/schema.org\",\"@type\":\"FAQPage\",\"mainEntity\":[{\"@type\":\"Question\",\"name\":\"\u4ec0\u4e48\u662f123\u96d5\u50cf\uff1f\",\"acceptedAnswer\":{\"@type\":\"Answer\",\"text\":\"123\u96d5\u50cf\u662f\u8d1d\u5c3c\u5362\u5730\u533a\u7684\u4e00\u4e2a\u7279\u8272\u827a\u672f\u88c5\u7f6e\u6216\u7eaa\u5ff5\u6027\u96d5\u5851\u4f5c\u54c1\uff0c\u5177\u6709\u72ec\u7279\u7684\u827a\u672f\u4ef7\u503c\u548c\u6587\u5316\u610f\u4e49\u3002\"}},{\"@type\":\"Question\",\"name\":\"123\u96d5\u50cf\u4f4d\u4e8e\u54ea\u91cc\uff1f\",\"acceptedAnswer\":{\"@type\":\"Answer\",\"text\":\"123\u96d5\u50cf\u4f4d\u4e8e\u8d1d\u5c3c\u5362\u5730\u533a\uff0c\u8fd9\u662f\u6bd4\u5229\u65f6\u3001\u8377\u5170\u548c\u5362\u68ee\u5821\u4e09\u56fd\u7ec4\u6210\u7684\u7ecf\u6d4e\u8054\u76df\u533a\u57df\u3002\"}},{\"@type\":\"Question\",\"name\":\"\u8d1d\u5c3c\u5362\u662f\u4ec0\u4e48\u610f\u601d\uff1f\",\"acceptedAnswer\":{\"@type\":\"Answer\",\"text\":\"\u8d1d\u5c3c\u5362\uff08Benelux\uff09\u662f\u7531\u6bd4\u5229\u65f6\uff08Belgium\uff09\u3001\u8377\u5170\uff08Netherlands\uff09\u548c\u5362\u68ee\u5821\uff08Luxembourg\uff09\u4e09\u4e2a\u56fd\u5bb6\u540d\u79f0\u7684\u9996\u5b57\u6bcd\u7ec4\u5408\u800c\u6210\u7684\u7f29\u5199\u3002\"}},{\"@type\":\"Question\",\"name\":\"\u53ef\u4ee5\u53c2\u89c2123\u96d5\u50cf\u5417\uff1f\",\"acceptedAnswer\":{\"@type\":\"Answer\",\"text\":\"\u662f\u7684\uff0c123\u96d5\u50cf\u901a\u5e38\u5bf9\u516c\u4f17\u5f00\u653e\u53c2\u89c2\u3002\u5efa\u8bae\u63d0\u524d\u67e5\u8be2\u5177\u4f53\u7684\u5f00\u653e\u65f6\u95f4\u548c\u53c2\u89c2\u6307\u5357\u3002\"}},{\"@type\":\"Question\",\"name\":\"123\u96d5\u50cf\u6709\u4ec0\u4e48\u7279\u6b8a\u7684\u5386\u53f2\u80cc\u666f\u5417\uff1f\",\"acceptedAnswer\":{\"@type\":\"Answer\",\"text\":\"123\u96d5\u50cf\u627f\u8f7d\u7740\u8d1d\u5c3c\u5362\u5730\u533a\u7684\u6587\u5316\u5386\u53f2\uff0c\u53cd\u6620\u4e86\u8be5\u5730\u533a\u7684\u827a\u672f\u4f20\u7edf\u548c\u793e\u4f1a\u53d1\u5c55\u5386\u7a0b\u3002\"}},{\"@type\":\"Question\",\"name\":\"\u5982\u4f55\u524d\u5f80123\u96d5\u50cf\u6240\u5728\u5730\uff1f\",\"acceptedAnswer\":{\"@type\":\"Answer\",\"text\":\"\u524d\u5f80123\u96d5\u50cf\u53ef\u4ee5\u901a\u8fc7\u8d1d\u5c3c\u5362\u5730\u533a\u5b8c\u5584\u7684\u4ea4\u901a\u7f51\u7edc\uff0c\u5305\u62ec\u516c\u5171\u4ea4\u901a\u3001\u81ea\u9a7e\u6216\u6b65\u884c\u7b49\u591a\u79cd\u65b9\u5f0f\u5230\u8fbe\u3002\"}}]}<\/script>[\/et_pb_code]<\/p>\n","protected":false},"excerpt":{"rendered":"","protected":false},"author":4,"featured_media":130227,"parent":0,"menu_order":0,"comment_status":"closed","ping_status":"closed","template":"","meta":{"_et_pb_use_builder":"on","_et_pb_old_content":"","_et_gb_content_width":"","footnotes":""},"class_list":["post-431633","page","type-page","status-publish","has-post-thumbnail","hentry"],"yoast_head":"<!-- This site is optimized with the Yoast SEO plugin v27.4 - https:\/\/yoast.com\/product\/yoast-seo-wordpress\/ -->\n<title>123 \u96d5\u50cf - \u8d1d\u5c3c\u5362 - \u6559\u80b2\u8f6f\u4ef6\u3001\u8bb0\u5fc6\u6e38\u620f\u548c\u5927\u8111\u8bad\u7ec3\u5e94\u7528<\/title>\n<meta name=\"robots\" content=\"index, follow, max-snippet:-1, max-image-preview:large, max-video-preview:-1\" \/>\n<link rel=\"canonical\" href=\"https:\/\/www.dynseo.com\/zh-hans\/123-%e9%9b%95%e5%83%8f-%e8%b4%9d%e5%b0%bc%e5%8d%a2\/\" \/>\n<meta property=\"og:locale\" content=\"zh_CN\" \/>\n<meta property=\"og:type\" content=\"article\" \/>\n<meta property=\"og:title\" content=\"123 \u96d5\u50cf - \u8d1d\u5c3c\u5362 - \u6559\u80b2\u8f6f\u4ef6\u3001\u8bb0\u5fc6\u6e38\u620f\u548c\u5927\u8111\u8bad\u7ec3\u5e94\u7528\" \/>\n<meta property=\"og:url\" content=\"https:\/\/www.dynseo.com\/zh-hans\/123-%e9%9b%95%e5%83%8f-%e8%b4%9d%e5%b0%bc%e5%8d%a2\/\" \/>\n<meta property=\"og:site_name\" content=\"\u6559\u80b2\u8f6f\u4ef6\u3001\u8bb0\u5fc6\u6e38\u620f\u548c\u5927\u8111\u8bad\u7ec3\u5e94\u7528\" \/>\n<meta property=\"article:modified_time\" content=\"2025-12-19T09:56:11+00:00\" \/>\n<meta property=\"og:image\" content=\"https:\/\/www.dynseo.com\/wp-content\/uploads\/2024\/07\/Article-pour-jeux-de-memoire-et-services-educatifs-sur-tablette-1.png\" \/>\n\t<meta property=\"og:image:width\" content=\"2000\" \/>\n\t<meta property=\"og:image:height\" content=\"1500\" \/>\n\t<meta property=\"og:image:type\" content=\"image\/png\" \/>\n<meta name=\"twitter:label1\" content=\"\u9884\u8ba1\u9605\u8bfb\u65f6\u95f4\" \/>\n\t<meta name=\"twitter:data1\" content=\"1 \u5206\" \/>\n<script type=\"application\/ld+json\" class=\"yoast-schema-graph\">{\"@context\":\"https:\\\/\\\/schema.org\",\"@graph\":[{\"@type\":\"WebPage\",\"@id\":\"https:\\\/\\\/www.dynseo.com\\\/zh-hans\\\/123-%e9%9b%95%e5%83%8f-%e8%b4%9d%e5%b0%bc%e5%8d%a2\\\/\",\"url\":\"https:\\\/\\\/www.dynseo.com\\\/zh-hans\\\/123-%e9%9b%95%e5%83%8f-%e8%b4%9d%e5%b0%bc%e5%8d%a2\\\/\",\"name\":\"123 \u96d5\u50cf - \u8d1d\u5c3c\u5362 - \u6559\u80b2\u8f6f\u4ef6\u3001\u8bb0\u5fc6\u6e38\u620f\u548c\u5927\u8111\u8bad\u7ec3\u5e94\u7528\",\"isPartOf\":{\"@id\":\"https:\\\/\\\/www.dynseo.com\\\/zh-hans\\\/#website\"},\"primaryImageOfPage\":{\"@id\":\"https:\\\/\\\/www.dynseo.com\\\/zh-hans\\\/123-%e9%9b%95%e5%83%8f-%e8%b4%9d%e5%b0%bc%e5%8d%a2\\\/#primaryimage\"},\"image\":{\"@id\":\"https:\\\/\\\/www.dynseo.com\\\/zh-hans\\\/123-%e9%9b%95%e5%83%8f-%e8%b4%9d%e5%b0%bc%e5%8d%a2\\\/#primaryimage\"},\"thumbnailUrl\":\"https:\\\/\\\/www.dynseo.com\\\/wp-content\\\/uploads\\\/2024\\\/07\\\/Article-pour-jeux-de-memoire-et-services-educatifs-sur-tablette-1.png\",\"datePublished\":\"2025-12-01T18:08:33+00:00\",\"dateModified\":\"2025-12-19T09:56:11+00:00\",\"breadcrumb\":{\"@id\":\"https:\\\/\\\/www.dynseo.com\\\/zh-hans\\\/123-%e9%9b%95%e5%83%8f-%e8%b4%9d%e5%b0%bc%e5%8d%a2\\\/#breadcrumb\"},\"inLanguage\":\"zh-Hans\",\"potentialAction\":[{\"@type\":\"ReadAction\",\"target\":[\"https:\\\/\\\/www.dynseo.com\\\/zh-hans\\\/123-%e9%9b%95%e5%83%8f-%e8%b4%9d%e5%b0%bc%e5%8d%a2\\\/\"]}]},{\"@type\":\"ImageObject\",\"inLanguage\":\"zh-Hans\",\"@id\":\"https:\\\/\\\/www.dynseo.com\\\/zh-hans\\\/123-%e9%9b%95%e5%83%8f-%e8%b4%9d%e5%b0%bc%e5%8d%a2\\\/#primaryimage\",\"url\":\"https:\\\/\\\/www.dynseo.com\\\/wp-content\\\/uploads\\\/2024\\\/07\\\/Article-pour-jeux-de-memoire-et-services-educatifs-sur-tablette-1.png\",\"contentUrl\":\"https:\\\/\\\/www.dynseo.com\\\/wp-content\\\/uploads\\\/2024\\\/07\\\/Article-pour-jeux-de-memoire-et-services-educatifs-sur-tablette-1.png\",\"width\":2000,\"height\":1500,\"caption\":\"\u901a\u8fc7\u6211\u4eec\u6709\u8da3\u800c\u6709\u76ca\u7684\u6d3b\u52a8\u4fdd\u6301\u601d\u7ef4\u654f\u6377\u6027\"},{\"@type\":\"BreadcrumbList\",\"@id\":\"https:\\\/\\\/www.dynseo.com\\\/zh-hans\\\/123-%e9%9b%95%e5%83%8f-%e8%b4%9d%e5%b0%bc%e5%8d%a2\\\/#breadcrumb\",\"itemListElement\":[{\"@type\":\"ListItem\",\"position\":1,\"name\":\"Accueil\",\"item\":\"https:\\\/\\\/www.dynseo.com\\\/zh-hans\\\/\"},{\"@type\":\"ListItem\",\"position\":2,\"name\":\"123 \u96d5\u50cf &#8211; \u8d1d\u5c3c\u5362\"}]},{\"@type\":\"WebSite\",\"@id\":\"https:\\\/\\\/www.dynseo.com\\\/zh-hans\\\/#website\",\"url\":\"https:\\\/\\\/www.dynseo.com\\\/zh-hans\\\/\",\"name\":\"Jeux de m\u00e9moire et stimulation cognitive\",\"description\":\"Entra\u00eenez votre m\u00e9moire et votre cerveau avec DYNSEO\",\"publisher\":{\"@id\":\"https:\\\/\\\/www.dynseo.com\\\/zh-hans\\\/#organization\"},\"potentialAction\":[{\"@type\":\"SearchAction\",\"target\":{\"@type\":\"EntryPoint\",\"urlTemplate\":\"https:\\\/\\\/www.dynseo.com\\\/zh-hans\\\/?s={search_term_string}\"},\"query-input\":{\"@type\":\"PropertyValueSpecification\",\"valueRequired\":true,\"valueName\":\"search_term_string\"}}],\"inLanguage\":\"zh-Hans\"},{\"@type\":\"Organization\",\"@id\":\"https:\\\/\\\/www.dynseo.com\\\/zh-hans\\\/#organization\",\"name\":\"DYNSEO\",\"url\":\"https:\\\/\\\/www.dynseo.com\\\/zh-hans\\\/\",\"logo\":{\"@type\":\"ImageObject\",\"inLanguage\":\"zh-Hans\",\"@id\":\"https:\\\/\\\/www.dynseo.com\\\/zh-hans\\\/#\\\/schema\\\/logo\\\/image\\\/\",\"url\":\"https:\\\/\\\/www.dynseo.com\\\/wp-content\\\/uploads\\\/2022\\\/05\\\/logo-dynseo-new.png\",\"contentUrl\":\"https:\\\/\\\/www.dynseo.com\\\/wp-content\\\/uploads\\\/2022\\\/05\\\/logo-dynseo-new.png\",\"width\":5073,\"height\":1397,\"caption\":\"DYNSEO\"},\"image\":{\"@id\":\"https:\\\/\\\/www.dynseo.com\\\/zh-hans\\\/#\\\/schema\\\/logo\\\/image\\\/\"}}]}<\/script>\n<!-- \/ Yoast SEO plugin. -->","yoast_head_json":{"title":"123 \u96d5\u50cf - \u8d1d\u5c3c\u5362 - \u6559\u80b2\u8f6f\u4ef6\u3001\u8bb0\u5fc6\u6e38\u620f\u548c\u5927\u8111\u8bad\u7ec3\u5e94\u7528","robots":{"index":"index","follow":"follow","max-snippet":"max-snippet:-1","max-image-preview":"max-image-preview:large","max-video-preview":"max-video-preview:-1"},"canonical":"https:\/\/www.dynseo.com\/zh-hans\/123-%e9%9b%95%e5%83%8f-%e8%b4%9d%e5%b0%bc%e5%8d%a2\/","og_locale":"zh_CN","og_type":"article","og_title":"123 \u96d5\u50cf - \u8d1d\u5c3c\u5362 - \u6559\u80b2\u8f6f\u4ef6\u3001\u8bb0\u5fc6\u6e38\u620f\u548c\u5927\u8111\u8bad\u7ec3\u5e94\u7528","og_url":"https:\/\/www.dynseo.com\/zh-hans\/123-%e9%9b%95%e5%83%8f-%e8%b4%9d%e5%b0%bc%e5%8d%a2\/","og_site_name":"\u6559\u80b2\u8f6f\u4ef6\u3001\u8bb0\u5fc6\u6e38\u620f\u548c\u5927\u8111\u8bad\u7ec3\u5e94\u7528","article_modified_time":"2025-12-19T09:56:11+00:00","og_image":[{"width":2000,"height":1500,"url":"https:\/\/www.dynseo.com\/wp-content\/uploads\/2024\/07\/Article-pour-jeux-de-memoire-et-services-educatifs-sur-tablette-1.png","type":"image\/png"}],"twitter_misc":{"\u9884\u8ba1\u9605\u8bfb\u65f6\u95f4":"1 \u5206"},"schema":{"@context":"https:\/\/schema.org","@graph":[{"@type":"WebPage","@id":"https:\/\/www.dynseo.com\/zh-hans\/123-%e9%9b%95%e5%83%8f-%e8%b4%9d%e5%b0%bc%e5%8d%a2\/","url":"https:\/\/www.dynseo.com\/zh-hans\/123-%e9%9b%95%e5%83%8f-%e8%b4%9d%e5%b0%bc%e5%8d%a2\/","name":"123 \u96d5\u50cf - \u8d1d\u5c3c\u5362 - \u6559\u80b2\u8f6f\u4ef6\u3001\u8bb0\u5fc6\u6e38\u620f\u548c\u5927\u8111\u8bad\u7ec3\u5e94\u7528","isPartOf":{"@id":"https:\/\/www.dynseo.com\/zh-hans\/#website"},"primaryImageOfPage":{"@id":"https:\/\/www.dynseo.com\/zh-hans\/123-%e9%9b%95%e5%83%8f-%e8%b4%9d%e5%b0%bc%e5%8d%a2\/#primaryimage"},"image":{"@id":"https:\/\/www.dynseo.com\/zh-hans\/123-%e9%9b%95%e5%83%8f-%e8%b4%9d%e5%b0%bc%e5%8d%a2\/#primaryimage"},"thumbnailUrl":"https:\/\/www.dynseo.com\/wp-content\/uploads\/2024\/07\/Article-pour-jeux-de-memoire-et-services-educatifs-sur-tablette-1.png","datePublished":"2025-12-01T18:08:33+00:00","dateModified":"2025-12-19T09:56:11+00:00","breadcrumb":{"@id":"https:\/\/www.dynseo.com\/zh-hans\/123-%e9%9b%95%e5%83%8f-%e8%b4%9d%e5%b0%bc%e5%8d%a2\/#breadcrumb"},"inLanguage":"zh-Hans","potentialAction":[{"@type":"ReadAction","target":["https:\/\/www.dynseo.com\/zh-hans\/123-%e9%9b%95%e5%83%8f-%e8%b4%9d%e5%b0%bc%e5%8d%a2\/"]}]},{"@type":"ImageObject","inLanguage":"zh-Hans","@id":"https:\/\/www.dynseo.com\/zh-hans\/123-%e9%9b%95%e5%83%8f-%e8%b4%9d%e5%b0%bc%e5%8d%a2\/#primaryimage","url":"https:\/\/www.dynseo.com\/wp-content\/uploads\/2024\/07\/Article-pour-jeux-de-memoire-et-services-educatifs-sur-tablette-1.png","contentUrl":"https:\/\/www.dynseo.com\/wp-content\/uploads\/2024\/07\/Article-pour-jeux-de-memoire-et-services-educatifs-sur-tablette-1.png","width":2000,"height":1500,"caption":"\u901a\u8fc7\u6211\u4eec\u6709\u8da3\u800c\u6709\u76ca\u7684\u6d3b\u52a8\u4fdd\u6301\u601d\u7ef4\u654f\u6377\u6027"},{"@type":"BreadcrumbList","@id":"https:\/\/www.dynseo.com\/zh-hans\/123-%e9%9b%95%e5%83%8f-%e8%b4%9d%e5%b0%bc%e5%8d%a2\/#breadcrumb","itemListElement":[{"@type":"ListItem","position":1,"name":"Accueil","item":"https:\/\/www.dynseo.com\/zh-hans\/"},{"@type":"ListItem","position":2,"name":"123 \u96d5\u50cf &#8211; \u8d1d\u5c3c\u5362"}]},{"@type":"WebSite","@id":"https:\/\/www.dynseo.com\/zh-hans\/#website","url":"https:\/\/www.dynseo.com\/zh-hans\/","name":"Jeux de m\u00e9moire et stimulation cognitive","description":"Entra\u00eenez votre m\u00e9moire et votre cerveau avec DYNSEO","publisher":{"@id":"https:\/\/www.dynseo.com\/zh-hans\/#organization"},"potentialAction":[{"@type":"SearchAction","target":{"@type":"EntryPoint","urlTemplate":"https:\/\/www.dynseo.com\/zh-hans\/?s={search_term_string}"},"query-input":{"@type":"PropertyValueSpecification","valueRequired":true,"valueName":"search_term_string"}}],"inLanguage":"zh-Hans"},{"@type":"Organization","@id":"https:\/\/www.dynseo.com\/zh-hans\/#organization","name":"DYNSEO","url":"https:\/\/www.dynseo.com\/zh-hans\/","logo":{"@type":"ImageObject","inLanguage":"zh-Hans","@id":"https:\/\/www.dynseo.com\/zh-hans\/#\/schema\/logo\/image\/","url":"https:\/\/www.dynseo.com\/wp-content\/uploads\/2022\/05\/logo-dynseo-new.png","contentUrl":"https:\/\/www.dynseo.com\/wp-content\/uploads\/2022\/05\/logo-dynseo-new.png","width":5073,"height":1397,"caption":"DYNSEO"},"image":{"@id":"https:\/\/www.dynseo.com\/zh-hans\/#\/schema\/logo\/image\/"}}]}},"_links":{"self":[{"href":"https:\/\/www.dynseo.com\/zh-hans\/wp-json\/wp\/v2\/pages\/431633","targetHints":{"allow":["GET"]}}],"collection":[{"href":"https:\/\/www.dynseo.com\/zh-hans\/wp-json\/wp\/v2\/pages"}],"about":[{"href":"https:\/\/www.dynseo.com\/zh-hans\/wp-json\/wp\/v2\/types\/page"}],"author":[{"embeddable":true,"href":"https:\/\/www.dynseo.com\/zh-hans\/wp-json\/wp\/v2\/users\/4"}],"replies":[{"embeddable":true,"href":"https:\/\/www.dynseo.com\/zh-hans\/wp-json\/wp\/v2\/comments?post=431633"}],"version-history":[{"count":3,"href":"https:\/\/www.dynseo.com\/zh-hans\/wp-json\/wp\/v2\/pages\/431633\/revisions"}],"predecessor-version":[{"id":448044,"href":"https:\/\/www.dynseo.com\/zh-hans\/wp-json\/wp\/v2\/pages\/431633\/revisions\/448044"}],"wp:featuredmedia":[{"embeddable":true,"href":"https:\/\/www.dynseo.com\/zh-hans\/wp-json\/wp\/v2\/media\/130227"}],"wp:attachment":[{"href":"https:\/\/www.dynseo.com\/zh-hans\/wp-json\/wp\/v2\/media?parent=431633"}],"curies":[{"name":"wp","href":"https:\/\/api.w.org\/{rel}","templated":true}]}}