{"id":431647,"date":"2025-12-01T19:09:51","date_gmt":"2025-12-01T18:09:51","guid":{"rendered":"https:\/\/www.dynseo.com\/404-%e9%94%99%e8%af%af%ef%bc%8c%e5%86%85%e5%ae%b9%e5%b7%b2%e4%b8%8d%e5%8f%af%e7%94%a8\/"},"modified":"2025-12-19T10:55:11","modified_gmt":"2025-12-19T09:55:11","slug":"404-%e9%94%99%e8%af%af%ef%bc%8c%e5%86%85%e5%ae%b9%e5%b7%b2%e4%b8%8d%e5%8f%af%e7%94%a8","status":"publish","type":"page","link":"https:\/\/www.dynseo.com\/zh-hans\/404-%e9%94%99%e8%af%af%ef%bc%8c%e5%86%85%e5%ae%b9%e5%b7%b2%e4%b8%8d%e5%8f%af%e7%94%a8\/","title":{"rendered":"404 \u9519\u8bef\uff0c\u5185\u5bb9\u5df2\u4e0d\u53ef\u7528"},"content":{"rendered":"<p>[et_pb_section fb_built=&#8221;1&#8243; _builder_version=&#8221;4.18.0&#8243; _module_preset=&#8221;default&#8221; background_enable_color=&#8221;off&#8221; global_colors_info=&#8221;{}&#8221; da_is_popup=&#8221;off&#8221; da_exit_intent=&#8221;off&#8221; da_has_close=&#8221;on&#8221; da_alt_close=&#8221;off&#8221; da_dark_close=&#8221;off&#8221; da_not_modal=&#8221;on&#8221; da_is_singular=&#8221;off&#8221; da_with_loader=&#8221;off&#8221; da_has_shadow=&#8221;on&#8221; da_disable_devices=&#8221;off|off|off&#8221;][et_pb_row column_structure=&#8221;1_2,1_2&#8243; _builder_version=&#8221;4.18.0&#8243; _module_preset=&#8221;default&#8221; global_colors_info=&#8221;{}&#8221;][et_pb_column type=&#8221;1_2&#8243; _builder_version=&#8221;4.18.0&#8243; _module_preset=&#8221;default&#8221; global_colors_info=&#8221;{}&#8221;][et_pb_image src=&#8221;https:\/\/www.dynseo.com\/wp-content\/uploads\/2022\/10\/oups-erreur-404.png&#8221; title_text=&#8221;\u54ce\u5440 404 \u9519\u8bef&#8221; _builder_version=&#8221;4.18.0&#8243; _module_preset=&#8221;default&#8221; global_colors_info=&#8221;{}&#8221;][\/et_pb_image][\/et_pb_column][et_pb_column type=&#8221;1_2&#8243; _builder_version=&#8221;4.18.0&#8243; _module_preset=&#8221;default&#8221; global_colors_info=&#8221;{}&#8221;][et_pb_text _builder_version=&#8221;4.18.0&#8243; _module_preset=&#8221;default&#8221; text_font=&#8221;Montserrat||||||||&#8221; global_colors_info=&#8221;{}&#8221;]<\/p>\n<h2>\u90a3\u4e48\u5c0f\uff01<\/h2>\n<p>&nbsp;<\/p>\n<p>&nbsp;<\/p>\n<p>\u5f88\u62b1\u6b49\uff0c\u60a8\u8981\u67e5\u627e\u7684\u9875\u9762\u5df2\u4e0d\u53ef\u7528\u3002\u8bf7\u8fd4\u56de\u4e3b\u5c4f\u5e55\u67e5\u627e\u6240\u9700\u5185\u5bb9\uff0c\u6216\u4f7f\u7528\u641c\u7d22\u6846\u3002 <\/p>\n<p>&nbsp;<\/p>\n<p>\u60a8\u4e5f\u53ef\u4ee5\u5199\u4fe1\u7ed9\u6211\u4eec\uff1acurieux@dynseo.com\u3002<\/p>\n<p>\u5982\u679c\u60a8\u6709\u6025\u4e8b\uff0c\u8bf7\u81f4\u7535<strong>09 66 93 84 22<\/strong>\uff01\u6211\u4eec\u5c06\u7aed\u8bda\u4e3a\u60a8\u670d\u52a1\u3002<\/p>\n<p>[\/et_pb_text][et_pb_search placeholder_color=&#8221;#000000&#8243; _builder_version=&#8221;4.18.0&#8243; _module_preset=&#8221;default&#8221; form_field_font=&#8221;Montserrat|800|||||||&#8221; form_field_font_size=&#8221;13px&#8221; form_field_letter_spacing=&#8221;26px&#8221; global_colors_info=&#8221;{}&#8221;][\/et_pb_search][et_pb_button button_url=&#8221;https:\/\/www.dynseo.com\/zh-hans\/&#8221; button_text=&#8221;\u8fd4\u56de\u4e3b\u9875&#8221; button_alignment=&#8221;center&#8221; _builder_version=&#8221;4.18.0&#8243; custom_button=&#8221;on&#8221; button_text_size=&#8221;15px&#8221; button_text_color=&#8221;#FFFFFF&#8221; button_bg_color=&#8221;#5e5ed7&#8243; button_bg_color_gradient_direction=&#8221;90deg&#8221; button_bg_color_gradient_stops=&#8221;#f7828e 0%|#fcb6ab 100%&#8221; button_bg_color_gradient_start=&#8221;#f7828e&#8221; button_bg_color_gradient_end=&#8221;#fcb6ab&#8221; button_border_width=&#8221;0px&#8221; button_border_color=&#8221;rgba(0,0,0,0)&#8221; button_border_radius=&#8221;18px&#8221; button_letter_spacing=&#8221;2px&#8221; button_font=&#8221;Montserrat|700||on|||||&#8221; button_use_icon=&#8221;off&#8221; custom_margin=&#8221;-10px|||&#8221; custom_margin_tablet=&#8221;-10px|||&#8221; custom_margin_phone=&#8221;-20px||||false|false&#8221; custom_margin_last_edited=&#8221;on|phone&#8221; custom_padding=&#8221;10px|20px|10px|20px|true|true&#8221; custom_padding_tablet=&#8221;10px|20px|10px|20px|true|true&#8221; custom_padding_phone=&#8221;10px|20px|10px|20px|true|true&#8221; custom_padding_last_edited=&#8221;on|phone&#8221; animation_style=&#8221;zoom&#8221; animation_intensity_zoom=&#8221;8%&#8221; button_text_size_tablet=&#8221;12px&#8221; button_text_size_phone=&#8221;10px&#8221; button_text_size_last_edited=&#8221;on|tablet&#8221; button_border_radius_tablet=&#8221;12px&#8221; button_border_radius_phone=&#8221;10px&#8221; button_border_radius_last_edited=&#8221;on|tablet&#8221; box_shadow_style=&#8221;preset1&#8243; box_shadow_blur=&#8221;30px&#8221; box_shadow_color=&#8221;rgba(110,130,208,0.14)&#8221; button_text_color_hover=&#8221;#7a69e6&#8243; button_letter_spacing_hover=&#8221;8px&#8221; locked=&#8221;off&#8221; global_colors_info=&#8221;{}&#8221; button_text_size__hover_enabled=&#8221;off&#8221; button_one_text_size__hover_enabled=&#8221;off&#8221; button_two_text_size__hover_enabled=&#8221;off&#8221; button_text_color__hover_enabled=&#8221;on&#8221; button_text_color__hover=&#8221;#7a69e6&#8243; button_one_text_color__hover_enabled=&#8221;off&#8221; button_two_text_color__hover_enabled=&#8221;off&#8221; button_border_width__hover_enabled=&#8221;off&#8221; button_one_border_width__hover_enabled=&#8221;off&#8221; button_two_border_width__hover_enabled=&#8221;off&#8221; button_border_color__hover_enabled=&#8221;off&#8221; button_one_border_color__hover_enabled=&#8221;off&#8221; button_two_border_color__hover_enabled=&#8221;off&#8221; button_border_radius__hover_enabled=&#8221;off&#8221; button_one_border_radius__hover_enabled=&#8221;off&#8221; button_two_border_radius__hover_enabled=&#8221;off&#8221; button_letter_spacing__hover_enabled=&#8221;on&#8221; button_letter_spacing__hover=&#8221;8px&#8221; button_one_letter_spacing__hover_enabled=&#8221;off&#8221; button_two_letter_spacing__hover_enabled=&#8221;off&#8221; button_bg_color__hover_enabled=&#8221;off&#8221; button_one_bg_color__hover_enabled=&#8221;off&#8221; button_two_bg_color__hover_enabled=&#8221;off&#8221;][\/et_pb_button][\/et_pb_column][\/et_pb_row][\/et_pb_section]<\/p>\n<p>[et_pb_code]<script type=\"application\/ld+json\">{\"@context\":\"https:\/\/schema.org\",\"@type\":\"FAQPage\",\"mainEntity\":[{\"@type\":\"Question\",\"name\":\"\u4ec0\u4e48\u662f404\u9519\u8bef\uff1f\",\"acceptedAnswer\":{\"@type\":\"Answer\",\"text\":\"404\u9519\u8bef\u8868\u793a\u60a8\u8981\u67e5\u627e\u7684\u9875\u9762\u5df2\u4e0d\u53ef\u7528\u6216\u4e0d\u5b58\u5728\u3002\u8fd9\u901a\u5e38\u53d1\u751f\u5728\u9875\u9762\u88ab\u5220\u9664\u3001\u79fb\u52a8\u6216URL\u8f93\u5165\u9519\u8bef\u65f6\u3002\"}},{\"@type\":\"Question\",\"name\":\"\u9047\u5230404\u9519\u8bef\u65f6\u5e94\u8be5\u600e\u4e48\u529e\uff1f\",\"acceptedAnswer\":{\"@type\":\"Answer\",\"text\":\"\u9047\u5230404\u9519\u8bef\u65f6\uff0c\u60a8\u53ef\u4ee5\u8fd4\u56de\u4e3b\u5c4f\u5e55\u67e5\u627e\u6240\u9700\u5185\u5bb9\uff0c\u4f7f\u7528\u641c\u7d22\u6846\u641c\u7d22\u76f8\u5173\u4fe1\u606f\uff0c\u6216\u8005\u70b9\u51fb'\u8fd4\u56de\u4e3b\u9875'\u6309\u94ae\u56de\u5230\u7f51\u7ad9\u9996\u9875\u3002\"}},{\"@type\":\"Question\",\"name\":\"\u5982\u4f55\u8054\u7cfbDYNSEO\u83b7\u5f97\u5e2e\u52a9\uff1f\",\"acceptedAnswer\":{\"@type\":\"Answer\",\"text\":\"\u60a8\u53ef\u4ee5\u901a\u8fc7\u90ae\u7bb1curieux@dynseo.com\u8054\u7cfb\u6211\u4eec\uff0c\u6216\u8005\u62e8\u6253\u7535\u8bdd09 66 93 84 22\u3002\u6211\u4eec\u5c06\u7aed\u8bda\u4e3a\u60a8\u670d\u52a1\u3002\"}},{\"@type\":\"Question\",\"name\":\"DYNSEO\u7f51\u7ad9\u7684\u4e3b\u9875\u5730\u5740\u662f\u4ec0\u4e48\uff1f\",\"acceptedAnswer\":{\"@type\":\"Answer\",\"text\":\"DYNSEO\u4e2d\u6587\u4e3b\u9875\u7684\u5730\u5740\u662fhttps:\/\/www.dynseo.com\/zh-hans\/\uff0c\u60a8\u53ef\u4ee5\u70b9\u51fb\u9875\u9762\u4e0a\u7684'\u8fd4\u56de\u4e3b\u9875'\u6309\u94ae\u76f4\u63a5\u8bbf\u95ee\u3002\"}},{\"@type\":\"Question\",\"name\":\"\u9875\u9762\u4e0a\u7684\u641c\u7d22\u529f\u80fd\u5982\u4f55\u4f7f\u7528\uff1f\",\"acceptedAnswer\":{\"@type\":\"Answer\",\"text\":\"\u60a8\u53ef\u4ee5\u4f7f\u7528\u9875\u9762\u4e0a\u63d0\u4f9b\u7684\u641c\u7d22\u6846\u8f93\u5165\u5173\u952e\u8bcd\u6765\u67e5\u627e\u60a8\u9700\u8981\u7684\u5185\u5bb9\uff0c\u8fd9\u6837\u53ef\u4ee5\u5e2e\u52a9\u60a8\u5feb\u901f\u627e\u5230\u76f8\u5173\u4fe1\u606f\u3002\"}},{\"@type\":\"Question\",\"name\":\"DYNSEO\u7684\u5ba2\u670d\u7535\u8bdd\u4ec0\u4e48\u65f6\u5019\u53ef\u4ee5\u62e8\u6253\uff1f\",\"acceptedAnswer\":{\"@type\":\"Answer\",\"text\":\"\u5982\u679c\u60a8\u6709\u6025\u4e8b\uff0c\u53ef\u4ee5\u81f4\u753509 66 93 84 22\u8054\u7cfbDYNSEO\u3002\u6211\u4eec\u7684\u56e2\u961f\u5c06\u7aed\u8bda\u4e3a\u60a8\u63d0\u4f9b\u5e2e\u52a9\u548c\u652f\u6301\u3002\"}}]}<\/script>[\/et_pb_code]<\/p>\n","protected":false},"excerpt":{"rendered":"<p>metaseo_404_page<\/p>\n","protected":false},"author":4,"featured_media":130227,"parent":0,"menu_order":0,"comment_status":"closed","ping_status":"closed","template":"","meta":{"_et_pb_use_builder":"on","_et_pb_old_content":"","_et_gb_content_width":"","footnotes":""},"class_list":["post-431647","page","type-page","status-publish","has-post-thumbnail","hentry"],"yoast_head":"<!-- This site is optimized with the Yoast SEO plugin v27.4 - https:\/\/yoast.com\/product\/yoast-seo-wordpress\/ -->\n<title>404 \u9519\u8bef\uff0c\u5185\u5bb9\u4e0d\u5b58\u5728\uff0c\u6211\u4eec\u5f88\u62b1\u6b49<\/title>\n<meta name=\"description\" content=\"404 \u9519\u8bef\uff0c\u5185\u5bb9\u5df2\u4e0d\u5b58\u5728\u3002\u6b64\u9875\u9762\u4e0d\u5b58\u5728......\u6216\u4e0d\u518d\u5b58\u5728\u3002\u522b\u62c5\u5fc3\uff0c\u6211\u4eec\u8fd8\u6709\u66f4\u591a\uff01\u8111\u529b\u6e38\u620f...\" \/>\n<meta name=\"robots\" content=\"index, follow, max-snippet:-1, max-image-preview:large, max-video-preview:-1\" \/>\n<link rel=\"canonical\" href=\"https:\/\/www.dynseo.com\/zh-hans\/404-%e9%94%99%e8%af%af%ef%bc%8c%e5%86%85%e5%ae%b9%e5%b7%b2%e4%b8%8d%e5%8f%af%e7%94%a8\/\" \/>\n<meta property=\"og:locale\" content=\"zh_CN\" \/>\n<meta property=\"og:type\" content=\"article\" \/>\n<meta property=\"og:title\" content=\"404 \u9519\u8bef\uff0c\u5185\u5bb9\u4e0d\u5b58\u5728\uff0c\u6211\u4eec\u5f88\u62b1\u6b49\" \/>\n<meta property=\"og:description\" content=\"404 \u9519\u8bef\uff0c\u5185\u5bb9\u5df2\u4e0d\u5b58\u5728\u3002\u6b64\u9875\u9762\u4e0d\u5b58\u5728......\u6216\u4e0d\u518d\u5b58\u5728\u3002\u522b\u62c5\u5fc3\uff0c\u6211\u4eec\u8fd8\u6709\u66f4\u591a\uff01\u8111\u529b\u6e38\u620f...\" \/>\n<meta property=\"og:url\" content=\"https:\/\/www.dynseo.com\/zh-hans\/404-%e9%94%99%e8%af%af%ef%bc%8c%e5%86%85%e5%ae%b9%e5%b7%b2%e4%b8%8d%e5%8f%af%e7%94%a8\/\" \/>\n<meta property=\"og:site_name\" content=\"\u6559\u80b2\u8f6f\u4ef6\u3001\u8bb0\u5fc6\u6e38\u620f\u548c\u5927\u8111\u8bad\u7ec3\u5e94\u7528\" \/>\n<meta property=\"article:modified_time\" content=\"2025-12-19T09:55:11+00:00\" \/>\n<meta property=\"og:image\" content=\"https:\/\/www.dynseo.com\/wp-content\/uploads\/2024\/07\/Article-pour-jeux-de-memoire-et-services-educatifs-sur-tablette-1.png\" \/>\n\t<meta property=\"og:image:width\" content=\"2000\" \/>\n\t<meta property=\"og:image:height\" content=\"1500\" \/>\n\t<meta property=\"og:image:type\" content=\"image\/png\" \/>\n<meta name=\"twitter:label1\" content=\"\u9884\u8ba1\u9605\u8bfb\u65f6\u95f4\" \/>\n\t<meta name=\"twitter:data1\" content=\"3 \u5206\" \/>\n<script type=\"application\/ld+json\" class=\"yoast-schema-graph\">{\"@context\":\"https:\\\/\\\/schema.org\",\"@graph\":[{\"@type\":\"WebPage\",\"@id\":\"https:\\\/\\\/www.dynseo.com\\\/zh-hans\\\/404-%e9%94%99%e8%af%af%ef%bc%8c%e5%86%85%e5%ae%b9%e5%b7%b2%e4%b8%8d%e5%8f%af%e7%94%a8\\\/\",\"url\":\"https:\\\/\\\/www.dynseo.com\\\/zh-hans\\\/404-%e9%94%99%e8%af%af%ef%bc%8c%e5%86%85%e5%ae%b9%e5%b7%b2%e4%b8%8d%e5%8f%af%e7%94%a8\\\/\",\"name\":\"404 \u9519\u8bef\uff0c\u5185\u5bb9\u4e0d\u5b58\u5728\uff0c\u6211\u4eec\u5f88\u62b1\u6b49\",\"isPartOf\":{\"@id\":\"https:\\\/\\\/www.dynseo.com\\\/zh-hans\\\/#website\"},\"primaryImageOfPage\":{\"@id\":\"https:\\\/\\\/www.dynseo.com\\\/zh-hans\\\/404-%e9%94%99%e8%af%af%ef%bc%8c%e5%86%85%e5%ae%b9%e5%b7%b2%e4%b8%8d%e5%8f%af%e7%94%a8\\\/#primaryimage\"},\"image\":{\"@id\":\"https:\\\/\\\/www.dynseo.com\\\/zh-hans\\\/404-%e9%94%99%e8%af%af%ef%bc%8c%e5%86%85%e5%ae%b9%e5%b7%b2%e4%b8%8d%e5%8f%af%e7%94%a8\\\/#primaryimage\"},\"thumbnailUrl\":\"https:\\\/\\\/www.dynseo.com\\\/wp-content\\\/uploads\\\/2024\\\/07\\\/Article-pour-jeux-de-memoire-et-services-educatifs-sur-tablette-1.png\",\"datePublished\":\"2025-12-01T18:09:51+00:00\",\"dateModified\":\"2025-12-19T09:55:11+00:00\",\"description\":\"404 \u9519\u8bef\uff0c\u5185\u5bb9\u5df2\u4e0d\u5b58\u5728\u3002\u6b64\u9875\u9762\u4e0d\u5b58\u5728......\u6216\u4e0d\u518d\u5b58\u5728\u3002\u522b\u62c5\u5fc3\uff0c\u6211\u4eec\u8fd8\u6709\u66f4\u591a\uff01\u8111\u529b\u6e38\u620f...\",\"breadcrumb\":{\"@id\":\"https:\\\/\\\/www.dynseo.com\\\/zh-hans\\\/404-%e9%94%99%e8%af%af%ef%bc%8c%e5%86%85%e5%ae%b9%e5%b7%b2%e4%b8%8d%e5%8f%af%e7%94%a8\\\/#breadcrumb\"},\"inLanguage\":\"zh-Hans\",\"potentialAction\":[{\"@type\":\"ReadAction\",\"target\":[\"https:\\\/\\\/www.dynseo.com\\\/zh-hans\\\/404-%e9%94%99%e8%af%af%ef%bc%8c%e5%86%85%e5%ae%b9%e5%b7%b2%e4%b8%8d%e5%8f%af%e7%94%a8\\\/\"]}]},{\"@type\":\"ImageObject\",\"inLanguage\":\"zh-Hans\",\"@id\":\"https:\\\/\\\/www.dynseo.com\\\/zh-hans\\\/404-%e9%94%99%e8%af%af%ef%bc%8c%e5%86%85%e5%ae%b9%e5%b7%b2%e4%b8%8d%e5%8f%af%e7%94%a8\\\/#primaryimage\",\"url\":\"https:\\\/\\\/www.dynseo.com\\\/wp-content\\\/uploads\\\/2024\\\/07\\\/Article-pour-jeux-de-memoire-et-services-educatifs-sur-tablette-1.png\",\"contentUrl\":\"https:\\\/\\\/www.dynseo.com\\\/wp-content\\\/uploads\\\/2024\\\/07\\\/Article-pour-jeux-de-memoire-et-services-educatifs-sur-tablette-1.png\",\"width\":2000,\"height\":1500,\"caption\":\"\u901a\u8fc7\u6211\u4eec\u6709\u8da3\u800c\u6709\u76ca\u7684\u6d3b\u52a8\u4fdd\u6301\u601d\u7ef4\u654f\u6377\u6027\"},{\"@type\":\"BreadcrumbList\",\"@id\":\"https:\\\/\\\/www.dynseo.com\\\/zh-hans\\\/404-%e9%94%99%e8%af%af%ef%bc%8c%e5%86%85%e5%ae%b9%e5%b7%b2%e4%b8%8d%e5%8f%af%e7%94%a8\\\/#breadcrumb\",\"itemListElement\":[{\"@type\":\"ListItem\",\"position\":1,\"name\":\"Accueil\",\"item\":\"https:\\\/\\\/www.dynseo.com\\\/zh-hans\\\/\"},{\"@type\":\"ListItem\",\"position\":2,\"name\":\"404 \u9519\u8bef\uff0c\u5185\u5bb9\u5df2\u4e0d\u53ef\u7528\"}]},{\"@type\":\"WebSite\",\"@id\":\"https:\\\/\\\/www.dynseo.com\\\/zh-hans\\\/#website\",\"url\":\"https:\\\/\\\/www.dynseo.com\\\/zh-hans\\\/\",\"name\":\"Jeux de m\u00e9moire et stimulation cognitive\",\"description\":\"Entra\u00eenez votre m\u00e9moire et votre cerveau avec DYNSEO\",\"publisher\":{\"@id\":\"https:\\\/\\\/www.dynseo.com\\\/zh-hans\\\/#organization\"},\"potentialAction\":[{\"@type\":\"SearchAction\",\"target\":{\"@type\":\"EntryPoint\",\"urlTemplate\":\"https:\\\/\\\/www.dynseo.com\\\/zh-hans\\\/?s={search_term_string}\"},\"query-input\":{\"@type\":\"PropertyValueSpecification\",\"valueRequired\":true,\"valueName\":\"search_term_string\"}}],\"inLanguage\":\"zh-Hans\"},{\"@type\":\"Organization\",\"@id\":\"https:\\\/\\\/www.dynseo.com\\\/zh-hans\\\/#organization\",\"name\":\"DYNSEO\",\"url\":\"https:\\\/\\\/www.dynseo.com\\\/zh-hans\\\/\",\"logo\":{\"@type\":\"ImageObject\",\"inLanguage\":\"zh-Hans\",\"@id\":\"https:\\\/\\\/www.dynseo.com\\\/zh-hans\\\/#\\\/schema\\\/logo\\\/image\\\/\",\"url\":\"https:\\\/\\\/www.dynseo.com\\\/wp-content\\\/uploads\\\/2022\\\/05\\\/logo-dynseo-new.png\",\"contentUrl\":\"https:\\\/\\\/www.dynseo.com\\\/wp-content\\\/uploads\\\/2022\\\/05\\\/logo-dynseo-new.png\",\"width\":5073,\"height\":1397,\"caption\":\"DYNSEO\"},\"image\":{\"@id\":\"https:\\\/\\\/www.dynseo.com\\\/zh-hans\\\/#\\\/schema\\\/logo\\\/image\\\/\"}}]}<\/script>\n<!-- \/ Yoast SEO plugin. -->","yoast_head_json":{"title":"404 \u9519\u8bef\uff0c\u5185\u5bb9\u4e0d\u5b58\u5728\uff0c\u6211\u4eec\u5f88\u62b1\u6b49","description":"404 \u9519\u8bef\uff0c\u5185\u5bb9\u5df2\u4e0d\u5b58\u5728\u3002\u6b64\u9875\u9762\u4e0d\u5b58\u5728......\u6216\u4e0d\u518d\u5b58\u5728\u3002\u522b\u62c5\u5fc3\uff0c\u6211\u4eec\u8fd8\u6709\u66f4\u591a\uff01\u8111\u529b\u6e38\u620f...","robots":{"index":"index","follow":"follow","max-snippet":"max-snippet:-1","max-image-preview":"max-image-preview:large","max-video-preview":"max-video-preview:-1"},"canonical":"https:\/\/www.dynseo.com\/zh-hans\/404-%e9%94%99%e8%af%af%ef%bc%8c%e5%86%85%e5%ae%b9%e5%b7%b2%e4%b8%8d%e5%8f%af%e7%94%a8\/","og_locale":"zh_CN","og_type":"article","og_title":"404 \u9519\u8bef\uff0c\u5185\u5bb9\u4e0d\u5b58\u5728\uff0c\u6211\u4eec\u5f88\u62b1\u6b49","og_description":"404 \u9519\u8bef\uff0c\u5185\u5bb9\u5df2\u4e0d\u5b58\u5728\u3002\u6b64\u9875\u9762\u4e0d\u5b58\u5728......\u6216\u4e0d\u518d\u5b58\u5728\u3002\u522b\u62c5\u5fc3\uff0c\u6211\u4eec\u8fd8\u6709\u66f4\u591a\uff01\u8111\u529b\u6e38\u620f...","og_url":"https:\/\/www.dynseo.com\/zh-hans\/404-%e9%94%99%e8%af%af%ef%bc%8c%e5%86%85%e5%ae%b9%e5%b7%b2%e4%b8%8d%e5%8f%af%e7%94%a8\/","og_site_name":"\u6559\u80b2\u8f6f\u4ef6\u3001\u8bb0\u5fc6\u6e38\u620f\u548c\u5927\u8111\u8bad\u7ec3\u5e94\u7528","article_modified_time":"2025-12-19T09:55:11+00:00","og_image":[{"width":2000,"height":1500,"url":"https:\/\/www.dynseo.com\/wp-content\/uploads\/2024\/07\/Article-pour-jeux-de-memoire-et-services-educatifs-sur-tablette-1.png","type":"image\/png"}],"twitter_misc":{"\u9884\u8ba1\u9605\u8bfb\u65f6\u95f4":"3 \u5206"},"schema":{"@context":"https:\/\/schema.org","@graph":[{"@type":"WebPage","@id":"https:\/\/www.dynseo.com\/zh-hans\/404-%e9%94%99%e8%af%af%ef%bc%8c%e5%86%85%e5%ae%b9%e5%b7%b2%e4%b8%8d%e5%8f%af%e7%94%a8\/","url":"https:\/\/www.dynseo.com\/zh-hans\/404-%e9%94%99%e8%af%af%ef%bc%8c%e5%86%85%e5%ae%b9%e5%b7%b2%e4%b8%8d%e5%8f%af%e7%94%a8\/","name":"404 \u9519\u8bef\uff0c\u5185\u5bb9\u4e0d\u5b58\u5728\uff0c\u6211\u4eec\u5f88\u62b1\u6b49","isPartOf":{"@id":"https:\/\/www.dynseo.com\/zh-hans\/#website"},"primaryImageOfPage":{"@id":"https:\/\/www.dynseo.com\/zh-hans\/404-%e9%94%99%e8%af%af%ef%bc%8c%e5%86%85%e5%ae%b9%e5%b7%b2%e4%b8%8d%e5%8f%af%e7%94%a8\/#primaryimage"},"image":{"@id":"https:\/\/www.dynseo.com\/zh-hans\/404-%e9%94%99%e8%af%af%ef%bc%8c%e5%86%85%e5%ae%b9%e5%b7%b2%e4%b8%8d%e5%8f%af%e7%94%a8\/#primaryimage"},"thumbnailUrl":"https:\/\/www.dynseo.com\/wp-content\/uploads\/2024\/07\/Article-pour-jeux-de-memoire-et-services-educatifs-sur-tablette-1.png","datePublished":"2025-12-01T18:09:51+00:00","dateModified":"2025-12-19T09:55:11+00:00","description":"404 \u9519\u8bef\uff0c\u5185\u5bb9\u5df2\u4e0d\u5b58\u5728\u3002\u6b64\u9875\u9762\u4e0d\u5b58\u5728......\u6216\u4e0d\u518d\u5b58\u5728\u3002\u522b\u62c5\u5fc3\uff0c\u6211\u4eec\u8fd8\u6709\u66f4\u591a\uff01\u8111\u529b\u6e38\u620f...","breadcrumb":{"@id":"https:\/\/www.dynseo.com\/zh-hans\/404-%e9%94%99%e8%af%af%ef%bc%8c%e5%86%85%e5%ae%b9%e5%b7%b2%e4%b8%8d%e5%8f%af%e7%94%a8\/#breadcrumb"},"inLanguage":"zh-Hans","potentialAction":[{"@type":"ReadAction","target":["https:\/\/www.dynseo.com\/zh-hans\/404-%e9%94%99%e8%af%af%ef%bc%8c%e5%86%85%e5%ae%b9%e5%b7%b2%e4%b8%8d%e5%8f%af%e7%94%a8\/"]}]},{"@type":"ImageObject","inLanguage":"zh-Hans","@id":"https:\/\/www.dynseo.com\/zh-hans\/404-%e9%94%99%e8%af%af%ef%bc%8c%e5%86%85%e5%ae%b9%e5%b7%b2%e4%b8%8d%e5%8f%af%e7%94%a8\/#primaryimage","url":"https:\/\/www.dynseo.com\/wp-content\/uploads\/2024\/07\/Article-pour-jeux-de-memoire-et-services-educatifs-sur-tablette-1.png","contentUrl":"https:\/\/www.dynseo.com\/wp-content\/uploads\/2024\/07\/Article-pour-jeux-de-memoire-et-services-educatifs-sur-tablette-1.png","width":2000,"height":1500,"caption":"\u901a\u8fc7\u6211\u4eec\u6709\u8da3\u800c\u6709\u76ca\u7684\u6d3b\u52a8\u4fdd\u6301\u601d\u7ef4\u654f\u6377\u6027"},{"@type":"BreadcrumbList","@id":"https:\/\/www.dynseo.com\/zh-hans\/404-%e9%94%99%e8%af%af%ef%bc%8c%e5%86%85%e5%ae%b9%e5%b7%b2%e4%b8%8d%e5%8f%af%e7%94%a8\/#breadcrumb","itemListElement":[{"@type":"ListItem","position":1,"name":"Accueil","item":"https:\/\/www.dynseo.com\/zh-hans\/"},{"@type":"ListItem","position":2,"name":"404 \u9519\u8bef\uff0c\u5185\u5bb9\u5df2\u4e0d\u53ef\u7528"}]},{"@type":"WebSite","@id":"https:\/\/www.dynseo.com\/zh-hans\/#website","url":"https:\/\/www.dynseo.com\/zh-hans\/","name":"Jeux de m\u00e9moire et stimulation cognitive","description":"Entra\u00eenez votre m\u00e9moire et votre cerveau avec DYNSEO","publisher":{"@id":"https:\/\/www.dynseo.com\/zh-hans\/#organization"},"potentialAction":[{"@type":"SearchAction","target":{"@type":"EntryPoint","urlTemplate":"https:\/\/www.dynseo.com\/zh-hans\/?s={search_term_string}"},"query-input":{"@type":"PropertyValueSpecification","valueRequired":true,"valueName":"search_term_string"}}],"inLanguage":"zh-Hans"},{"@type":"Organization","@id":"https:\/\/www.dynseo.com\/zh-hans\/#organization","name":"DYNSEO","url":"https:\/\/www.dynseo.com\/zh-hans\/","logo":{"@type":"ImageObject","inLanguage":"zh-Hans","@id":"https:\/\/www.dynseo.com\/zh-hans\/#\/schema\/logo\/image\/","url":"https:\/\/www.dynseo.com\/wp-content\/uploads\/2022\/05\/logo-dynseo-new.png","contentUrl":"https:\/\/www.dynseo.com\/wp-content\/uploads\/2022\/05\/logo-dynseo-new.png","width":5073,"height":1397,"caption":"DYNSEO"},"image":{"@id":"https:\/\/www.dynseo.com\/zh-hans\/#\/schema\/logo\/image\/"}}]}},"_links":{"self":[{"href":"https:\/\/www.dynseo.com\/zh-hans\/wp-json\/wp\/v2\/pages\/431647","targetHints":{"allow":["GET"]}}],"collection":[{"href":"https:\/\/www.dynseo.com\/zh-hans\/wp-json\/wp\/v2\/pages"}],"about":[{"href":"https:\/\/www.dynseo.com\/zh-hans\/wp-json\/wp\/v2\/types\/page"}],"author":[{"embeddable":true,"href":"https:\/\/www.dynseo.com\/zh-hans\/wp-json\/wp\/v2\/users\/4"}],"replies":[{"embeddable":true,"href":"https:\/\/www.dynseo.com\/zh-hans\/wp-json\/wp\/v2\/comments?post=431647"}],"version-history":[{"count":7,"href":"https:\/\/www.dynseo.com\/zh-hans\/wp-json\/wp\/v2\/pages\/431647\/revisions"}],"predecessor-version":[{"id":448042,"href":"https:\/\/www.dynseo.com\/zh-hans\/wp-json\/wp\/v2\/pages\/431647\/revisions\/448042"}],"wp:featuredmedia":[{"embeddable":true,"href":"https:\/\/www.dynseo.com\/zh-hans\/wp-json\/wp\/v2\/media\/130227"}],"wp:attachment":[{"href":"https:\/\/www.dynseo.com\/zh-hans\/wp-json\/wp\/v2\/media?parent=431647"}],"curies":[{"name":"wp","href":"https:\/\/api.w.org\/{rel}","templated":true}]}}