{"id":448320,"date":"2025-12-19T12:33:25","date_gmt":"2025-12-19T11:33:25","guid":{"rendered":"https:\/\/www.dynseo.com\/%e4%b8%aa%e4%ba%ba\/"},"modified":"2026-02-02T19:37:09","modified_gmt":"2026-02-02T18:37:09","slug":"%e4%b8%aa%e4%ba%ba","status":"publish","type":"page","link":"https:\/\/www.dynseo.com\/zh-hans\/%e4%b8%aa%e4%ba%ba\/","title":{"rendered":"\u4e2a\u4eba"},"content":{"rendered":"<h2 style=\"text-align: center;\"><span style=\"color: #526fa1;\"><strong>\u4e2a\u6027\u5316\u8111\u529b\u8bad\u7ec3<\/strong><\/span><\/h2>\n<\/p>\n<p>\u6709\u4e86\u82cf\u897f\u8fd9\u4f4d\u8111\u529b\u6559\u7ec3\uff0c\u8111\u529b\u8bad\u7ec3\u5c31\u662f\u4e00\u79cd\u4eab\u53d7\uff01\u82cf\u897f\u5c06\u65e5\u590d\u4e00\u65e5\u5730\u4e3a\u4f60\u63d0\u4f9b\u91cf\u8eab\u5b9a\u5236\u7684\u523a\u6fc0\u6027\u7ec3\u4e60\u3002\u6bcf\u4e2a\u4eba\u90fd\u6709\u9002\u5408\u81ea\u5df1\u7684\u8bfe\u7a0b\uff01  <\/p>\n<p>\u6240\u8bbe\u8ba1\u7684\u6bcf\u9879\u8ba1\u5212\u90fd\u662f\u4e0e&#8230;&#8230;\u5bc6\u5207\u5408\u4f5c\u5236\u5b9a\u7684\uff1a<\/p>\n<p>&#8211; \u4e00\u65b9\u9762\u662f\u6700\u7ec8\u7528\u6237\uff1a\u513f\u7ae5\u3001\u6210\u4eba\u3001\u8001\u5e74\u4eba\u7b49\u3002<\/p>\n<p>&#8211; \u533b\u7597\u4fdd\u5065\u4e13\u4e1a\u4eba\u5458\uff1a\u5fc3\u7406\u5b66\u5bb6\u548c\u795e\u7ecf\u5fc3\u7406\u5b66\u5bb6\u3001\u8bed\u8a00\u6cbb\u7597\u5e08\u3001\u804c\u4e1a\u6cbb\u7597\u5e08\u3001\u8001\u5e74\u75c5\u5b66\u5bb6\u3001\u534f\u8c03\u533b\u751f\u3001\u5168\u79d1\u533b\u751f\u7b49\u3002<\/p>\n<p>\u76ee\u7684\u662f\u4e3a\u60a8\u63d0\u4f9b\u4e2a\u6027\u5316\u7684<span style=\"color: #526fa1;\"><strong>\u8111\u529b\u8bad\u7ec3\u8ba1\u5212\uff1a <\/strong><\/span>\u6211\u4eec\u7684\u6e38\u620f\u9002\u5408\u4e2a\u4eba\u80fd\u529b\u3002<\/p>\n<p>\u65e0\u8bba\u60a8\u7684\u5b69\u5b50\u9700\u8981\u5f15\u5bfc\u6ce8\u610f\u529b\uff0c\u8fd8\u662f\u60a8\u7684\u4eb2\u4eba\u4e2d\u98ce\u540e\u5e0c\u671b\u5e2e\u52a9\u5eb7\u590d\uff0c\u53ef\u53ef\u3001\u667a\u8da3\u6216\u5fc6\u8da3\u90fd\u662f\u9002\u5408\u60a8\u7684\u5927\u8111\u8bad\u7ec3\u65b9\u6848\uff01<\/p>\n<p><img loading=\"lazy\" decoding=\"async\" class=\"wp-image-2664 aligncenter\" src=\"https:\/\/www.dynseo.com\/wp-content\/uploads\/2015\/02\/schema-cr%C3%A9ation-de-valeur-v2.jpg\" alt=\"\u91cf\u8eab\u5b9a\u5236\u7684\u8ba4\u77e5\u8bad\u7ec3\" width=\"787\" height=\"443\"><\/p>\n<h2> <\/h2>\n<h2> <\/h2>\n<h2 style=\"text-align: center;\"><strong><span style=\"color: #526fa1;\">\u4eba\u4eba\u90fd\u80fd\u53c2\u4e0e\u7684\u827a\u672f\u6d3b\u52a8<\/span><\/strong><\/h2>\n<p>\u56e0\u6b64\uff0c\u6bcf\u4e2a\u4eba\u90fd\u4f1a\u6709\u81ea\u5df1\u7684\u4e2a\u6027\u5316\u5927\u8111\u8bad\u7ec3\u8ba1\u5212\u3002<\/p>\n<p style=\"text-align: center;\">[row]<br \/>[column lg=&#8221;4&#8243; md=&#8221;12&#8243; sm=&#8221;12&#8243; xs=&#8221;12&#8243;]<\/p>\n<p style=\"text-align: center;\"><img loading=\"lazy\" decoding=\"async\" class=\"alignnone wp-image-10076\" src=\"https:\/\/www.dynseo.com\/wp-content\/uploads\/2018\/10\/Coco.png\" alt=\"\" width=\"239\" height=\"264\" srcset=\"https:\/\/www.dynseo.com\/wp-content\/uploads\/2018\/10\/Coco.png 414w, https:\/\/www.dynseo.com\/wp-content\/uploads\/2018\/10\/Coco-272x300.png 272w\" sizes=\"(max-width: 239px) 100vw, 239px\" \/><br \/><span style=\"color: #526fa1;\"><strong>Stim&#8217;Art Coco<\/strong><\/span><\/p>\n<p style=\"text-align: center;\">\u9002\u5408 5 \u81f3 10 \u5c81\u8d85\u7ea7\u82f1\u96c4\u7684\u6559\u80b2\u6e38\u620f<\/p>\n<\/p>\n<p style=\"text-align: center;\">[\/column]<br \/>[column lg=&#8221;4&#8243; md=&#8221;12&#8243; sm=&#8221;12&#8243; xs=&#8221;12&#8243;]<\/p>\n<p style=\"text-align: center;\"><img loading=\"lazy\" decoding=\"async\" class=\"alignnone wp-image-10078\" src=\"https:\/\/www.dynseo.com\/wp-content\/uploads\/2018\/10\/Joe.png\" alt=\"\" width=\"239\" height=\"271\" srcset=\"https:\/\/www.dynseo.com\/wp-content\/uploads\/2018\/10\/Joe.png 391w, https:\/\/www.dynseo.com\/wp-content\/uploads\/2018\/10\/Joe-265x300.png 265w\" sizes=\"(max-width: 239px) 100vw, 239px\" \/><br \/><span style=\"color: #526fa1;\"><strong>Stim&#8217;Art \u667a\u8da3<\/strong><\/span><\/p>\n<p style=\"text-align: center;\">\u5e73\u677f\u7535\u8111\u6216\u667a\u80fd\u624b\u673a\u4e0a\u7684\u6210\u4eba\u5927\u8111\u8bad\u7ec3\u8ba1\u5212\uff0c\u4f5c\u4e3a\u4e00\u9879\u9884\u9632\u63aa\u65bd<\/p>\n<\/p>\n<p style=\"text-align: center;\">[\/column]<br \/>[column lg=&#8221;4&#8243; md=&#8221;12&#8243; sm=&#8221;12&#8243; xs=&#8221;12&#8243;]<\/p>\n<p style=\"text-align: center;\"><span style=\"color: #666699;\"><img loading=\"lazy\" decoding=\"async\" class=\"alignnone wp-image-10077\" src=\"https:\/\/www.dynseo.com\/wp-content\/uploads\/2018\/10\/Edith.png\" alt=\"\" width=\"277\" height=\"270\" srcset=\"https:\/\/www.dynseo.com\/wp-content\/uploads\/2018\/10\/Edith.png 458w, https:\/\/www.dynseo.com\/wp-content\/uploads\/2018\/10\/Edith-300x292.png 300w\" sizes=\"(max-width: 277px) 100vw, 277px\" \/><\/span><br \/><span style=\"color: #526fa1;\"><strong>Stim&#8217;Art \u5fc6\u8da3<\/strong><\/span><\/p>\n<p style=\"text-align: center;\">\u4e3a\u6709<a href=\"https:\/\/www.dynseo.com\/zh-hans\/ai-hou-ren-zhi-zhang-ai-zhi-liao-de-jin-zhan\/\" title=\"\u6cbb\u7597\u764c\u75c7\u540e\u8ba4\u77e5\u969c\u788d\u7684\u8fdb\u5c55\">\u8ba4\u77e5\u969c\u788d<\/a>\u7684\u4eba\u6539\u7f16\u7684\u8bb0\u5fc6\u6e38\u620f<\/p>\n<\/p>\n<p style=\"text-align: center;\">\n<p style=\"text-align: center;\">[\/column]<br \/>[\/row]<\/p>\n<h2> <\/h2>\n<h3 style=\"text-align: left;\"><strong><span style=\"color: #526fa1;\">\u60a8\u53ef\u80fd\u5bf9\u6211\u4eec\u7684\u5176\u4ed6\u8ba1\u5212\u4e5f\u611f\u5174\u8da3<\/span><\/strong><\/h3>\n<p style=\"text-align: center;\"><strong><span style=\"color: #526fa1;\">[row]<br \/>[column lg=&#8221;4&#8243; md=&#8221;12&#8243; sm=&#8221;12&#8243; xs=&#8221;12&#8243;]<br \/><img loading=\"lazy\" decoding=\"async\" class=\"wp-image-7703 aligncenter lazyloaded\" src=\"https:\/\/www.dynseo.com\/wp-content\/uploads\/2015\/02\/mail-simple-etablissement.png\" sizes=\"(max-width: 247px) 100vw, 247px\" srcset=\"https:\/\/www.dynseo.com\/wp-content\/uploads\/2015\/02\/mail-simple-etablissement.png 1000w, https:\/\/www.dynseo.com\/wp-content\/uploads\/2015\/02\/mail-simple-etablissement-300x266.png 300w, https:\/\/www.dynseo.com\/wp-content\/uploads\/2015\/02\/mail-simple-etablissement-768x681.png 768w\" alt=\"\" width=\"237\" height=\"210\" data-lazy-src=\"https:\/\/www.dynseo.com\/wp-content\/uploads\/2015\/02\/mail-simple-etablissement.png\" data-lazy-srcset=\"https:\/\/www.dynseo.com\/wp-content\/uploads\/2015\/02\/mail-simple-etablissement.png 1000w, https:\/\/www.dynseo.com\/wp-content\/uploads\/2015\/02\/mail-simple-etablissement-300x266.png 300w, https:\/\/www.dynseo.com\/wp-content\/uploads\/2015\/02\/mail-simple-etablissement-768x681.png 768w\" data-was-processed=\"true\"><span style=\"color: #526fa1;\"><a style=\"color: #526fa1;\" href=\"https:\/\/www.dynseo.com\/zh-hans\/%e6%89%80%e6%9c%89%e4%b8%93%e4%b8%9a%e4%ba%a7%e5%93%81\/dynseo-family-2\/\">Dynseo Family\uff0c\u4e0e\u4eb2\u670b\u597d\u53cb\u4ea4\u6362\u4fe1\u606f\u548c\u7167\u7247\u7684\u7b80\u5316\u4fe1\u606f\u4f20\u9012\u7cfb\u7edf\u3002<\/a><\/span><\/p>\n<p style=\"text-align: center;\"><span style=\"text-align: center;\">[\/column]<\/span><\/p>\n<p style=\"text-align: center;\">[column lg=&#8221;4&#8243; md=&#8221;12&#8243; sm=&#8221;12&#8243; xs=&#8221;12&#8243;]<br \/><img loading=\"lazy\" decoding=\"async\" class=\"wp-image-9604 aligncenter\" src=\"https:\/\/www.dynseo.com\/wp-content\/uploads\/2018\/07\/souvenirs.png\" alt=\"\u751f\u6d3b\u5e2e\u624b\u8bb0\u5fc6\" width=\"263\" height=\"175\"><\/p>\n<p style=\"text-align: center;\"><span style=\"color: #526fa1;\"><a style=\"color: #526fa1;\" href=\"https:\/\/www.dynseo.com\/nos-produits\/evocation-souvenirs\/\">\u7535\u5b50\u8bb0\u5fc6\uff0c\u9f13\u52b1\u56de\u5fc6\u7684\u51fa\u73b0\u548c\u5524\u8d77\u3002<\/a><\/span><br \/>[\/column]<br \/>[column lg=&#8221;4&#8243; md=&#8221;12&#8243; sm=&#8221;12&#8243; xs=&#8221;12&#8243;]<br \/><img loading=\"lazy\" decoding=\"async\" class=\"wp-image-9953 aligncenter\" src=\"https:\/\/www.dynseo.com\/wp-content\/uploads\/2018\/09\/BilleQuiRoule.png\" alt=\"\" width=\"263\" height=\"175\" srcset=\"https:\/\/www.dynseo.com\/wp-content\/uploads\/2018\/09\/BilleQuiRoule.png 625w, https:\/\/www.dynseo.com\/wp-content\/uploads\/2018\/09\/BilleQuiRoule-600x399.png 600w, https:\/\/www.dynseo.com\/wp-content\/uploads\/2018\/09\/BilleQuiRoule-300x200.png 300w\" sizes=\"(max-width: 263px) 100vw, 263px\" \/><\/p>\n<p style=\"text-align: center;\"><span style=\"color: #526fa1;\"><a style=\"color: #526fa1;\" href=\"https:\/\/www.dynseo.com\/motricite-fine-la-bille-qui-roule\/\">\u6eda\u52a8\u7684\u5927\u7406\u77f3\u300b\u662f\u4e00\u6b3e\u5e73\u677f\u7535\u8111\u5e94\u7528\u7a0b\u5e8f\uff0c\u53ef\u63d0\u9ad8\u6ce8\u610f\u529b\u548c\u7cbe\u7ec6\u52a8\u4f5c\u6280\u80fd\u3002<\/a><\/span><br \/>[\/column]<br \/>[\/row]<\/p>\n<h2> <\/h2>\n<h2> <\/h2>\n<h3 style=\"text-align: justify;\"><span style=\"color: #526fa1;\">\u514d\u8d39\u4e0b\u8f7d\u548c\u6d4b\u8bd5\u6211\u4eec\u7684\u6240\u6709\u5e94\u7528\u7a0b\u5e8f<\/span><\/h3>\n<p>[row]<br \/>[column lg=&#8221;6&#8243; md=&#8221;12&#8243; sm=&#8221;12&#8243; xs=&#8221;12&#8243;]<br \/><a href=\"https:\/\/play.google.com\/store\/search?q=dynseo\"><img loading=\"lazy\" decoding=\"async\" class=\"aligncenter wp-image-17721 size-medium\" src=\"https:\/\/www.dynseo.com\/wp-content\/uploads\/\" alt=\"\" width=\"300\" height=\"110\"><\/a><br \/>[\/column]<br \/>[column lg=&#8221;6&#8243; md=&#8221;12&#8243; sm=&#8221;12&#8243; xs=&#8221;12&#8243;]<br \/><a href=\"https:\/\/apps.apple.com\/fr\/developer\/dynseo\/id1000639418\"><img loading=\"lazy\" decoding=\"async\" class=\"aligncenter wp-image-18329 size-medium\" style=\"color: #0000ee;\" src=\"https:\/\/www.dynseo.com\/wp-content\/uploads\/2019\/01\/AppStore-1-300x104.png\" alt=\"\" width=\"300\" height=\"104\"><\/a><\/p>\n<p><span style=\"color: #0000ee;\"><br \/><\/span>[\/column]<br \/>[\/row]<\/p>\n<p>[et_pb_code]<script type=\"application\/ld+json\">{\"@context\":\"https:\/\/schema.org\",\"@type\":\"FAQPage\",\"mainEntity\":[{\"@type\":\"Question\",\"name\":\"Qu'est-ce que Suzie et quel est son r\u00f4le ?\",\"acceptedAnswer\":{\"@type\":\"Answer\",\"text\":\"Suzie est votre coach c\u00e9r\u00e9bral personnel qui vous accompagne jour apr\u00e8s jour gr\u00e2ce \u00e0 des exercices adapt\u00e9s et stimulants. Elle rend l'entra\u00eenement c\u00e9r\u00e9bral agr\u00e9able et propose des programmes personnalis\u00e9s selon vos besoins sp\u00e9cifiques.\"}},{\"@type\":\"Question\",\"name\":\"Avec quels professionnels les programmes d'entra\u00eenement c\u00e9r\u00e9bral ont-ils \u00e9t\u00e9 d\u00e9velopp\u00e9s ?\",\"acceptedAnswer\":{\"@type\":\"Answer\",\"text\":\"Les programmes ont \u00e9t\u00e9 con\u00e7us en collaboration avec des professionnels de sant\u00e9 sp\u00e9cialis\u00e9s : psychologues et neuropsychologues, orthophonistes, ergoth\u00e9rapeutes, g\u00e9riatres, m\u00e9decins coordinateurs et m\u00e9decins g\u00e9n\u00e9ralistes.\"}},{\"@type\":\"Question\",\"name\":\"\u00c0 qui s'adresse le programme Stim'Art Coco ?\",\"acceptedAnswer\":{\"@type\":\"Answer\",\"text\":\"Stim'Art Coco propose des jeux \u00e9ducatifs sp\u00e9cialement con\u00e7us pour les enfants de 5 \u00e0 10 ans, nos \"super h\u00e9ros\" en d\u00e9veloppement, avec des exercices adapt\u00e9s \u00e0 leur \u00e2ge.\"}},{\"@type\":\"Question\",\"name\":\"Quel est l'objectif du programme Stim'Art Joe ?\",\"acceptedAnswer\":{\"@type\":\"Answer\",\"text\":\"Stim'Art Joe est un programme d'entra\u00eenement c\u00e9r\u00e9bral sur tablette ou smartphone destin\u00e9 aux adultes dans un objectif de pr\u00e9vention des <a href=\"https:\/\/www.dynseo.com\/les-signes-precoces-de-troubles-cognitifs-dans-la-sclerose-en-plaques\/\" title=\"Les signes pr\u00e9coces de troubles cognitifs dans la scl\u00e9rose en plaques\">troubles cognitifs<\/a>.\"}},{\"@type\":\"Question\",\"name\":\"Pour qui le programme Stim'Art Edith a-t-il \u00e9t\u00e9 con\u00e7u ?\",\"acceptedAnswer\":{\"@type\":\"Answer\",\"text\":\"Stim'Art Edith propose des jeux de m\u00e9moire sp\u00e9cialement adapt\u00e9s pour les personnes souffrant de <a href=\"https:\/\/www.dynseo.com\/gestion-des-troubles-cognitifs-chez-les-survivants-du-cancer-de-lestomac-2\/\" title=\"Gestion des troubles cognitifs chez les survivants du cancer de l&#039;estomac\">troubles cognitifs<\/a>, notamment pour accompagner la r\u00e9\u00e9ducation apr\u00e8s un AVC.\"}},{\"@type\":\"Question\",\"name\":\"Comment les programmes d'entra\u00eenement c\u00e9r\u00e9bral s'adaptent-ils aux utilisateurs ?\",\"acceptedAnswer\":{\"@type\":\"Answer\",\"text\":\"Chaque programme est personnalis\u00e9 et adapt\u00e9 aux capacit\u00e9s individuelles de l'utilisateur. Les jeux s'ajustent selon les besoins sp\u00e9cifiques, que ce soit pour canaliser l'attention d'un enfant ou accompagner la r\u00e9\u00e9ducation d'une personne apr\u00e8s un AVC.\"}}]}<\/script>[\/et_pb_code]<\/p>\n","protected":false},"excerpt":{"rendered":"<p>\u4e2a\u6027\u5316\u8111\u529b\u8bad\u7ec3 \u6709\u4e86\u82cf\u897f\u8fd9\u4f4d\u8111\u529b\u6559\u7ec3\uff0c\u8111\u529b\u8bad\u7ec3\u5c31\u662f\u4e00\u79cd\u4eab\u53d7\uff01\u82cf\u897f\u5c06\u65e5\u590d\u4e00\u65e5\u5730\u4e3a\u4f60\u63d0\u4f9b\u91cf\u8eab\u5b9a\u5236\u7684\u523a\u6fc0\u6027\u7ec3\u4e60\u3002\u6bcf\u4e2a [&hellip;]<\/p>\n","protected":false},"author":4,"featured_media":130227,"parent":0,"menu_order":0,"comment_status":"closed","ping_status":"closed","template":"","meta":{"_et_pb_use_builder":"on","_et_pb_old_content":"","_et_gb_content_width":"","footnotes":""},"class_list":["post-448320","page","type-page","status-publish","has-post-thumbnail","hentry"],"yoast_head":"<!-- This site is optimized with the Yoast SEO plugin v27.3 - https:\/\/yoast.com\/product\/yoast-seo-wordpress\/ -->\n<title>Stim&#039;Art\uff0c\u4e2a\u6027\u5316\u5927\u8111\u8bad\u7ec3<\/title>\n<meta name=\"description\" content=\"\u5728\u82cf\u897f\uff08Suzie\uff09\u7684\u5e2e\u52a9\u4e0b\uff0c\u60a8\u7684\u5927\u8111\u6559\u7ec3\u5c06\u5728\u60a8\u7684\u5e73\u677f\u7535\u8111\u548c\u667a\u80fd\u624b\u673a\u4e0a\u4e3a\u60a8\u63d0\u4f9b\u4e2a\u6027\u5316\u7684\u5927\u8111\u8bad\u7ec3\u8ba1\u5212\u3002\u82cf\u897f\u5c06\u8ddf\u8e2a\u4f60\u7684\u8fdb\u5c55\uff01\" \/>\n<meta name=\"robots\" content=\"index, follow, max-snippet:-1, max-image-preview:large, max-video-preview:-1\" \/>\n<link rel=\"canonical\" href=\"https:\/\/www.dynseo.com\/zh-hans\/%e4%b8%aa%e4%ba%ba\/\" \/>\n<meta property=\"og:locale\" content=\"zh_CN\" \/>\n<meta property=\"og:type\" content=\"article\" \/>\n<meta property=\"og:title\" content=\"Stim&#039;Art\uff0c\u4e2a\u6027\u5316\u5927\u8111\u8bad\u7ec3\" \/>\n<meta property=\"og:description\" content=\"\u5728\u82cf\u897f\uff08Suzie\uff09\u7684\u5e2e\u52a9\u4e0b\uff0c\u60a8\u7684\u5927\u8111\u6559\u7ec3\u5c06\u5728\u60a8\u7684\u5e73\u677f\u7535\u8111\u548c\u667a\u80fd\u624b\u673a\u4e0a\u4e3a\u60a8\u63d0\u4f9b\u4e2a\u6027\u5316\u7684\u5927\u8111\u8bad\u7ec3\u8ba1\u5212\u3002\u82cf\u897f\u5c06\u8ddf\u8e2a\u4f60\u7684\u8fdb\u5c55\uff01\" \/>\n<meta property=\"og:url\" content=\"https:\/\/www.dynseo.com\/zh-hans\/%e4%b8%aa%e4%ba%ba\/\" \/>\n<meta property=\"og:site_name\" content=\"\u6559\u80b2\u8f6f\u4ef6\u3001\u8bb0\u5fc6\u6e38\u620f\u548c\u5927\u8111\u8bad\u7ec3\u5e94\u7528\" \/>\n<meta property=\"article:modified_time\" content=\"2026-02-02T18:37:09+00:00\" \/>\n<meta property=\"og:image\" content=\"https:\/\/www.dynseo.com\/wp-content\/uploads\/2024\/07\/Article-pour-jeux-de-memoire-et-services-educatifs-sur-tablette-1.png\" \/>\n\t<meta property=\"og:image:width\" content=\"2000\" \/>\n\t<meta property=\"og:image:height\" content=\"1500\" \/>\n\t<meta property=\"og:image:type\" content=\"image\/png\" \/>\n<script type=\"application\/ld+json\" class=\"yoast-schema-graph\">{\"@context\":\"https:\\\/\\\/schema.org\",\"@graph\":[{\"@type\":\"WebPage\",\"@id\":\"https:\\\/\\\/www.dynseo.com\\\/zh-hans\\\/%e4%b8%aa%e4%ba%ba\\\/\",\"url\":\"https:\\\/\\\/www.dynseo.com\\\/zh-hans\\\/%e4%b8%aa%e4%ba%ba\\\/\",\"name\":\"Stim'Art\uff0c\u4e2a\u6027\u5316\u5927\u8111\u8bad\u7ec3\",\"isPartOf\":{\"@id\":\"https:\\\/\\\/www.dynseo.com\\\/zh-hans\\\/#website\"},\"primaryImageOfPage\":{\"@id\":\"https:\\\/\\\/www.dynseo.com\\\/zh-hans\\\/%e4%b8%aa%e4%ba%ba\\\/#primaryimage\"},\"image\":{\"@id\":\"https:\\\/\\\/www.dynseo.com\\\/zh-hans\\\/%e4%b8%aa%e4%ba%ba\\\/#primaryimage\"},\"thumbnailUrl\":\"https:\\\/\\\/www.dynseo.com\\\/wp-content\\\/uploads\\\/2024\\\/07\\\/Article-pour-jeux-de-memoire-et-services-educatifs-sur-tablette-1.png\",\"datePublished\":\"2025-12-19T11:33:25+00:00\",\"dateModified\":\"2026-02-02T18:37:09+00:00\",\"description\":\"\u5728\u82cf\u897f\uff08Suzie\uff09\u7684\u5e2e\u52a9\u4e0b\uff0c\u60a8\u7684\u5927\u8111\u6559\u7ec3\u5c06\u5728\u60a8\u7684\u5e73\u677f\u7535\u8111\u548c\u667a\u80fd\u624b\u673a\u4e0a\u4e3a\u60a8\u63d0\u4f9b\u4e2a\u6027\u5316\u7684\u5927\u8111\u8bad\u7ec3\u8ba1\u5212\u3002\u82cf\u897f\u5c06\u8ddf\u8e2a\u4f60\u7684\u8fdb\u5c55\uff01\",\"breadcrumb\":{\"@id\":\"https:\\\/\\\/www.dynseo.com\\\/zh-hans\\\/%e4%b8%aa%e4%ba%ba\\\/#breadcrumb\"},\"inLanguage\":\"zh-Hans\",\"potentialAction\":[{\"@type\":\"ReadAction\",\"target\":[\"https:\\\/\\\/www.dynseo.com\\\/zh-hans\\\/%e4%b8%aa%e4%ba%ba\\\/\"]}]},{\"@type\":\"ImageObject\",\"inLanguage\":\"zh-Hans\",\"@id\":\"https:\\\/\\\/www.dynseo.com\\\/zh-hans\\\/%e4%b8%aa%e4%ba%ba\\\/#primaryimage\",\"url\":\"https:\\\/\\\/www.dynseo.com\\\/wp-content\\\/uploads\\\/2024\\\/07\\\/Article-pour-jeux-de-memoire-et-services-educatifs-sur-tablette-1.png\",\"contentUrl\":\"https:\\\/\\\/www.dynseo.com\\\/wp-content\\\/uploads\\\/2024\\\/07\\\/Article-pour-jeux-de-memoire-et-services-educatifs-sur-tablette-1.png\",\"width\":2000,\"height\":1500,\"caption\":\"\u901a\u8fc7\u6211\u4eec\u6709\u8da3\u800c\u6709\u76ca\u7684\u6d3b\u52a8\u4fdd\u6301\u601d\u7ef4\u654f\u6377\u6027\"},{\"@type\":\"BreadcrumbList\",\"@id\":\"https:\\\/\\\/www.dynseo.com\\\/zh-hans\\\/%e4%b8%aa%e4%ba%ba\\\/#breadcrumb\",\"itemListElement\":[{\"@type\":\"ListItem\",\"position\":1,\"name\":\"Accueil\",\"item\":\"https:\\\/\\\/www.dynseo.com\\\/zh-hans\\\/\"},{\"@type\":\"ListItem\",\"position\":2,\"name\":\"\u4e2a\u4eba\"}]},{\"@type\":\"WebSite\",\"@id\":\"https:\\\/\\\/www.dynseo.com\\\/zh-hans\\\/#website\",\"url\":\"https:\\\/\\\/www.dynseo.com\\\/zh-hans\\\/\",\"name\":\"Jeux de m\u00e9moire et stimulation cognitive\",\"description\":\"Entra\u00eenez votre m\u00e9moire et votre cerveau avec DYNSEO\",\"publisher\":{\"@id\":\"https:\\\/\\\/www.dynseo.com\\\/zh-hans\\\/#organization\"},\"potentialAction\":[{\"@type\":\"SearchAction\",\"target\":{\"@type\":\"EntryPoint\",\"urlTemplate\":\"https:\\\/\\\/www.dynseo.com\\\/zh-hans\\\/?s={search_term_string}\"},\"query-input\":{\"@type\":\"PropertyValueSpecification\",\"valueRequired\":true,\"valueName\":\"search_term_string\"}}],\"inLanguage\":\"zh-Hans\"},{\"@type\":\"Organization\",\"@id\":\"https:\\\/\\\/www.dynseo.com\\\/zh-hans\\\/#organization\",\"name\":\"DYNSEO\",\"url\":\"https:\\\/\\\/www.dynseo.com\\\/zh-hans\\\/\",\"logo\":{\"@type\":\"ImageObject\",\"inLanguage\":\"zh-Hans\",\"@id\":\"https:\\\/\\\/www.dynseo.com\\\/zh-hans\\\/#\\\/schema\\\/logo\\\/image\\\/\",\"url\":\"https:\\\/\\\/www.dynseo.com\\\/wp-content\\\/uploads\\\/2022\\\/05\\\/logo-dynseo-new.png\",\"contentUrl\":\"https:\\\/\\\/www.dynseo.com\\\/wp-content\\\/uploads\\\/2022\\\/05\\\/logo-dynseo-new.png\",\"width\":5073,\"height\":1397,\"caption\":\"DYNSEO\"},\"image\":{\"@id\":\"https:\\\/\\\/www.dynseo.com\\\/zh-hans\\\/#\\\/schema\\\/logo\\\/image\\\/\"}}]}<\/script>\n<!-- \/ Yoast SEO plugin. -->","yoast_head_json":{"title":"Stim'Art\uff0c\u4e2a\u6027\u5316\u5927\u8111\u8bad\u7ec3","description":"\u5728\u82cf\u897f\uff08Suzie\uff09\u7684\u5e2e\u52a9\u4e0b\uff0c\u60a8\u7684\u5927\u8111\u6559\u7ec3\u5c06\u5728\u60a8\u7684\u5e73\u677f\u7535\u8111\u548c\u667a\u80fd\u624b\u673a\u4e0a\u4e3a\u60a8\u63d0\u4f9b\u4e2a\u6027\u5316\u7684\u5927\u8111\u8bad\u7ec3\u8ba1\u5212\u3002\u82cf\u897f\u5c06\u8ddf\u8e2a\u4f60\u7684\u8fdb\u5c55\uff01","robots":{"index":"index","follow":"follow","max-snippet":"max-snippet:-1","max-image-preview":"max-image-preview:large","max-video-preview":"max-video-preview:-1"},"canonical":"https:\/\/www.dynseo.com\/zh-hans\/%e4%b8%aa%e4%ba%ba\/","og_locale":"zh_CN","og_type":"article","og_title":"Stim'Art\uff0c\u4e2a\u6027\u5316\u5927\u8111\u8bad\u7ec3","og_description":"\u5728\u82cf\u897f\uff08Suzie\uff09\u7684\u5e2e\u52a9\u4e0b\uff0c\u60a8\u7684\u5927\u8111\u6559\u7ec3\u5c06\u5728\u60a8\u7684\u5e73\u677f\u7535\u8111\u548c\u667a\u80fd\u624b\u673a\u4e0a\u4e3a\u60a8\u63d0\u4f9b\u4e2a\u6027\u5316\u7684\u5927\u8111\u8bad\u7ec3\u8ba1\u5212\u3002\u82cf\u897f\u5c06\u8ddf\u8e2a\u4f60\u7684\u8fdb\u5c55\uff01","og_url":"https:\/\/www.dynseo.com\/zh-hans\/%e4%b8%aa%e4%ba%ba\/","og_site_name":"\u6559\u80b2\u8f6f\u4ef6\u3001\u8bb0\u5fc6\u6e38\u620f\u548c\u5927\u8111\u8bad\u7ec3\u5e94\u7528","article_modified_time":"2026-02-02T18:37:09+00:00","og_image":[{"width":2000,"height":1500,"url":"https:\/\/www.dynseo.com\/wp-content\/uploads\/2024\/07\/Article-pour-jeux-de-memoire-et-services-educatifs-sur-tablette-1.png","type":"image\/png"}],"schema":{"@context":"https:\/\/schema.org","@graph":[{"@type":"WebPage","@id":"https:\/\/www.dynseo.com\/zh-hans\/%e4%b8%aa%e4%ba%ba\/","url":"https:\/\/www.dynseo.com\/zh-hans\/%e4%b8%aa%e4%ba%ba\/","name":"Stim'Art\uff0c\u4e2a\u6027\u5316\u5927\u8111\u8bad\u7ec3","isPartOf":{"@id":"https:\/\/www.dynseo.com\/zh-hans\/#website"},"primaryImageOfPage":{"@id":"https:\/\/www.dynseo.com\/zh-hans\/%e4%b8%aa%e4%ba%ba\/#primaryimage"},"image":{"@id":"https:\/\/www.dynseo.com\/zh-hans\/%e4%b8%aa%e4%ba%ba\/#primaryimage"},"thumbnailUrl":"https:\/\/www.dynseo.com\/wp-content\/uploads\/2024\/07\/Article-pour-jeux-de-memoire-et-services-educatifs-sur-tablette-1.png","datePublished":"2025-12-19T11:33:25+00:00","dateModified":"2026-02-02T18:37:09+00:00","description":"\u5728\u82cf\u897f\uff08Suzie\uff09\u7684\u5e2e\u52a9\u4e0b\uff0c\u60a8\u7684\u5927\u8111\u6559\u7ec3\u5c06\u5728\u60a8\u7684\u5e73\u677f\u7535\u8111\u548c\u667a\u80fd\u624b\u673a\u4e0a\u4e3a\u60a8\u63d0\u4f9b\u4e2a\u6027\u5316\u7684\u5927\u8111\u8bad\u7ec3\u8ba1\u5212\u3002\u82cf\u897f\u5c06\u8ddf\u8e2a\u4f60\u7684\u8fdb\u5c55\uff01","breadcrumb":{"@id":"https:\/\/www.dynseo.com\/zh-hans\/%e4%b8%aa%e4%ba%ba\/#breadcrumb"},"inLanguage":"zh-Hans","potentialAction":[{"@type":"ReadAction","target":["https:\/\/www.dynseo.com\/zh-hans\/%e4%b8%aa%e4%ba%ba\/"]}]},{"@type":"ImageObject","inLanguage":"zh-Hans","@id":"https:\/\/www.dynseo.com\/zh-hans\/%e4%b8%aa%e4%ba%ba\/#primaryimage","url":"https:\/\/www.dynseo.com\/wp-content\/uploads\/2024\/07\/Article-pour-jeux-de-memoire-et-services-educatifs-sur-tablette-1.png","contentUrl":"https:\/\/www.dynseo.com\/wp-content\/uploads\/2024\/07\/Article-pour-jeux-de-memoire-et-services-educatifs-sur-tablette-1.png","width":2000,"height":1500,"caption":"\u901a\u8fc7\u6211\u4eec\u6709\u8da3\u800c\u6709\u76ca\u7684\u6d3b\u52a8\u4fdd\u6301\u601d\u7ef4\u654f\u6377\u6027"},{"@type":"BreadcrumbList","@id":"https:\/\/www.dynseo.com\/zh-hans\/%e4%b8%aa%e4%ba%ba\/#breadcrumb","itemListElement":[{"@type":"ListItem","position":1,"name":"Accueil","item":"https:\/\/www.dynseo.com\/zh-hans\/"},{"@type":"ListItem","position":2,"name":"\u4e2a\u4eba"}]},{"@type":"WebSite","@id":"https:\/\/www.dynseo.com\/zh-hans\/#website","url":"https:\/\/www.dynseo.com\/zh-hans\/","name":"Jeux de m\u00e9moire et stimulation cognitive","description":"Entra\u00eenez votre m\u00e9moire et votre cerveau avec DYNSEO","publisher":{"@id":"https:\/\/www.dynseo.com\/zh-hans\/#organization"},"potentialAction":[{"@type":"SearchAction","target":{"@type":"EntryPoint","urlTemplate":"https:\/\/www.dynseo.com\/zh-hans\/?s={search_term_string}"},"query-input":{"@type":"PropertyValueSpecification","valueRequired":true,"valueName":"search_term_string"}}],"inLanguage":"zh-Hans"},{"@type":"Organization","@id":"https:\/\/www.dynseo.com\/zh-hans\/#organization","name":"DYNSEO","url":"https:\/\/www.dynseo.com\/zh-hans\/","logo":{"@type":"ImageObject","inLanguage":"zh-Hans","@id":"https:\/\/www.dynseo.com\/zh-hans\/#\/schema\/logo\/image\/","url":"https:\/\/www.dynseo.com\/wp-content\/uploads\/2022\/05\/logo-dynseo-new.png","contentUrl":"https:\/\/www.dynseo.com\/wp-content\/uploads\/2022\/05\/logo-dynseo-new.png","width":5073,"height":1397,"caption":"DYNSEO"},"image":{"@id":"https:\/\/www.dynseo.com\/zh-hans\/#\/schema\/logo\/image\/"}}]}},"_links":{"self":[{"href":"https:\/\/www.dynseo.com\/zh-hans\/wp-json\/wp\/v2\/pages\/448320","targetHints":{"allow":["GET"]}}],"collection":[{"href":"https:\/\/www.dynseo.com\/zh-hans\/wp-json\/wp\/v2\/pages"}],"about":[{"href":"https:\/\/www.dynseo.com\/zh-hans\/wp-json\/wp\/v2\/types\/page"}],"author":[{"embeddable":true,"href":"https:\/\/www.dynseo.com\/zh-hans\/wp-json\/wp\/v2\/users\/4"}],"replies":[{"embeddable":true,"href":"https:\/\/www.dynseo.com\/zh-hans\/wp-json\/wp\/v2\/comments?post=448320"}],"version-history":[{"count":5,"href":"https:\/\/www.dynseo.com\/zh-hans\/wp-json\/wp\/v2\/pages\/448320\/revisions"}],"predecessor-version":[{"id":494210,"href":"https:\/\/www.dynseo.com\/zh-hans\/wp-json\/wp\/v2\/pages\/448320\/revisions\/494210"}],"wp:featuredmedia":[{"embeddable":true,"href":"https:\/\/www.dynseo.com\/zh-hans\/wp-json\/wp\/v2\/media\/130227"}],"wp:attachment":[{"href":"https:\/\/www.dynseo.com\/zh-hans\/wp-json\/wp\/v2\/media?parent=448320"}],"curies":[{"name":"wp","href":"https:\/\/api.w.org\/{rel}","templated":true}]}}