{"id":487415,"date":"2026-01-20T20:08:52","date_gmt":"2026-01-20T19:08:52","guid":{"rendered":"https:\/\/www.dynseo.com\/aggir-wang-ge\/"},"modified":"2026-01-20T20:08:52","modified_gmt":"2026-01-20T19:08:52","slug":"aggir-wang-ge","status":"publish","type":"page","link":"https:\/\/www.dynseo.com\/zh-hans\/aggir-wang-ge\/","title":{"rendered":"AGGIR\u7f51\u683c"},"content":{"rendered":"<h2><span style=\"color: #000000;\">AGGIR\u91cf\u8868\u5728<a href=\"https:\/\/www.dynseo.com\/zh-hans\/%e7%94%a8%e4%ba%8e-ssiad-%e5%92%8c-saad-%e7%9a%84%e5%88%9b%e6%96%b0%e5%b9%b3%e6%9d%bf%e7%94%b5%e8%84%91\/\" title=\"\u521b\u65b0\u7684\u5e73\u677f\u7535\u8111\u5e94\u7528\u7a0b\u5e8f\u9002\u7528\u4e8eSSIAD\u548cSAAD\">\u5e73\u677f\u7535\u8111<\/a>\u548c\u667a\u80fd\u624b\u673a\u4e0a<\/span><\/h2>\n<p><strong><a href=\"https:\/\/play.google.com\/store\/apps\/details?id=com.dynseo.fr.testgrilleaggir\" target=\"_blank\" rel=\"noopener\">AGGIR\u91cf\u8868<\/a><\/strong> \u662f\u4e00\u79cd\u8bc4\u4f30\u5de5\u5177\uff0c\u7528\u4e8e\u8bc4\u4f30\u8001\u5e74\u4eba\u5728\u65e5\u5e38\u751f\u6d3b\u4e2d\u5b8c\u6210\u4efb\u52a1\u548c\u6d3b\u52a8\u7684\u81ea\u4e3b\u6027\u6216\u4f9d\u8d56\u7a0b\u5ea6<a href=\"https:\/\/www.dynseo.com\/zh-hans\/dmla-dui-ri-chang-sheng-huo-de-ying-xiang-li-jie-guan-li-yu-gong-cun\/\" title=\"DMLA\u5bf9\u65e5\u5e38\u751f\u6d3b\u7684\u5f71\u54cd\uff1a\u7406\u89e3\u3001\u7ba1\u7406\u548c\u4e0e\u4e4b\u5171\u5b58\">\u65e5\u5e38<\/a>\u3002\u8fd9\u901a\u5e38\u88ab\u79f0\u4e3aGIR\u8ba1\u7b97\u3002<\/p>\n<p>AGGIR\u6a21\u578b\uff08\u8001\u5e74\u81ea\u4e3b\u6027\u4e0e\u7b49\u8d44\u6e90\u7ec4\uff09\u80fd\u591f\u5feb\u901f\u786e\u5b9a\u8001\u5e74\u4eba\u7684<strong>\u4f9d\u8d56<\/strong>\u548c<strong>\u81ea\u4e3b<\/strong>\u6c34\u5e73<a href=\"https:\/\/www.dynseo.com\/zh-hans\/travailler-avec-une-personne-trisomique-astuces-pour-un-encadrement-efficace-2\/\" title=\"\u4e0e\u5510\u6c0f\u7efc\u5408\u75c7\u60a3\u8005\u5408\u4f5c\uff1a\u6709\u6548\u6307\u5bfc\u7684\u6280\u5de7\">\u4eba<\/a>\u3002<\/p>\n<p>\u8fd9\u53ef\u4ee5\u786e\u5b9a\uff1a<\/p>\n<p>&#8211; \u56fd\u5bb6\u63d0\u4f9b\u7684\u8865\u52a9\u91d1\u4ee5\u53ca<\/p>\n<p>&#8211; GIR\u7c7b\u522b\uff0c\u51b3\u5b9a\u8001\u5e74\u4eba\u5728<a href=\"https:\/\/www.dynseo.com\/zh-hans\/%e4%b8%8e%e9%98%bf%e5%b0%94%e8%8c%a8%e6%b5%b7%e9%bb%98%e7%97%85%e6%82%a3%e8%80%85%e5%bb%ba%e7%ab%8b%e8%81%94%e7%b3%bb\/\" title=\"\u4e0e\u963f\u5c14\u8328\u6d77\u9ed8\u75c5\u60a3\u8005\u5efa\u7acb\u8054\u7cfb\">\u4eba<\/a>\u5728<a href=\"https:\/\/www.dynseo.com\/zh-hans\/%e5%85%bb%e8%80%81%e9%99%a2%e6%88%96%e5%ae%b6%e5%ba%ad%e6%8a%a4%e7%90%86%ef%bc%9a%e9%80%89%e6%8b%a9%e5%93%aa%e4%ba%9b%e8%a7%a3%e5%86%b3%e6%96%b9%e6%a1%88%ef%bc%9f\/\" title=\"EHPAD\u6216\u5c45\u5bb6\u62a4\u7406\uff1a\u9009\u62e9\u54ea\u79cd\u89e3\u51b3\u65b9\u6848\uff1f\">EHPAD<\/a>\u548c<a href=\"https:\/\/www.dynseo.com\/conseils-pour-les-soignants-soutenir-la-reeducation-cognitive-a-domicile-2\/\" title=\"\u62a4\u7406\u4eba\u5458\u5efa\u8bae\uff1a\u652f\u6301\u5c45\u5bb6\u8ba4\u77e5\u5eb7\u590d\">\u5bb6\u4e2d<\/a>\u6240\u9700\u7684\u8ddf\u8fdb\u7ea7\u522b\u3002<\/p>\n<p><img class=\"wp-image-4742 aligncenter\" %%SRC_13%% alt=\"tablette1\" width=\"601\" height=\"533\" \/><\/p>\n<p>\u8be5\u91cf\u8868\u4ee5\u95ee\u5377\u7684\u5f62\u5f0f\u5448\u73b0\uff0c\u80fd\u591f\u8bc4\u4f30\u5e76\u5c06\u4e2a\u4f53\u5206\u7c7b\u4e3a3\u5927\u7c7b\uff1a<\/p>\n<ul>\n<li>\u6ca1\u6709\u81ea\u4e3b\u6027\u4e27\u5931<\/li>\n<li>\u90e8\u5206\u81ea\u4e3b\u6027\u4e27\u5931<\/li>\n<li>\u4e25\u91cd\u81ea\u4e3b\u6027\u4e27\u5931<\/li>\n<\/ul>\n<p>\u5e76\u83b7\u5f97GIR\u5206\u6570\uff0c\u4eceGIR 1\uff08\u5b8c\u5168\u4f9d\u8d56\uff09\u5230GIR 6\uff08\u5b8c\u5168\u81ea\u4e3b\uff09\u3002<\/p>\n<p><img class=\"wp-image-4745 aligncenter\" %%SRC_14%% alt=\"tablette5\" width=\"601\" height=\"533\" \/><\/p>\n<p>\u60a8\u8f93\u5165\u7684\u6bcf\u4e2a\u7b54\u6848\u90fd\u4f1a\u5728\u5c4f\u5e55\u4e0a\u7b80\u8981\u663e\u793a\uff0c\u4ee5\u5e2e\u52a9\u60a8\u66f4\u597d\u5730<a href=\"https:\/\/www.dynseo.com\/zh-hans\/comment-le-cerveau-change-avec-alzheimer-explication-simple-et-visuelle-pour-comprendre-votre-proche-2\/\" title=\"\u963f\u5c14\u8328\u6d77\u9ed8\u75c5\u5982\u4f55\u6539\u53d8\u5927\u8111\uff1a\u7b80\u5355\u76f4\u89c2\u7684\u89e3\u91ca\uff0c\u5e2e\u52a9\u60a8\u7406\u89e3\u60a8\u7684\u4eb2\u4eba\">\u7406\u89e3<\/a>AGGIR\u6d4b\u8bd5\u3002<\/p>\n<p><img class=\"wp-image-4744 aligncenter\" %%SRC_15%% alt=\"tablette4\" width=\"601\" height=\"533\" \/><\/p>\n<p>&nbsp;<\/p>\n<p>\u63d0\u4f9b\u4e86\u8bf4\u660e\uff0c\u4ee5\u5e2e\u52a9\u60a8\u66f4\u597d\u5730\u56de\u7b54\u6bcf\u4e2a\u95ee\u9898\u3002<\/p>\n<p><img class=\"wp-image-4747 aligncenter\" %%SRC_16%% alt=\"La grille AGGIR-joe-edith-app-adulte-application-entrainement-cerebral-coach-jeux-cerebraux-jeu-cognitif-logique-culture-memoire-fun-dynseo-ludique-animation-personnes-agees-alz-alzheimer-activites-senior-activite-seniors-stimulation-tablette-smartphone\" width=\"601\" height=\"533\" \/><\/p>\n<p>\u8be5\u5e94\u7528\u7a0b\u5e8f\u662f\u514d\u8d39\u7684\uff0c\u5141\u8bb8\u60a8\u8fdb\u884c\u4efb\u610f\u6570\u91cf\u7684AGGIR\u6d4b\u8bd5\uff0c\u5e76\u4e3a\u6bcf\u4e2a\u7ed3\u679c\u63d0\u4f9b\u8be6\u7ec6\u89e3\u91ca\u3002\u6d4b\u8bd5\u7ed3\u679c\u4f1a\u7acb\u5373\u663e\u793a\uff0c\u5e76\u4e14\u4e0d\u4f1a\u88ab\u5b58\u50a8\uff0c\u4ee5\u4fdd\u62a4\u60a8\u7684\u6570\u636e\u9690\u79c1\u3002<\/p>\n<p><img class=\"wp-image-4749 aligncenter\" %%SRC_17%% alt=\"La grille AGGIR-joe-edith-app-adulte-application-entrainement-cerebral-coach-jeux-cerebraux-jeu-cognitif-logique-culture-memoire-fun-dynseo-ludique-animation-personnes-agees-alz-alzheimer-activites-senior-activite-seniors-stimulation-tablette-smartphone\" width=\"592\" height=\"525\" \/><\/p>\n<p>&nbsp;<\/p>\n<h2><span style=\"color: #000000;\">AGGIR\u91cf\u8868\u4e5f\u53ef\u5728\u667a\u80fd\u624b\u673a\u4e0a\u4f7f\u7528<\/span><\/h2>\n<p>\u60a8\u8fd8\u53ef\u4ee5\u901a\u8fc7\u624b\u673a\u8fdb\u884cAGGIR\u91cf\u8868\u6d4b\u8bd5\uff1a<\/p>\n<p><img class=\"wp-image-4759 aligncenter\" %%SRC_18%% alt=\"La grille AGGIR-joe-edith-app-adulte-application-entrainement-cerebral-coach-jeux-cerebraux-jeu-cognitif-logique-culture-memoire-fun-dynseo-ludique-animation-personnes-agees-alz-alzheimer-activites-senior-activite-seniors-stimulation-tablette-smartphone\" width=\"266\" height=\"198\" \/><\/p>\n<p><img class=\"wp-image-4760 aligncenter\" %%SRC_19%% alt=\"La grille AGGIR-joe-edith-app-adulte-application-entrainement-cerebral-coach-jeux-cerebraux-jeu-cognitif-logique-culture-memoire-fun-dynseo-ludique-animation-personnes-agees-alz-alzheimer-activites-senior-activite-seniors-stimulation-tablette-smartphone\" width=\"262\" height=\"195\" \/><\/p>\n<p>&nbsp;<\/p>\n<h2><span style=\"color: #000000;\"><strong><a style=\"color: #000000;\" href=\"https:\/\/www.dynseo.com\/zh-hans\/aggir-wang-ge\/\">\u514d\u8d39\u4e0b\u8f7dAndroid\u5e94\u7528\u7a0b\u5e8f<\/a><\/strong><\/span><\/h2>\n<p>&nbsp;<\/p>\n<p><a href=\"https:\/\/play.google.com\/store\/apps\/details?id=com.dynseo.fr.testgrilleaggir\" target=\"_blank\" rel=\"noopener\"><img class=\"wp-image-3272 aligncenter\" %%SRC_20%% alt=\"playstore dynseo\" width=\"97\" height=\"124\" \/><\/a><\/p>\n<p>&nbsp;<\/p>\n<p>&nbsp;<\/p>\n<p>&nbsp;<\/p>\n<h2>\u51e0\u6b21\u70b9\u51fb\u5373\u53ef\u8fdb\u884c\u6a21\u62df<\/h2>\n<p>\u8be5\u5e94\u7528\u7a0b\u5e8f\u786e\u5b9e\u5141\u8bb8\u60a8\u8fdb\u884c\u7b80\u5355\u7684\u6a21\u62df\uff0c\u5982\u679c\u60a8\u613f\u610f\u3002<\/p>\n<p>\u6b64\u6a21\u62df\u5c06\u5e2e\u52a9\u60a8\u56de\u7b54\u6709\u5173\u8001\u5e74\u4eba\u81ea\u4e3b\u6027\u7684\u95ee\u9898\u3002\u5982\u679c\u60a8\u8eab\u8fb9\u6709\u4e00\u4f4d\u60a8\u6000\u7591\u5176\u81ea\u4e3b\u6027\u7684\u4eba\uff0c\u786e\u5b9e\u91cd\u8981\u7684\u662f\u8981\u8fc5\u901f\u5224\u65ad\u5e76\u4e86\u89e3\u8be5\u4eba\u7684\u751f\u6d3b\u6c34\u5e73\u3002<\/p>\n<p>\u81ea\u4e3b\u6027\u5bf9\u6211\u4eec\u81f3\u5173\u91cd\u8981\uff0c\u6bcf\u4e2a\u4eba\u90fd\u9700\u8981\u5b83\u6765\u8fdb\u884c\u536b\u751f\u3001\u996e\u98df\u4ee5\u53ca\u4efb\u4f55\u6d89\u53ca\u57fa\u672c\u5fc5\u9700\u54c1\u8d2d\u4e70\u7684\u79fb\u52a8\u3002\u5f53\u6211\u4eec\u6000\u7591\u67d0\u4eba\u7684\u81ea\u4e3b\u6027\u65f6\uff0c\u91cd\u8981\u7684\u662f\u4e0d\u8981\u8ba9\u4ed6\u4eec\u72ec\u81ea\u4e00\u4eba\uff1a\u5bb6\u5ead\u4e8b\u6545\u53ef\u80fd\u4f1a\u8fc5\u901f\u53d1\u751f\uff0c\u5e76\u5728\u67d0\u4e9b\u60c5\u51b5\u4e0b\u53ef\u80fd\u4f1a\u53d8\u5f97\u4e25\u91cd\u3002<\/p>\n<p><a href=\"https:\/\/www.santeenfrance.fr\/pages\/gir\">GIR\u8ba1\u7b97<\/a>\u7684\u6a21\u62df\u5feb\u901f\u3001\u7b80\u5355\u4e14\u6709\u6548\uff1a\u56e0\u6b64\u60a8\u5c06\u77e5\u9053\u60a8\u6240\u8003\u8651\u7684\u4eba\u662f\u5426\u9700\u8981\u652f\u6301\uff0c\u6216\u9700\u8981\u4e13\u4e1a\u533b\u7597\u4eba\u5458\u7684\u5e2e\u52a9\u6765\u534f\u52a9\u5176\u65e5\u5e38\u4efb\u52a1\u3002\u6a21\u62df\u7ed3\u679c\u4ec5\u4f9b\u53c2\u8003\uff0c\u60a8\u5728\u6536\u96c6\u4fe1\u606f\u540e\uff0c\u53ef\u80fd\u9700\u8981<a href=\"https:\/\/www.dynseo.com\/apathie-et-demotivation-stimuler-sans-brusquer-la-personne-malade\/\" title=\"\u65e0\u52a8\u673a\u548c\u5931\u53bb\u52a8\u529b\uff1a\u6e29\u548c\u523a\u6fc0\u751f\u75c5\u7684\u4eba\">\u4e13\u4e1a\u4eba\u58eb\u7684\u610f\u89c1<\/a>\u3002<\/p>\n<p>\u5982\u679c\u60a8\u7684\u6700\u7ec8\u7ed3\u679c\u663e\u793a\u51fa\u4f9d\u8d56\uff0c\u5373\u4f7f\u662f\u8f7b\u5fae\u7684\uff0c\u4e5f\u5f3a\u70c8\u5efa\u8bae\u63d0\u4f9b\u4e2a\u4eba\u5e2e\u52a9\u3002<\/p>\n<p>[et_pb_code]<script type=\"application\/ld+json\">{\"@context\":\"https:\/\/schema.org\",\"@type\":\"FAQPage\",\"mainEntity\":[{\"@type\":\"Question\",\"name\":\"Qu'est-ce que la grille AGGIR ?\",\"acceptedAnswer\":{\"@type\":\"Answer\",\"text\":\"La grille AGGIR est une \u00e9chelle d'\u00e9valuation permettant d'\u00e9valuer le niveau d'autonomie ou de d\u00e9pendance des personnes \u00e2g\u00e9es dans la r\u00e9alisation des t\u00e2ches et actes de la vie quotidienne. AGGIR signifie Autonomie G\u00e9rontologique et Groupes Iso-Ressources.\"}},{\"@type\":\"Question\",\"name\":\"\u00c0 quoi sert le calcul du GIR ?\",\"acceptedAnswer\":{\"@type\":\"Answer\",\"text\":\"Le calcul du GIR permet de d\u00e9terminer les indemnit\u00e9s allou\u00e9es par l'\u00c9tat ainsi que les cat\u00e9gories GIR, qui d\u00e9terminent le niveau de suivi requis par une personne \u00e2g\u00e9e tant en EHPAD qu'\u00e0 domicile.\"}},{\"@type\":\"Question\",\"name\":\"<a href=\"https:\/\/www.dynseo.com\/zh-hans\/shi-qu-ting-li-shi-you-na-xie-jie-jue-fang-an\/\" title=\"Quelles solutions en cas de perte d\u2019audition ?\">Quelles<\/a> sont les 3 grandes cat\u00e9gories d'\u00e9valuation de la grille AGGIR ?\",\"acceptedAnswer\":{\"@type\":\"Answer\",\"text\":\"La grille AGGIR classe les individus en 3 grandes cat\u00e9gories : l'absence de perte d'autonomie, la perte d'autonomie partielle, et la forte perte d'autonomie.\"}},{\"@type\":\"Question\",\"name\":\"Comment fonctionne le syst\u00e8me de score GIR ?\",\"acceptedAnswer\":{\"@type\":\"Answer\",\"text\":\"Le score GIR va de GIR 1 (d\u00e9pendance totale) \u00e0 GIR 6 (autonomie totale). Plus le chiffre est bas, plus le niveau de d\u00e9pendance est \u00e9lev\u00e9.\"}},{\"@type\":\"Question\",\"name\":\"L'application de la grille AGGIR est-elle payante ?\",\"acceptedAnswer\":{\"@type\":\"Answer\",\"text\":\"Non, l'application est gratuite et permet d'effectuer autant de tests AGGIR que vous le souhaitez. Elle propose une explication d\u00e9taill\u00e9e de chacun des r\u00e9sultats.\"}},{\"@type\":\"Question\",\"name\":\"Les donn\u00e9es du test AGGIR sont-elles conserv\u00e9es ?\",\"acceptedAnswer\":{\"@type\":\"Answer\",\"text\":\"Non, le r\u00e9sultat du test est imm\u00e9diatement visible et n'est pas stock\u00e9 afin de respecter la confidentialit\u00e9 de vos donn\u00e9es.\"}}]}<\/script>[\/et_pb_code]<\/p>\n","protected":false},"excerpt":{"rendered":"<p>AGGIR\u91cf\u8868\u5728\u5e73\u677f\u7535\u8111\u548c\u667a\u80fd\u624b\u673a\u4e0a AGGIR\u91cf\u8868 \u662f\u4e00\u79cd\u8bc4\u4f30\u5de5\u5177\uff0c\u7528\u4e8e\u8bc4\u4f30\u8001\u5e74\u4eba\u5728\u65e5\u5e38\u751f\u6d3b\u4e2d\u5b8c\u6210\u4efb\u52a1\u548c\u6d3b\u52a8 [&hellip;]<\/p>\n","protected":false},"author":4,"featured_media":3870,"parent":0,"menu_order":0,"comment_status":"closed","ping_status":"closed","template":"","meta":{"_et_pb_use_builder":"","_et_pb_old_content":"","_et_gb_content_width":"","footnotes":""},"class_list":["post-487415","page","type-page","status-publish","has-post-thumbnail","hentry"],"yoast_head":"<!-- This site is optimized with the Yoast SEO plugin v27.4 - https:\/\/yoast.com\/product\/yoast-seo-wordpress\/ -->\n<title>AGGIR\u7f51\u683c - \u6559\u80b2\u8f6f\u4ef6\u3001\u8bb0\u5fc6\u6e38\u620f\u548c\u5927\u8111\u8bad\u7ec3\u5e94\u7528<\/title>\n<meta name=\"robots\" content=\"index, follow, max-snippet:-1, max-image-preview:large, max-video-preview:-1\" \/>\n<link rel=\"canonical\" href=\"https:\/\/www.dynseo.com\/zh-hans\/aggir-wang-ge\/\" \/>\n<meta property=\"og:locale\" content=\"zh_CN\" \/>\n<meta property=\"og:type\" content=\"article\" \/>\n<meta property=\"og:title\" content=\"AGGIR\u7f51\u683c - \u6559\u80b2\u8f6f\u4ef6\u3001\u8bb0\u5fc6\u6e38\u620f\u548c\u5927\u8111\u8bad\u7ec3\u5e94\u7528\" \/>\n<meta property=\"og:description\" content=\"AGGIR\u91cf\u8868\u5728\u5e73\u677f\u7535\u8111\u548c\u667a\u80fd\u624b\u673a\u4e0a AGGIR\u91cf\u8868 \u662f\u4e00\u79cd\u8bc4\u4f30\u5de5\u5177\uff0c\u7528\u4e8e\u8bc4\u4f30\u8001\u5e74\u4eba\u5728\u65e5\u5e38\u751f\u6d3b\u4e2d\u5b8c\u6210\u4efb\u52a1\u548c\u6d3b\u52a8 [&hellip;]\" \/>\n<meta property=\"og:url\" content=\"https:\/\/www.dynseo.com\/zh-hans\/aggir-wang-ge\/\" \/>\n<meta property=\"og:site_name\" content=\"\u6559\u80b2\u8f6f\u4ef6\u3001\u8bb0\u5fc6\u6e38\u620f\u548c\u5927\u8111\u8bad\u7ec3\u5e94\u7528\" \/>\n<meta property=\"og:image\" content=\"https:\/\/www.dynseo.com\/wp-content\/uploads\/2024\/07\/Article-pour-jeux-de-memoire-et-services-educatifs-sur-tablette-1.png\" \/>\n\t<meta property=\"og:image:width\" content=\"2000\" \/>\n\t<meta property=\"og:image:height\" content=\"1500\" \/>\n\t<meta property=\"og:image:type\" content=\"image\/png\" \/>\n<script type=\"application\/ld+json\" class=\"yoast-schema-graph\">{\"@context\":\"https:\\\/\\\/schema.org\",\"@graph\":[{\"@type\":\"WebPage\",\"@id\":\"https:\\\/\\\/www.dynseo.com\\\/zh-hans\\\/aggir-wang-ge\\\/\",\"url\":\"https:\\\/\\\/www.dynseo.com\\\/zh-hans\\\/aggir-wang-ge\\\/\",\"name\":\"AGGIR\u7f51\u683c - \u6559\u80b2\u8f6f\u4ef6\u3001\u8bb0\u5fc6\u6e38\u620f\u548c\u5927\u8111\u8bad\u7ec3\u5e94\u7528\",\"isPartOf\":{\"@id\":\"https:\\\/\\\/www.dynseo.com\\\/zh-hans\\\/#website\"},\"primaryImageOfPage\":{\"@id\":\"https:\\\/\\\/www.dynseo.com\\\/zh-hans\\\/aggir-wang-ge\\\/#primaryimage\"},\"image\":{\"@id\":\"https:\\\/\\\/www.dynseo.com\\\/zh-hans\\\/aggir-wang-ge\\\/#primaryimage\"},\"thumbnailUrl\":\"https:\\\/\\\/www.dynseo.com\\\/wp-content\\\/uploads\\\/2013\\\/06\\\/app-Aggir.png\",\"datePublished\":\"2026-01-20T19:08:52+00:00\",\"breadcrumb\":{\"@id\":\"https:\\\/\\\/www.dynseo.com\\\/zh-hans\\\/aggir-wang-ge\\\/#breadcrumb\"},\"inLanguage\":\"zh-Hans\",\"potentialAction\":[{\"@type\":\"ReadAction\",\"target\":[\"https:\\\/\\\/www.dynseo.com\\\/zh-hans\\\/aggir-wang-ge\\\/\"]}]},{\"@type\":\"ImageObject\",\"inLanguage\":\"zh-Hans\",\"@id\":\"https:\\\/\\\/www.dynseo.com\\\/zh-hans\\\/aggir-wang-ge\\\/#primaryimage\",\"url\":\"https:\\\/\\\/www.dynseo.com\\\/wp-content\\\/uploads\\\/2013\\\/06\\\/app-Aggir.png\",\"contentUrl\":\"https:\\\/\\\/www.dynseo.com\\\/wp-content\\\/uploads\\\/2013\\\/06\\\/app-Aggir.png\",\"width\":283,\"height\":283,\"caption\":\"\u963f\u5c14\u8328\u6d77\u9ed8\u5e73\u677f\u7535\u8111 - \u6fc0\u6d3b\u5927\u8111,\u5ef6\u7f13\u8bb0\u5fc6\u8870\u9000\"},{\"@type\":\"BreadcrumbList\",\"@id\":\"https:\\\/\\\/www.dynseo.com\\\/zh-hans\\\/aggir-wang-ge\\\/#breadcrumb\",\"itemListElement\":[{\"@type\":\"ListItem\",\"position\":1,\"name\":\"Accueil\",\"item\":\"https:\\\/\\\/www.dynseo.com\\\/zh-hans\\\/\"},{\"@type\":\"ListItem\",\"position\":2,\"name\":\"AGGIR\u7f51\u683c\"}]},{\"@type\":\"WebSite\",\"@id\":\"https:\\\/\\\/www.dynseo.com\\\/zh-hans\\\/#website\",\"url\":\"https:\\\/\\\/www.dynseo.com\\\/zh-hans\\\/\",\"name\":\"Jeux de m\u00e9moire et stimulation cognitive\",\"description\":\"Entra\u00eenez votre m\u00e9moire et votre cerveau avec DYNSEO\",\"publisher\":{\"@id\":\"https:\\\/\\\/www.dynseo.com\\\/zh-hans\\\/#organization\"},\"potentialAction\":[{\"@type\":\"SearchAction\",\"target\":{\"@type\":\"EntryPoint\",\"urlTemplate\":\"https:\\\/\\\/www.dynseo.com\\\/zh-hans\\\/?s={search_term_string}\"},\"query-input\":{\"@type\":\"PropertyValueSpecification\",\"valueRequired\":true,\"valueName\":\"search_term_string\"}}],\"inLanguage\":\"zh-Hans\"},{\"@type\":\"Organization\",\"@id\":\"https:\\\/\\\/www.dynseo.com\\\/zh-hans\\\/#organization\",\"name\":\"DYNSEO\",\"url\":\"https:\\\/\\\/www.dynseo.com\\\/zh-hans\\\/\",\"logo\":{\"@type\":\"ImageObject\",\"inLanguage\":\"zh-Hans\",\"@id\":\"https:\\\/\\\/www.dynseo.com\\\/zh-hans\\\/#\\\/schema\\\/logo\\\/image\\\/\",\"url\":\"https:\\\/\\\/www.dynseo.com\\\/wp-content\\\/uploads\\\/2022\\\/05\\\/logo-dynseo-new.png\",\"contentUrl\":\"https:\\\/\\\/www.dynseo.com\\\/wp-content\\\/uploads\\\/2022\\\/05\\\/logo-dynseo-new.png\",\"width\":5073,\"height\":1397,\"caption\":\"DYNSEO\"},\"image\":{\"@id\":\"https:\\\/\\\/www.dynseo.com\\\/zh-hans\\\/#\\\/schema\\\/logo\\\/image\\\/\"}}]}<\/script>\n<!-- \/ Yoast SEO plugin. -->","yoast_head_json":{"title":"AGGIR\u7f51\u683c - \u6559\u80b2\u8f6f\u4ef6\u3001\u8bb0\u5fc6\u6e38\u620f\u548c\u5927\u8111\u8bad\u7ec3\u5e94\u7528","robots":{"index":"index","follow":"follow","max-snippet":"max-snippet:-1","max-image-preview":"max-image-preview:large","max-video-preview":"max-video-preview:-1"},"canonical":"https:\/\/www.dynseo.com\/zh-hans\/aggir-wang-ge\/","og_locale":"zh_CN","og_type":"article","og_title":"AGGIR\u7f51\u683c - \u6559\u80b2\u8f6f\u4ef6\u3001\u8bb0\u5fc6\u6e38\u620f\u548c\u5927\u8111\u8bad\u7ec3\u5e94\u7528","og_description":"AGGIR\u91cf\u8868\u5728\u5e73\u677f\u7535\u8111\u548c\u667a\u80fd\u624b\u673a\u4e0a AGGIR\u91cf\u8868 \u662f\u4e00\u79cd\u8bc4\u4f30\u5de5\u5177\uff0c\u7528\u4e8e\u8bc4\u4f30\u8001\u5e74\u4eba\u5728\u65e5\u5e38\u751f\u6d3b\u4e2d\u5b8c\u6210\u4efb\u52a1\u548c\u6d3b\u52a8 [&hellip;]","og_url":"https:\/\/www.dynseo.com\/zh-hans\/aggir-wang-ge\/","og_site_name":"\u6559\u80b2\u8f6f\u4ef6\u3001\u8bb0\u5fc6\u6e38\u620f\u548c\u5927\u8111\u8bad\u7ec3\u5e94\u7528","og_image":[{"width":2000,"height":1500,"url":"https:\/\/www.dynseo.com\/wp-content\/uploads\/2024\/07\/Article-pour-jeux-de-memoire-et-services-educatifs-sur-tablette-1.png","type":"image\/png"}],"schema":{"@context":"https:\/\/schema.org","@graph":[{"@type":"WebPage","@id":"https:\/\/www.dynseo.com\/zh-hans\/aggir-wang-ge\/","url":"https:\/\/www.dynseo.com\/zh-hans\/aggir-wang-ge\/","name":"AGGIR\u7f51\u683c - \u6559\u80b2\u8f6f\u4ef6\u3001\u8bb0\u5fc6\u6e38\u620f\u548c\u5927\u8111\u8bad\u7ec3\u5e94\u7528","isPartOf":{"@id":"https:\/\/www.dynseo.com\/zh-hans\/#website"},"primaryImageOfPage":{"@id":"https:\/\/www.dynseo.com\/zh-hans\/aggir-wang-ge\/#primaryimage"},"image":{"@id":"https:\/\/www.dynseo.com\/zh-hans\/aggir-wang-ge\/#primaryimage"},"thumbnailUrl":"https:\/\/www.dynseo.com\/wp-content\/uploads\/2013\/06\/app-Aggir.png","datePublished":"2026-01-20T19:08:52+00:00","breadcrumb":{"@id":"https:\/\/www.dynseo.com\/zh-hans\/aggir-wang-ge\/#breadcrumb"},"inLanguage":"zh-Hans","potentialAction":[{"@type":"ReadAction","target":["https:\/\/www.dynseo.com\/zh-hans\/aggir-wang-ge\/"]}]},{"@type":"ImageObject","inLanguage":"zh-Hans","@id":"https:\/\/www.dynseo.com\/zh-hans\/aggir-wang-ge\/#primaryimage","url":"https:\/\/www.dynseo.com\/wp-content\/uploads\/2013\/06\/app-Aggir.png","contentUrl":"https:\/\/www.dynseo.com\/wp-content\/uploads\/2013\/06\/app-Aggir.png","width":283,"height":283,"caption":"\u963f\u5c14\u8328\u6d77\u9ed8\u5e73\u677f\u7535\u8111 - \u6fc0\u6d3b\u5927\u8111,\u5ef6\u7f13\u8bb0\u5fc6\u8870\u9000"},{"@type":"BreadcrumbList","@id":"https:\/\/www.dynseo.com\/zh-hans\/aggir-wang-ge\/#breadcrumb","itemListElement":[{"@type":"ListItem","position":1,"name":"Accueil","item":"https:\/\/www.dynseo.com\/zh-hans\/"},{"@type":"ListItem","position":2,"name":"AGGIR\u7f51\u683c"}]},{"@type":"WebSite","@id":"https:\/\/www.dynseo.com\/zh-hans\/#website","url":"https:\/\/www.dynseo.com\/zh-hans\/","name":"Jeux de m\u00e9moire et stimulation cognitive","description":"Entra\u00eenez votre m\u00e9moire et votre cerveau avec DYNSEO","publisher":{"@id":"https:\/\/www.dynseo.com\/zh-hans\/#organization"},"potentialAction":[{"@type":"SearchAction","target":{"@type":"EntryPoint","urlTemplate":"https:\/\/www.dynseo.com\/zh-hans\/?s={search_term_string}"},"query-input":{"@type":"PropertyValueSpecification","valueRequired":true,"valueName":"search_term_string"}}],"inLanguage":"zh-Hans"},{"@type":"Organization","@id":"https:\/\/www.dynseo.com\/zh-hans\/#organization","name":"DYNSEO","url":"https:\/\/www.dynseo.com\/zh-hans\/","logo":{"@type":"ImageObject","inLanguage":"zh-Hans","@id":"https:\/\/www.dynseo.com\/zh-hans\/#\/schema\/logo\/image\/","url":"https:\/\/www.dynseo.com\/wp-content\/uploads\/2022\/05\/logo-dynseo-new.png","contentUrl":"https:\/\/www.dynseo.com\/wp-content\/uploads\/2022\/05\/logo-dynseo-new.png","width":5073,"height":1397,"caption":"DYNSEO"},"image":{"@id":"https:\/\/www.dynseo.com\/zh-hans\/#\/schema\/logo\/image\/"}}]}},"_links":{"self":[{"href":"https:\/\/www.dynseo.com\/zh-hans\/wp-json\/wp\/v2\/pages\/487415","targetHints":{"allow":["GET"]}}],"collection":[{"href":"https:\/\/www.dynseo.com\/zh-hans\/wp-json\/wp\/v2\/pages"}],"about":[{"href":"https:\/\/www.dynseo.com\/zh-hans\/wp-json\/wp\/v2\/types\/page"}],"author":[{"embeddable":true,"href":"https:\/\/www.dynseo.com\/zh-hans\/wp-json\/wp\/v2\/users\/4"}],"replies":[{"embeddable":true,"href":"https:\/\/www.dynseo.com\/zh-hans\/wp-json\/wp\/v2\/comments?post=487415"}],"version-history":[{"count":0,"href":"https:\/\/www.dynseo.com\/zh-hans\/wp-json\/wp\/v2\/pages\/487415\/revisions"}],"wp:featuredmedia":[{"embeddable":true,"href":"https:\/\/www.dynseo.com\/zh-hans\/wp-json\/wp\/v2\/media\/3870"}],"wp:attachment":[{"href":"https:\/\/www.dynseo.com\/zh-hans\/wp-json\/wp\/v2\/media?parent=487415"}],"curies":[{"name":"wp","href":"https:\/\/api.w.org\/{rel}","templated":true}]}}