{"id":487499,"date":"2026-01-20T20:40:20","date_gmt":"2026-01-20T19:40:20","guid":{"rendered":"https:\/\/www.dynseo.com\/piqi\/"},"modified":"2026-01-20T20:40:20","modified_gmt":"2026-01-20T19:40:20","slug":"piqi","status":"publish","type":"page","link":"https:\/\/www.dynseo.com\/zh-hans\/piqi\/","title":{"rendered":"\u813e\u6c14"},"content":{"rendered":"<h2 style=\"text-align: center;\"><span style=\"color: #526fa1;\"><strong>TEMPER<\/strong><\/span><\/h2>\n<h3 style=\"text-align: center;\"><a href=\"https:\/\/www.dynseo.com\/zh-hans\/le-metier-d-auxiliaire-de-vie-sarah-nous-fait-partager-sa-passion-2\/\" title=\"Auxiliaire de vie : Sarah nous fait partager sa passion\">Partager<\/a> votre humeur, nous tient \u00e0 c\u0153ur.<\/h3>\n<p><img loading=\"lazy\" decoding=\"async\" class=\"aligncenter size-full wp-image-36953\" src=\"https:\/\/www.dynseo.com\/wp-content\/uploads\/2021\/02\/Ma-Mood-768x768-1.jpg\" alt=\"\" width=\"753\" height=\"534\" srcset=\"https:\/\/www.dynseo.com\/wp-content\/uploads\/2021\/02\/Ma-Mood-768x768-1.jpg 753w, https:\/\/www.dynseo.com\/wp-content\/uploads\/2021\/02\/Ma-Mood-768x768-1-480x340.jpg 480w\" sizes=\"(min-width: 0px) and (max-width: 480px) 480px, (min-width: 481px) 753px, 100vw\" \/><\/p>\n<p>Apportez du r\u00e9confort \u00e0 vos proches qui ont un petit coup de blues et r\u00e9jouissez vous pour eux quand tout est au beau fixe !<\/p>\n<p>&nbsp;<\/p>\n<h2><\/h2>\n<h2 style=\"text-align: center;\"><span style=\"color: #526fa1;\"><strong>Avec Temper, soyez le premier \u00e0 remonter le moral de vos proches<\/strong><\/span><\/h2>\n<p>&nbsp;<\/p>\n<p>Invitez vos proches sur l&#8217;application pour pouvoir partager vos humeurs !<\/p>\n<p>Avec Temper vous consultez l&#8217;humeur de tous vos proches qui poss\u00e8dent l&#8217;application, vous \u00eates donc imm\u00e9diatement au courant quand un parent, un cousin&#8230; a un coup de blues et vous pouvez le r\u00e9conforter !<\/p>\n<p>&nbsp;<\/p>\n<h2 style=\"text-align: left;\">\u00a0<img loading=\"lazy\" decoding=\"async\" class=\"wp-image-4082 size-large aligncenter\" src=\"https:\/\/www.dynseo.com\/wp-content\/uploads\/2015\/12\/la-mood-FR-1024x482.png\" alt=\"Temper-edith-app-adulte-application-entrainement-cerebral-coach-jeux-cerebraux-jeu-cognitif-logique-culture-memoire-fun-dynseo-ludique-animation-personnes-agees-alz-alzheimer-activites-senior-activite-seniors-stimulation-tablette-smartphone\" width=\"700\" height=\"329\" srcset=\"https:\/\/www.dynseo.com\/wp-content\/uploads\/2015\/12\/la-mood-FR-1024x482.png 1024w, https:\/\/www.dynseo.com\/wp-content\/uploads\/2015\/12\/la-mood-FR-600x282.png 600w, https:\/\/www.dynseo.com\/wp-content\/uploads\/2015\/12\/la-mood-FR-300x141.png 300w, https:\/\/www.dynseo.com\/wp-content\/uploads\/2015\/12\/la-mood-FR-768x361.png 768w, https:\/\/www.dynseo.com\/wp-content\/uploads\/2015\/12\/la-mood-FR.png 1663w\" sizes=\"(max-width: 700px) 100vw, 700px\" \/><\/h2>\n<p>&nbsp;<\/p>\n<h2><\/h2>\n<h2 style=\"text-align: center;\"><span style=\"color: #526fa1;\"><strong>Avec Temper, prenons soin de nous<\/strong><\/span><\/h2>\n<p>&nbsp;<\/p>\n<p style=\"text-align: center;\"><span style=\"color: #526fa1;\"><strong>Sur iPhone \/ iPad<\/strong><\/span><\/p>\n<p style=\"text-align: center;\"><img loading=\"lazy\" decoding=\"async\" class=\"aligncenter wp-image-36954 size-full\" src=\"https:\/\/www.dynseo.com\/wp-content\/uploads\/2021\/02\/1-temper-image-mood-me-soin-application-apple-bien-etre-tout-va-bien.png\" alt=\"\" width=\"283\" height=\"504\" srcset=\"https:\/\/www.dynseo.com\/wp-content\/uploads\/2021\/02\/1-temper-image-mood-me-soin-application-apple-bien-etre-tout-va-bien.png 283w, https:\/\/www.dynseo.com\/wp-content\/uploads\/2021\/02\/1-temper-image-mood-me-soin-application-apple-bien-etre-tout-va-bien-168x300.png 168w\" sizes=\"(max-width: 283px) 100vw, 283px\" \/><\/p>\n<p><img loading=\"lazy\" decoding=\"async\" class=\"aligncenter wp-image-36955 size-full\" src=\"https:\/\/www.dynseo.com\/wp-content\/uploads\/2021\/02\/2-temper-image-mood-me-soin-application-apple-bien-etre-tout-va-bien.png\" alt=\"\" width=\"284\" height=\"504\" srcset=\"https:\/\/www.dynseo.com\/wp-content\/uploads\/2021\/02\/2-temper-image-mood-me-soin-application-apple-bien-etre-tout-va-bien.png 284w, https:\/\/www.dynseo.com\/wp-content\/uploads\/2021\/02\/2-temper-image-mood-me-soin-application-apple-bien-etre-tout-va-bien-169x300.png 169w\" sizes=\"(max-width: 284px) 100vw, 284px\" \/><\/p>\n<p>&nbsp;<\/p>\n<p style=\"text-align: center;\"><span style=\"color: #526fa1;\"><strong>Sur l&#8217;iWatch<\/strong><\/span><\/p>\n<p style=\"text-align: center;\"><img loading=\"lazy\" decoding=\"async\" class=\"aligncenter wp-image-36956 size-full\" src=\"https:\/\/www.dynseo.com\/wp-content\/uploads\/2021\/02\/3-temper-image-mood-me-soin-application-apple-bien-etre-tout-va-bien.png\" alt=\"\" width=\"113\" height=\"194\" \/><\/p>\n<p><img loading=\"lazy\" decoding=\"async\" class=\"aligncenter wp-image-36957 size-full\" src=\"https:\/\/www.dynseo.com\/wp-content\/uploads\/2021\/02\/4-temper-image-mood-me-soin-application-apple-bien-etre-tout-va-bien.png\" alt=\"\" width=\"113\" height=\"194\" \/><\/p>\n<h2 style=\"text-align: center;\"><span style=\"color: #526fa1;\"><strong>Temper, compatible avec nos applications de <a href=\"https:\/\/www.dynseo.com\/zh-hans\/ciji-renzhi-juzhu-fuwu\/\" title=\"Stimulation Cognitive r\u00e9sidence Services\">stimulation cognitive<\/a><\/strong><\/span><\/h2>\n<p>&nbsp;<\/p>\n<p>Temper permet aussi de recevoir l&#8217;humeur des utilisateurs de Stim\u2019art Edith et Joe !<\/p>\n<p>Pour cela, il suffit d&#8217;envoyer une invitation \u00e0 l&#8217;utilisateur de Stim&#8217;art avec lequel vous voulez \u00e9changer vos humeurs.<\/p>\n<p>&nbsp;<\/p>\n<p><span style=\"color: #526fa1;\"><strong>Au sein du programme Edith<\/strong><\/span><\/p>\n<p><img loading=\"lazy\" decoding=\"async\" class=\"aligncenter wp-image-36959 size-full\" src=\"https:\/\/www.dynseo.com\/wp-content\/uploads\/2021\/02\/41-temper-image-mood-me-soin-application-apple-bien-etre-tout-va-bien.png\" alt=\"\" width=\"571\" height=\"321\" srcset=\"https:\/\/www.dynseo.com\/wp-content\/uploads\/2021\/02\/41-temper-image-mood-me-soin-application-apple-bien-etre-tout-va-bien.png 571w, https:\/\/www.dynseo.com\/wp-content\/uploads\/2021\/02\/41-temper-image-mood-me-soin-application-apple-bien-etre-tout-va-bien-480x270.png 480w\" sizes=\"(min-width: 0px) and (max-width: 480px) 480px, (min-width: 481px) 571px, 100vw\" \/><\/p>\n<p><span style=\"color: #526fa1;\"><strong>Au sein du programme\u00a0Joe<\/strong><\/span><\/p>\n<p><img loading=\"lazy\" decoding=\"async\" class=\"aligncenter wp-image-36958 size-full\" src=\"https:\/\/www.dynseo.com\/wp-content\/uploads\/2021\/02\/5-temper-image-mood-me-soin-application-apple-bien-etre-tout-va-bien.png\" alt=\"\" width=\"571\" height=\"321\" srcset=\"https:\/\/www.dynseo.com\/wp-content\/uploads\/2021\/02\/5-temper-image-mood-me-soin-application-apple-bien-etre-tout-va-bien.png 571w, https:\/\/www.dynseo.com\/wp-content\/uploads\/2021\/02\/5-temper-image-mood-me-soin-application-apple-bien-etre-tout-va-bien-480x270.png 480w\" sizes=\"(min-width: 0px) and (max-width: 480px) 480px, (min-width: 481px) 571px, 100vw\" \/><\/p>\n<p>&nbsp;<\/p>\n<p>&nbsp;<\/p>\n<p>&nbsp;<\/p>\n<h2 style=\"text-align: center;\"><span style=\"color: #526fa1;\"><strong>Temper, une application iOS gratuite<\/strong><\/span><\/h2>\n<p>&nbsp;<\/p>\n<p style=\"text-align: center;\">Temper est une application disponible sur les appareils Apple, \u00e0 savoir iPhone, iPad, Apple Watch.<\/p>\n<p>&nbsp;<\/p>\n<p>&nbsp;<\/p>\n<p>&nbsp;<\/p>\n<p>[et_pb_code]<script type=\"application\/ld+json\">{\"@context\":\"https:\/\/schema.org\",\"@type\":\"FAQPage\",\"mainEntity\":[{\"@type\":\"Question\",\"name\":\"Qu'est-ce que l'application Temper ?\",\"acceptedAnswer\":{\"@type\":\"Answer\",\"text\":\"Temper est une application gratuite qui permet de partager votre humeur avec vos proches. Elle vous aide \u00e0 apporter du r\u00e9confort \u00e0 vos proches qui ont un coup de blues et \u00e0 vous r\u00e9jouir avec eux quand tout va bien.\"}},{\"@type\":\"Question\",\"name\":\"Comment fonctionne Temper pour remonter le moral de mes proches ?\",\"acceptedAnswer\":{\"@type\":\"Answer\",\"text\":\"Avec Temper, vous pouvez consulter l'humeur de tous vos proches qui poss\u00e8dent l'application. Vous \u00eates ainsi imm\u00e9diatement au courant quand un parent, un cousin ou un ami a un coup de blues et vous pouvez le r\u00e9conforter rapidement.\"}},{\"@type\":\"Question\",\"name\":\"Sur <a href=\"https:\/\/www.dynseo.com\/zh-hans\/quels-outils-educatifs-pour-accompagner-les-enfants-trisomiques-dans-leurs-apprentissages-2\/\" title=\"Quels outils \u00e9ducatifs pour accompagner les enfants trisomiques dans leurs apprentissages\">quels<\/a> appareils Temper est-elle disponible ?\",\"acceptedAnswer\":{\"@type\":\"Answer\",\"text\":\"Temper est une application iOS gratuite disponible sur les appareils Apple : iPhone, iPad et Apple Watch (iWatch).\"}},{\"@type\":\"Question\",\"name\":\"Comment puis-je inviter mes proches sur Temper ?\",\"acceptedAnswer\":{\"@type\":\"Answer\",\"text\":\"Vous pouvez inviter vos proches directement sur l'application Temper pour pouvoir partager vos humeurs ensemble. Il suffit d'envoyer une invitation via l'application.\"}},{\"@type\":\"Question\",\"name\":\"Temper est-elle compatible avec d'autres applications ?\",\"acceptedAnswer\":{\"@type\":\"Answer\",\"text\":\"Oui, Temper est compatible avec les applications de <a href=\"https:\/\/www.dynseo.com\/zh-hans\/pa-jin-sen-de-chen-jian-li-xing-cheng-xu-dong-zuo-duan-lian-he-ren-zhi-ci-ji\/\" title=\"Routine matinale pour Parkinson : Gestes, exercices et stimulation cognitive\">stimulation cognitive<\/a> Stim'art Edith et Joe. Elle permet de recevoir l'humeur des utilisateurs de ces programmes et d'\u00e9changer vos humeurs avec eux.\"}},{\"@type\":\"Question\",\"name\":\"L'application Temper est-elle payante ?\",\"acceptedAnswer\":{\"@type\":\"Answer\",\"text\":\"Non, Temper est une application iOS enti\u00e8rement gratuite disponible sur tous les appareils Apple (iPhone, iPad, Apple Watch).\"}}]}<\/script>[\/et_pb_code]<\/p>\n","protected":false},"excerpt":{"rendered":"<p>TEMPER Partager votre humeur, nous tient \u00e0 c\u0153ur. Apport [&hellip;]<\/p>\n","protected":false},"author":4,"featured_media":6091,"parent":0,"menu_order":0,"comment_status":"closed","ping_status":"closed","template":"","meta":{"_et_pb_use_builder":"","_et_pb_old_content":"","_et_gb_content_width":"","footnotes":""},"class_list":["post-487499","page","type-page","status-publish","has-post-thumbnail","hentry"],"yoast_head":"<!-- This site is optimized with the Yoast SEO plugin v27.4 - https:\/\/yoast.com\/product\/yoast-seo-wordpress\/ -->\n<title>\u813e\u6c14 - \u6559\u80b2\u8f6f\u4ef6\u3001\u8bb0\u5fc6\u6e38\u620f\u548c\u5927\u8111\u8bad\u7ec3\u5e94\u7528<\/title>\n<meta name=\"robots\" content=\"index, follow, max-snippet:-1, max-image-preview:large, max-video-preview:-1\" \/>\n<link rel=\"canonical\" href=\"https:\/\/www.dynseo.com\/zh-hans\/piqi\/\" \/>\n<meta property=\"og:locale\" content=\"zh_CN\" \/>\n<meta property=\"og:type\" content=\"article\" \/>\n<meta property=\"og:title\" content=\"\u813e\u6c14 - \u6559\u80b2\u8f6f\u4ef6\u3001\u8bb0\u5fc6\u6e38\u620f\u548c\u5927\u8111\u8bad\u7ec3\u5e94\u7528\" \/>\n<meta property=\"og:description\" content=\"TEMPER Partager votre humeur, nous tient \u00e0 c\u0153ur. Apport [&hellip;]\" \/>\n<meta property=\"og:url\" content=\"https:\/\/www.dynseo.com\/zh-hans\/piqi\/\" \/>\n<meta property=\"og:site_name\" content=\"\u6559\u80b2\u8f6f\u4ef6\u3001\u8bb0\u5fc6\u6e38\u620f\u548c\u5927\u8111\u8bad\u7ec3\u5e94\u7528\" \/>\n<meta property=\"og:image\" content=\"https:\/\/www.dynseo.com\/wp-content\/uploads\/2024\/07\/Article-pour-jeux-de-memoire-et-services-educatifs-sur-tablette-1.png\" \/>\n\t<meta property=\"og:image:width\" content=\"2000\" \/>\n\t<meta property=\"og:image:height\" content=\"1500\" \/>\n\t<meta property=\"og:image:type\" content=\"image\/png\" \/>\n<meta name=\"twitter:label1\" content=\"\u9884\u8ba1\u9605\u8bfb\u65f6\u95f4\" \/>\n\t<meta name=\"twitter:data1\" content=\"1 \u5206\" \/>\n<script type=\"application\/ld+json\" class=\"yoast-schema-graph\">{\"@context\":\"https:\\\/\\\/schema.org\",\"@graph\":[{\"@type\":\"WebPage\",\"@id\":\"https:\\\/\\\/www.dynseo.com\\\/zh-hans\\\/piqi\\\/\",\"url\":\"https:\\\/\\\/www.dynseo.com\\\/zh-hans\\\/piqi\\\/\",\"name\":\"\u813e\u6c14 - \u6559\u80b2\u8f6f\u4ef6\u3001\u8bb0\u5fc6\u6e38\u620f\u548c\u5927\u8111\u8bad\u7ec3\u5e94\u7528\",\"isPartOf\":{\"@id\":\"https:\\\/\\\/www.dynseo.com\\\/zh-hans\\\/#website\"},\"primaryImageOfPage\":{\"@id\":\"https:\\\/\\\/www.dynseo.com\\\/zh-hans\\\/piqi\\\/#primaryimage\"},\"image\":{\"@id\":\"https:\\\/\\\/www.dynseo.com\\\/zh-hans\\\/piqi\\\/#primaryimage\"},\"thumbnailUrl\":\"https:\\\/\\\/www.dynseo.com\\\/wp-content\\\/uploads\\\/2017\\\/04\\\/app-bien-etre-moodme-3.png\",\"datePublished\":\"2026-01-20T19:40:20+00:00\",\"breadcrumb\":{\"@id\":\"https:\\\/\\\/www.dynseo.com\\\/zh-hans\\\/piqi\\\/#breadcrumb\"},\"inLanguage\":\"zh-Hans\",\"potentialAction\":[{\"@type\":\"ReadAction\",\"target\":[\"https:\\\/\\\/www.dynseo.com\\\/zh-hans\\\/piqi\\\/\"]}]},{\"@type\":\"ImageObject\",\"inLanguage\":\"zh-Hans\",\"@id\":\"https:\\\/\\\/www.dynseo.com\\\/zh-hans\\\/piqi\\\/#primaryimage\",\"url\":\"https:\\\/\\\/www.dynseo.com\\\/wp-content\\\/uploads\\\/2017\\\/04\\\/app-bien-etre-moodme-3.png\",\"contentUrl\":\"https:\\\/\\\/www.dynseo.com\\\/wp-content\\\/uploads\\\/2017\\\/04\\\/app-bien-etre-moodme-3.png\",\"width\":800,\"height\":280,\"caption\":\"\u8ba4\u77e5\u523a\u6fc0\u8bad\u7ec3,\u4fdd\u62a4\u5927\u8111\u5065\u5eb7\"},{\"@type\":\"BreadcrumbList\",\"@id\":\"https:\\\/\\\/www.dynseo.com\\\/zh-hans\\\/piqi\\\/#breadcrumb\",\"itemListElement\":[{\"@type\":\"ListItem\",\"position\":1,\"name\":\"Accueil\",\"item\":\"https:\\\/\\\/www.dynseo.com\\\/zh-hans\\\/\"},{\"@type\":\"ListItem\",\"position\":2,\"name\":\"\u813e\u6c14\"}]},{\"@type\":\"WebSite\",\"@id\":\"https:\\\/\\\/www.dynseo.com\\\/zh-hans\\\/#website\",\"url\":\"https:\\\/\\\/www.dynseo.com\\\/zh-hans\\\/\",\"name\":\"Jeux de m\u00e9moire et stimulation cognitive\",\"description\":\"Entra\u00eenez votre m\u00e9moire et votre cerveau avec DYNSEO\",\"publisher\":{\"@id\":\"https:\\\/\\\/www.dynseo.com\\\/zh-hans\\\/#organization\"},\"potentialAction\":[{\"@type\":\"SearchAction\",\"target\":{\"@type\":\"EntryPoint\",\"urlTemplate\":\"https:\\\/\\\/www.dynseo.com\\\/zh-hans\\\/?s={search_term_string}\"},\"query-input\":{\"@type\":\"PropertyValueSpecification\",\"valueRequired\":true,\"valueName\":\"search_term_string\"}}],\"inLanguage\":\"zh-Hans\"},{\"@type\":\"Organization\",\"@id\":\"https:\\\/\\\/www.dynseo.com\\\/zh-hans\\\/#organization\",\"name\":\"DYNSEO\",\"url\":\"https:\\\/\\\/www.dynseo.com\\\/zh-hans\\\/\",\"logo\":{\"@type\":\"ImageObject\",\"inLanguage\":\"zh-Hans\",\"@id\":\"https:\\\/\\\/www.dynseo.com\\\/zh-hans\\\/#\\\/schema\\\/logo\\\/image\\\/\",\"url\":\"https:\\\/\\\/www.dynseo.com\\\/wp-content\\\/uploads\\\/2022\\\/05\\\/logo-dynseo-new.png\",\"contentUrl\":\"https:\\\/\\\/www.dynseo.com\\\/wp-content\\\/uploads\\\/2022\\\/05\\\/logo-dynseo-new.png\",\"width\":5073,\"height\":1397,\"caption\":\"DYNSEO\"},\"image\":{\"@id\":\"https:\\\/\\\/www.dynseo.com\\\/zh-hans\\\/#\\\/schema\\\/logo\\\/image\\\/\"}}]}<\/script>\n<!-- \/ Yoast SEO plugin. -->","yoast_head_json":{"title":"\u813e\u6c14 - \u6559\u80b2\u8f6f\u4ef6\u3001\u8bb0\u5fc6\u6e38\u620f\u548c\u5927\u8111\u8bad\u7ec3\u5e94\u7528","robots":{"index":"index","follow":"follow","max-snippet":"max-snippet:-1","max-image-preview":"max-image-preview:large","max-video-preview":"max-video-preview:-1"},"canonical":"https:\/\/www.dynseo.com\/zh-hans\/piqi\/","og_locale":"zh_CN","og_type":"article","og_title":"\u813e\u6c14 - \u6559\u80b2\u8f6f\u4ef6\u3001\u8bb0\u5fc6\u6e38\u620f\u548c\u5927\u8111\u8bad\u7ec3\u5e94\u7528","og_description":"TEMPER Partager votre humeur, nous tient \u00e0 c\u0153ur. Apport [&hellip;]","og_url":"https:\/\/www.dynseo.com\/zh-hans\/piqi\/","og_site_name":"\u6559\u80b2\u8f6f\u4ef6\u3001\u8bb0\u5fc6\u6e38\u620f\u548c\u5927\u8111\u8bad\u7ec3\u5e94\u7528","og_image":[{"width":2000,"height":1500,"url":"https:\/\/www.dynseo.com\/wp-content\/uploads\/2024\/07\/Article-pour-jeux-de-memoire-et-services-educatifs-sur-tablette-1.png","type":"image\/png"}],"twitter_misc":{"\u9884\u8ba1\u9605\u8bfb\u65f6\u95f4":"1 \u5206"},"schema":{"@context":"https:\/\/schema.org","@graph":[{"@type":"WebPage","@id":"https:\/\/www.dynseo.com\/zh-hans\/piqi\/","url":"https:\/\/www.dynseo.com\/zh-hans\/piqi\/","name":"\u813e\u6c14 - \u6559\u80b2\u8f6f\u4ef6\u3001\u8bb0\u5fc6\u6e38\u620f\u548c\u5927\u8111\u8bad\u7ec3\u5e94\u7528","isPartOf":{"@id":"https:\/\/www.dynseo.com\/zh-hans\/#website"},"primaryImageOfPage":{"@id":"https:\/\/www.dynseo.com\/zh-hans\/piqi\/#primaryimage"},"image":{"@id":"https:\/\/www.dynseo.com\/zh-hans\/piqi\/#primaryimage"},"thumbnailUrl":"https:\/\/www.dynseo.com\/wp-content\/uploads\/2017\/04\/app-bien-etre-moodme-3.png","datePublished":"2026-01-20T19:40:20+00:00","breadcrumb":{"@id":"https:\/\/www.dynseo.com\/zh-hans\/piqi\/#breadcrumb"},"inLanguage":"zh-Hans","potentialAction":[{"@type":"ReadAction","target":["https:\/\/www.dynseo.com\/zh-hans\/piqi\/"]}]},{"@type":"ImageObject","inLanguage":"zh-Hans","@id":"https:\/\/www.dynseo.com\/zh-hans\/piqi\/#primaryimage","url":"https:\/\/www.dynseo.com\/wp-content\/uploads\/2017\/04\/app-bien-etre-moodme-3.png","contentUrl":"https:\/\/www.dynseo.com\/wp-content\/uploads\/2017\/04\/app-bien-etre-moodme-3.png","width":800,"height":280,"caption":"\u8ba4\u77e5\u523a\u6fc0\u8bad\u7ec3,\u4fdd\u62a4\u5927\u8111\u5065\u5eb7"},{"@type":"BreadcrumbList","@id":"https:\/\/www.dynseo.com\/zh-hans\/piqi\/#breadcrumb","itemListElement":[{"@type":"ListItem","position":1,"name":"Accueil","item":"https:\/\/www.dynseo.com\/zh-hans\/"},{"@type":"ListItem","position":2,"name":"\u813e\u6c14"}]},{"@type":"WebSite","@id":"https:\/\/www.dynseo.com\/zh-hans\/#website","url":"https:\/\/www.dynseo.com\/zh-hans\/","name":"Jeux de m\u00e9moire et stimulation cognitive","description":"Entra\u00eenez votre m\u00e9moire et votre cerveau avec DYNSEO","publisher":{"@id":"https:\/\/www.dynseo.com\/zh-hans\/#organization"},"potentialAction":[{"@type":"SearchAction","target":{"@type":"EntryPoint","urlTemplate":"https:\/\/www.dynseo.com\/zh-hans\/?s={search_term_string}"},"query-input":{"@type":"PropertyValueSpecification","valueRequired":true,"valueName":"search_term_string"}}],"inLanguage":"zh-Hans"},{"@type":"Organization","@id":"https:\/\/www.dynseo.com\/zh-hans\/#organization","name":"DYNSEO","url":"https:\/\/www.dynseo.com\/zh-hans\/","logo":{"@type":"ImageObject","inLanguage":"zh-Hans","@id":"https:\/\/www.dynseo.com\/zh-hans\/#\/schema\/logo\/image\/","url":"https:\/\/www.dynseo.com\/wp-content\/uploads\/2022\/05\/logo-dynseo-new.png","contentUrl":"https:\/\/www.dynseo.com\/wp-content\/uploads\/2022\/05\/logo-dynseo-new.png","width":5073,"height":1397,"caption":"DYNSEO"},"image":{"@id":"https:\/\/www.dynseo.com\/zh-hans\/#\/schema\/logo\/image\/"}}]}},"_links":{"self":[{"href":"https:\/\/www.dynseo.com\/zh-hans\/wp-json\/wp\/v2\/pages\/487499","targetHints":{"allow":["GET"]}}],"collection":[{"href":"https:\/\/www.dynseo.com\/zh-hans\/wp-json\/wp\/v2\/pages"}],"about":[{"href":"https:\/\/www.dynseo.com\/zh-hans\/wp-json\/wp\/v2\/types\/page"}],"author":[{"embeddable":true,"href":"https:\/\/www.dynseo.com\/zh-hans\/wp-json\/wp\/v2\/users\/4"}],"replies":[{"embeddable":true,"href":"https:\/\/www.dynseo.com\/zh-hans\/wp-json\/wp\/v2\/comments?post=487499"}],"version-history":[{"count":0,"href":"https:\/\/www.dynseo.com\/zh-hans\/wp-json\/wp\/v2\/pages\/487499\/revisions"}],"wp:featuredmedia":[{"embeddable":true,"href":"https:\/\/www.dynseo.com\/zh-hans\/wp-json\/wp\/v2\/media\/6091"}],"wp:attachment":[{"href":"https:\/\/www.dynseo.com\/zh-hans\/wp-json\/wp\/v2\/media?parent=487499"}],"curies":[{"name":"wp","href":"https:\/\/api.w.org\/{rel}","templated":true}]}}