{"id":126119,"date":"2024-05-07T12:52:05","date_gmt":"2024-05-07T10:52:05","guid":{"rendered":"https:\/\/www.dynseo.com\/?post_type=product&#038;p=126119"},"modified":"2024-05-07T12:56:56","modified_gmt":"2024-05-07T10:56:56","slug":"%e6%88%91%e7%9a%84-dico","status":"publish","type":"product","link":"https:\/\/www.dynseo.com\/zh-hans\/product\/%e6%88%91%e7%9a%84-dico\/","title":{"rendered":"\u6211\u7684 DICO"},"content":{"rendered":"<p>[et_pb_section fb_built=&#8221;1&#8243; _builder_version=&#8221;4.16&#8243; custom_padding=&#8221;0px||||false|false&#8221; global_colors_info=&#8221;{}&#8221;][et_pb_row _builder_version=&#8221;4.16&#8243; background_size=&#8221;initial&#8221; background_position=&#8221;top_left&#8221; background_repeat=&#8221;repeat&#8221; width=&#8221;100%&#8221; custom_padding=&#8221;0px||0px||false|false&#8221; global_colors_info=&#8221;{}&#8221;][et_pb_column type=&#8221;4_4&#8243; _builder_version=&#8221;4.16&#8243; custom_padding=&#8221;|||&#8221; global_colors_info=&#8221;{}&#8221; custom_padding__hover=&#8221;|||&#8221;][et_pb_wc_breadcrumb _builder_version=&#8221;4.16&#8243; global_colors_info=&#8221;{}&#8221;][\/et_pb_wc_breadcrumb][et_pb_wc_cart_notice _builder_version=&#8221;4.16&#8243; global_colors_info=&#8221;{}&#8221;][\/et_pb_wc_cart_notice][\/et_pb_column][\/et_pb_row][et_pb_row column_structure=&#8221;1_2,1_2&#8243; _builder_version=&#8221;4.16&#8243; background_size=&#8221;initial&#8221; background_position=&#8221;top_left&#8221; background_repeat=&#8221;repeat&#8221; width=&#8221;100%&#8221; custom_padding=&#8221;0px||||false|false&#8221; global_colors_info=&#8221;{}&#8221;][et_pb_column type=&#8221;1_2&#8243; _builder_version=&#8221;4.16&#8243; custom_padding=&#8221;|||&#8221; global_colors_info=&#8221;{}&#8221; custom_padding__hover=&#8221;|||&#8221;][et_pb_wc_images _builder_version=&#8221;4.25.0&#8243; hover_enabled=&#8221;0&#8243; global_colors_info=&#8221;{}&#8221; product=&#8221;126119&#8243; sticky_enabled=&#8221;0&#8243;][\/et_pb_wc_images][\/et_pb_column][et_pb_column type=&#8221;1_2&#8243; _builder_version=&#8221;4.16&#8243; custom_padding=&#8221;|||&#8221; global_colors_info=&#8221;{}&#8221; custom_padding__hover=&#8221;|||&#8221;][et_pb_wc_title _builder_version=&#8221;4.25.0&#8243; hover_enabled=&#8221;0&#8243; global_colors_info=&#8221;{}&#8221; product=&#8221;126119&#8243; sticky_enabled=&#8221;0&#8243;][\/et_pb_wc_title][et_pb_wc_price _builder_version=&#8221;4.25.0&#8243; hover_enabled=&#8221;0&#8243; global_colors_info=&#8221;{}&#8221; product=&#8221;126119&#8243; sticky_enabled=&#8221;0&#8243;][\/et_pb_wc_price][et_pb_wc_description _builder_version=&#8221;4.25.0&#8243; hover_enabled=&#8221;0&#8243; global_colors_info=&#8221;{}&#8221; product=&#8221;126119&#8243; sticky_enabled=&#8221;0&#8243;][\/et_pb_wc_description][et_pb_wc_add_to_cart _builder_version=&#8221;4.25.0&#8243; hover_enabled=&#8221;0&#8243; global_colors_info=&#8221;{}&#8221; product=&#8221;126119&#8243; sticky_enabled=&#8221;0&#8243;][\/et_pb_wc_add_to_cart][et_pb_wc_meta _builder_version=&#8221;4.16&#8243; global_colors_info=&#8221;{}&#8221;][\/et_pb_wc_meta][\/et_pb_column][\/et_pb_row][et_pb_row _builder_version=&#8221;4.16&#8243; background_size=&#8221;initial&#8221; background_position=&#8221;top_left&#8221; background_repeat=&#8221;repeat&#8221; width=&#8221;100%&#8221; global_colors_info=&#8221;{}&#8221;][et_pb_column type=&#8221;4_4&#8243; _builder_version=&#8221;4.16&#8243; custom_padding=&#8221;|||&#8221; global_colors_info=&#8221;{}&#8221; custom_padding__hover=&#8221;|||&#8221;][et_pb_wc_tabs _builder_version=&#8221;4.25.0&#8243; hover_enabled=&#8221;0&#8243; global_colors_info=&#8221;{}&#8221; product=&#8221;126119&#8243; sticky_enabled=&#8221;0&#8243;]\t\t\t\t\t[\/et_pb_wc_tabs][et_pb_wc_upsells _builder_version=&#8221;4.16&#8243; global_colors_info=&#8221;{}&#8221;][\/et_pb_wc_upsells][et_pb_wc_related_products _builder_version=&#8221;4.16&#8243; global_colors_info=&#8221;{}&#8221;][\/et_pb_wc_related_products][\/et_pb_column][\/et_pb_row][\/et_pb_section]<\/p>\n","protected":false},"excerpt":{"rendered":"<p>\u6211\u7684\u5b57\u5178 \u662f\u4e00\u6b3e\u9488\u5bf9\u6709\u7279\u6b8a\u9700\u6c42\u8005\u7684\u4ea4\u6d41\u548c\u81ea\u4e3b\u5de5\u5177\u3002<\/p>\n<p>\u5b83\u5c06 &#8220;\u5b57\u5178 &#8220;\u90e8\u5206\u7684\u4ea4\u6d41\u3001&#8221;\u60c5\u611f &#8220;\u7a97\u53e3\u7684\u5e78\u798f\u548c &#8220;\u4f8b\u884c\u7a0b\u5e8f &#8220;\u7a97\u53e3\u7684\u81ea\u4e3b\u7ed3\u5408\u5728\u4e00\u8d77\u3002<\/p>\n<p>\u9002\u7528\u4e8e IOS \u8bbe\u5907\u3002 \u5373\u5c06\u767b\u9646\u5b89\u5353\u7cfb\u7edf\u3002<\/p>\n","protected":false},"featured_media":126007,"comment_status":"closed","ping_status":"closed","template":"","meta":{"_et_pb_use_builder":"on","_et_pb_old_content":"\u6211\u7684\u5b57\u5178 \u662f\u4e00\u6b3e\u9488\u5bf9\u6709\u7279\u6b8a\u9700\u6c42\u8005\u7684\u4ea4\u6d41\u548c\u81ea\u4e3b\u5de5\u5177\u3002\r\n\r\n\u5b83\u5c06 \"\u5b57\u5178 \"\u90e8\u5206\u7684\u4ea4\u6d41\u3001\"\u60c5\u611f \"\u7a97\u53e3\u7684\u5e78\u798f\u548c \"\u4f8b\u884c\u7a0b\u5e8f \"\u7a97\u53e3\u7684\u81ea\u4e3b\u7ed3\u5408\u5728\u4e00\u8d77\u3002\r\n\r\n\u9002\u7528\u4e8e IOS \u8bbe\u5907\u3002 \u5373\u5c06\u767b\u9646\u5b89\u5353\u7cfb\u7edf\u3002","_et_gb_content_width":""},"product_brand":[],"product_cat":[3157],"product_tag":[],"class_list":{"0":"post-126119","1":"product","2":"type-product","3":"status-publish","4":"has-post-thumbnail","6":"product_cat-uncategorized","8":"first","9":"instock","10":"taxable","11":"shipping-taxable","12":"purchasable","13":"product-type-variable"},"yoast_head":"<!-- This site is optimized with the Yoast SEO plugin v27.4 - https:\/\/yoast.com\/product\/yoast-seo-wordpress\/ -->\n<title>\u6211\u7684 DICO - \u6559\u80b2\u8f6f\u4ef6\u3001\u8bb0\u5fc6\u6e38\u620f\u548c\u5927\u8111\u8bad\u7ec3\u5e94\u7528<\/title>\n<meta name=\"robots\" content=\"index, follow, max-snippet:-1, max-image-preview:large, max-video-preview:-1\" \/>\n<link rel=\"canonical\" href=\"https:\/\/www.dynseo.com\/zh-hans\/product\/%e6%88%91%e7%9a%84-dico\/\" \/>\n<meta property=\"og:locale\" content=\"zh_CN\" \/>\n<meta property=\"og:type\" content=\"article\" \/>\n<meta property=\"og:title\" content=\"\u6211\u7684 DICO - \u6559\u80b2\u8f6f\u4ef6\u3001\u8bb0\u5fc6\u6e38\u620f\u548c\u5927\u8111\u8bad\u7ec3\u5e94\u7528\" \/>\n<meta property=\"og:description\" content=\"\u6211\u7684\u5b57\u5178 \u662f\u4e00\u6b3e\u9488\u5bf9\u6709\u7279\u6b8a\u9700\u6c42\u8005\u7684\u4ea4\u6d41\u548c\u81ea\u4e3b\u5de5\u5177\u3002  \u5b83\u5c06 &quot;\u5b57\u5178 &quot;\u90e8\u5206\u7684\u4ea4\u6d41\u3001&quot;\u60c5\u611f &quot;\u7a97\u53e3\u7684\u5e78\u798f\u548c &quot;\u4f8b\u884c\u7a0b\u5e8f &quot;\u7a97\u53e3\u7684\u81ea\u4e3b\u7ed3\u5408\u5728\u4e00\u8d77\u3002  \u9002\u7528\u4e8e IOS \u8bbe\u5907\u3002 \u5373\u5c06\u767b\u9646\u5b89\u5353\u7cfb\u7edf\u3002\" \/>\n<meta property=\"og:url\" content=\"https:\/\/www.dynseo.com\/zh-hans\/product\/%e6%88%91%e7%9a%84-dico\/\" \/>\n<meta property=\"og:site_name\" content=\"\u6559\u80b2\u8f6f\u4ef6\u3001\u8bb0\u5fc6\u6e38\u620f\u548c\u5927\u8111\u8bad\u7ec3\u5e94\u7528\" \/>\n<meta property=\"article:modified_time\" content=\"2024-05-07T10:56:56+00:00\" \/>\n<meta property=\"og:image\" content=\"https:\/\/www.dynseo.com\/wp-content\/uploads\/2024\/05\/MY-DICO-CHINOIS.png\" \/>\n\t<meta property=\"og:image:width\" content=\"688\" \/>\n\t<meta property=\"og:image:height\" content=\"600\" \/>\n\t<meta property=\"og:image:type\" content=\"image\/png\" \/>\n<meta name=\"twitter:label1\" content=\"\u9884\u8ba1\u9605\u8bfb\u65f6\u95f4\" \/>\n\t<meta name=\"twitter:data1\" content=\"1 \u5206\" \/>\n<script type=\"application\/ld+json\" class=\"yoast-schema-graph\">{\"@context\":\"https:\\\/\\\/schema.org\",\"@graph\":[{\"@type\":\"WebPage\",\"@id\":\"https:\\\/\\\/www.dynseo.com\\\/zh-hans\\\/product\\\/%e6%88%91%e7%9a%84-dico\\\/\",\"url\":\"https:\\\/\\\/www.dynseo.com\\\/zh-hans\\\/product\\\/%e6%88%91%e7%9a%84-dico\\\/\",\"name\":\"\u6211\u7684 DICO - \u6559\u80b2\u8f6f\u4ef6\u3001\u8bb0\u5fc6\u6e38\u620f\u548c\u5927\u8111\u8bad\u7ec3\u5e94\u7528\",\"isPartOf\":{\"@id\":\"https:\\\/\\\/www.dynseo.com\\\/zh-hans\\\/#website\"},\"primaryImageOfPage\":{\"@id\":\"https:\\\/\\\/www.dynseo.com\\\/zh-hans\\\/product\\\/%e6%88%91%e7%9a%84-dico\\\/#primaryimage\"},\"image\":{\"@id\":\"https:\\\/\\\/www.dynseo.com\\\/zh-hans\\\/product\\\/%e6%88%91%e7%9a%84-dico\\\/#primaryimage\"},\"thumbnailUrl\":\"https:\\\/\\\/www.dynseo.com\\\/wp-content\\\/uploads\\\/2024\\\/05\\\/MY-DICO-CHINOIS.png\",\"datePublished\":\"2024-05-07T10:52:05+00:00\",\"dateModified\":\"2024-05-07T10:56:56+00:00\",\"breadcrumb\":{\"@id\":\"https:\\\/\\\/www.dynseo.com\\\/zh-hans\\\/product\\\/%e6%88%91%e7%9a%84-dico\\\/#breadcrumb\"},\"inLanguage\":\"zh-Hans\",\"potentialAction\":[{\"@type\":\"ReadAction\",\"target\":[\"https:\\\/\\\/www.dynseo.com\\\/zh-hans\\\/product\\\/%e6%88%91%e7%9a%84-dico\\\/\"]}]},{\"@type\":\"ImageObject\",\"inLanguage\":\"zh-Hans\",\"@id\":\"https:\\\/\\\/www.dynseo.com\\\/zh-hans\\\/product\\\/%e6%88%91%e7%9a%84-dico\\\/#primaryimage\",\"url\":\"https:\\\/\\\/www.dynseo.com\\\/wp-content\\\/uploads\\\/2024\\\/05\\\/MY-DICO-CHINOIS.png\",\"contentUrl\":\"https:\\\/\\\/www.dynseo.com\\\/wp-content\\\/uploads\\\/2024\\\/05\\\/MY-DICO-CHINOIS.png\",\"width\":688,\"height\":600,\"caption\":\"DYNSEO \u4e13\u6ce8\u4e8e\u4e3a\u8001\u5e74\u4eba\u5f00\u53d1\u8ba4\u77e5\u523a\u6fc0\u5e94\u7528\"},{\"@type\":\"BreadcrumbList\",\"@id\":\"https:\\\/\\\/www.dynseo.com\\\/zh-hans\\\/product\\\/%e6%88%91%e7%9a%84-dico\\\/#breadcrumb\",\"itemListElement\":[{\"@type\":\"ListItem\",\"position\":1,\"name\":\"Accueil\",\"item\":\"https:\\\/\\\/www.dynseo.com\\\/zh-hans\\\/\"},{\"@type\":\"ListItem\",\"position\":2,\"name\":\"Boutique\",\"item\":\"https:\\\/\\\/www.dynseo.com\\\/boutique\\\/\"},{\"@type\":\"ListItem\",\"position\":3,\"name\":\"\u6211\u7684 DICO\"}]},{\"@type\":\"WebSite\",\"@id\":\"https:\\\/\\\/www.dynseo.com\\\/zh-hans\\\/#website\",\"url\":\"https:\\\/\\\/www.dynseo.com\\\/zh-hans\\\/\",\"name\":\"Jeux de m\u00e9moire et stimulation cognitive\",\"description\":\"Entra\u00eenez votre m\u00e9moire et votre cerveau avec DYNSEO\",\"publisher\":{\"@id\":\"https:\\\/\\\/www.dynseo.com\\\/zh-hans\\\/#organization\"},\"potentialAction\":[{\"@type\":\"SearchAction\",\"target\":{\"@type\":\"EntryPoint\",\"urlTemplate\":\"https:\\\/\\\/www.dynseo.com\\\/zh-hans\\\/?s={search_term_string}\"},\"query-input\":{\"@type\":\"PropertyValueSpecification\",\"valueRequired\":true,\"valueName\":\"search_term_string\"}}],\"inLanguage\":\"zh-Hans\"},{\"@type\":\"Organization\",\"@id\":\"https:\\\/\\\/www.dynseo.com\\\/zh-hans\\\/#organization\",\"name\":\"DYNSEO\",\"url\":\"https:\\\/\\\/www.dynseo.com\\\/zh-hans\\\/\",\"logo\":{\"@type\":\"ImageObject\",\"inLanguage\":\"zh-Hans\",\"@id\":\"https:\\\/\\\/www.dynseo.com\\\/zh-hans\\\/#\\\/schema\\\/logo\\\/image\\\/\",\"url\":\"https:\\\/\\\/www.dynseo.com\\\/wp-content\\\/uploads\\\/2022\\\/05\\\/logo-dynseo-new.png\",\"contentUrl\":\"https:\\\/\\\/www.dynseo.com\\\/wp-content\\\/uploads\\\/2022\\\/05\\\/logo-dynseo-new.png\",\"width\":5073,\"height\":1397,\"caption\":\"DYNSEO\"},\"image\":{\"@id\":\"https:\\\/\\\/www.dynseo.com\\\/zh-hans\\\/#\\\/schema\\\/logo\\\/image\\\/\"}}]}<\/script>\n<!-- \/ Yoast SEO plugin. -->","yoast_head_json":{"title":"\u6211\u7684 DICO - \u6559\u80b2\u8f6f\u4ef6\u3001\u8bb0\u5fc6\u6e38\u620f\u548c\u5927\u8111\u8bad\u7ec3\u5e94\u7528","robots":{"index":"index","follow":"follow","max-snippet":"max-snippet:-1","max-image-preview":"max-image-preview:large","max-video-preview":"max-video-preview:-1"},"canonical":"https:\/\/www.dynseo.com\/zh-hans\/product\/%e6%88%91%e7%9a%84-dico\/","og_locale":"zh_CN","og_type":"article","og_title":"\u6211\u7684 DICO - \u6559\u80b2\u8f6f\u4ef6\u3001\u8bb0\u5fc6\u6e38\u620f\u548c\u5927\u8111\u8bad\u7ec3\u5e94\u7528","og_description":"\u6211\u7684\u5b57\u5178 \u662f\u4e00\u6b3e\u9488\u5bf9\u6709\u7279\u6b8a\u9700\u6c42\u8005\u7684\u4ea4\u6d41\u548c\u81ea\u4e3b\u5de5\u5177\u3002  \u5b83\u5c06 \"\u5b57\u5178 \"\u90e8\u5206\u7684\u4ea4\u6d41\u3001\"\u60c5\u611f \"\u7a97\u53e3\u7684\u5e78\u798f\u548c \"\u4f8b\u884c\u7a0b\u5e8f \"\u7a97\u53e3\u7684\u81ea\u4e3b\u7ed3\u5408\u5728\u4e00\u8d77\u3002  \u9002\u7528\u4e8e IOS \u8bbe\u5907\u3002 \u5373\u5c06\u767b\u9646\u5b89\u5353\u7cfb\u7edf\u3002","og_url":"https:\/\/www.dynseo.com\/zh-hans\/product\/%e6%88%91%e7%9a%84-dico\/","og_site_name":"\u6559\u80b2\u8f6f\u4ef6\u3001\u8bb0\u5fc6\u6e38\u620f\u548c\u5927\u8111\u8bad\u7ec3\u5e94\u7528","article_modified_time":"2024-05-07T10:56:56+00:00","og_image":[{"width":688,"height":600,"url":"https:\/\/www.dynseo.com\/wp-content\/uploads\/2024\/05\/MY-DICO-CHINOIS.png","type":"image\/png"}],"twitter_misc":{"\u9884\u8ba1\u9605\u8bfb\u65f6\u95f4":"1 \u5206"},"schema":{"@context":"https:\/\/schema.org","@graph":[{"@type":"WebPage","@id":"https:\/\/www.dynseo.com\/zh-hans\/product\/%e6%88%91%e7%9a%84-dico\/","url":"https:\/\/www.dynseo.com\/zh-hans\/product\/%e6%88%91%e7%9a%84-dico\/","name":"\u6211\u7684 DICO - \u6559\u80b2\u8f6f\u4ef6\u3001\u8bb0\u5fc6\u6e38\u620f\u548c\u5927\u8111\u8bad\u7ec3\u5e94\u7528","isPartOf":{"@id":"https:\/\/www.dynseo.com\/zh-hans\/#website"},"primaryImageOfPage":{"@id":"https:\/\/www.dynseo.com\/zh-hans\/product\/%e6%88%91%e7%9a%84-dico\/#primaryimage"},"image":{"@id":"https:\/\/www.dynseo.com\/zh-hans\/product\/%e6%88%91%e7%9a%84-dico\/#primaryimage"},"thumbnailUrl":"https:\/\/www.dynseo.com\/wp-content\/uploads\/2024\/05\/MY-DICO-CHINOIS.png","datePublished":"2024-05-07T10:52:05+00:00","dateModified":"2024-05-07T10:56:56+00:00","breadcrumb":{"@id":"https:\/\/www.dynseo.com\/zh-hans\/product\/%e6%88%91%e7%9a%84-dico\/#breadcrumb"},"inLanguage":"zh-Hans","potentialAction":[{"@type":"ReadAction","target":["https:\/\/www.dynseo.com\/zh-hans\/product\/%e6%88%91%e7%9a%84-dico\/"]}]},{"@type":"ImageObject","inLanguage":"zh-Hans","@id":"https:\/\/www.dynseo.com\/zh-hans\/product\/%e6%88%91%e7%9a%84-dico\/#primaryimage","url":"https:\/\/www.dynseo.com\/wp-content\/uploads\/2024\/05\/MY-DICO-CHINOIS.png","contentUrl":"https:\/\/www.dynseo.com\/wp-content\/uploads\/2024\/05\/MY-DICO-CHINOIS.png","width":688,"height":600,"caption":"DYNSEO \u4e13\u6ce8\u4e8e\u4e3a\u8001\u5e74\u4eba\u5f00\u53d1\u8ba4\u77e5\u523a\u6fc0\u5e94\u7528"},{"@type":"BreadcrumbList","@id":"https:\/\/www.dynseo.com\/zh-hans\/product\/%e6%88%91%e7%9a%84-dico\/#breadcrumb","itemListElement":[{"@type":"ListItem","position":1,"name":"Accueil","item":"https:\/\/www.dynseo.com\/zh-hans\/"},{"@type":"ListItem","position":2,"name":"Boutique","item":"https:\/\/www.dynseo.com\/boutique\/"},{"@type":"ListItem","position":3,"name":"\u6211\u7684 DICO"}]},{"@type":"WebSite","@id":"https:\/\/www.dynseo.com\/zh-hans\/#website","url":"https:\/\/www.dynseo.com\/zh-hans\/","name":"Jeux de m\u00e9moire et stimulation cognitive","description":"Entra\u00eenez votre m\u00e9moire et votre cerveau avec DYNSEO","publisher":{"@id":"https:\/\/www.dynseo.com\/zh-hans\/#organization"},"potentialAction":[{"@type":"SearchAction","target":{"@type":"EntryPoint","urlTemplate":"https:\/\/www.dynseo.com\/zh-hans\/?s={search_term_string}"},"query-input":{"@type":"PropertyValueSpecification","valueRequired":true,"valueName":"search_term_string"}}],"inLanguage":"zh-Hans"},{"@type":"Organization","@id":"https:\/\/www.dynseo.com\/zh-hans\/#organization","name":"DYNSEO","url":"https:\/\/www.dynseo.com\/zh-hans\/","logo":{"@type":"ImageObject","inLanguage":"zh-Hans","@id":"https:\/\/www.dynseo.com\/zh-hans\/#\/schema\/logo\/image\/","url":"https:\/\/www.dynseo.com\/wp-content\/uploads\/2022\/05\/logo-dynseo-new.png","contentUrl":"https:\/\/www.dynseo.com\/wp-content\/uploads\/2022\/05\/logo-dynseo-new.png","width":5073,"height":1397,"caption":"DYNSEO"},"image":{"@id":"https:\/\/www.dynseo.com\/zh-hans\/#\/schema\/logo\/image\/"}}]}},"_links":{"self":[{"href":"https:\/\/www.dynseo.com\/zh-hans\/wp-json\/wp\/v2\/product\/126119","targetHints":{"allow":["GET"]}}],"collection":[{"href":"https:\/\/www.dynseo.com\/zh-hans\/wp-json\/wp\/v2\/product"}],"about":[{"href":"https:\/\/www.dynseo.com\/zh-hans\/wp-json\/wp\/v2\/types\/product"}],"replies":[{"embeddable":true,"href":"https:\/\/www.dynseo.com\/zh-hans\/wp-json\/wp\/v2\/comments?post=126119"}],"wp:featuredmedia":[{"embeddable":true,"href":"https:\/\/www.dynseo.com\/zh-hans\/wp-json\/wp\/v2\/media\/126007"}],"wp:attachment":[{"href":"https:\/\/www.dynseo.com\/zh-hans\/wp-json\/wp\/v2\/media?parent=126119"}],"wp:term":[{"taxonomy":"product_brand","embeddable":true,"href":"https:\/\/www.dynseo.com\/zh-hans\/wp-json\/wp\/v2\/product_brand?post=126119"},{"taxonomy":"product_cat","embeddable":true,"href":"https:\/\/www.dynseo.com\/zh-hans\/wp-json\/wp\/v2\/product_cat?post=126119"},{"taxonomy":"product_tag","embeddable":true,"href":"https:\/\/www.dynseo.com\/zh-hans\/wp-json\/wp\/v2\/product_tag?post=126119"}],"curies":[{"name":"wp","href":"https:\/\/api.w.org\/{rel}","templated":true}]}}