{"id":519315,"date":"2026-03-14T00:34:06","date_gmt":"2026-03-13T23:34:06","guid":{"rendered":"https:\/\/www.dynseo.com\/produit\/%e4%b8%8e%e7%96%be%e7%97%85%e7%9b%b8%e5%85%b3%e7%9a%84%e8%a1%8c%e4%b8%ba%e5%8f%98%e5%8c%96%ef%bc%9a%e4%ba%b2%e4%ba%ba%e5%ae%9e%e7%94%a8%e6%8c%87%e5%8d%97\/"},"modified":"2026-03-14T00:34:06","modified_gmt":"2026-03-13T23:34:06","slug":"%e4%b8%8e%e7%96%be%e7%97%85%e7%9b%b8%e5%85%b3%e7%9a%84%e8%a1%8c%e4%b8%ba%e5%8f%98%e5%8c%96%ef%bc%9a%e4%ba%b2%e4%ba%ba%e5%ae%9e%e7%94%a8%e6%8c%87%e5%8d%97","status":"publish","type":"product","link":"https:\/\/www.dynseo.com\/zh-hans\/product\/%e4%b8%8e%e7%96%be%e7%97%85%e7%9b%b8%e5%85%b3%e7%9a%84%e8%a1%8c%e4%b8%ba%e5%8f%98%e5%8c%96%ef%bc%9a%e4%ba%b2%e4%ba%ba%e5%ae%9e%e7%94%a8%e6%8c%87%e5%8d%97\/","title":{"rendered":"\u4e0e\u75be\u75c5\u76f8\u5173\u7684\u884c\u4e3a\u53d8\u5316\uff1a\u4eb2\u4eba\u5b9e\u7528\u6307\u5357"},"content":{"rendered":"","protected":false},"excerpt":{"rendered":"","protected":false},"featured_media":509907,"comment_status":"open","ping_status":"closed","template":"","meta":{"_et_pb_use_builder":"","_et_pb_old_content":"","_et_gb_content_width":""},"product_brand":[],"product_cat":[4659],"product_tag":[],"class_list":{"0":"post-519315","1":"product","2":"type-product","3":"status-publish","4":"has-post-thumbnail","6":"product_cat-peixun","8":"first","9":"instock","10":"virtual","11":"taxable","12":"purchasable","13":"product-type-simple"},"yoast_head":"<!-- This site is optimized with the Yoast SEO plugin v27.4 - https:\/\/yoast.com\/product\/yoast-seo-wordpress\/ -->\n<title>\u4e0e\u75be\u75c5\u76f8\u5173\u7684\u884c\u4e3a\u53d8\u5316\uff1a\u4eb2\u4eba\u5b9e\u7528\u6307\u5357 - \u6559\u80b2\u8f6f\u4ef6\u3001\u8bb0\u5fc6\u6e38\u620f\u548c\u5927\u8111\u8bad\u7ec3\u5e94\u7528<\/title>\n<meta name=\"robots\" content=\"index, follow, max-snippet:-1, max-image-preview:large, max-video-preview:-1\" \/>\n<link rel=\"canonical\" href=\"https:\/\/www.dynseo.com\/zh-hans\/product\/%e4%b8%8e%e7%96%be%e7%97%85%e7%9b%b8%e5%85%b3%e7%9a%84%e8%a1%8c%e4%b8%ba%e5%8f%98%e5%8c%96%ef%bc%9a%e4%ba%b2%e4%ba%ba%e5%ae%9e%e7%94%a8%e6%8c%87%e5%8d%97\/\" \/>\n<meta property=\"og:locale\" content=\"zh_CN\" \/>\n<meta property=\"og:type\" content=\"article\" \/>\n<meta property=\"og:title\" content=\"\u4e0e\u75be\u75c5\u76f8\u5173\u7684\u884c\u4e3a\u53d8\u5316\uff1a\u4eb2\u4eba\u5b9e\u7528\u6307\u5357 - \u6559\u80b2\u8f6f\u4ef6\u3001\u8bb0\u5fc6\u6e38\u620f\u548c\u5927\u8111\u8bad\u7ec3\u5e94\u7528\" \/>\n<meta property=\"og:url\" content=\"https:\/\/www.dynseo.com\/zh-hans\/product\/%e4%b8%8e%e7%96%be%e7%97%85%e7%9b%b8%e5%85%b3%e7%9a%84%e8%a1%8c%e4%b8%ba%e5%8f%98%e5%8c%96%ef%bc%9a%e4%ba%b2%e4%ba%ba%e5%ae%9e%e7%94%a8%e6%8c%87%e5%8d%97\/\" \/>\n<meta property=\"og:site_name\" content=\"\u6559\u80b2\u8f6f\u4ef6\u3001\u8bb0\u5fc6\u6e38\u620f\u548c\u5927\u8111\u8bad\u7ec3\u5e94\u7528\" \/>\n<meta property=\"og:image\" content=\"https:\/\/www.dynseo.com\/wp-content\/uploads\/2024\/07\/Article-pour-jeux-de-memoire-et-services-educatifs-sur-tablette-1.png\" \/>\n\t<meta property=\"og:image:width\" content=\"2000\" \/>\n\t<meta property=\"og:image:height\" content=\"1500\" \/>\n\t<meta property=\"og:image:type\" content=\"image\/png\" \/>\n<script type=\"application\/ld+json\" class=\"yoast-schema-graph\">{\"@context\":\"https:\\\/\\\/schema.org\",\"@graph\":[{\"@type\":\"WebPage\",\"@id\":\"https:\\\/\\\/www.dynseo.com\\\/zh-hans\\\/product\\\/%e4%b8%8e%e7%96%be%e7%97%85%e7%9b%b8%e5%85%b3%e7%9a%84%e8%a1%8c%e4%b8%ba%e5%8f%98%e5%8c%96%ef%bc%9a%e4%ba%b2%e4%ba%ba%e5%ae%9e%e7%94%a8%e6%8c%87%e5%8d%97\\\/\",\"url\":\"https:\\\/\\\/www.dynseo.com\\\/zh-hans\\\/product\\\/%e4%b8%8e%e7%96%be%e7%97%85%e7%9b%b8%e5%85%b3%e7%9a%84%e8%a1%8c%e4%b8%ba%e5%8f%98%e5%8c%96%ef%bc%9a%e4%ba%b2%e4%ba%ba%e5%ae%9e%e7%94%a8%e6%8c%87%e5%8d%97\\\/\",\"name\":\"\u4e0e\u75be\u75c5\u76f8\u5173\u7684\u884c\u4e3a\u53d8\u5316\uff1a\u4eb2\u4eba\u5b9e\u7528\u6307\u5357 - \u6559\u80b2\u8f6f\u4ef6\u3001\u8bb0\u5fc6\u6e38\u620f\u548c\u5927\u8111\u8bad\u7ec3\u5e94\u7528\",\"isPartOf\":{\"@id\":\"https:\\\/\\\/www.dynseo.com\\\/zh-hans\\\/#website\"},\"primaryImageOfPage\":{\"@id\":\"https:\\\/\\\/www.dynseo.com\\\/zh-hans\\\/product\\\/%e4%b8%8e%e7%96%be%e7%97%85%e7%9b%b8%e5%85%b3%e7%9a%84%e8%a1%8c%e4%b8%ba%e5%8f%98%e5%8c%96%ef%bc%9a%e4%ba%b2%e4%ba%ba%e5%ae%9e%e7%94%a8%e6%8c%87%e5%8d%97\\\/#primaryimage\"},\"image\":{\"@id\":\"https:\\\/\\\/www.dynseo.com\\\/zh-hans\\\/product\\\/%e4%b8%8e%e7%96%be%e7%97%85%e7%9b%b8%e5%85%b3%e7%9a%84%e8%a1%8c%e4%b8%ba%e5%8f%98%e5%8c%96%ef%bc%9a%e4%ba%b2%e4%ba%ba%e5%ae%9e%e7%94%a8%e6%8c%87%e5%8d%97\\\/#primaryimage\"},\"thumbnailUrl\":\"https:\\\/\\\/www.dynseo.com\\\/wp-content\\\/uploads\\\/2026\\\/03\\\/\u9762\u5411\u5bb6\u5ead\u7684\u5728\u7ebf\u57f9\u8bad-1.png\",\"datePublished\":\"2026-03-13T23:34:06+00:00\",\"breadcrumb\":{\"@id\":\"https:\\\/\\\/www.dynseo.com\\\/zh-hans\\\/product\\\/%e4%b8%8e%e7%96%be%e7%97%85%e7%9b%b8%e5%85%b3%e7%9a%84%e8%a1%8c%e4%b8%ba%e5%8f%98%e5%8c%96%ef%bc%9a%e4%ba%b2%e4%ba%ba%e5%ae%9e%e7%94%a8%e6%8c%87%e5%8d%97\\\/#breadcrumb\"},\"inLanguage\":\"zh-Hans\",\"potentialAction\":[{\"@type\":\"ReadAction\",\"target\":[\"https:\\\/\\\/www.dynseo.com\\\/zh-hans\\\/product\\\/%e4%b8%8e%e7%96%be%e7%97%85%e7%9b%b8%e5%85%b3%e7%9a%84%e8%a1%8c%e4%b8%ba%e5%8f%98%e5%8c%96%ef%bc%9a%e4%ba%b2%e4%ba%ba%e5%ae%9e%e7%94%a8%e6%8c%87%e5%8d%97\\\/\"]}]},{\"@type\":\"ImageObject\",\"inLanguage\":\"zh-Hans\",\"@id\":\"https:\\\/\\\/www.dynseo.com\\\/zh-hans\\\/product\\\/%e4%b8%8e%e7%96%be%e7%97%85%e7%9b%b8%e5%85%b3%e7%9a%84%e8%a1%8c%e4%b8%ba%e5%8f%98%e5%8c%96%ef%bc%9a%e4%ba%b2%e4%ba%ba%e5%ae%9e%e7%94%a8%e6%8c%87%e5%8d%97\\\/#primaryimage\",\"url\":\"https:\\\/\\\/www.dynseo.com\\\/wp-content\\\/uploads\\\/2026\\\/03\\\/\u9762\u5411\u5bb6\u5ead\u7684\u5728\u7ebf\u57f9\u8bad-1.png\",\"contentUrl\":\"https:\\\/\\\/www.dynseo.com\\\/wp-content\\\/uploads\\\/2026\\\/03\\\/\u9762\u5411\u5bb6\u5ead\u7684\u5728\u7ebf\u57f9\u8bad-1.png\",\"width\":500,\"height\":500,\"caption\":\"DYNSEO \u4e13\u6ce8\u4e3a\u8001\u5e74\u4eba\u8bbe\u8ba1\u7684\u8bb0\u5fc6\u8bad\u7ec3\u5e94\u7528\"},{\"@type\":\"BreadcrumbList\",\"@id\":\"https:\\\/\\\/www.dynseo.com\\\/zh-hans\\\/product\\\/%e4%b8%8e%e7%96%be%e7%97%85%e7%9b%b8%e5%85%b3%e7%9a%84%e8%a1%8c%e4%b8%ba%e5%8f%98%e5%8c%96%ef%bc%9a%e4%ba%b2%e4%ba%ba%e5%ae%9e%e7%94%a8%e6%8c%87%e5%8d%97\\\/#breadcrumb\",\"itemListElement\":[{\"@type\":\"ListItem\",\"position\":1,\"name\":\"Accueil\",\"item\":\"https:\\\/\\\/www.dynseo.com\\\/zh-hans\\\/\"},{\"@type\":\"ListItem\",\"position\":2,\"name\":\"Boutique\",\"item\":\"https:\\\/\\\/www.dynseo.com\\\/boutique\\\/\"},{\"@type\":\"ListItem\",\"position\":3,\"name\":\"\u4e0e\u75be\u75c5\u76f8\u5173\u7684\u884c\u4e3a\u53d8\u5316\uff1a\u4eb2\u4eba\u5b9e\u7528\u6307\u5357\"}]},{\"@type\":\"WebSite\",\"@id\":\"https:\\\/\\\/www.dynseo.com\\\/zh-hans\\\/#website\",\"url\":\"https:\\\/\\\/www.dynseo.com\\\/zh-hans\\\/\",\"name\":\"Jeux de m\u00e9moire et stimulation cognitive\",\"description\":\"Entra\u00eenez votre m\u00e9moire et votre cerveau avec DYNSEO\",\"publisher\":{\"@id\":\"https:\\\/\\\/www.dynseo.com\\\/zh-hans\\\/#organization\"},\"potentialAction\":[{\"@type\":\"SearchAction\",\"target\":{\"@type\":\"EntryPoint\",\"urlTemplate\":\"https:\\\/\\\/www.dynseo.com\\\/zh-hans\\\/?s={search_term_string}\"},\"query-input\":{\"@type\":\"PropertyValueSpecification\",\"valueRequired\":true,\"valueName\":\"search_term_string\"}}],\"inLanguage\":\"zh-Hans\"},{\"@type\":\"Organization\",\"@id\":\"https:\\\/\\\/www.dynseo.com\\\/zh-hans\\\/#organization\",\"name\":\"DYNSEO\",\"url\":\"https:\\\/\\\/www.dynseo.com\\\/zh-hans\\\/\",\"logo\":{\"@type\":\"ImageObject\",\"inLanguage\":\"zh-Hans\",\"@id\":\"https:\\\/\\\/www.dynseo.com\\\/zh-hans\\\/#\\\/schema\\\/logo\\\/image\\\/\",\"url\":\"https:\\\/\\\/www.dynseo.com\\\/wp-content\\\/uploads\\\/2022\\\/05\\\/logo-dynseo-new.png\",\"contentUrl\":\"https:\\\/\\\/www.dynseo.com\\\/wp-content\\\/uploads\\\/2022\\\/05\\\/logo-dynseo-new.png\",\"width\":5073,\"height\":1397,\"caption\":\"DYNSEO\"},\"image\":{\"@id\":\"https:\\\/\\\/www.dynseo.com\\\/zh-hans\\\/#\\\/schema\\\/logo\\\/image\\\/\"}}]}<\/script>\n<!-- \/ Yoast SEO plugin. -->","yoast_head_json":{"title":"\u4e0e\u75be\u75c5\u76f8\u5173\u7684\u884c\u4e3a\u53d8\u5316\uff1a\u4eb2\u4eba\u5b9e\u7528\u6307\u5357 - \u6559\u80b2\u8f6f\u4ef6\u3001\u8bb0\u5fc6\u6e38\u620f\u548c\u5927\u8111\u8bad\u7ec3\u5e94\u7528","robots":{"index":"index","follow":"follow","max-snippet":"max-snippet:-1","max-image-preview":"max-image-preview:large","max-video-preview":"max-video-preview:-1"},"canonical":"https:\/\/www.dynseo.com\/zh-hans\/product\/%e4%b8%8e%e7%96%be%e7%97%85%e7%9b%b8%e5%85%b3%e7%9a%84%e8%a1%8c%e4%b8%ba%e5%8f%98%e5%8c%96%ef%bc%9a%e4%ba%b2%e4%ba%ba%e5%ae%9e%e7%94%a8%e6%8c%87%e5%8d%97\/","og_locale":"zh_CN","og_type":"article","og_title":"\u4e0e\u75be\u75c5\u76f8\u5173\u7684\u884c\u4e3a\u53d8\u5316\uff1a\u4eb2\u4eba\u5b9e\u7528\u6307\u5357 - \u6559\u80b2\u8f6f\u4ef6\u3001\u8bb0\u5fc6\u6e38\u620f\u548c\u5927\u8111\u8bad\u7ec3\u5e94\u7528","og_url":"https:\/\/www.dynseo.com\/zh-hans\/product\/%e4%b8%8e%e7%96%be%e7%97%85%e7%9b%b8%e5%85%b3%e7%9a%84%e8%a1%8c%e4%b8%ba%e5%8f%98%e5%8c%96%ef%bc%9a%e4%ba%b2%e4%ba%ba%e5%ae%9e%e7%94%a8%e6%8c%87%e5%8d%97\/","og_site_name":"\u6559\u80b2\u8f6f\u4ef6\u3001\u8bb0\u5fc6\u6e38\u620f\u548c\u5927\u8111\u8bad\u7ec3\u5e94\u7528","og_image":[{"width":2000,"height":1500,"url":"https:\/\/www.dynseo.com\/wp-content\/uploads\/2024\/07\/Article-pour-jeux-de-memoire-et-services-educatifs-sur-tablette-1.png","type":"image\/png"}],"schema":{"@context":"https:\/\/schema.org","@graph":[{"@type":"WebPage","@id":"https:\/\/www.dynseo.com\/zh-hans\/product\/%e4%b8%8e%e7%96%be%e7%97%85%e7%9b%b8%e5%85%b3%e7%9a%84%e8%a1%8c%e4%b8%ba%e5%8f%98%e5%8c%96%ef%bc%9a%e4%ba%b2%e4%ba%ba%e5%ae%9e%e7%94%a8%e6%8c%87%e5%8d%97\/","url":"https:\/\/www.dynseo.com\/zh-hans\/product\/%e4%b8%8e%e7%96%be%e7%97%85%e7%9b%b8%e5%85%b3%e7%9a%84%e8%a1%8c%e4%b8%ba%e5%8f%98%e5%8c%96%ef%bc%9a%e4%ba%b2%e4%ba%ba%e5%ae%9e%e7%94%a8%e6%8c%87%e5%8d%97\/","name":"\u4e0e\u75be\u75c5\u76f8\u5173\u7684\u884c\u4e3a\u53d8\u5316\uff1a\u4eb2\u4eba\u5b9e\u7528\u6307\u5357 - \u6559\u80b2\u8f6f\u4ef6\u3001\u8bb0\u5fc6\u6e38\u620f\u548c\u5927\u8111\u8bad\u7ec3\u5e94\u7528","isPartOf":{"@id":"https:\/\/www.dynseo.com\/zh-hans\/#website"},"primaryImageOfPage":{"@id":"https:\/\/www.dynseo.com\/zh-hans\/product\/%e4%b8%8e%e7%96%be%e7%97%85%e7%9b%b8%e5%85%b3%e7%9a%84%e8%a1%8c%e4%b8%ba%e5%8f%98%e5%8c%96%ef%bc%9a%e4%ba%b2%e4%ba%ba%e5%ae%9e%e7%94%a8%e6%8c%87%e5%8d%97\/#primaryimage"},"image":{"@id":"https:\/\/www.dynseo.com\/zh-hans\/product\/%e4%b8%8e%e7%96%be%e7%97%85%e7%9b%b8%e5%85%b3%e7%9a%84%e8%a1%8c%e4%b8%ba%e5%8f%98%e5%8c%96%ef%bc%9a%e4%ba%b2%e4%ba%ba%e5%ae%9e%e7%94%a8%e6%8c%87%e5%8d%97\/#primaryimage"},"thumbnailUrl":"https:\/\/www.dynseo.com\/wp-content\/uploads\/2026\/03\/\u9762\u5411\u5bb6\u5ead\u7684\u5728\u7ebf\u57f9\u8bad-1.png","datePublished":"2026-03-13T23:34:06+00:00","breadcrumb":{"@id":"https:\/\/www.dynseo.com\/zh-hans\/product\/%e4%b8%8e%e7%96%be%e7%97%85%e7%9b%b8%e5%85%b3%e7%9a%84%e8%a1%8c%e4%b8%ba%e5%8f%98%e5%8c%96%ef%bc%9a%e4%ba%b2%e4%ba%ba%e5%ae%9e%e7%94%a8%e6%8c%87%e5%8d%97\/#breadcrumb"},"inLanguage":"zh-Hans","potentialAction":[{"@type":"ReadAction","target":["https:\/\/www.dynseo.com\/zh-hans\/product\/%e4%b8%8e%e7%96%be%e7%97%85%e7%9b%b8%e5%85%b3%e7%9a%84%e8%a1%8c%e4%b8%ba%e5%8f%98%e5%8c%96%ef%bc%9a%e4%ba%b2%e4%ba%ba%e5%ae%9e%e7%94%a8%e6%8c%87%e5%8d%97\/"]}]},{"@type":"ImageObject","inLanguage":"zh-Hans","@id":"https:\/\/www.dynseo.com\/zh-hans\/product\/%e4%b8%8e%e7%96%be%e7%97%85%e7%9b%b8%e5%85%b3%e7%9a%84%e8%a1%8c%e4%b8%ba%e5%8f%98%e5%8c%96%ef%bc%9a%e4%ba%b2%e4%ba%ba%e5%ae%9e%e7%94%a8%e6%8c%87%e5%8d%97\/#primaryimage","url":"https:\/\/www.dynseo.com\/wp-content\/uploads\/2026\/03\/\u9762\u5411\u5bb6\u5ead\u7684\u5728\u7ebf\u57f9\u8bad-1.png","contentUrl":"https:\/\/www.dynseo.com\/wp-content\/uploads\/2026\/03\/\u9762\u5411\u5bb6\u5ead\u7684\u5728\u7ebf\u57f9\u8bad-1.png","width":500,"height":500,"caption":"DYNSEO \u4e13\u6ce8\u4e3a\u8001\u5e74\u4eba\u8bbe\u8ba1\u7684\u8bb0\u5fc6\u8bad\u7ec3\u5e94\u7528"},{"@type":"BreadcrumbList","@id":"https:\/\/www.dynseo.com\/zh-hans\/product\/%e4%b8%8e%e7%96%be%e7%97%85%e7%9b%b8%e5%85%b3%e7%9a%84%e8%a1%8c%e4%b8%ba%e5%8f%98%e5%8c%96%ef%bc%9a%e4%ba%b2%e4%ba%ba%e5%ae%9e%e7%94%a8%e6%8c%87%e5%8d%97\/#breadcrumb","itemListElement":[{"@type":"ListItem","position":1,"name":"Accueil","item":"https:\/\/www.dynseo.com\/zh-hans\/"},{"@type":"ListItem","position":2,"name":"Boutique","item":"https:\/\/www.dynseo.com\/boutique\/"},{"@type":"ListItem","position":3,"name":"\u4e0e\u75be\u75c5\u76f8\u5173\u7684\u884c\u4e3a\u53d8\u5316\uff1a\u4eb2\u4eba\u5b9e\u7528\u6307\u5357"}]},{"@type":"WebSite","@id":"https:\/\/www.dynseo.com\/zh-hans\/#website","url":"https:\/\/www.dynseo.com\/zh-hans\/","name":"Jeux de m\u00e9moire et stimulation cognitive","description":"Entra\u00eenez votre m\u00e9moire et votre cerveau avec DYNSEO","publisher":{"@id":"https:\/\/www.dynseo.com\/zh-hans\/#organization"},"potentialAction":[{"@type":"SearchAction","target":{"@type":"EntryPoint","urlTemplate":"https:\/\/www.dynseo.com\/zh-hans\/?s={search_term_string}"},"query-input":{"@type":"PropertyValueSpecification","valueRequired":true,"valueName":"search_term_string"}}],"inLanguage":"zh-Hans"},{"@type":"Organization","@id":"https:\/\/www.dynseo.com\/zh-hans\/#organization","name":"DYNSEO","url":"https:\/\/www.dynseo.com\/zh-hans\/","logo":{"@type":"ImageObject","inLanguage":"zh-Hans","@id":"https:\/\/www.dynseo.com\/zh-hans\/#\/schema\/logo\/image\/","url":"https:\/\/www.dynseo.com\/wp-content\/uploads\/2022\/05\/logo-dynseo-new.png","contentUrl":"https:\/\/www.dynseo.com\/wp-content\/uploads\/2022\/05\/logo-dynseo-new.png","width":5073,"height":1397,"caption":"DYNSEO"},"image":{"@id":"https:\/\/www.dynseo.com\/zh-hans\/#\/schema\/logo\/image\/"}}]}},"_links":{"self":[{"href":"https:\/\/www.dynseo.com\/zh-hans\/wp-json\/wp\/v2\/product\/519315","targetHints":{"allow":["GET"]}}],"collection":[{"href":"https:\/\/www.dynseo.com\/zh-hans\/wp-json\/wp\/v2\/product"}],"about":[{"href":"https:\/\/www.dynseo.com\/zh-hans\/wp-json\/wp\/v2\/types\/product"}],"replies":[{"embeddable":true,"href":"https:\/\/www.dynseo.com\/zh-hans\/wp-json\/wp\/v2\/comments?post=519315"}],"wp:featuredmedia":[{"embeddable":true,"href":"https:\/\/www.dynseo.com\/zh-hans\/wp-json\/wp\/v2\/media\/509907"}],"wp:attachment":[{"href":"https:\/\/www.dynseo.com\/zh-hans\/wp-json\/wp\/v2\/media?parent=519315"}],"wp:term":[{"taxonomy":"product_brand","embeddable":true,"href":"https:\/\/www.dynseo.com\/zh-hans\/wp-json\/wp\/v2\/product_brand?post=519315"},{"taxonomy":"product_cat","embeddable":true,"href":"https:\/\/www.dynseo.com\/zh-hans\/wp-json\/wp\/v2\/product_cat?post=519315"},{"taxonomy":"product_tag","embeddable":true,"href":"https:\/\/www.dynseo.com\/zh-hans\/wp-json\/wp\/v2\/product_tag?post=519315"}],"curies":[{"name":"wp","href":"https:\/\/api.w.org\/{rel}","templated":true}]}}