{"id":607898,"date":"2026-05-11T23:37:09","date_gmt":"2026-05-11T21:37:09","guid":{"rendered":"https:\/\/www.dynseo.com\/produit\/%e6%b2%bb%e7%96%97%e6%80%a7%e5%9b%9e%e5%bf%86%ef%bc%9a%e9%87%8d%e6%b8%a9%e8%bf%87%e5%8e%bb%e4%bb%a5%e6%9b%b4%e5%a5%bd%e5%9c%b0%e7%94%9f%e6%b4%bb%e7%8e%b0%e5%9c%a8\/"},"modified":"2026-05-11T23:37:09","modified_gmt":"2026-05-11T21:37:09","slug":"%e6%b2%bb%e7%96%97%e6%80%a7%e5%9b%9e%e5%bf%86%ef%bc%9a%e9%87%8d%e6%b8%a9%e8%bf%87%e5%8e%bb%e4%bb%a5%e6%9b%b4%e5%a5%bd%e5%9c%b0%e7%94%9f%e6%b4%bb%e7%8e%b0%e5%9c%a8","status":"publish","type":"product","link":"https:\/\/www.dynseo.com\/zh-hans\/product\/%e6%b2%bb%e7%96%97%e6%80%a7%e5%9b%9e%e5%bf%86%ef%bc%9a%e9%87%8d%e6%b8%a9%e8%bf%87%e5%8e%bb%e4%bb%a5%e6%9b%b4%e5%a5%bd%e5%9c%b0%e7%94%9f%e6%b4%bb%e7%8e%b0%e5%9c%a8\/","title":{"rendered":"\u6cbb\u7597\u6027\u56de\u5fc6\uff1a\u91cd\u6e29\u8fc7\u53bb\u4ee5\u66f4\u597d\u5730\u751f\u6d3b\u73b0\u5728"},"content":{"rendered":"","protected":false},"excerpt":{"rendered":"","protected":false},"featured_media":509908,"comment_status":"open","ping_status":"closed","template":"","meta":{"_et_pb_use_builder":"","_et_pb_old_content":"","_et_gb_content_width":""},"product_brand":[],"product_cat":[4659],"product_tag":[],"class_list":{"0":"post-607898","1":"product","2":"type-product","3":"status-publish","4":"has-post-thumbnail","6":"product_cat-peixun","8":"first","9":"instock","10":"virtual","11":"taxable","12":"purchasable","13":"product-type-simple"},"yoast_head":"<!-- This site is optimized with the Yoast SEO plugin v27.5 - https:\/\/yoast.com\/product\/yoast-seo-wordpress\/ -->\n<title>\u6cbb\u7597\u6027\u56de\u5fc6\uff1a\u91cd\u6e29\u8fc7\u53bb\u4ee5\u66f4\u597d\u5730\u751f\u6d3b\u73b0\u5728 - \u6559\u80b2\u8f6f\u4ef6\u3001\u8bb0\u5fc6\u6e38\u620f\u548c\u5927\u8111\u8bad\u7ec3\u5e94\u7528<\/title>\n<meta name=\"robots\" content=\"index, follow, max-snippet:-1, max-image-preview:large, max-video-preview:-1\" \/>\n<link rel=\"canonical\" href=\"https:\/\/www.dynseo.com\/zh-hans\/product\/%e6%b2%bb%e7%96%97%e6%80%a7%e5%9b%9e%e5%bf%86%ef%bc%9a%e9%87%8d%e6%b8%a9%e8%bf%87%e5%8e%bb%e4%bb%a5%e6%9b%b4%e5%a5%bd%e5%9c%b0%e7%94%9f%e6%b4%bb%e7%8e%b0%e5%9c%a8\/\" \/>\n<meta property=\"og:locale\" content=\"zh_CN\" \/>\n<meta property=\"og:type\" content=\"article\" \/>\n<meta property=\"og:title\" content=\"\u6cbb\u7597\u6027\u56de\u5fc6\uff1a\u91cd\u6e29\u8fc7\u53bb\u4ee5\u66f4\u597d\u5730\u751f\u6d3b\u73b0\u5728 - \u6559\u80b2\u8f6f\u4ef6\u3001\u8bb0\u5fc6\u6e38\u620f\u548c\u5927\u8111\u8bad\u7ec3\u5e94\u7528\" \/>\n<meta property=\"og:url\" content=\"https:\/\/www.dynseo.com\/zh-hans\/product\/%e6%b2%bb%e7%96%97%e6%80%a7%e5%9b%9e%e5%bf%86%ef%bc%9a%e9%87%8d%e6%b8%a9%e8%bf%87%e5%8e%bb%e4%bb%a5%e6%9b%b4%e5%a5%bd%e5%9c%b0%e7%94%9f%e6%b4%bb%e7%8e%b0%e5%9c%a8\/\" \/>\n<meta property=\"og:site_name\" content=\"\u6559\u80b2\u8f6f\u4ef6\u3001\u8bb0\u5fc6\u6e38\u620f\u548c\u5927\u8111\u8bad\u7ec3\u5e94\u7528\" \/>\n<script type=\"application\/ld+json\" class=\"yoast-schema-graph\">{\"@context\":\"https:\\\/\\\/schema.org\",\"@graph\":[{\"@type\":\"WebPage\",\"@id\":\"https:\\\/\\\/www.dynseo.com\\\/zh-hans\\\/product\\\/%e6%b2%bb%e7%96%97%e6%80%a7%e5%9b%9e%e5%bf%86%ef%bc%9a%e9%87%8d%e6%b8%a9%e8%bf%87%e5%8e%bb%e4%bb%a5%e6%9b%b4%e5%a5%bd%e5%9c%b0%e7%94%9f%e6%b4%bb%e7%8e%b0%e5%9c%a8\\\/\",\"url\":\"https:\\\/\\\/www.dynseo.com\\\/zh-hans\\\/product\\\/%e6%b2%bb%e7%96%97%e6%80%a7%e5%9b%9e%e5%bf%86%ef%bc%9a%e9%87%8d%e6%b8%a9%e8%bf%87%e5%8e%bb%e4%bb%a5%e6%9b%b4%e5%a5%bd%e5%9c%b0%e7%94%9f%e6%b4%bb%e7%8e%b0%e5%9c%a8\\\/\",\"name\":\"\u6cbb\u7597\u6027\u56de\u5fc6\uff1a\u91cd\u6e29\u8fc7\u53bb\u4ee5\u66f4\u597d\u5730\u751f\u6d3b\u73b0\u5728 - \u6559\u80b2\u8f6f\u4ef6\u3001\u8bb0\u5fc6\u6e38\u620f\u548c\u5927\u8111\u8bad\u7ec3\u5e94\u7528\",\"isPartOf\":{\"@id\":\"https:\\\/\\\/www.dynseo.com\\\/zh-hans\\\/#website\"},\"primaryImageOfPage\":{\"@id\":\"https:\\\/\\\/www.dynseo.com\\\/zh-hans\\\/product\\\/%e6%b2%bb%e7%96%97%e6%80%a7%e5%9b%9e%e5%bf%86%ef%bc%9a%e9%87%8d%e6%b8%a9%e8%bf%87%e5%8e%bb%e4%bb%a5%e6%9b%b4%e5%a5%bd%e5%9c%b0%e7%94%9f%e6%b4%bb%e7%8e%b0%e5%9c%a8\\\/#primaryimage\"},\"image\":{\"@id\":\"https:\\\/\\\/www.dynseo.com\\\/zh-hans\\\/product\\\/%e6%b2%bb%e7%96%97%e6%80%a7%e5%9b%9e%e5%bf%86%ef%bc%9a%e9%87%8d%e6%b8%a9%e8%bf%87%e5%8e%bb%e4%bb%a5%e6%9b%b4%e5%a5%bd%e5%9c%b0%e7%94%9f%e6%b4%bb%e7%8e%b0%e5%9c%a8\\\/#primaryimage\"},\"thumbnailUrl\":\"https:\\\/\\\/www.dynseo.com\\\/wp-content\\\/uploads\\\/2026\\\/03\\\/\u9762\u5411\u5bb6\u5ead\u7684\u5728\u7ebf\u57f9\u8bad.png\",\"datePublished\":\"2026-05-11T21:37:09+00:00\",\"breadcrumb\":{\"@id\":\"https:\\\/\\\/www.dynseo.com\\\/zh-hans\\\/product\\\/%e6%b2%bb%e7%96%97%e6%80%a7%e5%9b%9e%e5%bf%86%ef%bc%9a%e9%87%8d%e6%b8%a9%e8%bf%87%e5%8e%bb%e4%bb%a5%e6%9b%b4%e5%a5%bd%e5%9c%b0%e7%94%9f%e6%b4%bb%e7%8e%b0%e5%9c%a8\\\/#breadcrumb\"},\"inLanguage\":\"zh-Hans\",\"potentialAction\":[{\"@type\":\"ReadAction\",\"target\":[\"https:\\\/\\\/www.dynseo.com\\\/zh-hans\\\/product\\\/%e6%b2%bb%e7%96%97%e6%80%a7%e5%9b%9e%e5%bf%86%ef%bc%9a%e9%87%8d%e6%b8%a9%e8%bf%87%e5%8e%bb%e4%bb%a5%e6%9b%b4%e5%a5%bd%e5%9c%b0%e7%94%9f%e6%b4%bb%e7%8e%b0%e5%9c%a8\\\/\"]}]},{\"@type\":\"ImageObject\",\"inLanguage\":\"zh-Hans\",\"@id\":\"https:\\\/\\\/www.dynseo.com\\\/zh-hans\\\/product\\\/%e6%b2%bb%e7%96%97%e6%80%a7%e5%9b%9e%e5%bf%86%ef%bc%9a%e9%87%8d%e6%b8%a9%e8%bf%87%e5%8e%bb%e4%bb%a5%e6%9b%b4%e5%a5%bd%e5%9c%b0%e7%94%9f%e6%b4%bb%e7%8e%b0%e5%9c%a8\\\/#primaryimage\",\"url\":\"https:\\\/\\\/www.dynseo.com\\\/wp-content\\\/uploads\\\/2026\\\/03\\\/\u9762\u5411\u5bb6\u5ead\u7684\u5728\u7ebf\u57f9\u8bad.png\",\"contentUrl\":\"https:\\\/\\\/www.dynseo.com\\\/wp-content\\\/uploads\\\/2026\\\/03\\\/\u9762\u5411\u5bb6\u5ead\u7684\u5728\u7ebf\u57f9\u8bad.png\",\"width\":500,\"height\":500,\"caption\":\"DYNSEO\u4e3a\u60a8\u5e26\u6765\u8d34\u5fc3\u7684\u8001\u5e74\u4eba\u667a\u80fd\u6e38\u620f,\u8ba9\u751f\u6d3b\u66f4\u7cbe\u5f69!\"},{\"@type\":\"BreadcrumbList\",\"@id\":\"https:\\\/\\\/www.dynseo.com\\\/zh-hans\\\/product\\\/%e6%b2%bb%e7%96%97%e6%80%a7%e5%9b%9e%e5%bf%86%ef%bc%9a%e9%87%8d%e6%b8%a9%e8%bf%87%e5%8e%bb%e4%bb%a5%e6%9b%b4%e5%a5%bd%e5%9c%b0%e7%94%9f%e6%b4%bb%e7%8e%b0%e5%9c%a8\\\/#breadcrumb\",\"itemListElement\":[{\"@type\":\"ListItem\",\"position\":1,\"name\":\"Accueil\",\"item\":\"https:\\\/\\\/www.dynseo.com\\\/zh-hans\\\/\"},{\"@type\":\"ListItem\",\"position\":2,\"name\":\"Boutique\",\"item\":\"https:\\\/\\\/www.dynseo.com\\\/boutique\\\/\"},{\"@type\":\"ListItem\",\"position\":3,\"name\":\"\u6cbb\u7597\u6027\u56de\u5fc6\uff1a\u91cd\u6e29\u8fc7\u53bb\u4ee5\u66f4\u597d\u5730\u751f\u6d3b\u73b0\u5728\"}]},{\"@type\":\"WebSite\",\"@id\":\"https:\\\/\\\/www.dynseo.com\\\/zh-hans\\\/#website\",\"url\":\"https:\\\/\\\/www.dynseo.com\\\/zh-hans\\\/\",\"name\":\"Jeux de m\u00e9moire et stimulation cognitive\",\"description\":\"Entra\u00eenez votre m\u00e9moire et votre cerveau avec DYNSEO\",\"publisher\":{\"@id\":\"https:\\\/\\\/www.dynseo.com\\\/zh-hans\\\/#organization\"},\"potentialAction\":[{\"@type\":\"SearchAction\",\"target\":{\"@type\":\"EntryPoint\",\"urlTemplate\":\"https:\\\/\\\/www.dynseo.com\\\/zh-hans\\\/?s={search_term_string}\"},\"query-input\":{\"@type\":\"PropertyValueSpecification\",\"valueRequired\":true,\"valueName\":\"search_term_string\"}}],\"inLanguage\":\"zh-Hans\"},{\"@type\":\"Organization\",\"@id\":\"https:\\\/\\\/www.dynseo.com\\\/zh-hans\\\/#organization\",\"name\":\"DYNSEO\",\"url\":\"https:\\\/\\\/www.dynseo.com\\\/zh-hans\\\/\",\"logo\":{\"@type\":\"ImageObject\",\"inLanguage\":\"zh-Hans\",\"@id\":\"https:\\\/\\\/www.dynseo.com\\\/zh-hans\\\/#\\\/schema\\\/logo\\\/image\\\/\",\"url\":\"https:\\\/\\\/www.dynseo.com\\\/wp-content\\\/uploads\\\/2022\\\/05\\\/logo-dynseo-new.png\",\"contentUrl\":\"https:\\\/\\\/www.dynseo.com\\\/wp-content\\\/uploads\\\/2022\\\/05\\\/logo-dynseo-new.png\",\"width\":5073,\"height\":1397,\"caption\":\"DYNSEO\"},\"image\":{\"@id\":\"https:\\\/\\\/www.dynseo.com\\\/zh-hans\\\/#\\\/schema\\\/logo\\\/image\\\/\"}}]}<\/script>\n<!-- \/ Yoast SEO plugin. -->","yoast_head_json":{"title":"\u6cbb\u7597\u6027\u56de\u5fc6\uff1a\u91cd\u6e29\u8fc7\u53bb\u4ee5\u66f4\u597d\u5730\u751f\u6d3b\u73b0\u5728 - \u6559\u80b2\u8f6f\u4ef6\u3001\u8bb0\u5fc6\u6e38\u620f\u548c\u5927\u8111\u8bad\u7ec3\u5e94\u7528","robots":{"index":"index","follow":"follow","max-snippet":"max-snippet:-1","max-image-preview":"max-image-preview:large","max-video-preview":"max-video-preview:-1"},"canonical":"https:\/\/www.dynseo.com\/zh-hans\/product\/%e6%b2%bb%e7%96%97%e6%80%a7%e5%9b%9e%e5%bf%86%ef%bc%9a%e9%87%8d%e6%b8%a9%e8%bf%87%e5%8e%bb%e4%bb%a5%e6%9b%b4%e5%a5%bd%e5%9c%b0%e7%94%9f%e6%b4%bb%e7%8e%b0%e5%9c%a8\/","og_locale":"zh_CN","og_type":"article","og_title":"\u6cbb\u7597\u6027\u56de\u5fc6\uff1a\u91cd\u6e29\u8fc7\u53bb\u4ee5\u66f4\u597d\u5730\u751f\u6d3b\u73b0\u5728 - \u6559\u80b2\u8f6f\u4ef6\u3001\u8bb0\u5fc6\u6e38\u620f\u548c\u5927\u8111\u8bad\u7ec3\u5e94\u7528","og_url":"https:\/\/www.dynseo.com\/zh-hans\/product\/%e6%b2%bb%e7%96%97%e6%80%a7%e5%9b%9e%e5%bf%86%ef%bc%9a%e9%87%8d%e6%b8%a9%e8%bf%87%e5%8e%bb%e4%bb%a5%e6%9b%b4%e5%a5%bd%e5%9c%b0%e7%94%9f%e6%b4%bb%e7%8e%b0%e5%9c%a8\/","og_site_name":"\u6559\u80b2\u8f6f\u4ef6\u3001\u8bb0\u5fc6\u6e38\u620f\u548c\u5927\u8111\u8bad\u7ec3\u5e94\u7528","schema":{"@context":"https:\/\/schema.org","@graph":[{"@type":"WebPage","@id":"https:\/\/www.dynseo.com\/zh-hans\/product\/%e6%b2%bb%e7%96%97%e6%80%a7%e5%9b%9e%e5%bf%86%ef%bc%9a%e9%87%8d%e6%b8%a9%e8%bf%87%e5%8e%bb%e4%bb%a5%e6%9b%b4%e5%a5%bd%e5%9c%b0%e7%94%9f%e6%b4%bb%e7%8e%b0%e5%9c%a8\/","url":"https:\/\/www.dynseo.com\/zh-hans\/product\/%e6%b2%bb%e7%96%97%e6%80%a7%e5%9b%9e%e5%bf%86%ef%bc%9a%e9%87%8d%e6%b8%a9%e8%bf%87%e5%8e%bb%e4%bb%a5%e6%9b%b4%e5%a5%bd%e5%9c%b0%e7%94%9f%e6%b4%bb%e7%8e%b0%e5%9c%a8\/","name":"\u6cbb\u7597\u6027\u56de\u5fc6\uff1a\u91cd\u6e29\u8fc7\u53bb\u4ee5\u66f4\u597d\u5730\u751f\u6d3b\u73b0\u5728 - \u6559\u80b2\u8f6f\u4ef6\u3001\u8bb0\u5fc6\u6e38\u620f\u548c\u5927\u8111\u8bad\u7ec3\u5e94\u7528","isPartOf":{"@id":"https:\/\/www.dynseo.com\/zh-hans\/#website"},"primaryImageOfPage":{"@id":"https:\/\/www.dynseo.com\/zh-hans\/product\/%e6%b2%bb%e7%96%97%e6%80%a7%e5%9b%9e%e5%bf%86%ef%bc%9a%e9%87%8d%e6%b8%a9%e8%bf%87%e5%8e%bb%e4%bb%a5%e6%9b%b4%e5%a5%bd%e5%9c%b0%e7%94%9f%e6%b4%bb%e7%8e%b0%e5%9c%a8\/#primaryimage"},"image":{"@id":"https:\/\/www.dynseo.com\/zh-hans\/product\/%e6%b2%bb%e7%96%97%e6%80%a7%e5%9b%9e%e5%bf%86%ef%bc%9a%e9%87%8d%e6%b8%a9%e8%bf%87%e5%8e%bb%e4%bb%a5%e6%9b%b4%e5%a5%bd%e5%9c%b0%e7%94%9f%e6%b4%bb%e7%8e%b0%e5%9c%a8\/#primaryimage"},"thumbnailUrl":"https:\/\/www.dynseo.com\/wp-content\/uploads\/2026\/03\/\u9762\u5411\u5bb6\u5ead\u7684\u5728\u7ebf\u57f9\u8bad.png","datePublished":"2026-05-11T21:37:09+00:00","breadcrumb":{"@id":"https:\/\/www.dynseo.com\/zh-hans\/product\/%e6%b2%bb%e7%96%97%e6%80%a7%e5%9b%9e%e5%bf%86%ef%bc%9a%e9%87%8d%e6%b8%a9%e8%bf%87%e5%8e%bb%e4%bb%a5%e6%9b%b4%e5%a5%bd%e5%9c%b0%e7%94%9f%e6%b4%bb%e7%8e%b0%e5%9c%a8\/#breadcrumb"},"inLanguage":"zh-Hans","potentialAction":[{"@type":"ReadAction","target":["https:\/\/www.dynseo.com\/zh-hans\/product\/%e6%b2%bb%e7%96%97%e6%80%a7%e5%9b%9e%e5%bf%86%ef%bc%9a%e9%87%8d%e6%b8%a9%e8%bf%87%e5%8e%bb%e4%bb%a5%e6%9b%b4%e5%a5%bd%e5%9c%b0%e7%94%9f%e6%b4%bb%e7%8e%b0%e5%9c%a8\/"]}]},{"@type":"ImageObject","inLanguage":"zh-Hans","@id":"https:\/\/www.dynseo.com\/zh-hans\/product\/%e6%b2%bb%e7%96%97%e6%80%a7%e5%9b%9e%e5%bf%86%ef%bc%9a%e9%87%8d%e6%b8%a9%e8%bf%87%e5%8e%bb%e4%bb%a5%e6%9b%b4%e5%a5%bd%e5%9c%b0%e7%94%9f%e6%b4%bb%e7%8e%b0%e5%9c%a8\/#primaryimage","url":"https:\/\/www.dynseo.com\/wp-content\/uploads\/2026\/03\/\u9762\u5411\u5bb6\u5ead\u7684\u5728\u7ebf\u57f9\u8bad.png","contentUrl":"https:\/\/www.dynseo.com\/wp-content\/uploads\/2026\/03\/\u9762\u5411\u5bb6\u5ead\u7684\u5728\u7ebf\u57f9\u8bad.png","width":500,"height":500,"caption":"DYNSEO\u4e3a\u60a8\u5e26\u6765\u8d34\u5fc3\u7684\u8001\u5e74\u4eba\u667a\u80fd\u6e38\u620f,\u8ba9\u751f\u6d3b\u66f4\u7cbe\u5f69!"},{"@type":"BreadcrumbList","@id":"https:\/\/www.dynseo.com\/zh-hans\/product\/%e6%b2%bb%e7%96%97%e6%80%a7%e5%9b%9e%e5%bf%86%ef%bc%9a%e9%87%8d%e6%b8%a9%e8%bf%87%e5%8e%bb%e4%bb%a5%e6%9b%b4%e5%a5%bd%e5%9c%b0%e7%94%9f%e6%b4%bb%e7%8e%b0%e5%9c%a8\/#breadcrumb","itemListElement":[{"@type":"ListItem","position":1,"name":"Accueil","item":"https:\/\/www.dynseo.com\/zh-hans\/"},{"@type":"ListItem","position":2,"name":"Boutique","item":"https:\/\/www.dynseo.com\/boutique\/"},{"@type":"ListItem","position":3,"name":"\u6cbb\u7597\u6027\u56de\u5fc6\uff1a\u91cd\u6e29\u8fc7\u53bb\u4ee5\u66f4\u597d\u5730\u751f\u6d3b\u73b0\u5728"}]},{"@type":"WebSite","@id":"https:\/\/www.dynseo.com\/zh-hans\/#website","url":"https:\/\/www.dynseo.com\/zh-hans\/","name":"Jeux de m\u00e9moire et stimulation cognitive","description":"Entra\u00eenez votre m\u00e9moire et votre cerveau avec DYNSEO","publisher":{"@id":"https:\/\/www.dynseo.com\/zh-hans\/#organization"},"potentialAction":[{"@type":"SearchAction","target":{"@type":"EntryPoint","urlTemplate":"https:\/\/www.dynseo.com\/zh-hans\/?s={search_term_string}"},"query-input":{"@type":"PropertyValueSpecification","valueRequired":true,"valueName":"search_term_string"}}],"inLanguage":"zh-Hans"},{"@type":"Organization","@id":"https:\/\/www.dynseo.com\/zh-hans\/#organization","name":"DYNSEO","url":"https:\/\/www.dynseo.com\/zh-hans\/","logo":{"@type":"ImageObject","inLanguage":"zh-Hans","@id":"https:\/\/www.dynseo.com\/zh-hans\/#\/schema\/logo\/image\/","url":"https:\/\/www.dynseo.com\/wp-content\/uploads\/2022\/05\/logo-dynseo-new.png","contentUrl":"https:\/\/www.dynseo.com\/wp-content\/uploads\/2022\/05\/logo-dynseo-new.png","width":5073,"height":1397,"caption":"DYNSEO"},"image":{"@id":"https:\/\/www.dynseo.com\/zh-hans\/#\/schema\/logo\/image\/"}}]}},"_links":{"self":[{"href":"https:\/\/www.dynseo.com\/zh-hans\/wp-json\/wp\/v2\/product\/607898","targetHints":{"allow":["GET"]}}],"collection":[{"href":"https:\/\/www.dynseo.com\/zh-hans\/wp-json\/wp\/v2\/product"}],"about":[{"href":"https:\/\/www.dynseo.com\/zh-hans\/wp-json\/wp\/v2\/types\/product"}],"replies":[{"embeddable":true,"href":"https:\/\/www.dynseo.com\/zh-hans\/wp-json\/wp\/v2\/comments?post=607898"}],"wp:featuredmedia":[{"embeddable":true,"href":"https:\/\/www.dynseo.com\/zh-hans\/wp-json\/wp\/v2\/media\/509908"}],"wp:attachment":[{"href":"https:\/\/www.dynseo.com\/zh-hans\/wp-json\/wp\/v2\/media?parent=607898"}],"wp:term":[{"taxonomy":"product_brand","embeddable":true,"href":"https:\/\/www.dynseo.com\/zh-hans\/wp-json\/wp\/v2\/product_brand?post=607898"},{"taxonomy":"product_cat","embeddable":true,"href":"https:\/\/www.dynseo.com\/zh-hans\/wp-json\/wp\/v2\/product_cat?post=607898"},{"taxonomy":"product_tag","embeddable":true,"href":"https:\/\/www.dynseo.com\/zh-hans\/wp-json\/wp\/v2\/product_tag?post=607898"}],"curies":[{"name":"wp","href":"https:\/\/api.w.org\/{rel}","templated":true}]}}